{"id":4288,"date":"2025-10-09T15:36:35","date_gmt":"2025-10-09T12:36:35","guid":{"rendered":"https:\/\/www.retouchbody.com\/tr\/?page_id=4288"},"modified":"2026-02-03T11:07:19","modified_gmt":"2026-02-03T08:07:19","slug":"koklear-implant","status":"publish","type":"page","link":"https:\/\/www.retouchbody.com\/tr\/koklear-implant\/","title":{"rendered":"Koklear \u0130mplant"},"content":{"rendered":"<div id=\"ez-toc-container\" class=\"ez-toc-v2_0_80 counter-hierarchy ez-toc-counter ez-toc-grey ez-toc-container-direction\">\n<div class=\"ez-toc-title-container\">\n<p class=\"ez-toc-title\" style=\"cursor:inherit\">\u0130\u00e7indekiler Tablosu<\/p>\n<span class=\"ez-toc-title-toggle\"><a href=\"#\" class=\"ez-toc-pull-right ez-toc-btn ez-toc-btn-xs ez-toc-btn-default ez-toc-toggle\" aria-label=\"\u0130\u00e7indekiler Tablosunu A\u00e7\/Kapat\"><span class=\"ez-toc-js-icon-con\"><span class=\"\"><span class=\"eztoc-hide\" style=\"display:none;\">Toggle<\/span><span class=\"ez-toc-icon-toggle-span\"><svg style=\"fill: #999;color:#999\" xmlns=\"http:\/\/www.w3.org\/2000\/svg\" class=\"list-377408\" width=\"20px\" height=\"20px\" viewBox=\"0 0 24 24\" fill=\"none\"><path d=\"M6 6H4v2h2V6zm14 0H8v2h12V6zM4 11h2v2H4v-2zm16 0H8v2h12v-2zM4 16h2v2H4v-2zm16 0H8v2h12v-2z\" fill=\"currentColor\"><\/path><\/svg><svg style=\"fill: #999;color:#999\" class=\"arrow-unsorted-368013\" xmlns=\"http:\/\/www.w3.org\/2000\/svg\" width=\"10px\" height=\"10px\" viewBox=\"0 0 24 24\" version=\"1.2\" baseProfile=\"tiny\"><path d=\"M18.2 9.3l-6.2-6.3-6.2 6.3c-.2.2-.3.4-.3.7s.1.5.3.7c.2.2.4.3.7.3h11c.3 0 .5-.1.7-.3.2-.2.3-.5.3-.7s-.1-.5-.3-.7zM5.8 14.7l6.2 6.3 6.2-6.3c.2-.2.3-.5.3-.7s-.1-.5-.3-.7c-.2-.2-.4-.3-.7-.3h-11c-.3 0-.5.1-.7.3-.2.2-.3.5-.3.7s.1.5.3.7z\"\/><\/svg><\/span><\/span><\/span><\/a><\/span><\/div>\n<nav><ul class='ez-toc-list ez-toc-list-level-1 eztoc-toggle-hide-by-default' ><li class='ez-toc-page-1 ez-toc-heading-level-2'><a class=\"ez-toc-link ez-toc-heading-1\" href=\"#\" data-href=\"https:\/\/www.retouchbody.com\/tr\/koklear-implant\/#Koklear_Implant_Nedir\" >Koklear \u0130mplant Nedir?<\/a><\/li><li class='ez-toc-page-1 ez-toc-heading-level-2'><a class=\"ez-toc-link ez-toc-heading-2\" href=\"#\" data-href=\"https:\/\/www.retouchbody.com\/tr\/koklear-implant\/#Koklear_Implant_Neden_Yapilir\" >Koklear \u0130mplant Neden Yap\u0131l\u0131r?<\/a><\/li><li class='ez-toc-page-1 ez-toc-heading-level-2'><a class=\"ez-toc-link ez-toc-heading-3\" href=\"#\" data-href=\"https:\/\/www.retouchbody.com\/tr\/koklear-implant\/#Koklear_Implant_Nasil_Yapilir\" >Koklear \u0130mplant Nas\u0131l Yap\u0131l\u0131r?<\/a><\/li><li class='ez-toc-page-1 ez-toc-heading-level-2'><a class=\"ez-toc-link ez-toc-heading-4\" href=\"#\" data-href=\"https:\/\/www.retouchbody.com\/tr\/koklear-implant\/#Koklear_Implant_Kimlere_Yapilir\" >Koklear \u0130mplant Kimlere Yap\u0131l\u0131r?<\/a><\/li><li class='ez-toc-page-1 ez-toc-heading-level-2'><a class=\"ez-toc-link ez-toc-heading-5\" href=\"#\" data-href=\"https:\/\/www.retouchbody.com\/tr\/koklear-implant\/#Koklear_Implant_Avantajlari\" >Koklear \u0130mplant Avantajlar\u0131<\/a><\/li><li class='ez-toc-page-1 ez-toc-heading-level-2'><a class=\"ez-toc-link ez-toc-heading-6\" href=\"#\" data-href=\"https:\/\/www.retouchbody.com\/tr\/koklear-implant\/#Biyonik_Kulak_Oncesi\" >Biyonik Kulak \u00d6ncesi<\/a><\/li><li class='ez-toc-page-1 ez-toc-heading-level-2'><a class=\"ez-toc-link ez-toc-heading-7\" href=\"#\" data-href=\"https:\/\/www.retouchbody.com\/tr\/koklear-implant\/#Biyonik_Kulak_Sonrasi\" >Biyonik Kulak Sonras\u0131<\/a><\/li><li class='ez-toc-page-1 ez-toc-heading-level-2'><a class=\"ez-toc-link ez-toc-heading-8\" href=\"#\" data-href=\"https:\/\/www.retouchbody.com\/tr\/koklear-implant\/#Koklear_Implant_Fiyatlari_2026\" >Koklear \u0130mplant Fiyatlar\u0131 2026<\/a><\/li><li class='ez-toc-page-1 ez-toc-heading-level-2'><a class=\"ez-toc-link ez-toc-heading-9\" href=\"#\" data-href=\"https:\/\/www.retouchbody.com\/tr\/koklear-implant\/#Koklear_Implant_ile_Ilgili_Sik_Sorulan_Sorular\" >Koklear \u0130mplant ile \u0130lgili S\u0131k Sorulan Sorular<\/a><ul class='ez-toc-list-level-3' ><li class='ez-toc-heading-level-3'><a class=\"ez-toc-link ez-toc-heading-10\" href=\"#\" data-href=\"https:\/\/www.retouchbody.com\/tr\/koklear-implant\/#Koklear_Implant_Agrili_Bir_Islem_Mi\" >Koklear \u0130mplant A\u011fr\u0131l\u0131 Bir \u0130\u015flem Mi?<\/a><\/li><li class='ez-toc-page-1 ez-toc-heading-level-3'><a class=\"ez-toc-link ez-toc-heading-11\" href=\"#\" data-href=\"https:\/\/www.retouchbody.com\/tr\/koklear-implant\/#Koklear_Implant_Ne_Kadar_Surer\" >Koklear \u0130mplant Ne Kadar S\u00fcrer?<\/a><\/li><li class='ez-toc-page-1 ez-toc-heading-level-3'><a class=\"ez-toc-link ez-toc-heading-12\" href=\"#\" data-href=\"https:\/\/www.retouchbody.com\/tr\/koklear-implant\/#Biyonik_kulak_Ne_Kadar_Kalici\" >Biyonik kulak Ne Kadar Kal\u0131c\u0131?<\/a><\/li><li class='ez-toc-page-1 ez-toc-heading-level-3'><a class=\"ez-toc-link ez-toc-heading-13\" href=\"#\" data-href=\"https:\/\/www.retouchbody.com\/tr\/koklear-implant\/#Koklear_Implant_Kesin_Cozum_mu\" >Koklear \u0130mplant Kesin \u00c7\u00f6z\u00fcm m\u00fc?<\/a><\/li><\/ul><\/li><\/ul><\/nav><\/div>\n<h2><span class=\"ez-toc-section\" id=\"Koklear_Implant_Nedir\"><\/span>Koklear \u0130mplant Nedir?<span class=\"ez-toc-section-end\"><\/span><\/h2>\n<p><strong>Koklear \u0130mplant<\/strong> veya halk aras\u0131nda &#8220;biyonik kulak&#8221; olarak da bilinen bir t\u0131bbi cihaz, i\u015fitme kayb\u0131 ya\u015fayan insanlara i\u015fitme yetisini geri kazand\u0131rmak i\u00e7in kullan\u0131l\u0131r. Geleneksel i\u015fitme cihazlar\u0131ndan farkl\u0131 olarak, bu cihaz hasarl\u0131 i\u00e7 kula\u011f\u0131n sorumlulu\u011funu \u00fcstlenir ve sesleri do\u011frudan i\u015fitme sinirine iletir.<\/p>\n<p>Biyonik kulak, sesi y\u00fckseltmek yerine ses dalgalar\u0131n\u0131 elektriksel sinyallere \u00e7evirir. Kullan\u0131c\u0131, beyne g\u00f6nderilen bu sinyaller sayesinde \u00e7evresindeki sesleri duyabilir.<\/p>\n<p>Koklear implant, i\u00e7 kula\u011fa cerrahi olarak yerle\u015ftirilen bir implant ve d\u0131\u015far\u0131da kullan\u0131lan bir ses i\u015flemcisi olmak \u00fczere iki ana bile\u015fenden olu\u015fur. \u0130\u015fitme siniri, implant taraf\u0131ndan al\u0131nan ses sinyallerini elektriksel uyar\u0131lara d\u00f6n\u00fc\u015ft\u00fcr\u00fcr.<\/p>\n<p>Bu uyar\u0131lar beyinde ses olarak alg\u0131lan\u0131r ve i\u015fitilir. \u0130\u015fitme cihazlar\u0131ndan yeterli fayda g\u00f6rmeyen yeti\u015fkinler ve \u00e7ocuklarda da <span style=\"color: #ff0000;\"><strong><a style=\"color: #ff0000;\" href=\"https:\/\/www.retouchbody.com\/tr\/koklear-implant\/\">koklear implant<\/a><\/strong><\/span> kullan\u0131labilir.<\/p>\n<h2><span class=\"ez-toc-section\" id=\"Koklear_Implant_Neden_Yapilir\"><\/span>Koklear \u0130mplant Neden Yap\u0131l\u0131r?<span class=\"ez-toc-section-end\"><\/span><\/h2>\n<p>Koklear implantlar, i\u015fitme kayb\u0131 ya\u015fayan insanlara yeniden i\u015fitme yetisi vermek i\u00e7in kullan\u0131l\u0131r. Bu implant, \u00f6zellikle ileri derecede i\u015fitme kayb\u0131 ya\u015fayan ve i\u015fitme cihazlar\u0131ndan yararlanamayan insanlar i\u00e7in iyi bir \u00e7\u00f6z\u00fcmd\u00fcr. Biyonik kulak, i\u00e7 kulaktaki zarar g\u00f6rm\u00fc\u015f kokleay\u0131 do\u011frudan i\u015fitme sinirine iletir. Bu, kullan\u0131c\u0131n\u0131n \u00e7evresindeki sesleri duymas\u0131n\u0131 sa\u011flar.<\/p>\n<p>Bu i\u015flem, do\u011fu\u015ftan i\u015fitme kayb\u0131 olan \u00e7ocuklar veya sonradan i\u015fitmesini kaybeden yeti\u015fkinler i\u00e7in daha yayg\u0131n olarak tercih edilir. \u00d6zellikle erken ya\u015fta implant yap\u0131lm\u0131\u015f \u00e7ocuklar, konu\u015fma ve dil geli\u015fiminin normal seyrinde devam etmesini sa\u011flar.<\/p>\n<p>Ya\u015fl\u0131 insanlarda ise i\u015fitme kayb\u0131 ya\u015fam kalitesini ve sosyal etkile\u015fimi olumsuz etkiledi\u011finde koklear implant kullan\u0131l\u0131r. Ameliyat\u0131n ard\u0131ndan ki\u015finin i\u015fitme yetene\u011fi \u00f6nemli \u00f6l\u00e7\u00fcde iyile\u015fir ve bu da onu g\u00fcnl\u00fck hayat\u0131nda daha aktif hale getirir.<\/p>\n<h2><span class=\"ez-toc-section\" id=\"Koklear_Implant_Nasil_Yapilir\"><\/span>Koklear \u0130mplant Nas\u0131l Yap\u0131l\u0131r?<span class=\"ez-toc-section-end\"><\/span><\/h2>\n<p>Koklear implant ameliyat\u0131, genel anestezi alt\u0131nda yap\u0131l\u0131r ve genellikle iki ila d\u00f6rt saat s\u00fcrer. Ameliyat\u0131n bir par\u00e7as\u0131 olarak, cerrah kulak arkas\u0131nda bir kesik a\u00e7arak mastoid olarak bilinen kafa kemi\u011fine ula\u015f\u0131r. \u0130\u00e7 kulaktaki kokleaya bir elektrot sistemi buradan yerle\u015ftirilir. \u0130\u00e7 implant\u0131n bir par\u00e7as\u0131 olan bu elektrot, ses sinyallerini elektriksel uyar\u0131lara d\u00f6n\u00fc\u015ft\u00fcrerek i\u015fitme sinirine iletecektir.<\/p>\n<p>Implant\u0131 kafa kemi\u011fine yerle\u015ftirmek i\u00e7in cerrah kokleaya k\u00fc\u00e7\u00fck bir delik a\u00e7arak elektrotlar\u0131 i\u00e7 kula\u011fa yerle\u015ftirir. Elektrot yerle\u015ftirildikten sonra cerrah cildi kapatarak i\u015flemi bitirir. Bir ameliyat ge\u00e7irdikten sonra genellikle bir g\u00fcn hastanede kalman\u0131z gerekir. D\u0131\u015f cihaz (ses i\u015flemcisi) tak\u0131lmadan iyile\u015fme s\u00fcreci birka\u00e7 hafta s\u00fcrer. 3 ila 6 hafta sonra, implant\u0131n d\u0131\u015f k\u0131sm\u0131 harekete ge\u00e7er ve hastalar ses duymaya ba\u015flar.<\/p>\n<p>Koklear implant ameliyat\u0131, i\u015fitme kayb\u0131 olan ki\u015filerin g\u00fcnl\u00fck ya\u015famlar\u0131na d\u00f6nmelerini sa\u011flayan etkili bir tedavi y\u00f6ntemidir. Ameliyat sonras\u0131 i\u015fitme rehabilitasyonu, beynin yeni sesleri daha kolay tan\u0131mas\u0131na yard\u0131mc\u0131 olur ve i\u015fitme s\u00fcrecini daha verimli hale getirir.<\/p>\n<h2><span class=\"ez-toc-section\" id=\"Koklear_Implant_Kimlere_Yapilir\"><\/span>Koklear \u0130mplant Kimlere Yap\u0131l\u0131r?<span class=\"ez-toc-section-end\"><\/span><\/h2>\n<p>Biyonik kulak, a\u011f\u0131r ya da ileri derecede i\u015fitme kayb\u0131 olan ve i\u015fitme cihazlar\u0131ndan yeterince yararlanamayan ki\u015filer i\u00e7in kullan\u0131l\u0131r. \u0130\u00e7 kula\u011f\u0131n (koklea) yaralanmas\u0131 durumunda, bu implant sesleri do\u011frudan i\u015fitme sinirine ileterek i\u015fitme yetisini geri kazand\u0131r\u0131r. Koklear implantlar genellikle hem yeti\u015fkinler hem de \u00e7ocuklar i\u00e7in uygundur.<\/p>\n<p>\u00c7ocuklar: Do\u011fu\u015ftan i\u015fitme kayb\u0131 olan \u00e7ocuklara implantlar genellikle on iki ayl\u0131ktan itibaren uygulanabilir. Erken ya\u015fta tak\u0131lan implantlar, \u00e7ocu\u011fun dil ve konu\u015fma geli\u015fimini \u00f6nemli \u00f6l\u00e7\u00fcde destekler. \u0130\u015fitme yetisini geri kazanmak, \u00e7ocu\u011fun sosyal ve e\u011fitim hayat\u0131na daha iyi adapte olmas\u0131na yard\u0131mc\u0131 olur. Bu, erken m\u00fcdahale ile m\u00fcmk\u00fcnd\u00fcr.<\/p>\n<p>Yeti\u015fkinler: \u0130\u015fitme kayb\u0131 ya\u015fayan yeti\u015fkinler, \u00f6zellikle geleneksel i\u015fitme cihazlar\u0131 yeterince iyi \u00e7al\u0131\u015fm\u0131yorsa koklear implanta aday olabilir. Bu implant, i\u015fitme kayb\u0131 nedeniyle sosyal ve i\u015f ya\u015famlar\u0131nda zorluklar ya\u015fayan ki\u015filere daha net bir i\u015fitme sa\u011flar. \u0130mplantlar, \u00f6zellikle her iki kula\u011f\u0131nda da i\u015fitme kayb\u0131 olan veya i\u015fitme cihazlar\u0131ndan %50&#8217;den az yararlanan yeti\u015fkinler i\u00e7in iyi bir \u00e7\u00f6z\u00fcmd\u00fcr.<\/p>\n<p>Koklear implantlar, i\u015fitme siniri hala i\u015flevsel olan ve i\u015fitme kayb\u0131n\u0131n \u015fiddetine g\u00f6re uygulan\u0131r. \u0130\u015fitme testleri ve uzman doktorlar\u0131n de\u011ferlendirmesi, ameliyat karar\u0131n\u0131 belirler.<\/p>\n<h2><span class=\"ez-toc-section\" id=\"Koklear_Implant_Avantajlari\"><\/span>Koklear \u0130mplant Avantajlar\u0131<span class=\"ez-toc-section-end\"><\/span><\/h2>\n<p>Koklear implantlar, \u00f6zellikle ileri derecede i\u015fitme kayb\u0131 ya\u015fayan ki\u015filer i\u00e7in b\u00fcy\u00fck faydalar sa\u011flar. Bu cihaz, geleneksel i\u015fitme cihazlar\u0131na k\u0131yasla sesleri elektrik sinyalleri olarak do\u011frudan i\u015fitme sinirine iletti\u011fi i\u00e7in daha net ve daha do\u011fal bir \u015fekilde i\u015fitmenizi sa\u011flar.<\/p>\n<p>Bu, g\u00fcr\u00fclt\u00fcl\u00fc ortamlarda bile konu\u015fmay\u0131 anlaman\u0131za yard\u0131mc\u0131 olur. Koklear implantlar, i\u015fitme kayb\u0131n\u0131 telafi etmek i\u00e7in g\u00fc\u00e7l\u00fc bir ara\u00e7t\u0131r; bu, \u00f6zellikle i\u015fitme cihazlar\u0131ndan yararlanamayan ki\u015filer i\u00e7in faydal\u0131d\u0131r.<\/p>\n<p>Ayr\u0131ca \u00e7ocuklar\u0131n dil ve konu\u015fma geli\u015fimi a\u00e7\u0131s\u0131ndan \u00f6nemli faydalar\u0131 vard\u0131r. \u00c7ocuklar\u0131n erken ya\u015fta fark edildi\u011finde ve onlara implant tak\u0131ld\u0131\u011f\u0131nda, dil geli\u015fimleri h\u0131zlan\u0131r ve ya\u015f\u0131tlar\u0131yla daha kolay ileti\u015fim kurabilirler. Implantlar, \u00e7ocuklar i\u00e7in dil \u00f6\u011frenimi, konu\u015fma becerisi ve sosyal hayata uyum konusunda \u00e7ok faydal\u0131d\u0131r.<\/p>\n<p>Biyonik kulak, i\u015fitme kayb\u0131 nedeniyle sosyal ya\u015famdan kopmu\u015f yeti\u015fkinlere g\u00fcnl\u00fck ya\u015famda ve i\u015f hayat\u0131nda yeniden aktif bir \u015fekilde yer alma f\u0131rsat\u0131 verir. Televizyon izlemek, telefonla konu\u015fmak ve \u00e7evrelerindeki sesleri duymak insanlar i\u00e7in \u00e7ok rahatt\u0131r. Bu da genel ya\u015fam kalitesini \u00f6nemli \u00f6l\u00e7\u00fcde art\u0131r\u0131r ve bu da ki\u015filerin kendi ba\u015flar\u0131na ya\u015famalar\u0131na yard\u0131mc\u0131 olur.<\/p>\n<p>Biyonik kulak, i\u015fitme cihazlar\u0131ndan yeterince yararlanamayanlar i\u00e7in uzun vadeli ve kal\u0131c\u0131 bir \u00e7\u00f6z\u00fcmd\u00fcr.<\/p>\n<h2><span class=\"ez-toc-section\" id=\"Biyonik_Kulak_Oncesi\"><\/span>Biyonik Kulak \u00d6ncesi<span class=\"ez-toc-section-end\"><\/span><\/h2>\n<p>Koklear implant ameliyat\u0131 \u00f6ncesinde \u00e7e\u015fitli haz\u0131rl\u0131k ve de\u011ferlendirme prosed\u00fcrlerinin tamamlanmas\u0131 gerekir. \u0130\u015fitme kayb\u0131 \u00f6ncelikle kapsaml\u0131 testlerle de\u011ferlendirilir. Koklear implant, yeterli fayda g\u00f6rmeyenler i\u00e7in uygun olabilir. Bu a\u015famada, ki\u015finin sesleri alg\u0131lama yetene\u011fi i\u015fitme uzmanlar\u0131 taraf\u0131ndan test edilir. Bu testler, implant\u0131n ki\u015fiye ne kadar yard\u0131mc\u0131 olaca\u011f\u0131n\u0131 belirler.<\/p>\n<p>Ameliyat \u00f6ncesi ayr\u0131ca g\u00f6r\u00fcnt\u00fcleme testleri yap\u0131l\u0131r. \u0130\u00e7 kula\u011f\u0131n yap\u0131s\u0131 ve i\u015fitme sinirinin durumu bilgisayarl\u0131 tomografi (BT) ve manyetik rezonans g\u00f6r\u00fcnt\u00fcleme (MRG) ile incelenir. Bu, implant\u0131n uygunlu\u011funu de\u011ferlendirmek i\u00e7in gereklidir. Implant\u0131n i\u00e7 kula\u011f\u0131n yap\u0131s\u0131nda herhangi bir sorun olup olmad\u0131\u011f\u0131, implant\u0131n yerle\u015ftirilebilece\u011fini belirler.<\/p>\n<p>Hastan\u0131n genel sa\u011fl\u0131k durumu da ameliyat i\u00e7in uygun olup olmad\u0131\u011f\u0131na bak\u0131l\u0131r. Koklear implant ameliyat\u0131 genel anestezi alt\u0131nda yap\u0131laca\u011f\u0131 i\u00e7in hastan\u0131n sa\u011fl\u0131k durumu buna uygun olmal\u0131d\u0131r.<\/p>\n<p>Hasta ve ailesi, ameliyat \u00f6ncesi d\u00f6nemde implant prosed\u00fcr\u00fc, olas\u0131 sonu\u00e7lar\u0131, iyile\u015fme s\u00fcrecini ve ameliyat sonras\u0131 tedavi hakk\u0131nda ayr\u0131nt\u0131l\u0131 bilgi al\u0131rlar. Hastan\u0131n ameliyat sonras\u0131 i\u015fitme terapisine uyum sa\u011flay\u0131p sa\u011flayamayaca\u011f\u0131 da de\u011ferlendirilir. Ameliyat \u00f6ncesi yap\u0131lan bu testler ve de\u011ferlendirmeler, ki\u015finin biyonik kulak elde edece\u011fi faydalar\u0131 belirler.<\/p>\n<h2><span class=\"ez-toc-section\" id=\"Biyonik_Kulak_Sonrasi\"><\/span>Biyonik Kulak Sonras\u0131<span class=\"ez-toc-section-end\"><\/span><\/h2>\n<p>Biyonik kulak ameliyat\u0131 sonras\u0131 iyile\u015fme ve adaptasyon birka\u00e7 a\u015famadan olu\u015fur. Ameliyat\u0131n hemen ard\u0131ndan hasta genellikle birka\u00e7 g\u00fcn hastanede tutulur.<\/p>\n<p>Ameliyat sonras\u0131 birka\u00e7 g\u00fcn i\u00e7inde hafif a\u011fr\u0131, ba\u015f d\u00f6nmesi ve operasyon b\u00f6lgesinde \u015fi\u015flik gibi rahats\u0131zl\u0131klar olabilir. Ameliyat b\u00f6lgesinin enfeksiyondan korunmas\u0131, iyile\u015fme s\u00fcrecinde dikkat edilmesi gereken en \u00f6nemli noktalardan biridir.<\/p>\n<p>D\u0131\u015far\u0131dan tak\u0131lan ses i\u015flemcisi, ameliyattan birka\u00e7 hafta sonra aktive edilir. \u0130yile\u015ftirme tamamland\u0131ktan sonra implant\u0131n d\u0131\u015f par\u00e7as\u0131, ses i\u015flemcisi, tak\u0131l\u0131r ve cihaz \u00e7al\u0131\u015fmaya ba\u015flar. Hasta bu noktada sesleri ilk kez duymaya ba\u015flar, ancak i\u015fitme s\u00fcreci hemen m\u00fckemmel olmayabilir. Beynin yeni ses sinyallerine al\u0131\u015fmas\u0131 uzun bir s\u00fcre al\u0131r.<\/p>\n<p>Bu adaptasyon s\u00fcrecinde i\u015fitme rehabilitasyonu son derece \u00f6nemlidir. \u00d6zellikle ilk haftalarda, sesleri daha net alg\u0131lamak ve konu\u015fmalar\u0131 daha iyi anlamak i\u00e7in i\u015fitme terapisi d\u00fczenli olarak uygulan\u0131r. Ayarlamalar ve terapiler, beynin implant\u0131n g\u00f6nderdi\u011fi elektriksel sinyalleri ses olarak anlamas\u0131n\u0131 sa\u011flar.<\/p>\n<p>\u00c7ocuklar i\u00e7in dil geli\u015fimi i\u00e7in rehabilitasyon kritik \u00f6neme sahipken, yeti\u015fkinler i\u00e7in sesleri tan\u0131ma ve sosyal ya\u015fama adapte olma s\u00fcrecinde rehabilitasyon da \u00f6nemlidir.<\/p>\n<p>\u0130mplant\u0131n iyi \u00e7al\u0131\u015fmas\u0131 i\u00e7in d\u00fczenli doktor kontrolleri ve cihaz ayarlamalar\u0131 gerekir. Bu s\u00fcre\u00e7te, cihaz\u0131n d\u0131\u015f k\u0131sm\u0131 teknolojik geli\u015fmeler kullan\u0131larak de\u011fi\u015ftirilebilir. Koklear implantlara sahip ki\u015filer zamanla sesleri daha iyi duyabilir ve ileti\u015fimde \u00f6nemli ilerlemeler kaydedebilir.<\/p>\n<h2><span class=\"ez-toc-section\" id=\"Koklear_Implant_Fiyatlari_2026\"><\/span>Koklear \u0130mplant Fiyatlar\u0131 2026<span class=\"ez-toc-section-end\"><\/span><\/h2>\n<p>Koklear implant fiyatlar\u0131 hakk\u0131nda net bilgi almak i\u00e7in ameliyat\u0131 yapacak olan klinik ya da hastane en do\u011fru kaynak olacakt\u0131r. Maliyetler, implant\u0131n markas\u0131, cerrah\u0131n deneyimi ve uygulaman\u0131n yap\u0131laca\u011f\u0131 sa\u011fl\u0131k kurulu\u015funa g\u00f6re de\u011fi\u015febilir.<\/p>\n<p>Detayl\u0131 bilgi almak i\u00e7in en iyi se\u00e7enek ilgili hastanelerle ya da sa\u011fl\u0131k merkezleriyle do\u011frudan ileti\u015fim kurmakt\u0131r. <span style=\"text-decoration: underline;\"><strong>Koklear implant fiyatlar\u0131 2026<\/strong><\/span> hakk\u0131nda bilgi almak i\u00e7in bizlere ula\u015fabilirsiniz.<\/p>\n<h2><span class=\"ez-toc-section\" id=\"Koklear_Implant_ile_Ilgili_Sik_Sorulan_Sorular\"><\/span>Koklear \u0130mplant ile \u0130lgili S\u0131k Sorulan Sorular<span class=\"ez-toc-section-end\"><\/span><\/h2>\n<h3><span class=\"ez-toc-section\" id=\"Koklear_Implant_Agrili_Bir_Islem_Mi\"><\/span>Koklear \u0130mplant A\u011fr\u0131l\u0131 Bir \u0130\u015flem Mi?<span class=\"ez-toc-section-end\"><\/span><\/h3>\n<p>Biyonik kulak ameliyat\u0131 s\u0131ras\u0131nda hastaya genel anestezi verilir, bu nedenle genellikle a\u011fr\u0131s\u0131z bir operasyon olarak kabul edilir. Sonu\u00e7 olarak, ameliyat s\u0131ras\u0131nda herhangi bir a\u011fr\u0131 ya\u015famazs\u0131n\u0131z. Bununla birlikte, ameliyat sonras\u0131 d\u00f6nemde biraz a\u011fr\u0131, ba\u015f d\u00f6nmesi ve b\u00f6lgesel hassasiyet olabilir. Bu a\u011fr\u0131lar genellikle hafif ve a\u011fr\u0131 kesicilerle hafifletilebilir.<\/p>\n<p>Hastalar ameliyattan sonra birka\u00e7 g\u00fcn rahats\u0131zl\u0131k veya stres ya\u015fayabilirler, ancak bunlar k\u0131sa s\u00fcreli ve ge\u00e7icidir. Cerrahi kesinin iyile\u015fme s\u00fcrecinde enfeksiyon riskine kar\u015f\u0131 b\u00f6lgenin korunmas\u0131 gerekir.<\/p>\n<h3><span class=\"ez-toc-section\" id=\"Koklear_Implant_Ne_Kadar_Surer\"><\/span>Koklear \u0130mplant Ne Kadar S\u00fcrer?<span class=\"ez-toc-section-end\"><\/span><\/h3>\n<p>Koklear implant ameliyat\u0131 tipik olarak iki ila d\u00f6rt saat s\u00fcrer. Bu s\u00fcre, cerrah\u0131n deneyimine, hastan\u0131n anatomik yap\u0131s\u0131na ve ameliyat\u0131n karma\u015f\u0131kl\u0131\u011f\u0131na g\u00f6re de\u011fi\u015febilir. Hasta ameliyat s\u0131ras\u0131nda genel anestezi al\u0131r, bu da onu rahats\u0131z etmez. Ameliyat\u0131n temel a\u015famalar\u0131, elektrotlar\u0131n i\u00e7 kula\u011fa yerle\u015ftirilmesi ve implant\u0131n kulak arkas\u0131nda sabitlenmesidir.<\/p>\n<p>Hastalar ameliyattan sonra genellikle birka\u00e7 g\u00fcn hastanede tutulur ve iyile\u015fmeleri birka\u00e7 hafta s\u00fcrebilir. D\u0131\u015f bile\u015fenler (ses i\u015flemcisi) genellikle ameliyattan \u00fc\u00e7 ila alt\u0131 hafta sonra tak\u0131l\u0131r ve \u00e7al\u0131\u015fmaya ba\u015flar.<\/p>\n<h3><span class=\"ez-toc-section\" id=\"Biyonik_kulak_Ne_Kadar_Kalici\"><\/span>Biyonik kulak Ne Kadar Kal\u0131c\u0131?<span class=\"ez-toc-section-end\"><\/span><\/h3>\n<p>Koklear implantlar, uzun y\u0131llar boyunca sorunsuz bir \u015fekilde i\u015fitmenizi sa\u011flar. \u0130\u00e7 kula\u011fa yerle\u015ftirilen implant \u00f6m\u00fcr boyu kullan\u0131labilir ve de\u011fi\u015ftirilmesi gerekmez. Ancak d\u0131\u015far\u0131da bulunan ses i\u015flemcisi zamanla de\u011fi\u015ftirilebilir. Teknoloji ilerledik\u00e7e d\u0131\u015f bile\u015fenler de\u011fi\u015ftirilebilir, ancak i\u00e7 bile\u015fen ayn\u0131 kal\u0131r.<\/p>\n<p>Koklear implant, d\u00fczenli bak\u0131m ve uygun kullan\u0131m ile uzun vadeli bir i\u015fitme \u00e7\u00f6z\u00fcm\u00fc sa\u011flar. Cihaz, kullan\u0131c\u0131lar\u0131n zamanla sesleri daha iyi alg\u0131lamas\u0131na yard\u0131mc\u0131 olur ve ya\u015fam boyu i\u015fitme deste\u011fi sa\u011flar.<\/p>\n<h3><span class=\"ez-toc-section\" id=\"Koklear_Implant_Kesin_Cozum_mu\"><\/span>Koklear \u0130mplant Kesin \u00c7\u00f6z\u00fcm m\u00fc?<span class=\"ez-toc-section-end\"><\/span><\/h3>\n<p>Koklear implantlar, i\u015fitme kayb\u0131 ya\u015fayan bir\u00e7ok ki\u015fi i\u00e7in m\u00fckemmel bir \u00e7\u00f6z\u00fcmd\u00fcr, ancak her durumda kesin bir \u00e7\u00f6z\u00fcm olarak de\u011ferlendirilemez. Koklear implant, elektriksel uyar\u0131larla i\u015fitme sinirini harekete ge\u00e7irerek ses alg\u0131s\u0131n\u0131 sa\u011flar.<\/p>\n<p>Bu, ileri derecede i\u015fitme kayb\u0131 ya\u015fayan insanlar i\u00e7in \u00f6nemli bir geli\u015fmedir. Bununla birlikte, implant\u0131n her bir ki\u015fi i\u00e7in sonu\u00e7lar\u0131 farkl\u0131 olabilir. Sonu\u00e7lar, hastan\u0131n ya\u015f\u0131, i\u015fitme kayb\u0131n\u0131n ba\u015flang\u0131c\u0131, \u00f6nceki konu\u015fma ve dil becerileri gibi bir\u00e7ok fakt\u00f6re ba\u011fl\u0131d\u0131r.<\/p>\n<p>Sonu\u00e7lar, \u00f6zellikle do\u011fu\u015ftan i\u015fitme kayb\u0131 olan \u00e7ocuklar ile sonradan i\u015fitme kayb\u0131 ya\u015fayan yeti\u015fkinler aras\u0131nda farkl\u0131l\u0131k g\u00f6sterebilir. \u00d6rne\u011fin, \u00e7ocuklara implant erken ya\u015fta tak\u0131ld\u0131\u011f\u0131nda, konu\u015fma ve dil geli\u015fiminde \u00f6nemli geli\u015fmeler kaydedebilirler. \u0130\u015fitme kayb\u0131 uzun s\u00fcreli ki\u015filerde implant\u0131n faydas\u0131 s\u0131n\u0131rl\u0131 olabilir.<\/p>\n<p>Geleneksel i\u015fitme cihazlar\u0131na k\u0131yasla, koklear implantlar daha net bir i\u015fitme sa\u011flar, ancak tamamen do\u011fal bir i\u015fitme sa\u011flad\u0131\u011f\u0131 s\u00f6ylenemez. Seslerin alg\u0131lanma \u015fekli birbirinden farkl\u0131 olabilir ve beyin zamanla bu seslere al\u0131\u015f\u0131r. Genel olarak, implantlar i\u015fitme kayb\u0131n\u0131 \u00f6nemli \u00f6l\u00e7\u00fcde telafi edebilir, ancak herkesin tam olarak iyi i\u015fitece\u011fini garanti etmezler.<\/p>\n<p><strong>\u0130nstagram&#8217;da bizi takip etmeyi unutmay\u0131n, <span style=\"color: #ff0000;\"><a style=\"color: #ff0000;\" href=\"https:\/\/www.instagram.com\/retouchbody\/\" target=\"_blank\" rel=\"noopener\">Retouchbody<\/a><\/span><\/strong><\/p>\n","protected":false},"excerpt":{"rendered":"<p>Koklear \u0130mplant Nedir? Koklear \u0130mplant veya halk aras\u0131nda &#8220;biyonik kulak&#8221; olarak da bilinen bir t\u0131bbi cihaz, i\u015fitme kayb\u0131 ya\u015fayan insanlara i\u015fitme yetisini geri kazand\u0131rmak i\u00e7in kullan\u0131l\u0131r. Geleneksel i\u015fitme cihazlar\u0131ndan farkl\u0131 olarak, bu cihaz hasarl\u0131 i\u00e7 kula\u011f\u0131n sorumlulu\u011funu \u00fcstlenir ve sesleri do\u011frudan i\u015fitme sinirine iletir. Biyonik kulak, sesi y\u00fckseltmek yerine ses dalgalar\u0131n\u0131 elektriksel sinyallere \u00e7evirir. Kullan\u0131c\u0131, [&hellip;]<\/p>\n","protected":false},"author":1,"featured_media":4301,"parent":0,"menu_order":0,"comment_status":"closed","ping_status":"closed","template":"","meta":{"footnotes":""},"class_list":["post-4288","page","type-page","status-publish","has-post-thumbnail","hentry"],"_links":{"self":[{"href":"https:\/\/www.retouchbody.com\/tr\/wp-json\/wp\/v2\/pages\/4288","targetHints":{"allow":["GET"]}}],"collection":[{"href":"https:\/\/www.retouchbody.com\/tr\/wp-json\/wp\/v2\/pages"}],"about":[{"href":"https:\/\/www.retouchbody.com\/tr\/wp-json\/wp\/v2\/types\/page"}],"author":[{"embeddable":true,"href":"https:\/\/www.retouchbody.com\/tr\/wp-json\/wp\/v2\/users\/1"}],"replies":[{"embeddable":true,"href":"https:\/\/www.retouchbody.com\/tr\/wp-json\/wp\/v2\/comments?post=4288"}],"version-history":[{"count":5,"href":"https:\/\/www.retouchbody.com\/tr\/wp-json\/wp\/v2\/pages\/4288\/revisions"}],"predecessor-version":[{"id":4695,"href":"https:\/\/www.retouchbody.com\/tr\/wp-json\/wp\/v2\/pages\/4288\/revisions\/4695"}],"wp:featuredmedia":[{"embeddable":true,"href":"https:\/\/www.retouchbody.com\/tr\/wp-json\/wp\/v2\/media\/4301"}],"wp:attachment":[{"href":"https:\/\/www.retouchbody.com\/tr\/wp-json\/wp\/v2\/media?parent=4288"}],"curies":[{"name":"wp","href":"https:\/\/api.w.org\/{rel}","templated":true}]}}