{"id":3674,"date":"2025-06-04T11:30:03","date_gmt":"2025-06-04T08:30:03","guid":{"rendered":"https:\/\/www.retouchbody.com\/tr\/?page_id=3674"},"modified":"2026-02-03T10:37:12","modified_gmt":"2026-02-03T07:37:12","slug":"dis-lezyonu","status":"publish","type":"page","link":"https:\/\/www.retouchbody.com\/tr\/dis-lezyonu\/","title":{"rendered":"Di\u015f Lezyonu"},"content":{"rendered":"<div id=\"ez-toc-container\" class=\"ez-toc-v2_0_80 counter-hierarchy ez-toc-counter ez-toc-grey ez-toc-container-direction\">\n<div class=\"ez-toc-title-container\">\n<p class=\"ez-toc-title\" style=\"cursor:inherit\">\u0130\u00e7indekiler Tablosu<\/p>\n<span class=\"ez-toc-title-toggle\"><a href=\"#\" class=\"ez-toc-pull-right ez-toc-btn ez-toc-btn-xs ez-toc-btn-default ez-toc-toggle\" aria-label=\"\u0130\u00e7indekiler Tablosunu A\u00e7\/Kapat\"><span class=\"ez-toc-js-icon-con\"><span class=\"\"><span class=\"eztoc-hide\" style=\"display:none;\">Toggle<\/span><span class=\"ez-toc-icon-toggle-span\"><svg style=\"fill: #999;color:#999\" xmlns=\"http:\/\/www.w3.org\/2000\/svg\" class=\"list-377408\" width=\"20px\" height=\"20px\" viewBox=\"0 0 24 24\" fill=\"none\"><path d=\"M6 6H4v2h2V6zm14 0H8v2h12V6zM4 11h2v2H4v-2zm16 0H8v2h12v-2zM4 16h2v2H4v-2zm16 0H8v2h12v-2z\" fill=\"currentColor\"><\/path><\/svg><svg style=\"fill: #999;color:#999\" class=\"arrow-unsorted-368013\" xmlns=\"http:\/\/www.w3.org\/2000\/svg\" width=\"10px\" height=\"10px\" viewBox=\"0 0 24 24\" version=\"1.2\" baseProfile=\"tiny\"><path d=\"M18.2 9.3l-6.2-6.3-6.2 6.3c-.2.2-.3.4-.3.7s.1.5.3.7c.2.2.4.3.7.3h11c.3 0 .5-.1.7-.3.2-.2.3-.5.3-.7s-.1-.5-.3-.7zM5.8 14.7l6.2 6.3 6.2-6.3c.2-.2.3-.5.3-.7s-.1-.5-.3-.7c-.2-.2-.4-.3-.7-.3h-11c-.3 0-.5.1-.7.3-.2.2-.3.5-.3.7s.1.5.3.7z\"\/><\/svg><\/span><\/span><\/span><\/a><\/span><\/div>\n<nav><ul class='ez-toc-list ez-toc-list-level-1 eztoc-toggle-hide-by-default' ><li class='ez-toc-page-1 ez-toc-heading-level-2'><a class=\"ez-toc-link ez-toc-heading-1\" href=\"#\" data-href=\"https:\/\/www.retouchbody.com\/tr\/dis-lezyonu\/#Dis_Lezyonu_Nedir\" >Di\u015f Lezyonu Nedir?<\/a><\/li><li class='ez-toc-page-1 ez-toc-heading-level-2'><a class=\"ez-toc-link ez-toc-heading-2\" href=\"#\" data-href=\"https:\/\/www.retouchbody.com\/tr\/dis-lezyonu\/#Dis_Lezyonu_Neden_Olusur\" >Di\u015f Lezyonu Neden Olu\u015fur?<\/a><\/li><li class='ez-toc-page-1 ez-toc-heading-level-2'><a class=\"ez-toc-link ez-toc-heading-3\" href=\"#\" data-href=\"https:\/\/www.retouchbody.com\/tr\/dis-lezyonu\/#Dis_Lezyonu_Nasil_Olusur\" >Di\u015f Lezyonu Nas\u0131l Olu\u015fur?<\/a><\/li><li class='ez-toc-page-1 ez-toc-heading-level-2'><a class=\"ez-toc-link ez-toc-heading-4\" href=\"#\" data-href=\"https:\/\/www.retouchbody.com\/tr\/dis-lezyonu\/#Dis_Lezyonu_Nasil_Tedavi_Edilir\" >Di\u015f Lezyonu Nas\u0131l Tedavi Edilir?<\/a><\/li><li class='ez-toc-page-1 ez-toc-heading-level-2'><a class=\"ez-toc-link ez-toc-heading-5\" href=\"#\" data-href=\"https:\/\/www.retouchbody.com\/tr\/dis-lezyonu\/#Bu_Lezyonlar_Hangi_Yollarla_Olusabilir\" >Bu Lezyonlar Hangi Yollarla Olu\u015fabilir?<\/a><\/li><li class='ez-toc-page-1 ez-toc-heading-level-2'><a class=\"ez-toc-link ez-toc-heading-6\" href=\"#\" data-href=\"https:\/\/www.retouchbody.com\/tr\/dis-lezyonu\/#Diste_Olusan_Lezyonlarin_Nedenleri_Nelerdir\" >Di\u015fte Olu\u015fan Lezyonlar\u0131n Nedenleri Nelerdir?<\/a><\/li><li class='ez-toc-page-1 ez-toc-heading-level-2'><a class=\"ez-toc-link ez-toc-heading-7\" href=\"#\" data-href=\"https:\/\/www.retouchbody.com\/tr\/dis-lezyonu\/#Dis_Lezyonu_Fiyatlari_2026\" >Di\u015f Lezyonu Fiyatlar\u0131 2026<\/a><\/li><\/ul><\/nav><\/div>\n<h2><span class=\"ez-toc-section\" id=\"Dis_Lezyonu_Nedir\"><\/span>Di\u015f Lezyonu Nedir?<span class=\"ez-toc-section-end\"><\/span><\/h2>\n<p><strong>Di\u015f Lezyonu<\/strong>, a\u011f\u0131z ve di\u015f hastal\u0131klar\u0131 kapsam\u0131nda en \u00e7ok kar\u015f\u0131la\u015f\u0131lan sorunlardan biridir. Di\u015f apsesi ve di\u015f \u00e7\u00fcr\u00fcklerinin yan\u0131 s\u0131ra de\u011fi\u015fik tarzda olan di\u015f lezyonu ile ba\u015fa \u00e7\u0131kmak ki\u015fisel olarak pek m\u00fcmk\u00fcn de\u011fildir. Bu nedenle de mutlaka profesyonel tedavi olunmas\u0131 ve cerrahi destek al\u0131nmas\u0131 \u015fartt\u0131r. Di\u015f lezyonu her ya\u015f grubunda g\u00f6r\u00fclebilen bir hastal\u0131kt\u0131r.<\/p>\n<p>Ancak daha \u00e7ok yeti\u015fkinlik d\u00f6nemlerinde a\u011f\u0131z ve di\u015f bak\u0131m\u0131na uzun zamand\u0131r dikkat etmeyen ve \u00f6zen g\u00f6stermeyen ki\u015filerde meydana gelir. Temizlenmesi ve mutlaka tamamen tedavi edilmesi i\u00e7in uzman bir di\u015f hekimiyle g\u00f6r\u00fc\u015fmek gerekiyor.<\/p>\n<p>Genel bir isim olan <span style=\"color: #ff0000;\"><strong><a style=\"color: #ff0000;\" href=\"https:\/\/www.retouchbody.com\/tr\/dis-lezyonu\/\"><span style=\"text-decoration: underline;\">di\u015f lezyonu<\/span><\/a><\/strong><\/span> hastal\u0131klar\u0131 asl\u0131nda di\u015f apsesi, iltihaplanmalar, di\u015f eti hastal\u0131klar\u0131 ve \u00f6zellikle de di\u015f travmalar\u0131n\u0131 da kaps\u0131yor. Bu nedenle genel bir hastal\u0131k alt\u0131nda bir\u00e7ok farkl\u0131 neden ve hastal\u0131k olu\u015fabilir. Ki\u015fiden ki\u015fiye fakt\u00f6rleri ve sebep oldu\u011fu hastal\u0131klar\u0131 da de\u011fi\u015fkenlik g\u00f6sterebilir. Lezyonlar di\u015fleri \u00e7evreleyen alanlard\u0131r.<\/p>\n<p>K\u0131sacas\u0131 di\u015f etleri olarak da anlat\u0131labilir. Ancak genel kapsaml\u0131 bir isim oldu\u011fu i\u00e7in daha \u00e7ok di\u015fi \u00e7evreleyen olarak adland\u0131rmak do\u011frudur. Bu b\u00f6lgelerde meydana gelen her t\u00fcrl\u00fc sorun lezyon hastal\u0131\u011f\u0131 olarak bilinir. S\u0131k oranda g\u00f6r\u00fcl\u00fcr ve tedavisi ancak profesyonel bir \u015fekilde ger\u00e7ekle\u015ftirilir.<\/p>\n<h2><span class=\"ez-toc-section\" id=\"Dis_Lezyonu_Neden_Olusur\"><\/span>Di\u015f Lezyonu Neden Olu\u015fur?<span class=\"ez-toc-section-end\"><\/span><\/h2>\n<p>Di\u015f etlerinde ve di\u015f \u00e7evrelerinde meydana gelen di\u015f lezyonu hastal\u0131\u011f\u0131 bir\u00e7ok ki\u015fide meydana gelebilir. A\u011fr\u0131l\u0131, ac\u0131l\u0131 ve bazen iltihapl\u0131 olarak olu\u015fan lezyon a\u011f\u0131z ve di\u015f bak\u0131m\u0131na gereken \u00f6zen g\u00f6sterilmedi\u011finde daha \u00e7ok olu\u015fur.<\/p>\n<p>A\u011f\u0131z ve di\u015f bak\u0131m\u0131, di\u015f f\u0131r\u00e7alama, a\u011f\u0131z bak\u0131m suyu kullanma, dil y\u00fczeyini temizleme ve di\u015f aralar\u0131n\u0131 temizleme gibi eylemler rutin olarak yap\u0131lmas\u0131 gereken ve erken ya\u015flarda al\u0131\u015fkanl\u0131k kazan\u0131lmas\u0131 gereken bir aland\u0131r.<\/p>\n<p>Bu nedenle de yap\u0131lmad\u0131\u011f\u0131 takdirde di\u015flerde \u00e7ok farkl\u0131 sorunlar ve di\u015f kay\u0131plar\u0131 meydana gelebilir. \u00d6zellikle de \u00e7\u00fcr\u00fcmeyle birlikte, bakteri pla\u011f\u0131 ve oyuklarla birlikte di\u015f lezyonu daha fazla meydana gelir.<\/p>\n<p>\u00c7\u00fcr\u00fcklerin etki etti\u011fi di\u015f etleri par\u00e7alanmaya ve iltihaplanmaya ba\u015flad\u0131\u011f\u0131 zaman bu sorunun di\u015f lezyonu oldu\u011fu \u00e7ok daha belirgin bir \u015fekilde anla\u015f\u0131l\u0131r. Di\u015flerde meydana gelen travmalar, di\u015f \u00e7\u00fcr\u00fckleri, bakteri plaklar\u0131, di\u015f lekelenmeleri ve hatta di\u015flerin g\u00fcnl\u00fck olarak f\u0131r\u00e7alanmad\u0131\u011f\u0131 zaman \u00fczerlerinde kalan besin par\u00e7alar\u0131 dahi lezyon olu\u015fmas\u0131nda bir sebeptir.<\/p>\n<p>Ancak bu hastal\u0131\u011f\u0131n olu\u015fmas\u0131nda en b\u00fcy\u00fck rol\u00fc di\u015f eti iltihaplar\u0131 oynar. Di\u015flerde ve di\u015f etlerinde meydana gelen iltihaplar hem y\u00fcksek ate\u015fe hem di\u015flerde \u015fiddetli a\u011fr\u0131lara hem de di\u015flerin b\u00f6lgesel olarak par\u00e7alanmas\u0131na ve \u00e7\u00fcr\u00fcmesine yol a\u00e7ar.<\/p>\n<p>Bu gibi durumlarla kar\u015f\u0131la\u015fmamak i\u00e7in elbette yap\u0131lmas\u0131 gereken en \u00f6nemli \u015fey d\u00fczenli olarak di\u015f bak\u0131m\u0131 yapmak ve minimum alt\u0131 ayda bir di\u015f hekimine kontrole gitmektir. Ne olursa olsun a\u011f\u0131z ve di\u015f bak\u0131m\u0131 hi\u00e7bir \u015fekilde atlanmamal\u0131 ve her g\u00fcn en az iki kez iki dakika boyunca a\u011f\u0131z bak\u0131m\u0131na zaman ayr\u0131lmal\u0131d\u0131r.<\/p>\n<h2><span class=\"ez-toc-section\" id=\"Dis_Lezyonu_Nasil_Olusur\"><\/span>Di\u015f Lezyonu Nas\u0131l Olu\u015fur?<span class=\"ez-toc-section-end\"><\/span><\/h2>\n<p>Di\u015flerde bulunan sinirler, kanallar ve di\u015fleri \u00e7evreleyen yap\u0131sal dokular birbiriyle her zaman ba\u011flant\u0131l\u0131d\u0131r. Bu ba\u011flant\u0131lardan en az biri dahi hasar al\u0131rsa, meydana \u00e7ok daha b\u00fcy\u00fck semptomlar ve sorunlar \u00e7\u0131kar.<\/p>\n<p>Sorunu da kanallar yoluyla, di\u015fleri \u00e7epe\u00e7evre saran di\u015f etleri yoluyla ve \u00f6zellikle de dola\u015f\u0131m sisteminde olu\u015fan zay\u0131fl\u0131kla meydana gelebilir. Olu\u015fumu \u00e7ok da uzun s\u00fcrmeyen di\u015f lezyonu di\u015flerin farkl\u0131 katmanlar\u0131na etki edebilir.<\/p>\n<p>Di\u015f lezyonu olu\u015fumunda \u00fc\u00e7 farkl\u0131 fakt\u00f6r \u00f6n plana \u00e7\u0131k\u0131yor. Di\u015fler \u00fc\u00e7 farkl\u0131 tabakadan olu\u015fuyor. Bu tabakalar\u0131n her birinde lezyon meydana gelmesi b\u00fcy\u00fck olas\u0131l\u0131kt\u0131r. \u0130lk tabaka mine tabakas\u0131d\u0131r ve en hassas olan tabakad\u0131r.<\/p>\n<p>\u0130kinci tabaka dent tabakas\u0131d\u0131r ve en alttaki tabaka ise pulpa tabakas\u0131d\u0131r. Olduk\u00e7a \u00f6nemli \u00fc\u00e7 katmanda lezyon meydana gelme olas\u0131l\u0131\u011f\u0131 da olduk\u00e7a fazlad\u0131r. Di\u015flerde lekelenme varsa bu durum mineyi etkiler ve minede lezyon olu\u015fumu ba\u015flar.<\/p>\n<p>E\u011fer \u00e7\u00fcr\u00fckler mevcutsa dent tabakas\u0131nda lezyonlar ba\u015flar. E\u011fer sinirlerde bir sorun varsa, \u00e7ok derinde bir \u00e7\u00fcr\u00fcme varsa ve \u00f6zellikle de apse mevcutsa bu sefer de pulpa olarak adland\u0131r\u0131lan son tabakada lezyon olu\u015fumu ba\u015flar.<\/p>\n<p>Di\u015fler d\u00fczenli ve yeterli miktarda temizlenmedi\u011fi s\u00fcrece ne yaz\u0131k ki lezyon olu\u015fumu \u00e7ok daha h\u0131zl\u0131 ger\u00e7ekle\u015fir. Her ya\u015f grubuna olu\u015fabilir ancak yeti\u015fkin ya\u015f gruplar\u0131nda daha fazla meydana geldi\u011fi g\u00f6r\u00fcl\u00fcyor.<\/p>\n<p>Bunun en temel nedeni ise di\u015flerin d\u00fczenli olarak f\u0131r\u00e7alanmamas\u0131, a\u015f\u0131r\u0131 derecede \u00e7ay ve kahve gibi kafein i\u00e7eren t\u00fcketimlerin yap\u0131lmas\u0131 ve \u00f6zellikle de sigara kullan\u0131m\u0131 en b\u00fcy\u00fck etkenlerdir.<\/p>\n<p>Bu nedenle yeti\u015fkinlerde lezyon olu\u015fumu daha s\u0131k ve yo\u011fun \u015fekilde g\u00f6r\u00fcl\u00fcyor. Lezyonlar minede, dentte ve pulpada olu\u015fabilir. \u00dc\u00e7 farkl\u0131 katmanda olu\u015fabilen lezyonlar\u0131n ayn\u0131 zamanda derinli\u011fi, etkileri ve fakt\u00f6rleri de de\u011fi\u015febilir.<\/p>\n<h2><span class=\"ez-toc-section\" id=\"Dis_Lezyonu_Nasil_Tedavi_Edilir\"><\/span>Di\u015f Lezyonu Nas\u0131l Tedavi Edilir?<span class=\"ez-toc-section-end\"><\/span><\/h2>\n<p>Uzman bir di\u015f hekimi taraf\u0131ndan lezyon ve etkileri tedavi edilebilir. Tedaviye ba\u015flamadan \u00f6nce lezyonun hangi alanda meydana geldi\u011fini tespit etmek amac\u0131yla analizler yap\u0131l\u0131r. Daha sonra di\u015f lezyonunun yo\u011funlu\u011funa bak\u0131l\u0131r. Kanal tedavisi gerekli olan lezyon t\u00fcr\u00fcnde temizlik ve kanal tedavisi hayata ge\u00e7irilir.<\/p>\n<h2><span class=\"ez-toc-section\" id=\"Bu_Lezyonlar_Hangi_Yollarla_Olusabilir\"><\/span>Bu Lezyonlar Hangi Yollarla Olu\u015fabilir?<span class=\"ez-toc-section-end\"><\/span><\/h2>\n<p>Di\u015f lezyonu d\u00fczensiz di\u015f bak\u0131m\u0131 sonucunda olu\u015fur. Olduk\u00e7a \u00f6nemli olan a\u011f\u0131z ve di\u015f bak\u0131m\u0131 hi\u00e7bir zaman<\/p>\n<p>Aksatmadan devam edilmelidir. Aksi takdirde di\u015flerin y\u00fczeylerinde bakteriler birikmeye ve daha fazla tartar \u015feklinde ta\u015fa d\u00f6n\u00fc\u015fmeye ba\u015flar. Di\u015flerin \u00e7evresini saran di\u015f etlerinde iltihaplanma meydana geldi\u011finde lezyon daha fazla \u00f6n plana \u00e7\u0131kar.<\/p>\n<p>Ayn\u0131 zamanda d\u00fczenli olarak gargara yapmamak bo\u011faz enfeksiyonlar\u0131n\u0131 artt\u0131r\u0131r ve daha sonra da burada yerle\u015fen bakteriler di\u015flere do\u011fru h\u00fccum etmeye ba\u015flar. H\u00fccum eden bakteriler sonucunda di\u015flerde yap\u0131\u015fkanl\u0131k, dil ve yanaklarda bozulma ve di\u015flerde \u00e7\u00fcr\u00fcmeler meydana gelmeye ba\u015flar.<\/p>\n<p>Bu yollarla da lezyon daha h\u0131zl\u0131 \u015fekilde olu\u015fmaya ba\u015flar. \u00c7\u00fcr\u00fckler iltihaplar\u0131, iltihaplar farkl\u0131 di\u015f hastal\u0131klar\u0131n\u0131 etkilemeye ba\u015flar. B\u00f6ylece birbiri ard\u0131nda b\u00fcy\u00fcyen ve daha fazla profesyonel bak\u0131m ve tedavi gerektiren lezyonlar olu\u015fmaya devam eder.<\/p>\n<h2><span class=\"ez-toc-section\" id=\"Diste_Olusan_Lezyonlarin_Nedenleri_Nelerdir\"><\/span>Di\u015fte Olu\u015fan Lezyonlar\u0131n Nedenleri Nelerdir?<span class=\"ez-toc-section-end\"><\/span><\/h2>\n<p>\u00c7e\u015fitli etkenlere ba\u011fl\u0131 olarak meydana gelen di\u015f lezyonu genellikle di\u015f ve a\u011f\u0131z bak\u0131m\u0131 yap\u0131lmamas\u0131ndan \u00f6t\u00fcr\u00fc meydana geliyor. \u00c7ocukluk d\u00f6neminden itibaren a\u011f\u0131z ve di\u015f bak\u0131m al\u0131\u015fkanl\u0131\u011f\u0131 kazan\u0131lmad\u0131\u011f\u0131 takdirde, ilerleyen d\u00f6nemlerde \u00e7ok daha fazla di\u015f lezyonunu g\u00f6rmek m\u00fcmk\u00fcnd\u00fcr.<\/p>\n<p>Bak\u0131m d\u0131\u015f\u0131nda ise di\u015fleri s\u00fcrekli g\u0131c\u0131rdatmak, uyku esnas\u0131nda fark\u0131nda olmadan di\u015fleri s\u0131kmak ve \u00e7enede kayma gibi sorunlarda zamanla di\u015f lezyonunun olu\u015fumuna etki eder. Di\u015flerde olu\u015fan lezyonlar daha \u00e7ok 20\u2019lik di\u015flerin \u00e7\u0131kmas\u0131 ile de etkilenir.<\/p>\n<p>20\u2019lik di\u015fler en zor \u00e7\u0131kan ve hatta bazen \u00e7\u00fcr\u00fck \u00e7\u0131kabilen ya da g\u00f6m\u00fcl\u00fc kalan di\u015flerdir. Bu di\u015fler bir\u00e7ok a\u011f\u0131z ve di\u015f hastal\u0131\u011f\u0131n\u0131n habercisidir. Bu t\u00fcr sorunlarla kar\u015f\u0131la\u015fmamak ve lezyondan kurtulmak ad\u0131na s\u0131k s\u0131k doktora g\u00f6r\u00fcnmek gerekiyor.<\/p>\n<h2><span class=\"ez-toc-section\" id=\"Dis_Lezyonu_Fiyatlari_2026\"><\/span>Di\u015f Lezyonu Fiyatlar\u0131 2026<span class=\"ez-toc-section-end\"><\/span><\/h2>\n<p>2026 y\u0131l\u0131na \u00f6zel di\u015f lezyonu fiyatlar\u0131 olduk\u00e7a uygundur. Di\u015flerde meydana gelen di\u015f lezyonunun yo\u011funlu\u011funa ve uygulanacak olan tedavi y\u00f6ntemine ba\u011fl\u0131 olarak fiyatlarda de\u011fi\u015fiklik meydana gelebilir.<\/p>\n<p>Yapacak olan doktora g\u00f6re, uygulanacak\u00a0 olan klini\u011fe ba\u011fl\u0131 olarak ve \u00f6zellikle de di\u015f lezyonu kapsam\u0131nda kap\u0131lan hastal\u0131\u011f\u0131n ne oldu\u011fu tespit edildikten sonra kullan\u0131lacak olan malzeme ve \u00fcr\u00fcnlere ba\u011fl\u0131 olarak fiyatlarda art\u0131\u015f ya da azalma g\u00f6r\u00fclebilir.<\/p>\n<p><span style=\"text-decoration: underline;\"><strong>Di\u015f lezyonu fiyatlar\u0131 2026<\/strong><\/span> hakk\u0131nda daha detayl\u0131 bilgiye sahip olmak i\u00e7in bizlere ula\u015fabilirsiniz.<\/p>\n<p>\u0130nstagram&#8217;da bizi takip etmeyi unutmay\u0131n, <span style=\"color: #ff0000;\"><strong><a style=\"color: #ff0000;\" href=\"https:\/\/www.instagram.com\/retouchbody\/\" target=\"_blank\" rel=\"noopener\">Retouchbody<\/a><\/strong><\/span><\/p>\n","protected":false},"excerpt":{"rendered":"<p>Di\u015f Lezyonu Nedir? Di\u015f Lezyonu, a\u011f\u0131z ve di\u015f hastal\u0131klar\u0131 kapsam\u0131nda en \u00e7ok kar\u015f\u0131la\u015f\u0131lan sorunlardan biridir. Di\u015f apsesi ve di\u015f \u00e7\u00fcr\u00fcklerinin yan\u0131 s\u0131ra de\u011fi\u015fik tarzda olan di\u015f lezyonu ile ba\u015fa \u00e7\u0131kmak ki\u015fisel olarak pek m\u00fcmk\u00fcn de\u011fildir. Bu nedenle de mutlaka profesyonel tedavi olunmas\u0131 ve cerrahi destek al\u0131nmas\u0131 \u015fartt\u0131r. Di\u015f lezyonu her ya\u015f grubunda g\u00f6r\u00fclebilen bir hastal\u0131kt\u0131r. [&hellip;]<\/p>\n","protected":false},"author":1,"featured_media":3677,"parent":0,"menu_order":0,"comment_status":"closed","ping_status":"closed","template":"","meta":{"footnotes":""},"class_list":["post-3674","page","type-page","status-publish","has-post-thumbnail","hentry"],"_links":{"self":[{"href":"https:\/\/www.retouchbody.com\/tr\/wp-json\/wp\/v2\/pages\/3674","targetHints":{"allow":["GET"]}}],"collection":[{"href":"https:\/\/www.retouchbody.com\/tr\/wp-json\/wp\/v2\/pages"}],"about":[{"href":"https:\/\/www.retouchbody.com\/tr\/wp-json\/wp\/v2\/types\/page"}],"author":[{"embeddable":true,"href":"https:\/\/www.retouchbody.com\/tr\/wp-json\/wp\/v2\/users\/1"}],"replies":[{"embeddable":true,"href":"https:\/\/www.retouchbody.com\/tr\/wp-json\/wp\/v2\/comments?post=3674"}],"version-history":[{"count":6,"href":"https:\/\/www.retouchbody.com\/tr\/wp-json\/wp\/v2\/pages\/3674\/revisions"}],"predecessor-version":[{"id":4658,"href":"https:\/\/www.retouchbody.com\/tr\/wp-json\/wp\/v2\/pages\/3674\/revisions\/4658"}],"wp:featuredmedia":[{"embeddable":true,"href":"https:\/\/www.retouchbody.com\/tr\/wp-json\/wp\/v2\/media\/3677"}],"wp:attachment":[{"href":"https:\/\/www.retouchbody.com\/tr\/wp-json\/wp\/v2\/media?parent=3674"}],"curies":[{"name":"wp","href":"https:\/\/api.w.org\/{rel}","templated":true}]}}