{"id":3670,"date":"2025-06-04T11:23:22","date_gmt":"2025-06-04T08:23:22","guid":{"rendered":"https:\/\/www.retouchbody.com\/tr\/?page_id=3670"},"modified":"2026-02-03T10:38:32","modified_gmt":"2026-02-03T07:38:32","slug":"dis-tasi","status":"publish","type":"page","link":"https:\/\/www.retouchbody.com\/tr\/dis-tasi\/","title":{"rendered":"Di\u015f Ta\u015f\u0131"},"content":{"rendered":"<div id=\"ez-toc-container\" class=\"ez-toc-v2_0_80 counter-hierarchy ez-toc-counter ez-toc-grey ez-toc-container-direction\">\n<div class=\"ez-toc-title-container\">\n<p class=\"ez-toc-title\" style=\"cursor:inherit\">\u0130\u00e7indekiler Tablosu<\/p>\n<span class=\"ez-toc-title-toggle\"><a href=\"#\" class=\"ez-toc-pull-right ez-toc-btn ez-toc-btn-xs ez-toc-btn-default ez-toc-toggle\" aria-label=\"\u0130\u00e7indekiler Tablosunu A\u00e7\/Kapat\"><span class=\"ez-toc-js-icon-con\"><span class=\"\"><span class=\"eztoc-hide\" style=\"display:none;\">Toggle<\/span><span class=\"ez-toc-icon-toggle-span\"><svg style=\"fill: #999;color:#999\" xmlns=\"http:\/\/www.w3.org\/2000\/svg\" class=\"list-377408\" width=\"20px\" height=\"20px\" viewBox=\"0 0 24 24\" fill=\"none\"><path d=\"M6 6H4v2h2V6zm14 0H8v2h12V6zM4 11h2v2H4v-2zm16 0H8v2h12v-2zM4 16h2v2H4v-2zm16 0H8v2h12v-2z\" fill=\"currentColor\"><\/path><\/svg><svg style=\"fill: #999;color:#999\" class=\"arrow-unsorted-368013\" xmlns=\"http:\/\/www.w3.org\/2000\/svg\" width=\"10px\" height=\"10px\" viewBox=\"0 0 24 24\" version=\"1.2\" baseProfile=\"tiny\"><path d=\"M18.2 9.3l-6.2-6.3-6.2 6.3c-.2.2-.3.4-.3.7s.1.5.3.7c.2.2.4.3.7.3h11c.3 0 .5-.1.7-.3.2-.2.3-.5.3-.7s-.1-.5-.3-.7zM5.8 14.7l6.2 6.3 6.2-6.3c.2-.2.3-.5.3-.7s-.1-.5-.3-.7c-.2-.2-.4-.3-.7-.3h-11c-.3 0-.5.1-.7.3-.2.2-.3.5-.3.7s.1.5.3.7z\"\/><\/svg><\/span><\/span><\/span><\/a><\/span><\/div>\n<nav><ul class='ez-toc-list ez-toc-list-level-1 eztoc-toggle-hide-by-default' ><li class='ez-toc-page-1 ez-toc-heading-level-2'><a class=\"ez-toc-link ez-toc-heading-1\" href=\"#\" data-href=\"https:\/\/www.retouchbody.com\/tr\/dis-tasi\/#Dis_Tasi_Nedir\" >Di\u015f Ta\u015f\u0131 Nedir?<\/a><\/li><li class='ez-toc-page-1 ez-toc-heading-level-2'><a class=\"ez-toc-link ez-toc-heading-2\" href=\"#\" data-href=\"https:\/\/www.retouchbody.com\/tr\/dis-tasi\/#Dis_Tasi_Nasil_Olusur\" >Di\u015f Ta\u015f\u0131 Nas\u0131l Olu\u015fur?<\/a><\/li><li class='ez-toc-page-1 ez-toc-heading-level-2'><a class=\"ez-toc-link ez-toc-heading-3\" href=\"#\" data-href=\"https:\/\/www.retouchbody.com\/tr\/dis-tasi\/#Dis_Tasinin_Belirtileri_Nelerdir\" >Di\u015f Ta\u015f\u0131n\u0131n Belirtileri Nelerdir?<\/a><\/li><li class='ez-toc-page-1 ez-toc-heading-level-2'><a class=\"ez-toc-link ez-toc-heading-4\" href=\"#\" data-href=\"https:\/\/www.retouchbody.com\/tr\/dis-tasi\/#Dis_Tasinin_Olusma_Nedenleri_Nelerdir\" >Di\u015f Ta\u015f\u0131n\u0131n Olu\u015fma Nedenleri Nelerdir?<\/a><\/li><li class='ez-toc-page-1 ez-toc-heading-level-2'><a class=\"ez-toc-link ez-toc-heading-5\" href=\"#\" data-href=\"https:\/\/www.retouchbody.com\/tr\/dis-tasi\/#Dis_Tasi_Temizligi_Ne_Kadar_Surede_Bir_Tekrarlanmalidir\" >Di\u015f Ta\u015f\u0131 Temizli\u011fi Ne Kadar S\u00fcrede Bir Tekrarlanmal\u0131d\u0131r?<\/a><\/li><li class='ez-toc-page-1 ez-toc-heading-level-2'><a class=\"ez-toc-link ez-toc-heading-6\" href=\"#\" data-href=\"https:\/\/www.retouchbody.com\/tr\/dis-tasi\/#Dis_Tasi_Temizligi_Sonrasi_Nelere_Dikkat_Edilmelidir\" >Di\u015f Ta\u015f\u0131 Temizli\u011fi Sonras\u0131 Nelere Dikkat Edilmelidir?<\/a><\/li><li class='ez-toc-page-1 ez-toc-heading-level-2'><a class=\"ez-toc-link ez-toc-heading-7\" href=\"#\" data-href=\"https:\/\/www.retouchbody.com\/tr\/dis-tasi\/#Dis_Ipi_Ve_Dis_Arasi_Fircasi_Faydali_Midir\" >Di\u015f \u0130pi Ve Di\u015f Aras\u0131 F\u0131r\u00e7as\u0131 Faydal\u0131 M\u0131d\u0131r?<\/a><\/li><li class='ez-toc-page-1 ez-toc-heading-level-2'><a class=\"ez-toc-link ez-toc-heading-8\" href=\"#\" data-href=\"https:\/\/www.retouchbody.com\/tr\/dis-tasi\/#Dis_Tasi_Insan_Sagligina_Zararli_Midir\" >Di\u015f Ta\u015f\u0131 \u0130nsan Sa\u011fl\u0131\u011f\u0131na Zararl\u0131 M\u0131d\u0131r?<\/a><\/li><li class='ez-toc-page-1 ez-toc-heading-level-2'><a class=\"ez-toc-link ez-toc-heading-9\" href=\"#\" data-href=\"https:\/\/www.retouchbody.com\/tr\/dis-tasi\/#Tas_Agizda_Koku_Yapar_Mi\" >Ta\u015f A\u011f\u0131zda Koku Yapar M\u0131?<\/a><\/li><li class='ez-toc-page-1 ez-toc-heading-level-2'><a class=\"ez-toc-link ez-toc-heading-10\" href=\"#\" data-href=\"https:\/\/www.retouchbody.com\/tr\/dis-tasi\/#Dis_Tasi_Temizligi_Fiyatlari_2026\" >Di\u015f Ta\u015f\u0131 Temizli\u011fi Fiyatlar\u0131 2026<\/a><\/li><\/ul><\/nav><\/div>\n<h2><span class=\"ez-toc-section\" id=\"Dis_Tasi_Nedir\"><\/span>Di\u015f Ta\u015f\u0131 Nedir?<span class=\"ez-toc-section-end\"><\/span><\/h2>\n<p><strong>Di\u015f Ta\u015f\u0131<\/strong>, di\u015flerde en \u00e7ok meydana gelen problemlerden biridir. Temizlense de yeniden olu\u015fum g\u00f6steren bir sorundur. Gerek \u00e7ocukluk d\u00f6neminde gerekse yeti\u015fkinlik d\u00f6neminde meydana gelen di\u015f ta\u015f\u0131, en \u00e7ok kar\u015f\u0131la\u015f\u0131lan sorunlardan birisidir.<\/p>\n<p>Di\u015flerin hem arka y\u00fczeylerinde hem de \u00f6n y\u00fczeylerinde olu\u015fan <span style=\"color: #ff0000;\"><strong><a style=\"color: #ff0000;\" href=\"https:\/\/www.retouchbody.com\/tr\/dis-tasi\/\"><span style=\"text-decoration: underline;\">di\u015f ta\u015f\u0131<\/span><\/a><\/strong><\/span> ne yaz\u0131k ki sa\u011fl\u0131ks\u0131z bir a\u011f\u0131z yap\u0131s\u0131na ve zamanla lekeye ve \u00e7\u00fcr\u00fc\u011fe d\u00f6n\u00fc\u015fen di\u015flere sahip olmaya sebep olur.<\/p>\n<p>Di\u015f bak\u0131m\u0131na gereken \u00f6zen g\u00f6sterilse de, ba\u015fka sebeplerden \u00f6t\u00fcr\u00fc plak olu\u015fumu meydana gelebilir ve t\u00fcm bak\u0131ma ra\u011fmen bu plaklar giderek \u00fcst \u00fcste y\u0131\u011f\u0131l\u0131r ve ta\u015fla\u015fma meydana gelir.<\/p>\n<p>Bir di\u011fer ad\u0131 tartar ya da bakteri pla\u011f\u0131 olarak da bilinen bu sorunun en temel nedeni ise di\u015flerin do\u011fru a\u00e7\u0131dan f\u0131r\u00e7alanmamas\u0131d\u0131r. G\u00fcnl\u00fck a\u011f\u0131z ve di\u015f bak\u0131m\u0131na yeterli \u00f6zen mutlaka g\u00f6sterilmelidir. Aksi takdirde, bakteri pla\u011f\u0131 giderek artar, di\u015fler \u00e7\u00fcr\u00fcmeye ba\u015flar ve yak\u0131n zamanda ise di\u015flerde kay\u0131p ve bo\u015fluklar meydana gelir.<\/p>\n<p>Bu durum hem estetik a\u00e7\u0131dan k\u00f6t\u00fc g\u00f6r\u00fcnen di\u015flere sebep olur hem de a\u011f\u0131zda \u00e7ok daha farkl\u0131 hastal\u0131klara yol a\u00e7ar. Ayn\u0131 zamanda di\u011fer b\u00fct\u00fcn organlar\u0131n sinirleri de di\u015flerle ba\u011flant\u0131l\u0131 oldu\u011fu i\u00e7in v\u00fccutta \u00e7ok farkl\u0131 hastal\u0131klar da meydana gelebilir.<\/p>\n<p>Bunlar\u0131n \u00f6n\u00fcne ge\u00e7mek i\u00e7in mutlaka di\u015f bak\u0131m\u0131na g\u00fcnl\u00fck \u00f6zen g\u00f6sterilmelidir. Sadece di\u015fleri f\u0131r\u00e7alamakla kalmamal\u0131, di\u015f ipi kullan\u0131m\u0131na yer verilmeli ve a\u011f\u0131z bak\u0131m suyu da d\u00fczenli olarak kullan\u0131lmal\u0131d\u0131r.<\/p>\n<h2><span class=\"ez-toc-section\" id=\"Dis_Tasi_Nasil_Olusur\"><\/span>Di\u015f Ta\u015f\u0131 Nas\u0131l Olu\u015fur?<span class=\"ez-toc-section-end\"><\/span><\/h2>\n<p>G\u00fcn boyu \u00e7e\u015fitli yiyecek ve i\u00e7ecekler t\u00fcketilir. Her bir yiyecek ve i\u00e7ecek di\u015fler \u00fczerine ve di\u015flerin aralar\u0131na bakteri yerle\u015fmesine olanak sunar. Bu bakteriler temizlenmedi\u011fi s\u00fcrece di\u015f ta\u015flar\u0131 olu\u015fumuna da zemin haz\u0131rlam\u0131\u015f olurlar.<\/p>\n<p>Di\u015f ta\u015f\u0131, di\u015flerin g\u00fcnl\u00fck olarak temizlenmemesi, di\u015flerde \u00e7ok fazla bakteri birikimi ve bu bakterilerin plak olu\u015fturmas\u0131 sonucunda meydana geliyor. Di\u015f ta\u015flar\u0131 ayn\u0131 zamanda di\u015f yap\u0131s\u0131na uygun di\u015f bak\u0131m \u00fcr\u00fcnleri kullan\u0131lmad\u0131\u011f\u0131 zaman da olu\u015fur. Di\u015fleri f\u0131r\u00e7alarken do\u011fru a\u00e7\u0131dan f\u0131r\u00e7alamamak, do\u011fru i\u00e7erikli di\u015f macunu kullanmamak ve di\u015flere sadece macun s\u00fcrmek sonucunda da olu\u015fan bir sorundur.<\/p>\n<p>D\u00fczenli olarak di\u015f ve a\u011f\u0131z bak\u0131m\u0131 yap\u0131lmad\u0131\u011f\u0131 takdirde, di\u015f ipi d\u00fczenli olarak kullan\u0131lmad\u0131\u011f\u0131 takdirde, \u00e7ok fazla kafeinli ve renkli yiyecek ve i\u00e7ecekler t\u00fcketildi\u011finde, \u015feker i\u00e7eri\u011fi fazla olan t\u00fcketimlere yer verildi\u011finde, karbonhidrat de\u011feri y\u00fcksek yiyecek ve i\u00e7ecekler t\u00fcketildi\u011fi takdirde, a\u011f\u0131z i\u00e7inde uygun bir bak\u0131m ya da gargara suyu kullan\u0131lmad\u0131\u011f\u0131 s\u00fcrece bu plak olu\u015fumunun \u00f6n\u00fcne ge\u00e7mek neredeyse imkans\u0131zd\u0131r.<\/p>\n<h2><span class=\"ez-toc-section\" id=\"Dis_Tasinin_Belirtileri_Nelerdir\"><\/span>Di\u015f Ta\u015f\u0131n\u0131n Belirtileri Nelerdir?<span class=\"ez-toc-section-end\"><\/span><\/h2>\n<p>Di\u015flerin g\u00fcnl\u00fck olarak temizli\u011fine devam etmek her zaman \u00e7ok \u00f6nemli bir durumdur. \u00c7ocukluktan itibaren a\u011f\u0131z ve di\u015f bak\u0131m\u0131na gereken \u00f6zen g\u00f6sterilmeli ve a\u011f\u0131z bak\u0131m al\u0131\u015fkanl\u0131\u011f\u0131 kazand\u0131r\u0131lmal\u0131d\u0131r. Ancak di\u015flere gereken \u00f6zen g\u00f6sterilmedi\u011fi s\u00fcrece \u00e7ok k\u0131sa s\u00fcre i\u00e7erisinde di\u015f ta\u015f\u0131 olu\u015fumu ba\u015flar.<\/p>\n<p>Di\u015f ta\u015f\u0131n\u0131n belirtileri aras\u0131nda \u00f6ncelikle di\u015flerin do\u011fal rengini kaybetmesi ve giderek sar\u0131 bir renge d\u00f6n\u00fc\u015fmesi yer al\u0131yor. Sar\u0131 lekeler ise zamanla di\u015flerde siyah lekelere d\u00f6n\u00fc\u015f\u00fcyor ve bu lekeler de giderek \u00fcst \u00fcste biniyor ve ta\u015f gibi sert bir hale geliyor. Di\u015f ta\u015flar\u0131n\u0131n belirtisi olarak \u00f6ncelikle di\u015flerin do\u011fal rengindeki bozulmalar baz al\u0131n\u0131r.<\/p>\n<p>Do\u011fal renk bozulmaya ba\u015flad\u0131\u011f\u0131 zaman art\u0131k devam\u0131 geliyor ve ta\u015flar da zamanla olu\u015fmaya ba\u015fl\u0131yor. Bakteri pla\u011f\u0131 olarak da adland\u0131r\u0131lan bu sorunun belirtileri daha \u00e7ok di\u015flerin arka y\u00fczeylerinde meydana gelir. Di\u015flerin arka y\u00fczeylerindeki lekelenmeler \u00e7ok yo\u011fun bir \u015fekilde g\u00f6r\u00fcl\u00fcr.<\/p>\n<p>Bu lekeler zamanla sert bir yap\u0131ya d\u00f6n\u00fc\u015f\u00fcr ve renginde ki koyuluk da giderek art\u0131\u015f g\u00f6sterir. Di\u015flerde a\u011f\u0131r kokulu ve gerek anlamda estetik g\u00f6r\u00fcnmeyen bir durum meydana gelir.<\/p>\n<h2><span class=\"ez-toc-section\" id=\"Dis_Tasinin_Olusma_Nedenleri_Nelerdir\"><\/span>Di\u015f Ta\u015f\u0131n\u0131n Olu\u015fma Nedenleri Nelerdir?<span class=\"ez-toc-section-end\"><\/span><\/h2>\n<p>Di\u015fler d\u00fczenli olarak f\u0131r\u00e7alanmad\u0131\u011f\u0131 zaman ta\u015f net bir \u015fekilde olu\u015fmaya ba\u015flar. Di\u015f y\u00fczeyleri orta sertlikte bir f\u0131r\u00e7ayla g\u00fcnde en az iki kez iki dakika boyunca f\u0131r\u00e7alanmal\u0131d\u0131r. F\u0131r\u00e7alanmad\u0131\u011f\u0131 s\u00fcrece di\u015f ta\u015flar\u0131 olu\u015fumu da h\u0131zl\u0131 bir \u015fekilde ger\u00e7ekle\u015fir.<\/p>\n<p>Di\u015f y\u00fczeylerinin yan\u0131 s\u0131ra di\u015f aralar\u0131 da di\u015f ipi ile d\u00fczenli olarak temizlenmedi\u011fi s\u00fcrece di\u015f ta\u015flar\u0131n\u0131n \u00e7ok daha h\u0131zl\u0131 bir \u015fekilde meydana gelir. Di\u015fler d\u00fczenli olarak f\u0131r\u00e7alanmal\u0131, di\u015f ipi kullan\u0131m\u0131na yer verilmeli ve mutlaka a\u011f\u0131z bak\u0131m suyu da g\u00fcnl\u00fck olarak kullan\u0131lmal\u0131d\u0131r. Di\u015flerin do\u011fal rengine zarar veren yiyecek ve i\u00e7ecekler s\u0131k t\u00fcketildi\u011finde ve sonras\u0131nda a\u011f\u0131z \u00e7alkalanmad\u0131\u011f\u0131nda da zaman i\u00e7erisinde bakteri pla\u011f\u0131 olu\u015fumu ba\u015flar.<\/p>\n<h2><span class=\"ez-toc-section\" id=\"Dis_Tasi_Temizligi_Ne_Kadar_Surede_Bir_Tekrarlanmalidir\"><\/span>Di\u015f Ta\u015f\u0131 Temizli\u011fi Ne Kadar S\u00fcrede Bir Tekrarlanmal\u0131d\u0131r?<span class=\"ez-toc-section-end\"><\/span><\/h2>\n<p>Di\u015flerinde di\u015f ta\u015f\u0131 meydana gelenler bunu profesyonel bir \u015fekilde temizletmek zorundad\u0131r. Di\u015flerde meydana gelen ve hem estetik a\u00e7\u0131dan hem de sa\u011fl\u0131k a\u00e7\u0131s\u0131ndan zararl\u0131 olan di\u015f ta\u015flar\u0131 alt\u0131 ayda bir temizlenmelidir.<\/p>\n<p>Ne yaz\u0131k ki di\u015f f\u0131r\u00e7as\u0131 ve di\u015f macunu gibi g\u00fcnl\u00fck di\u015f ve a\u011f\u0131z bak\u0131m \u00fcr\u00fcnleri ile temizlenemez. Bu nedenle de alan\u0131nda uzman bir di\u015f hekiminden profesyonel yard\u0131m almak gerekiyor. Ayn\u0131 zamanda bu durum temizlense de yeniden meydana gelebilen bir durumdur. Minimum 6 ayda bir temizletilmesi gerekiyor.<\/p>\n<h2><span class=\"ez-toc-section\" id=\"Dis_Tasi_Temizligi_Sonrasi_Nelere_Dikkat_Edilmelidir\"><\/span>Di\u015f Ta\u015f\u0131 Temizli\u011fi Sonras\u0131 Nelere Dikkat Edilmelidir?<span class=\"ez-toc-section-end\"><\/span><\/h2>\n<p>Di\u015flerde olu\u015fan di\u015f ta\u015f\u0131n\u0131 profesyonel bir \u015fekilde temizlendikten sonra \u00e7ok d\u00fczenli bir \u015fekilde a\u011f\u0131z bak\u0131m\u0131na devam edilmesi gerekiyor. Di\u015f ta\u015flar\u0131 sonras\u0131nda yeniden ta\u015f olu\u015fmamas\u0131 ve lekelerin giderilmesi i\u00e7in kaliteli di\u015f bak\u0131m \u00fcr\u00fcnleri kullan\u0131lmal\u0131d\u0131r. Aksi takdirde ta\u015flar \u00e7ok k\u0131sa s\u00fcrede yeniden olu\u015fur.<\/p>\n<h2><span class=\"ez-toc-section\" id=\"Dis_Ipi_Ve_Dis_Arasi_Fircasi_Faydali_Midir\"><\/span>Di\u015f \u0130pi Ve Di\u015f Aras\u0131 F\u0131r\u00e7as\u0131 Faydal\u0131 M\u0131d\u0131r?<span class=\"ez-toc-section-end\"><\/span><\/h2>\n<p>Di\u015f ta\u015f\u0131 olu\u015fumunu \u00f6nlemek i\u00e7in kullan\u0131lan di\u015f ipi ve di\u015f aras\u0131 f\u0131r\u00e7as\u0131 di\u015f bak\u0131m\u0131nda \u00f6nemli bir yere sahiptir. Di\u015f aralar\u0131 da mutlaka g\u00fcnde en az iki kez iki dakika boyunca temizlenmesi gereken b\u00f6lgelerdir.<\/p>\n<p>Di\u015flerin y\u00fczeyleri kadar \u00f6nemli olan di\u015f aralar\u0131n\u0131 temizlemek i\u00e7in k\u00fcrdan ve benzeri sert cisimler kesinlikle kullan\u0131lmamal\u0131d\u0131r. Kullan\u0131ld\u0131\u011f\u0131 takdirde di\u015fler tahrip edilir ve di\u015f ta\u015f\u0131 olu\u015fumunun da \u00f6n\u00fcne ge\u00e7ilmez bir hal al\u0131r. Ta\u015f olu\u015fumunu hem derinden hem de y\u00fczeysel olarak \u00f6nlemek i\u00e7in di\u015f ipi ve di\u015f aras\u0131 f\u0131r\u00e7as\u0131 kullan\u0131lmal\u0131d\u0131r.<\/p>\n<h2><span class=\"ez-toc-section\" id=\"Dis_Tasi_Insan_Sagligina_Zararli_Midir\"><\/span>Di\u015f Ta\u015f\u0131 \u0130nsan Sa\u011fl\u0131\u011f\u0131na Zararl\u0131 M\u0131d\u0131r?<span class=\"ez-toc-section-end\"><\/span><\/h2>\n<p>Di\u015f k\u00f6kleri t\u00fcm v\u00fccutta yer alan sinir sistemi ile ba\u011flant\u0131l\u0131d\u0131r. Bu nedenle di\u015flerde meydana gelen her sorun gibi ta\u015f\u0131n da insan sa\u011fl\u0131\u011f\u0131na zararl\u0131 bir durumdur.<\/p>\n<p>Di\u015flerin y\u00fczeylerinde ve aralar\u0131nda olu\u015fan di\u015f ta\u015f\u0131n temizlenmedi\u011fi s\u00fcrece insan sa\u011fl\u0131\u011f\u0131 i\u00e7in de bir tehlike olu\u015fturmaya devam eder. Ta\u015f sadece y\u00fczeysel bir sorun de\u011fildir. Derinden oldu\u011fu s\u00fcrece di\u015flerde \u00e7\u00fcr\u00fcmeye ve k\u00f6klere incerek di\u015f kay\u0131plar\u0131na dahi neden olabilir.<\/p>\n<h2><span class=\"ez-toc-section\" id=\"Tas_Agizda_Koku_Yapar_Mi\"><\/span>Ta\u015f A\u011f\u0131zda Koku Yapar M\u0131?<span class=\"ez-toc-section-end\"><\/span><\/h2>\n<p>Di\u015fler kemiksi bir yap\u0131 oldu\u011fu i\u00e7in di\u015flerde meydana gelen t\u00fcm sorunlar a\u011f\u0131zda koku yapar. Di\u015f ta\u015f\u0131 da di\u015flerde ve a\u011f\u0131zda yo\u011fun bir koku olu\u015fmas\u0131na sebep olur.<\/p>\n<p>Giderek artt\u0131\u011f\u0131nda ve hem y\u00fczeysel olarak hem de di\u015f aralar\u0131nda meydana geldi\u011finde a\u011f\u0131zda bakteriler de artmaya ba\u015flar ve \u00e7ok daha yo\u011fun bir a\u011f\u0131z kokusu meydana gelir. Di\u015f ta\u015f\u0131 lekelenmelere ve sararmalara da sebep oldu\u011fundan dil ve yanaklarda da ho\u015f olmayan bir tat ve kokunun meydana gelmesine sebep olur.<\/p>\n<h2><span class=\"ez-toc-section\" id=\"Dis_Tasi_Temizligi_Fiyatlari_2026\"><\/span>Di\u015f Ta\u015f\u0131 Temizli\u011fi Fiyatlar\u0131 2026<span class=\"ez-toc-section-end\"><\/span><\/h2>\n<p>Di\u015f ta\u015f\u0131n\u0131n temizli\u011fi 2026 fiyatlar\u0131 \u00f6zel olarak belirlendi. Di\u015f ta\u015f\u0131n\u0131n temizli\u011fi t\u00fcm kliniklerde yap\u0131l\u0131r. <span style=\"text-decoration: underline;\"><strong>Di\u015f ta\u015f\u0131 temizli\u011fi fiyatlar\u0131 2026<\/strong><\/span> hakk\u0131nda daha detayl\u0131 bilgi almak i\u00e7in bizlere ula\u015fabilirsiniz.<\/p>\n<p>\u0130nstagram&#8217;da bizi takip etmeyi unutmay\u0131n, <span style=\"color: #ff0000;\"><strong><a style=\"color: #ff0000;\" href=\"https:\/\/www.instagram.com\/retouchbody\/\" target=\"_blank\" rel=\"noopener\">Retouchbody<\/a><\/strong><\/span><\/p>\n","protected":false},"excerpt":{"rendered":"<p>Di\u015f Ta\u015f\u0131 Nedir? Di\u015f Ta\u015f\u0131, di\u015flerde en \u00e7ok meydana gelen problemlerden biridir. Temizlense de yeniden olu\u015fum g\u00f6steren bir sorundur. Gerek \u00e7ocukluk d\u00f6neminde gerekse yeti\u015fkinlik d\u00f6neminde meydana gelen di\u015f ta\u015f\u0131, en \u00e7ok kar\u015f\u0131la\u015f\u0131lan sorunlardan birisidir. Di\u015flerin hem arka y\u00fczeylerinde hem de \u00f6n y\u00fczeylerinde olu\u015fan di\u015f ta\u015f\u0131 ne yaz\u0131k ki sa\u011fl\u0131ks\u0131z bir a\u011f\u0131z yap\u0131s\u0131na ve zamanla lekeye [&hellip;]<\/p>\n","protected":false},"author":1,"featured_media":3671,"parent":0,"menu_order":0,"comment_status":"closed","ping_status":"closed","template":"","meta":{"footnotes":""},"class_list":["post-3670","page","type-page","status-publish","has-post-thumbnail","hentry"],"_links":{"self":[{"href":"https:\/\/www.retouchbody.com\/tr\/wp-json\/wp\/v2\/pages\/3670","targetHints":{"allow":["GET"]}}],"collection":[{"href":"https:\/\/www.retouchbody.com\/tr\/wp-json\/wp\/v2\/pages"}],"about":[{"href":"https:\/\/www.retouchbody.com\/tr\/wp-json\/wp\/v2\/types\/page"}],"author":[{"embeddable":true,"href":"https:\/\/www.retouchbody.com\/tr\/wp-json\/wp\/v2\/users\/1"}],"replies":[{"embeddable":true,"href":"https:\/\/www.retouchbody.com\/tr\/wp-json\/wp\/v2\/comments?post=3670"}],"version-history":[{"count":6,"href":"https:\/\/www.retouchbody.com\/tr\/wp-json\/wp\/v2\/pages\/3670\/revisions"}],"predecessor-version":[{"id":4660,"href":"https:\/\/www.retouchbody.com\/tr\/wp-json\/wp\/v2\/pages\/3670\/revisions\/4660"}],"wp:featuredmedia":[{"embeddable":true,"href":"https:\/\/www.retouchbody.com\/tr\/wp-json\/wp\/v2\/media\/3671"}],"wp:attachment":[{"href":"https:\/\/www.retouchbody.com\/tr\/wp-json\/wp\/v2\/media?parent=3670"}],"curies":[{"name":"wp","href":"https:\/\/api.w.org\/{rel}","templated":true}]}}