{"id":3660,"date":"2025-06-04T10:41:28","date_gmt":"2025-06-04T07:41:28","guid":{"rendered":"https:\/\/www.retouchbody.com\/tr\/?page_id=3660"},"modified":"2026-02-03T11:00:02","modified_gmt":"2026-02-03T08:00:02","slug":"jawline-dolgusu","status":"publish","type":"page","link":"https:\/\/www.retouchbody.com\/tr\/jawline-dolgusu\/","title":{"rendered":"Jawline Dolgusu"},"content":{"rendered":"<div id=\"ez-toc-container\" class=\"ez-toc-v2_0_80 counter-hierarchy ez-toc-counter ez-toc-grey ez-toc-container-direction\">\n<div class=\"ez-toc-title-container\">\n<p class=\"ez-toc-title\" style=\"cursor:inherit\">\u0130\u00e7indekiler Tablosu<\/p>\n<span class=\"ez-toc-title-toggle\"><a href=\"#\" class=\"ez-toc-pull-right ez-toc-btn ez-toc-btn-xs ez-toc-btn-default ez-toc-toggle\" aria-label=\"\u0130\u00e7indekiler Tablosunu A\u00e7\/Kapat\"><span class=\"ez-toc-js-icon-con\"><span class=\"\"><span class=\"eztoc-hide\" style=\"display:none;\">Toggle<\/span><span class=\"ez-toc-icon-toggle-span\"><svg style=\"fill: #999;color:#999\" xmlns=\"http:\/\/www.w3.org\/2000\/svg\" class=\"list-377408\" width=\"20px\" height=\"20px\" viewBox=\"0 0 24 24\" fill=\"none\"><path d=\"M6 6H4v2h2V6zm14 0H8v2h12V6zM4 11h2v2H4v-2zm16 0H8v2h12v-2zM4 16h2v2H4v-2zm16 0H8v2h12v-2z\" fill=\"currentColor\"><\/path><\/svg><svg style=\"fill: #999;color:#999\" class=\"arrow-unsorted-368013\" xmlns=\"http:\/\/www.w3.org\/2000\/svg\" width=\"10px\" height=\"10px\" viewBox=\"0 0 24 24\" version=\"1.2\" baseProfile=\"tiny\"><path d=\"M18.2 9.3l-6.2-6.3-6.2 6.3c-.2.2-.3.4-.3.7s.1.5.3.7c.2.2.4.3.7.3h11c.3 0 .5-.1.7-.3.2-.2.3-.5.3-.7s-.1-.5-.3-.7zM5.8 14.7l6.2 6.3 6.2-6.3c.2-.2.3-.5.3-.7s-.1-.5-.3-.7c-.2-.2-.4-.3-.7-.3h-11c-.3 0-.5.1-.7.3-.2.2-.3.5-.3.7s.1.5.3.7z\"\/><\/svg><\/span><\/span><\/span><\/a><\/span><\/div>\n<nav><ul class='ez-toc-list ez-toc-list-level-1 eztoc-toggle-hide-by-default' ><li class='ez-toc-page-1 ez-toc-heading-level-2'><a class=\"ez-toc-link ez-toc-heading-1\" href=\"#\" data-href=\"https:\/\/www.retouchbody.com\/tr\/jawline-dolgusu\/#Jawline_Dolgusu_Nedir\" >Jawline Dolgusu Nedir?<\/a><\/li><li class='ez-toc-page-1 ez-toc-heading-level-2'><a class=\"ez-toc-link ez-toc-heading-2\" href=\"#\" data-href=\"https:\/\/www.retouchbody.com\/tr\/jawline-dolgusu\/#Jawline_Dolgusu_Kimler_Icin_Uygundur\" >Jawline Dolgusu Kimler \u0130\u00e7in Uygundur?<\/a><\/li><li class='ez-toc-page-1 ez-toc-heading-level-2'><a class=\"ez-toc-link ez-toc-heading-3\" href=\"#\" data-href=\"https:\/\/www.retouchbody.com\/tr\/jawline-dolgusu\/#Jawline_Dolgusu_Nasil_Uygulanir\" >Jawline Dolgusu Nas\u0131l Uygulan\u0131r?<\/a><\/li><li class='ez-toc-page-1 ez-toc-heading-level-2'><a class=\"ez-toc-link ez-toc-heading-4\" href=\"#\" data-href=\"https:\/\/www.retouchbody.com\/tr\/jawline-dolgusu\/#Jawline_Dolgusu_Oncesi_Bilinmesi_Gerekenler\" >Jawline Dolgusu \u00d6ncesi Bilinmesi Gerekenler<\/a><\/li><li class='ez-toc-page-1 ez-toc-heading-level-2'><a class=\"ez-toc-link ez-toc-heading-5\" href=\"#\" data-href=\"https:\/\/www.retouchbody.com\/tr\/jawline-dolgusu\/#Jawline_Dolgusu_Sonrasi_Bilinmesi_Gerekenler\" >Jawline Dolgusu Sonras\u0131 Bilinmesi Gerekenler<\/a><\/li><li class='ez-toc-page-1 ez-toc-heading-level-2'><a class=\"ez-toc-link ez-toc-heading-6\" href=\"#\" data-href=\"https:\/\/www.retouchbody.com\/tr\/jawline-dolgusu\/#Jawline_Dolgusu_Erkeklere_Yapilir_Mi\" >Jawline Dolgusu Erkeklere Yap\u0131l\u0131r M\u0131?<\/a><\/li><li class='ez-toc-page-1 ez-toc-heading-level-2'><a class=\"ez-toc-link ez-toc-heading-7\" href=\"#\" data-href=\"https:\/\/www.retouchbody.com\/tr\/jawline-dolgusu\/#Jawline_Dolgusunun_Ne_Gibi_Yararlari_Vardir\" >Jawline Dolgusunun Ne Gibi Yararlar\u0131 Vard\u0131r?<\/a><\/li><li class='ez-toc-page-1 ez-toc-heading-level-2'><a class=\"ez-toc-link ez-toc-heading-8\" href=\"#\" data-href=\"https:\/\/www.retouchbody.com\/tr\/jawline-dolgusu\/#Jawline_Dolgu_Zararlari_Var_Mi\" >Jawline Dolgu Zararlar\u0131 Var M\u0131?<\/a><\/li><li class='ez-toc-page-1 ez-toc-heading-level-2'><a class=\"ez-toc-link ez-toc-heading-9\" href=\"#\" data-href=\"https:\/\/www.retouchbody.com\/tr\/jawline-dolgusu\/#Jawline_Dolgu_Uygulamasi_Ne_Kadar_Surer\" >Jawline Dolgu Uygulamas\u0131 Ne Kadar S\u00fcrer?<\/a><\/li><li class='ez-toc-page-1 ez-toc-heading-level-2'><a class=\"ez-toc-link ez-toc-heading-10\" href=\"#\" data-href=\"https:\/\/www.retouchbody.com\/tr\/jawline-dolgusu\/#Jawline_Dolgusu_Yaptiranlarin_Yorumlari\" >Jawline Dolgusu Yapt\u0131ranlar\u0131n Yorumlar\u0131<\/a><\/li><li class='ez-toc-page-1 ez-toc-heading-level-2'><a class=\"ez-toc-link ez-toc-heading-11\" href=\"#\" data-href=\"https:\/\/www.retouchbody.com\/tr\/jawline-dolgusu\/#Jawline_Dolgusu_Fiyatlari_2026\" >Jawline Dolgusu Fiyatlar\u0131 2026<\/a><\/li><\/ul><\/nav><\/div>\n<h2><span class=\"ez-toc-section\" id=\"Jawline_Dolgusu_Nedir\"><\/span>Jawline Dolgusu Nedir?<span class=\"ez-toc-section-end\"><\/span><\/h2>\n<p><strong>Jawline Dolgusu<\/strong>, \u00e7ene ucu ile kulak \u00f6nlerine kadar uzanm\u0131\u015f olan mandibular\u0131 kemik hatlar\u0131 boyunca yap\u0131lan uygulamalard\u0131r.\u00a0Alt\u0131n oranda estetik yapt\u0131rmak isteyen en \u00e7ok tercih ettikleri uygulama t\u00fcr\u00fcd\u00fcr. \u00c7ene k\u00f6\u015felerinden \u00e7ene ucuna kadar, her iki y\u00fcz\u00fcn belirginle\u015fmesiyle birlikte i\u015flem ger\u00e7ekle\u015ftirilir.<\/p>\n<p>Yap\u0131lan bu uygulama sayesinde estetik ve \u00e7ekici g\u00f6r\u00fcn\u00fcm sa\u011flanm\u0131\u015f olur. Burada belirtilmekte olan dolgu, \u00e7ene hatt\u0131na uygulanan \u00e7ene kont\u00fcr\u00fcn\u00fcn belirginle\u015fmesine denir.<\/p>\n<p>Hastalar\u0131m\u0131z\u0131n arzu etmi\u015f oldu\u011fu y\u00fcz hatt\u0131 belirginle\u015ftirilir ve y\u00fcz uyumu en iyi \u015fekilde sa\u011flanm\u0131\u015f olur. G\u00fc\u00e7l\u00fc bir \u00e7ene yap\u0131s\u0131 yaratmak isteyenler i\u00e7in en iyi uygulama <span style=\"color: #ff0000;\"><strong><a style=\"color: #ff0000;\" href=\"https:\/\/www.retouchbody.com\/tr\/jawline-dolgusu\/\">jawline dolgusu<\/a><\/strong><\/span> olarak bilinir.<\/p>\n<h2><span class=\"ez-toc-section\" id=\"Jawline_Dolgusu_Kimler_Icin_Uygundur\"><\/span>Jawline Dolgusu Kimler \u0130\u00e7in Uygundur?<span class=\"ez-toc-section-end\"><\/span><\/h2>\n<p>Kad\u0131ns\u0131 zarafet ortaya koymak isteyen ve g\u00fc\u00e7l\u00fc bir erkeksi \u00e7ene yaratmak isteyenlerin rahatl\u0131kla yapabilece\u011fi estetik uygulamas\u0131d\u0131r. Uygulama i\u00e7in bir s\u0131n\u0131rland\u0131rma yapmak do\u011fru de\u011fildir.<\/p>\n<p>\u00c7\u00fcnk\u00fc erkeklerin ve kad\u0131nlar\u0131n rahatl\u0131kla tercih edece\u011fi estetik uygulama yerine ge\u00e7er. Fakat daha iyi sonu\u00e7 alabilmek ve kaliteli vuru\u015flara sahip olmak i\u00e7in mutlaka 18 ya\u015f\u0131ndan \u00f6nce yapt\u0131rmaman\u0131z \u00f6nerilir.<\/p>\n<p>V\u00fccut geli\u015fimi 18 ya\u015f\u0131na kadar devam eder. Baz\u0131 ki\u015filerde bu durum 24 ya\u015f\u0131 bile bulabilir. Bu y\u00fczden hastalar\u0131m\u0131z\u0131n bu ya\u015fa kadar uygulamay\u0131 yapt\u0131rmamas\u0131n\u0131 \u00f6neririz.<\/p>\n<p>Bununla birlikte jawline dolgusu sadece bununla da s\u0131n\u0131rl\u0131 de\u011fildir. \u00c7ene k\u0131sm\u0131nda meydana gelen \u00e7e\u015fitli sebeplerden dolay\u0131 deformasyonu giderebilmek i\u00e7in tedavi y\u00f6ntemi olarak kullan\u0131l\u0131r.<\/p>\n<h2><span class=\"ez-toc-section\" id=\"Jawline_Dolgusu_Nasil_Uygulanir\"><\/span>Jawline Dolgusu Nas\u0131l Uygulan\u0131r?<span class=\"ez-toc-section-end\"><\/span><\/h2>\n<p>\u00c7ene problemlerini giderebilmek ve \u00e7ene hatt\u0131n\u0131 keskinle\u015ftirebilmek i\u00e7in jawline dolgusu uygulamas\u0131n\u0131 ger\u00e7ekle\u015ftirmeden \u00f6nce hastalar\u0131m\u0131za gerekli olan tahlilleri ve tetkikleri uygular\u0131z.<\/p>\n<p>Ger\u00e7ekle\u015ftirilen \u00f6n muayene sonras\u0131nda e\u011fer hastan\u0131n herhangi bir sa\u011fl\u0131k sorunu yoksa, gerekli olan i\u015flemler ba\u015flat\u0131l\u0131r. \u0130\u015flemden \u00f6nceki 15 g\u00fcn i\u00e7erisinde uzman hekimlerimizin vermi\u015f olduklar\u0131 talimatlara uyman\u0131z \u00f6nerilir.<\/p>\n<p>Daha sonra \u00e7ene yap\u0131s\u0131na ve profiline karar verdikten sonra dolgu i\u015flemi ba\u015flat\u0131l\u0131r. Hastan\u0131n i\u015flem s\u0131ras\u0131nda a\u011fr\u0131 \u00e7ekmemesi i\u00e7in anestezik krem ya da i\u011fne yard\u0131m\u0131 ile belirlenen b\u00f6lge uyu\u015fturulur.<\/p>\n<p>Daha sonra dolgu yava\u015f bir \u015fekilde belirlenen b\u00f6lgeye enjekte edilmi\u015f olur. \u00c7ene yap\u0131s\u0131 V \u015feklinde olacak \u015fekilde ayarlan\u0131r. Dolgu malzemelerinde kullan\u0131lan hyal\u00fcronik asit veya s\u0131\u011f\u0131r kalojeni sayesinde v\u00fccuda zarar vermez.<\/p>\n<h2><span class=\"ez-toc-section\" id=\"Jawline_Dolgusu_Oncesi_Bilinmesi_Gerekenler\"><\/span>Jawline Dolgusu \u00d6ncesi Bilinmesi Gerekenler<span class=\"ez-toc-section-end\"><\/span><\/h2>\n<p>Ger\u00e7ekle\u015ftirilmi\u015f olan dolgu uygulamas\u0131 ya da cerrahi operasyon i\u00e7in dikkat edilmesi gereken durumlar vard\u0131r. Yap\u0131lacak olan jawline dolgusu \u00f6ncesinde uzman hekimlerimizin verdikleri talimatlara uyman\u0131z; daha olumlu sonu\u00e7lar almaya yard\u0131mc\u0131 olacakt\u0131r. Dolgu uygulamas\u0131ndan \u00f6nceki 15 g\u00fcnde ila\u00e7 kullan\u0131m\u0131na ara verilmesi laz\u0131m.<\/p>\n<p>E\u011fer kullan\u0131lmas\u0131 gereken ila\u00e7lar mevcut ise uzman hekimlerimizi bu konuda bilgilendirmeniz gerekecektir. \u00d6zellikle kan suland\u0131r\u0131c\u0131 ila\u00e7lar i\u015flem \u00f6ncesinde ve sonras\u0131nda kullan\u0131lmamas\u0131 gerekir. Alkol, sigara gibi \u00fcr\u00fcnleri b\u0131rakman\u0131z, b\u0131rakam\u0131yorsan\u0131z bile ara vermeniz durumunda sa\u011fl\u0131\u011f\u0131n\u0131z\u0131 olumlu y\u00f6nde etkileyecektir.<\/p>\n<h2><span class=\"ez-toc-section\" id=\"Jawline_Dolgusu_Sonrasi_Bilinmesi_Gerekenler\"><\/span>Jawline Dolgusu Sonras\u0131 Bilinmesi Gerekenler<span class=\"ez-toc-section-end\"><\/span><\/h2>\n<p>Her uygulamada oldu\u011fu gibi jawline dolgusu uygulamas\u0131 sonras\u0131nda da dikkat edilmesi gerekir. Dolgu uygulamas\u0131 hassas ve dikkat gerektiren bir uygulamad\u0131r.<\/p>\n<p>\u0130\u015flem sonras\u0131nda kan suland\u0131r\u0131c\u0131 ila\u00e7lara, alkol ve sigaraya, bitki \u00e7aylar\u0131na ara vermekte fayda olacakt\u0131r. Y\u00fcz b\u00f6lgesine uygulanan dolgudan sonra limon, turun\u00e7giller ve kiraz gibi meyveler t\u00fcketilebilir.<\/p>\n<p>Olu\u015fan \u015fi\u015flik ve morluk sonras\u0131nda a\u011fr\u0131 hissedilebilir. Bu a\u011fr\u0131lar\u0131n yat\u0131\u015fmas\u0131 i\u00e7in uzman hekimlerimizin \u00f6nermi\u015f oldu\u011fu ila\u00e7lar kullan\u0131labilir. Uygulama sonras\u0131ndaki 24 saat olduk\u00e7a \u00f6nemlidir. Bu s\u00fcre\u00e7 i\u00e7erisinde makyaj, bas\u0131 uygulamas\u0131, su de\u011fdirme gibi durumlardan uzak durmak gerekir.<\/p>\n<h2><span class=\"ez-toc-section\" id=\"Jawline_Dolgusu_Erkeklere_Yapilir_Mi\"><\/span>Jawline Dolgusu Erkeklere Yap\u0131l\u0131r M\u0131?<span class=\"ez-toc-section-end\"><\/span><\/h2>\n<p>G\u00fcn\u00fcm\u00fcz \u015fartlar\u0131nda jawline dolgusu hem erkeklerin hem de bayanlar\u0131n tercih edebilece\u011fi, yayg\u0131n olan dolgu t\u00fcr\u00fcd\u00fcr. Dolgu i\u015flemleri ger\u00e7ekle\u015ftirildi\u011finde kullan\u0131lmakta olan malzemeler; ki\u015fiye zarar vermez ve v\u00fccuda uyum sa\u011flayan \u00f6zelliklere sahiptir.<\/p>\n<p>Dolgu maddesindeki yumu\u015fak jelin enjekte edilmesiyle birlikte, y\u00fcz hatlar\u0131 ideal bir \u015fekle b\u00fcr\u00fcn\u00fcr. Erkeklerin g\u00fc\u00e7l\u00fc \u00e7ene yap\u0131s\u0131na sahip olabilmesi ve bu g\u00f6r\u00fcn\u00fcm\u00fc elde edebilmesi i\u00e7in jawline dolgusunu yapt\u0131r\u0131rlar. Estetik y\u00fcz hatt\u0131na sahip olmak isteyen bir\u00e7ok erke\u011fin tercihi olabilir.<\/p>\n<h2><span class=\"ez-toc-section\" id=\"Jawline_Dolgusunun_Ne_Gibi_Yararlari_Vardir\"><\/span>Jawline Dolgusunun Ne Gibi Yararlar\u0131 Vard\u0131r?<span class=\"ez-toc-section-end\"><\/span><\/h2>\n<p>Bir\u00e7o\u011fumuzun belli ba\u015fl\u0131 sorunlar\u0131 vard\u0131r. Elimizde olmayan nedenlerden kaynakl\u0131 olarak sorunlarla kar\u015f\u0131 kar\u015f\u0131ya kal\u0131r\u0131z. Bazen do\u011fu\u015ftan gelse de bazen sonradan meydana gelir.<\/p>\n<p>B\u00f6yle durumlarda da \u00e7ene yap\u0131s\u0131nda sorunlar g\u00f6r\u00fcl\u00fcr. \u00c7ene yap\u0131s\u0131n\u0131n k\u00fc\u00e7\u00fck olmas\u0131, b\u00fcy\u00fck olmas\u0131 ya da ya\u015flanmaya ba\u011fl\u0131 olarak \u00e7e\u015fitli sorunlar g\u00f6r\u00fclebilir.<\/p>\n<p>Bunun i\u00e7in jawline dolgusu uygulamas\u0131na ba\u015fvurulur. Ameliyats\u0131z olarak ger\u00e7ekle\u015ftirilen dolgu esteti\u011finin, hi\u00e7bir zarar\u0131 yoktur. Olduk\u00e7a yararl\u0131 ve estetik g\u00f6r\u00fcn\u00fcm sa\u011flam\u0131\u015f olur. Kolay ve h\u0131zl\u0131 bir \u015fekilde, uzman hekimlerimiz taraf\u0131ndan ger\u00e7ekle\u015ftirilir.<\/p>\n<p>\u0130\u015flem sonras\u0131nda hastalar\u0131m\u0131z\u0131n sosyal ya\u015famlar\u0131na hemen geri d\u00f6nebiliyorlar. Unutulmamal\u0131d\u0131r ki; dolgu uygulamas\u0131ndaki \u00fcr\u00fcnlerin i\u00e7erisinde hyal\u00fcronik asit bulundu\u011fu i\u00e7in zarar\u0131 yoktur.<\/p>\n<p>Tam aksine belli bir zaman sonra v\u00fccut bu aside ihtiya\u00e7 duyar ve d\u0131\u015fardan al\u0131nan takviye ile eksikli\u011fi tamamlan\u0131r. \u00c7ene yap\u0131s\u0131ndaki bozukluk bu asit maddesi ile giderilerek, daha estetik g\u00f6r\u00fcn\u00fcm sa\u011flan\u0131r.<\/p>\n<p>\u00c7enedeki sark\u0131klar, \u00e7ukurlar ve di\u011fer sorunlar\u0131 giderebilmek i\u00e7in sizlerde jawline dolgusu yapt\u0131rabilirsiniz. Uzman hekimlerimiz taraf\u0131ndan daha estetik ve \u00e7ekik bir g\u00f6r\u00fcn\u00fcm sa\u011flam\u0131\u015f olursunuz.<\/p>\n<h2><span class=\"ez-toc-section\" id=\"Jawline_Dolgu_Zararlari_Var_Mi\"><\/span>Jawline Dolgu Zararlar\u0131 Var M\u0131?<span class=\"ez-toc-section-end\"><\/span><\/h2>\n<p>Yap\u0131lacak olan jawline dolgusu i\u00e7in mutlaka uzman hekimlerden yard\u0131m alman\u0131z gerekir. \u0130\u015finde profesyonel ve g\u00fcvenilir olan uzman ki\u015filerden yard\u0131m almaya \u00f6zen g\u00f6sterin.<\/p>\n<p>\u00c7\u00fcnk\u00fc dikkat ve tecr\u00fcbe gerektiren bir uygulama oldu\u011fu i\u00e7in \u00e7e\u015fitli sorunlarla kar\u015f\u0131 kar\u015f\u0131ya kalabilirsiniz. B\u00f6yle durumlar\u0131 ortadan kald\u0131rmak ve sa\u011fl\u0131\u011f\u0131n\u0131z\u0131 tehlikeye atmamak i\u00e7in uzman hekimlerden yard\u0131m almak \u00f6nc\u00fcl\u00fc\u011f\u00fcn\u00fcz olmas\u0131 gerekir.<\/p>\n<p>Yap\u0131lan dolgunun herhangi bir zarar\u0131 yoktur. Tam aksine v\u00fccudun ihtiya\u00e7 duydu\u011fu hyal\u00fcronik asidin belli bir s\u00fcre sonra azald\u0131\u011f\u0131n\u0131 ve yok oldu\u011fu durumlarda d\u0131\u015fardan takviye al\u0131n\u0131r.<\/p>\n<p>\u0130\u015flem sonras\u0131nda baz\u0131 sorunlarla kar\u015f\u0131 kar\u015f\u0131ya kalabilirsiniz. Fakat bunlar jawline dolgusu i\u00e7in bir risk ta\u015f\u0131maz. Zaman i\u00e7erisinde kendili\u011finden yok olacakt\u0131r ve iyile\u015fme sa\u011flanacakt\u0131r. Kronik rahats\u0131zl\u0131\u011f\u0131 olan hastalar\u0131m\u0131z\u0131n dolgu i\u015flemlerini ger\u00e7ekle\u015ftirmeden \u00f6nce uzman hekimlerimizin onay\u0131n\u0131 almas\u0131 gerekir.<\/p>\n<h2><span class=\"ez-toc-section\" id=\"Jawline_Dolgu_Uygulamasi_Ne_Kadar_Surer\"><\/span>Jawline Dolgu Uygulamas\u0131 Ne Kadar S\u00fcrer?<span class=\"ez-toc-section-end\"><\/span><\/h2>\n<p>Enjeksiyon yard\u0131m\u0131 ile ger\u00e7ekle\u015ftirilen kolay ve pratik bir uygulama t\u00fcr\u00fcd\u00fcr. Tedavi ba\u015flamadan yar\u0131m saat \u00f6nce, belirlenen b\u00f6lgeye anestezik krem s\u00fcr\u00fcl\u00fcr. B\u00f6lge uyu\u015fturulmu\u015f olur ve a\u011fr\u0131s\u0131z bir \u015fekilde dolgu ger\u00e7ekle\u015ftirilir.<\/p>\n<p>Dolgu s\u00fcresi yakla\u015f\u0131k olarak 25-30 dakika aras\u0131nda de\u011fi\u015fkenlik g\u00f6sterir. \u00c7ene hatlar\u0131n\u0131n belirginle\u015ftirilmesi ve daha estetik bir \u00e7eneye sahip olmak i\u00e7in jawline dolgusu uygulan\u0131r.<\/p>\n<h2><span class=\"ez-toc-section\" id=\"Jawline_Dolgusu_Yaptiranlarin_Yorumlari\"><\/span>Jawline Dolgusu Yapt\u0131ranlar\u0131n Yorumlar\u0131<span class=\"ez-toc-section-end\"><\/span><\/h2>\n<p>Estetik operasyonlar\u0131 aras\u0131nda yer alan jawline dolgusu b\u00fct\u00e7e a\u00e7\u0131s\u0131ndan olduk\u00e7a makul bir seviyede olmas\u0131ndan dolay\u0131 da tercih edilir. Maliyeti bak\u0131m\u0131ndan uygun olmas\u0131yla birlikte, memnuniyet vericidir. E\u011fer hastalar\u0131m\u0131z yapt\u0131rm\u0131\u015f olduklar\u0131 dolgular\u0131 be\u011fenmezseler, i\u015flem geri al\u0131n\u0131r. 24 saat i\u00e7erinde erimekte olan dolgular, g\u00fcven vericidir.<\/p>\n<h2><span class=\"ez-toc-section\" id=\"Jawline_Dolgusu_Fiyatlari_2026\"><\/span>Jawline Dolgusu Fiyatlar\u0131 2026<span class=\"ez-toc-section-end\"><\/span><\/h2>\n<p>\u00c7ene hatt\u0131n\u0131 belirginle\u015ftirmek isteyen hastalar\u0131m\u0131za jawline dolgusu yapm\u0131\u015f oluruz. Dolgunun i\u00e7eri\u011finde yer hyal\u00fcronik asit sayesinde k\u0131sa s\u00fcrede i\u015flem ger\u00e7ekle\u015ftirilmi\u015f olur. Hyal\u00fcronik asit, normal \u015fartlar alt\u0131nda insan v\u00fccudunda yer al\u0131r. Fakat baz\u0131 durumlarda bu asit azal\u0131r ve belli bir s\u00fcre sonra kaybolur.<\/p>\n<p>D\u0131\u015fardan al\u0131nan takviye ile birlikte sorun k\u0131sa s\u00fcrede giderilmi\u015f olur. Kullan\u0131lan dolgu malzeme miktarlar\u0131 genelde de\u011fi\u015fkenlik g\u00f6sterir. Her b\u00f6lge i\u00e7in dolgu miktar\u0131 de\u011fi\u015fkenlik g\u00f6sterdi\u011finden dolay\u0131 bu konuda fiyat bilgisi vermek m\u00fcmk\u00fcn de\u011fildir.<\/p>\n<p>Fakat daha detayl\u0131 ve fiyat bilgisi alabilmek ad\u0131na bizimle ileti\u015fime ge\u00e7ebilirsiniz. <span style=\"text-decoration: underline;\"><strong>Jawline dolgusu fiyatlar\u0131 2026<\/strong><\/span>\u00a0hakk\u0131nda\u00a0 bilgi almak i\u00e7in bizlere hemen ula\u015fabilirsiniz.<\/p>\n<p>\u0130nstagram&#8217;da bizi takip etmeyi unutmay\u0131n, <span style=\"color: #ff0000;\"><strong><a style=\"color: #ff0000;\" href=\"https:\/\/www.instagram.com\/retouchbody\/\" target=\"_blank\" rel=\"noopener\">Retouchbody<\/a><\/strong><\/span><\/p>\n","protected":false},"excerpt":{"rendered":"<p>Jawline Dolgusu Nedir? Jawline Dolgusu, \u00e7ene ucu ile kulak \u00f6nlerine kadar uzanm\u0131\u015f olan mandibular\u0131 kemik hatlar\u0131 boyunca yap\u0131lan uygulamalard\u0131r.\u00a0Alt\u0131n oranda estetik yapt\u0131rmak isteyen en \u00e7ok tercih ettikleri uygulama t\u00fcr\u00fcd\u00fcr. \u00c7ene k\u00f6\u015felerinden \u00e7ene ucuna kadar, her iki y\u00fcz\u00fcn belirginle\u015fmesiyle birlikte i\u015flem ger\u00e7ekle\u015ftirilir. Yap\u0131lan bu uygulama sayesinde estetik ve \u00e7ekici g\u00f6r\u00fcn\u00fcm sa\u011flanm\u0131\u015f olur. Burada belirtilmekte olan dolgu, [&hellip;]<\/p>\n","protected":false},"author":1,"featured_media":3661,"parent":0,"menu_order":0,"comment_status":"closed","ping_status":"closed","template":"","meta":{"footnotes":""},"class_list":["post-3660","page","type-page","status-publish","has-post-thumbnail","hentry"],"_links":{"self":[{"href":"https:\/\/www.retouchbody.com\/tr\/wp-json\/wp\/v2\/pages\/3660","targetHints":{"allow":["GET"]}}],"collection":[{"href":"https:\/\/www.retouchbody.com\/tr\/wp-json\/wp\/v2\/pages"}],"about":[{"href":"https:\/\/www.retouchbody.com\/tr\/wp-json\/wp\/v2\/types\/page"}],"author":[{"embeddable":true,"href":"https:\/\/www.retouchbody.com\/tr\/wp-json\/wp\/v2\/users\/1"}],"replies":[{"embeddable":true,"href":"https:\/\/www.retouchbody.com\/tr\/wp-json\/wp\/v2\/comments?post=3660"}],"version-history":[{"count":4,"href":"https:\/\/www.retouchbody.com\/tr\/wp-json\/wp\/v2\/pages\/3660\/revisions"}],"predecessor-version":[{"id":4685,"href":"https:\/\/www.retouchbody.com\/tr\/wp-json\/wp\/v2\/pages\/3660\/revisions\/4685"}],"wp:featuredmedia":[{"embeddable":true,"href":"https:\/\/www.retouchbody.com\/tr\/wp-json\/wp\/v2\/media\/3661"}],"wp:attachment":[{"href":"https:\/\/www.retouchbody.com\/tr\/wp-json\/wp\/v2\/media?parent=3660"}],"curies":[{"name":"wp","href":"https:\/\/api.w.org\/{rel}","templated":true}]}}