{"id":3649,"date":"2025-06-04T10:09:48","date_gmt":"2025-06-04T07:09:48","guid":{"rendered":"https:\/\/www.retouchbody.com\/tr\/?page_id=3649"},"modified":"2026-02-03T11:25:57","modified_gmt":"2026-02-03T08:25:57","slug":"seffaf-plak-tedavisi","status":"publish","type":"page","link":"https:\/\/www.retouchbody.com\/tr\/seffaf-plak-tedavisi\/","title":{"rendered":"\u015eeffaf Plak Tedavisi"},"content":{"rendered":"<div id=\"ez-toc-container\" class=\"ez-toc-v2_0_80 counter-hierarchy ez-toc-counter ez-toc-grey ez-toc-container-direction\">\n<div class=\"ez-toc-title-container\">\n<p class=\"ez-toc-title\" style=\"cursor:inherit\">\u0130\u00e7indekiler Tablosu<\/p>\n<span class=\"ez-toc-title-toggle\"><a href=\"#\" class=\"ez-toc-pull-right ez-toc-btn ez-toc-btn-xs ez-toc-btn-default ez-toc-toggle\" aria-label=\"\u0130\u00e7indekiler Tablosunu A\u00e7\/Kapat\"><span class=\"ez-toc-js-icon-con\"><span class=\"\"><span class=\"eztoc-hide\" style=\"display:none;\">Toggle<\/span><span class=\"ez-toc-icon-toggle-span\"><svg style=\"fill: #999;color:#999\" xmlns=\"http:\/\/www.w3.org\/2000\/svg\" class=\"list-377408\" width=\"20px\" height=\"20px\" viewBox=\"0 0 24 24\" fill=\"none\"><path d=\"M6 6H4v2h2V6zm14 0H8v2h12V6zM4 11h2v2H4v-2zm16 0H8v2h12v-2zM4 16h2v2H4v-2zm16 0H8v2h12v-2z\" fill=\"currentColor\"><\/path><\/svg><svg style=\"fill: #999;color:#999\" class=\"arrow-unsorted-368013\" xmlns=\"http:\/\/www.w3.org\/2000\/svg\" width=\"10px\" height=\"10px\" viewBox=\"0 0 24 24\" version=\"1.2\" baseProfile=\"tiny\"><path d=\"M18.2 9.3l-6.2-6.3-6.2 6.3c-.2.2-.3.4-.3.7s.1.5.3.7c.2.2.4.3.7.3h11c.3 0 .5-.1.7-.3.2-.2.3-.5.3-.7s-.1-.5-.3-.7zM5.8 14.7l6.2 6.3 6.2-6.3c.2-.2.3-.5.3-.7s-.1-.5-.3-.7c-.2-.2-.4-.3-.7-.3h-11c-.3 0-.5.1-.7.3-.2.2-.3.5-.3.7s.1.5.3.7z\"\/><\/svg><\/span><\/span><\/span><\/a><\/span><\/div>\n<nav><ul class='ez-toc-list ez-toc-list-level-1 eztoc-toggle-hide-by-default' ><li class='ez-toc-page-1 ez-toc-heading-level-2'><a class=\"ez-toc-link ez-toc-heading-1\" href=\"#\" data-href=\"https:\/\/www.retouchbody.com\/tr\/seffaf-plak-tedavisi\/#Seffaf_Plak_Tedavisi_Nedir\" >\u015eeffaf Plak Tedavisi Nedir?<\/a><\/li><li class='ez-toc-page-1 ez-toc-heading-level-2'><a class=\"ez-toc-link ez-toc-heading-2\" href=\"#\" data-href=\"https:\/\/www.retouchbody.com\/tr\/seffaf-plak-tedavisi\/#Seffaf_Plak_Tedavisi_Kimlere_Uygulanir\" >\u015eeffaf Plak Tedavisi Kimlere Uygulan\u0131r?<\/a><\/li><li class='ez-toc-page-1 ez-toc-heading-level-2'><a class=\"ez-toc-link ez-toc-heading-3\" href=\"#\" data-href=\"https:\/\/www.retouchbody.com\/tr\/seffaf-plak-tedavisi\/#Seffaf_Plak_Tedavisi_Nasil_Yapilir\" >\u015eeffaf Plak Tedavisi Nas\u0131l Yap\u0131l\u0131r?<\/a><\/li><li class='ez-toc-page-1 ez-toc-heading-level-2'><a class=\"ez-toc-link ez-toc-heading-4\" href=\"#\" data-href=\"https:\/\/www.retouchbody.com\/tr\/seffaf-plak-tedavisi\/#Seffaf_Plak_Tedavisinin_Avantajlari\" >\u015eeffaf Plak Tedavisinin Avantajlar\u0131<\/a><\/li><li class='ez-toc-page-1 ez-toc-heading-level-2'><a class=\"ez-toc-link ez-toc-heading-5\" href=\"#\" data-href=\"https:\/\/www.retouchbody.com\/tr\/seffaf-plak-tedavisi\/#Seffaf_Plak_Tedavisi_Fiyatlari_2026\" >\u015eeffaf Plak Tedavisi Fiyatlar\u0131 2026<\/a><\/li><li class='ez-toc-page-1 ez-toc-heading-level-2'><a class=\"ez-toc-link ez-toc-heading-6\" href=\"#\" data-href=\"https:\/\/www.retouchbody.com\/tr\/seffaf-plak-tedavisi\/#Seffaf_Plak_Tedavisi_Sik_Sorulan_Sorular\" >\u015eeffaf Plak Tedavisi S\u0131k Sorulan Sorular<\/a><ul class='ez-toc-list-level-3' ><li class='ez-toc-heading-level-3'><a class=\"ez-toc-link ez-toc-heading-7\" href=\"#\" data-href=\"https:\/\/www.retouchbody.com\/tr\/seffaf-plak-tedavisi\/#Gunde_Kac_Saat_Takilmali\" >G\u00fcnde Ka\u00e7 Saat Tak\u0131lmal\u0131?<\/a><\/li><li class='ez-toc-page-1 ez-toc-heading-level-3'><a class=\"ez-toc-link ez-toc-heading-8\" href=\"#\" data-href=\"https:\/\/www.retouchbody.com\/tr\/seffaf-plak-tedavisi\/#Seffaf_Plak_Disi_Duzeltir_Mi\" >\u015eeffaf Plak Di\u015fi D\u00fczeltir Mi?<\/a><\/li><li class='ez-toc-page-1 ez-toc-heading-level-3'><a class=\"ez-toc-link ez-toc-heading-9\" href=\"#\" data-href=\"https:\/\/www.retouchbody.com\/tr\/seffaf-plak-tedavisi\/#Seffaf_Plak_Neden_Takilir\" >\u015eeffaf Plak Neden Tak\u0131l\u0131r?<\/a><\/li><li class='ez-toc-page-1 ez-toc-heading-level-3'><a class=\"ez-toc-link ez-toc-heading-10\" href=\"#\" data-href=\"https:\/\/www.retouchbody.com\/tr\/seffaf-plak-tedavisi\/#Seffaf_Plaklari_Kullanmayi_Unutursaniz_Ne_Olur\" >\u015eeffaf Plaklar\u0131 Kullanmay\u0131 Unutursan\u0131z Ne Olur?<\/a><\/li><\/ul><\/li><\/ul><\/nav><\/div>\n<h2><span class=\"ez-toc-section\" id=\"Seffaf_Plak_Tedavisi_Nedir\"><\/span>\u015eeffaf Plak Tedavisi Nedir?<span class=\"ez-toc-section-end\"><\/span><\/h2>\n<p><strong>\u015eeffaf Plak Tedavisi<\/strong>, halk aras\u0131nda g\u00f6r\u00fcnmez di\u015f teli olarak da bilinen ve\u00a0kullan\u0131m a\u00e7\u0131s\u0131ndan olduk\u00e7a kolay olan ve hastalar\u0131 rahat ettiren bir y\u00f6ntemdir. Di\u015flerde meydana gelen \u00e7arp\u0131kl\u0131k ve benzeri sorunlar\u0131 gidermeye yard\u0131mc\u0131 olan \u015feffaf plak tedavisi sayesinde do\u011fal dizilmi\u015f di\u015flere sahip olmak art\u0131k daha kolayd\u0131r.<\/p>\n<p>Di\u015f teli tak\u0131lacak kadar yo\u011fun bir \u00e7arp\u0131kl\u0131\u011fa ve yamuk di\u015f kapanmalar\u0131na sahip olmayanlar i\u00e7in en ideal di\u015f tedavi y\u00f6ntemlerinden birisidir. Di\u015f tellerine alternatif olarak kullan\u0131lan bu tedavi y\u00f6ntemi de tamamen alan\u0131nda uzman doktorlar taraf\u0131ndan takip edilen bir y\u00f6ntemdir.<\/p>\n<p>Kullan\u0131m\u0131 olduk\u00e7a kolay olan ve normal di\u015f teline oranla daha fazla tercih edilen bu plak ise sizler de di\u015flerinizdeki bozukluk, \u00e7arp\u0131kl\u0131k ve eksik kapanmadan kurtulabilirsiniz. Belirli bir s\u00fcresi olan ve mutlaka verilen talimatlara uygun \u015fekilde kullan\u0131lmas\u0131 gereken bu plak ad\u0131ndan da anla\u015f\u0131ld\u0131\u011f\u0131 \u00fczere \u015feffaf bir g\u00f6r\u00fcn\u00fcme sahiptir.<\/p>\n<p>Di\u015flere tak\u0131ld\u0131\u011f\u0131 zaman hi\u00e7bir \u015fekilde g\u00f6r\u00fcnmez ve a\u011f\u0131zda rahats\u0131z edici bir duru\u015fu bulunmaz. Tamamen di\u015f teline alternatif olarak \u00fcretilen bu plaklar sayesinde g\u00fcnl\u00fck kullan\u0131mlarda da \u00f6zel anlarda da hi\u00e7bir sorun \u00e7\u0131kmaz. Ortodonti tedavi i\u015flemlerinde en \u00f6n s\u0131ralarda yerini almaya h\u0131zla devam ediyor. Di\u015flerin d\u00fczelmesinde \u00e7ok b\u00fcy\u00fck bir rol oynuyor.<\/p>\n<h2><span class=\"ez-toc-section\" id=\"Seffaf_Plak_Tedavisi_Kimlere_Uygulanir\"><\/span>\u015eeffaf Plak Tedavisi Kimlere Uygulan\u0131r?<span class=\"ez-toc-section-end\"><\/span><\/h2>\n<p>Di\u015flerde a\u015f\u0131r\u0131 \u00e7arp\u0131kl\u0131k meydana geldi\u011finde ve iskeletle alakal\u0131 bir problem oldu\u011funda di\u015f teli tedavisine ba\u015flan\u0131r. Ancak di\u015f teline gerek duyulmayan ve daha y\u00fczeysel sorunu olan hastalar i\u00e7in <span style=\"color: #ff0000;\"><strong><a style=\"color: #ff0000;\" href=\"https:\/\/www.retouchbody.com\/tr\/seffaf-plak-tedavisi\/\">\u015feffaf plak tedavisi<\/a><\/strong><\/span> kullan\u0131m\u0131 tercih edilir.<\/p>\n<p>Di\u015f aralar\u0131nda mesafe bulunanlar ancak bu darl\u0131k ve mesafeler belirli boyutlarda olanlar i\u00e7in bu i\u015flem uygulan\u0131r. Di\u015flerin birbiri \u00fczerine yaslanmas\u0131 ve binmesi sonucunda uygulama kullan\u0131l\u0131r. A\u011f\u0131z kapanmas\u0131nda di\u015fler \u00fcst ve alt olmak \u00fczere \u00e7arp\u0131k ve biri \u00f6nde di\u011feri arkada duruyorsa bu hastalar i\u00e7in de plak uygulan\u0131r.<\/p>\n<p>Ayn\u0131 zamanda estetik a\u00e7\u0131dan di\u015flerinin aras\u0131nda bo\u015fluklar bulunan ve bu bo\u015fluklardan rahats\u0131z olan ki\u015filere de bu uygulama yap\u0131l\u0131r. Di\u015flerin diziliminde simetrik g\u00f6r\u00fcnmeyen sorunlar meydana geldi\u011finde de plak uygulamas\u0131na ge\u00e7i\u015f yap\u0131l\u0131r. \u00d6zellikle de bu tedavi y\u00f6ntemi 12 ya\u015f\u0131n\u0131 doldurmu\u015f olan hastalar i\u00e7in uygundur.<\/p>\n<h2><span class=\"ez-toc-section\" id=\"Seffaf_Plak_Tedavisi_Nasil_Yapilir\"><\/span>\u015eeffaf Plak Tedavisi Nas\u0131l Yap\u0131l\u0131r?<span class=\"ez-toc-section-end\"><\/span><\/h2>\n<p>\u00d6ncesi ve sonras\u0131 olarak iki a\u015famadan olu\u015fan \u015feffaf plak tedavisinde ki\u015fiye \u00f6zel plaklar kullan\u0131l\u0131r. Her hastan\u0131n di\u015flerinde meydana gelen problemler farkl\u0131d\u0131r. Bu probleme dayal\u0131 olarak plak haz\u0131rlan\u0131r. Tedavinin ba\u015flat\u0131lmas\u0131 i\u00e7in di\u015flerin foto\u011fraflama a\u015famas\u0131na ge\u00e7ilir.<\/p>\n<p>Di\u015fler foto\u011frafland\u0131ktan sonra dijital ortamda son hali hastaya g\u00f6sterilir. Bu son h\u00e2li onay ald\u0131ktan sonra plaklar haz\u0131rlanmaya ba\u015flar. Tedavinin en do\u011fru \u015fekilde yap\u0131lmas\u0131 i\u00e7in hem a\u011f\u0131z i\u00e7in hem a\u011f\u0131z d\u0131\u015f\u0131 foto\u011fraflamas\u0131 yap\u0131l\u0131r. Ard\u0131ndan r\u00f6ntgen \u00e7ekilir. Al\u0131nan \u00f6l\u00e7\u00fcler plak firmas\u0131na g\u00f6nderilir ve ki\u015fiye \u00f6zel \u00f6l\u00e7\u00fcler dahilinde plaklar haz\u0131r hale getirilir.<\/p>\n<h2><span class=\"ez-toc-section\" id=\"Seffaf_Plak_Tedavisinin_Avantajlari\"><\/span>\u015eeffaf Plak Tedavisinin Avantajlar\u0131<span class=\"ez-toc-section-end\"><\/span><\/h2>\n<p>Yapt\u0131ran herkesin memnun kald\u0131\u011f\u0131 \u015feffaf plak tedavisinde bilinen en b\u00fcy\u00fck avantaj pla\u011f\u0131n \u015feffaf yap\u0131l\u0131 olmas\u0131 ve g\u00f6r\u00fcnmez bir \u015fekilde kullan\u0131labilmesidir. Hem g\u00fcnl\u00fck kullan\u0131mlara hem de \u00f6zel kullan\u0131mlara uygun bir i\u015flemdir. Bu nedenle de avantajlar\u0131 aras\u0131nda \u015feffaf olmas\u0131 en ba\u015fta gelir.<\/p>\n<p>Bir di\u011fer avantaj\u0131 ise normal di\u015f teli tedavisine oranla daha k\u0131sa s\u00fcre kullan\u0131lmas\u0131 ve daha h\u0131zl\u0131 etki etmesidir. Di\u015flerde meydana gelen \u00e7arp\u0131kl\u0131k ve kapanma sorunlar\u0131n\u0131 \u00e7ok daha h\u0131zl\u0131 bir \u015fekilde tedavi eder.<\/p>\n<p>Ayn\u0131 zamanda bilinen en b\u00fcy\u00fck di\u011fer avantaj\u0131 ise tak\u0131p \u00e7\u0131kar\u0131labilme \u00f6zelli\u011fine sahip olmas\u0131d\u0131r. Yemek yerken plak \u00e7\u0131kar\u0131l\u0131r ve ard\u0131ndan temizlenerek tekrar tak\u0131labilir. \u00dcstelik temizlemek i\u00e7in ekstra bir \u00e7aba sarf edilmesine de gerek kalmaz. Sadece y\u0131kamak yeterli olur.<\/p>\n<p>Tel kullanmak istemeyen ve yakla\u015f\u0131k olarak 2 sene boyunca tel tedavisine yana\u015fmayanlar i\u00e7in de plak tedavisi her zaman \u00f6n planda yerini almaya devam ediyor. Ayn\u0131 zamanda plak kullan\u0131m\u0131nda tellerdeki gibi bir k\u0131s\u0131tlama da s\u00f6z konusu de\u011fildir.<\/p>\n<p>Bilinen bir di\u011fer avantaj\u0131 ise dijital ortamda plak kullan\u0131m\u0131ndan sonra di\u015flerin alaca\u011f\u0131 g\u00f6r\u00fcn\u00fcm\u00fc g\u00f6rebilmektir. Bu \u00f6zelli\u011fi sayesinde hastalar kullan\u0131m sonras\u0131ndaki di\u015flerin yap\u0131s\u0131n\u0131 g\u00f6rerek s\u00fcrece \u00e7ok daha kolay adapte oluyor, \u00e7ok daha g\u00f6n\u00fcl rahatl\u0131\u011f\u0131yla ve b\u00fcy\u00fck bir motivasyonla plak tedavi s\u00fcrecine ba\u015fl\u0131yor. Plak tedavisi ayn\u0131 zamanda di\u015flerinizi de \u00e7ok daha kolay f\u0131r\u00e7alaman\u0131za olanak sa\u011flar.<\/p>\n<h2><span class=\"ez-toc-section\" id=\"Seffaf_Plak_Tedavisi_Fiyatlari_2026\"><\/span>\u015eeffaf Plak Tedavisi Fiyatlar\u0131 2026<span class=\"ez-toc-section-end\"><\/span><\/h2>\n<p>2026 y\u0131l\u0131na \u00f6zel \u015feffaf plak fiyatlar\u0131 belirlenmi\u015f durumdad\u0131r. Ancak tedavinin ba\u015flayaca\u011f\u0131 ve s\u00fcrece\u011fi kuruma g\u00f6re, doktora g\u00f6re ve kullan\u0131lan \u00fcr\u00fcnlere g\u00f6re fiyatlarda art\u0131\u015f ya da azalma g\u00f6r\u00fclebilir. B\u00fct\u00e7enize en uygun olan \u00f6zel kurumda bu tedaviye ba\u015flayabilirsiniz.<\/p>\n<p>Ayn\u0131 zamanda pla\u011f\u0131n yap\u0131laca\u011f\u0131 firma ile anla\u015fmalara ba\u011fl\u0131 olarak da fiyatlarda de\u011fi\u015fiklik g\u00f6r\u00fclebilir. <span style=\"text-decoration: underline;\"><strong>\u015eeffaf plak tedavisi fiyatlar\u0131 2026<\/strong><\/span> hakk\u0131nda detayl\u0131 bilgi i\u00e7in bizlere ula\u015fabilirsiniz.<\/p>\n<h2><span class=\"ez-toc-section\" id=\"Seffaf_Plak_Tedavisi_Sik_Sorulan_Sorular\"><\/span>\u015eeffaf Plak Tedavisi S\u0131k Sorulan Sorular<span class=\"ez-toc-section-end\"><\/span><\/h2>\n<p>Avantajlar\u0131 saymakla bitmeyen ve tedaviyi g\u00f6ren herkesin memnun kald\u0131\u011f\u0131 \u015feffaf plak hakk\u0131nda merak edilen bir\u00e7ok soru mevcuttur. Pla\u011f\u0131n kullan\u0131m s\u00fcresi ne kadard\u0131r? G\u00fcnde ka\u00e7 saat plak tak\u0131lmal\u0131d\u0131r? D\u00fczenli olarak kullanmak \u015fart m\u0131d\u0131r? Hangi a\u00e7\u0131dan di\u015fleri d\u00fczeltir? Di\u015flerin t\u00fcm sorunlar\u0131na yan\u0131t verir mi? Neden takmak gerekir? Plaklar\u0131 kullanmazsak ne olur? Gibi sorular bu tedaviye ba\u015flamas\u0131 gerekenler taraf\u0131ndan s\u0131k s\u0131k soruluyor.<\/p>\n<h3><span class=\"ez-toc-section\" id=\"Gunde_Kac_Saat_Takilmali\"><\/span>G\u00fcnde Ka\u00e7 Saat Tak\u0131lmal\u0131?<span class=\"ez-toc-section-end\"><\/span><\/h3>\n<p>Di\u015f bozukluklar\u0131n\u0131 ortadan kald\u0131rmak ve \u00e7arp\u0131kl\u0131\u011f\u0131 d\u00fczeltmek amac\u0131yla kullan\u0131lan \u015feffaf plak, yemek yeme saatleri d\u0131\u015f\u0131nda g\u00fcn boyunca tak\u0131lmas\u0131 gereken bir plakt\u0131r. Di\u015flerin tam anlam\u0131yla d\u00fczelebilmesi i\u00e7in mutlaka d\u00fczenli olarak kullan\u0131m\u0131na \u00f6zen g\u00f6sterilmesi gerekiyor.<\/p>\n<p>Di\u015f d\u00fczeltmek amac\u0131yla ba\u015flayan plak kullan\u0131m\u0131na doktorun verdi\u011fi t\u00fcm talimatlar yerine getirilerek \u00f6zen g\u00f6sterilmelidir. G\u00fcnl\u00fck kullan\u0131mda hi\u00e7bir sorun te\u015fkil etmeyen ve di\u015flerin d\u00fczelmesine olanak sunan bu plaklar gece yatarken \u00e7\u0131kar\u0131l\u0131r. O s\u00fcre d\u0131\u015f\u0131nda ise mutlaka g\u00fcn boyu tak\u0131lmal\u0131d\u0131r.<\/p>\n<h3><span class=\"ez-toc-section\" id=\"Seffaf_Plak_Disi_Duzeltir_Mi\"><\/span>\u015eeffaf Plak Di\u015fi D\u00fczeltir Mi?<span class=\"ez-toc-section-end\"><\/span><\/h3>\n<p>Di\u015flerde meydana gelen \u00e7arp\u0131k g\u00f6r\u00fcn\u00fcm\u00fc, di\u015flerin kapanmas\u0131nda meydana gelen asimetrik g\u00f6r\u00fcn\u00fcm\u00fc ve di\u015flerin birbirine yaslanma durumunu \u015feffaf plak tedavisi d\u00fczeltir. Ancak \u00e7ok ileri seviyede olan sorunlar\u0131 d\u00fczeltmek i\u00e7in mutlaka di\u015f teli tedavisine yer verilir. Daha y\u00fczeysel ve daha h\u0131zl\u0131 tedavi edilmesi gereken di\u015fler i\u00e7in plak kullan\u0131m\u0131na yer verilir.<\/p>\n<h3><span class=\"ez-toc-section\" id=\"Seffaf_Plak_Neden_Takilir\"><\/span>\u015eeffaf Plak Neden Tak\u0131l\u0131r?<span class=\"ez-toc-section-end\"><\/span><\/h3>\n<p>Do\u011fu\u015ftan itibaren ya da ya\u015f ilerledik\u00e7e di\u015flerde kay\u0131plar meydana gelebilir. Bu kay\u0131plardan \u00f6t\u00fcr\u00fc de a\u011f\u0131zda bulunan di\u011fer di\u015fler birbirine yaslanabilir. Biri di\u011ferinin \u00fczerine binebilir. \u00c7arp\u0131kl\u0131k meydana gelebilir ve di\u015fler tam kapanmayabilir.<\/p>\n<p>Bu t\u00fcr durumlar\u0131 ortadan h\u0131zl\u0131ca kald\u0131rmak ve di\u015flerin daha g\u00fczel dizili\u015fe sahip olmas\u0131n\u0131 sa\u011flamak ad\u0131na plak tedavisine yer verilir. Tamamen alan\u0131nda uzman doktorlar taraf\u0131ndan gerekli olan muayene yap\u0131l\u0131r.<\/p>\n<p>Di\u015flerin \u00e7arp\u0131kl\u0131k sorunundaki seviye \u00f6l\u00e7\u00fcl\u00fcr. Di\u015flerin \u00f6l\u00e7\u00fcs\u00fc al\u0131n\u0131r ve anla\u015f\u0131lan firmaya \u00f6l\u00e7\u00fcler g\u00f6nderilir. Ard\u0131ndan plak haz\u0131rlan\u0131r ve kullan\u0131ma haz\u0131r hale gelir.<\/p>\n<h3><span class=\"ez-toc-section\" id=\"Seffaf_Plaklari_Kullanmayi_Unutursaniz_Ne_Olur\"><\/span>\u015eeffaf Plaklar\u0131 Kullanmay\u0131 Unutursan\u0131z Ne Olur?<span class=\"ez-toc-section-end\"><\/span><\/h3>\n<p>Bu tedavi s\u00fcrecine girildi\u011fi zaman mutlaka b\u00fct\u00fcn talimatlara uyulmas\u0131 gerekir. \u00c7ok daha h\u0131zl\u0131 bir tedavi s\u00fcreci i\u00e7in ve di\u015flerin \u00e7ok daha g\u00fczel g\u00f6r\u00fcnmesi i\u00e7in ortodonti tedavi y\u00f6ntemleri s\u0131k\u0131 bir \u015fekilde takip edilmelidir. A\u011f\u0131z bak\u0131m\u0131na ve di\u015f bak\u0131m\u0131na d\u00fczenli olarak devam edilmelidir.<\/p>\n<p>Pla\u011f\u0131n kullan\u0131m\u0131na en d\u00fczenli \u015fekilde devam edilmesi gerekir. E\u011fer \u015feffaf plak kullan\u0131m\u0131 bir g\u00fcn dahi unutulursa, tedavi s\u00fcreci aksam\u0131\u015f kabul edilir ve tedavi s\u00fcreci uzamaya ba\u015flar, unutulan her g\u00fcn i\u00e7in bir g\u00fcn daha tedaviye eklenir.<\/p>\n<p>\u0130nstagram&#8217;da bizi takip etmeyi unutmay\u0131n, <span style=\"color: #ff0000;\"><strong><a style=\"color: #ff0000;\" href=\"https:\/\/www.instagram.com\/retouchbody\/\" target=\"_blank\" rel=\"noopener\">Retouchbody<\/a><\/strong><\/span><\/p>\n","protected":false},"excerpt":{"rendered":"<p>\u015eeffaf Plak Tedavisi Nedir? \u015eeffaf Plak Tedavisi, halk aras\u0131nda g\u00f6r\u00fcnmez di\u015f teli olarak da bilinen ve\u00a0kullan\u0131m a\u00e7\u0131s\u0131ndan olduk\u00e7a kolay olan ve hastalar\u0131 rahat ettiren bir y\u00f6ntemdir. Di\u015flerde meydana gelen \u00e7arp\u0131kl\u0131k ve benzeri sorunlar\u0131 gidermeye yard\u0131mc\u0131 olan \u015feffaf plak tedavisi sayesinde do\u011fal dizilmi\u015f di\u015flere sahip olmak art\u0131k daha kolayd\u0131r. Di\u015f teli tak\u0131lacak kadar yo\u011fun bir \u00e7arp\u0131kl\u0131\u011fa [&hellip;]<\/p>\n","protected":false},"author":1,"featured_media":3652,"parent":0,"menu_order":0,"comment_status":"closed","ping_status":"closed","template":"","meta":{"footnotes":""},"class_list":["post-3649","page","type-page","status-publish","has-post-thumbnail","hentry"],"_links":{"self":[{"href":"https:\/\/www.retouchbody.com\/tr\/wp-json\/wp\/v2\/pages\/3649","targetHints":{"allow":["GET"]}}],"collection":[{"href":"https:\/\/www.retouchbody.com\/tr\/wp-json\/wp\/v2\/pages"}],"about":[{"href":"https:\/\/www.retouchbody.com\/tr\/wp-json\/wp\/v2\/types\/page"}],"author":[{"embeddable":true,"href":"https:\/\/www.retouchbody.com\/tr\/wp-json\/wp\/v2\/users\/1"}],"replies":[{"embeddable":true,"href":"https:\/\/www.retouchbody.com\/tr\/wp-json\/wp\/v2\/comments?post=3649"}],"version-history":[{"count":5,"href":"https:\/\/www.retouchbody.com\/tr\/wp-json\/wp\/v2\/pages\/3649\/revisions"}],"predecessor-version":[{"id":4716,"href":"https:\/\/www.retouchbody.com\/tr\/wp-json\/wp\/v2\/pages\/3649\/revisions\/4716"}],"wp:featuredmedia":[{"embeddable":true,"href":"https:\/\/www.retouchbody.com\/tr\/wp-json\/wp\/v2\/media\/3652"}],"wp:attachment":[{"href":"https:\/\/www.retouchbody.com\/tr\/wp-json\/wp\/v2\/media?parent=3649"}],"curies":[{"name":"wp","href":"https:\/\/api.w.org\/{rel}","templated":true}]}}