{"id":3642,"date":"2025-06-03T16:20:29","date_gmt":"2025-06-03T13:20:29","guid":{"rendered":"https:\/\/www.retouchbody.com\/tr\/?page_id=3642"},"modified":"2026-02-03T10:43:04","modified_gmt":"2026-02-03T07:43:04","slug":"eklem-plagi","status":"publish","type":"page","link":"https:\/\/www.retouchbody.com\/tr\/eklem-plagi\/","title":{"rendered":"Eklem Pla\u011f\u0131"},"content":{"rendered":"<div id=\"ez-toc-container\" class=\"ez-toc-v2_0_80 counter-hierarchy ez-toc-counter ez-toc-grey ez-toc-container-direction\">\n<div class=\"ez-toc-title-container\">\n<p class=\"ez-toc-title\" style=\"cursor:inherit\">\u0130\u00e7indekiler Tablosu<\/p>\n<span class=\"ez-toc-title-toggle\"><a href=\"#\" class=\"ez-toc-pull-right ez-toc-btn ez-toc-btn-xs ez-toc-btn-default ez-toc-toggle\" aria-label=\"\u0130\u00e7indekiler Tablosunu A\u00e7\/Kapat\"><span class=\"ez-toc-js-icon-con\"><span class=\"\"><span class=\"eztoc-hide\" style=\"display:none;\">Toggle<\/span><span class=\"ez-toc-icon-toggle-span\"><svg style=\"fill: #999;color:#999\" xmlns=\"http:\/\/www.w3.org\/2000\/svg\" class=\"list-377408\" width=\"20px\" height=\"20px\" viewBox=\"0 0 24 24\" fill=\"none\"><path d=\"M6 6H4v2h2V6zm14 0H8v2h12V6zM4 11h2v2H4v-2zm16 0H8v2h12v-2zM4 16h2v2H4v-2zm16 0H8v2h12v-2z\" fill=\"currentColor\"><\/path><\/svg><svg style=\"fill: #999;color:#999\" class=\"arrow-unsorted-368013\" xmlns=\"http:\/\/www.w3.org\/2000\/svg\" width=\"10px\" height=\"10px\" viewBox=\"0 0 24 24\" version=\"1.2\" baseProfile=\"tiny\"><path d=\"M18.2 9.3l-6.2-6.3-6.2 6.3c-.2.2-.3.4-.3.7s.1.5.3.7c.2.2.4.3.7.3h11c.3 0 .5-.1.7-.3.2-.2.3-.5.3-.7s-.1-.5-.3-.7zM5.8 14.7l6.2 6.3 6.2-6.3c.2-.2.3-.5.3-.7s-.1-.5-.3-.7c-.2-.2-.4-.3-.7-.3h-11c-.3 0-.5.1-.7.3-.2.2-.3.5-.3.7s.1.5.3.7z\"\/><\/svg><\/span><\/span><\/span><\/a><\/span><\/div>\n<nav><ul class='ez-toc-list ez-toc-list-level-1 eztoc-toggle-hide-by-default' ><li class='ez-toc-page-1 ez-toc-heading-level-2'><a class=\"ez-toc-link ez-toc-heading-1\" href=\"#\" data-href=\"https:\/\/www.retouchbody.com\/tr\/eklem-plagi\/#Eklem_Plagi_Nedir\" >Eklem Pla\u011f\u0131 Nedir?<\/a><\/li><li class='ez-toc-page-1 ez-toc-heading-level-2'><a class=\"ez-toc-link ez-toc-heading-2\" href=\"#\" data-href=\"https:\/\/www.retouchbody.com\/tr\/eklem-plagi\/#Eklem_Plagi_Neden_Kullanilir\" >Eklem Pla\u011f\u0131 Neden Kullan\u0131l\u0131r?<\/a><\/li><li class='ez-toc-page-1 ez-toc-heading-level-2'><a class=\"ez-toc-link ez-toc-heading-3\" href=\"#\" data-href=\"https:\/\/www.retouchbody.com\/tr\/eklem-plagi\/#Eklem_Plagi_Avantajlari\" >Eklem Pla\u011f\u0131 Avantajlar\u0131<\/a><\/li><li class='ez-toc-page-1 ez-toc-heading-level-2'><a class=\"ez-toc-link ez-toc-heading-4\" href=\"#\" data-href=\"https:\/\/www.retouchbody.com\/tr\/eklem-plagi\/#Eklem_Plagi_Kimlerde_Gorulur\" >Eklem Pla\u011f\u0131 Kimlerde G\u00f6r\u00fcl\u00fcr?<\/a><\/li><li class='ez-toc-page-1 ez-toc-heading-level-2'><a class=\"ez-toc-link ez-toc-heading-5\" href=\"#\" data-href=\"https:\/\/www.retouchbody.com\/tr\/eklem-plagi\/#Cene_Eklem_Plagi\" >\u00c7ene Eklem Pla\u011f\u0131<\/a><\/li><li class='ez-toc-page-1 ez-toc-heading-level-2'><a class=\"ez-toc-link ez-toc-heading-6\" href=\"#\" data-href=\"https:\/\/www.retouchbody.com\/tr\/eklem-plagi\/#Splint_Nedir\" >Splint Nedir?<\/a><\/li><li class='ez-toc-page-1 ez-toc-heading-level-2'><a class=\"ez-toc-link ez-toc-heading-7\" href=\"#\" data-href=\"https:\/\/www.retouchbody.com\/tr\/eklem-plagi\/#Splint_Hangi_Durumlarda_Kullanilir\" >Splint Hangi Durumlarda Kullan\u0131l\u0131r?<\/a><\/li><li class='ez-toc-page-1 ez-toc-heading-level-2'><a class=\"ez-toc-link ez-toc-heading-8\" href=\"#\" data-href=\"https:\/\/www.retouchbody.com\/tr\/eklem-plagi\/#Eklem_Plagi_Fiyatlari_2026\" >Eklem Pla\u011f\u0131 Fiyatlar\u0131 2026<\/a><\/li><\/ul><\/nav><\/div>\n<h2><span class=\"ez-toc-section\" id=\"Eklem_Plagi_Nedir\"><\/span><strong>Eklem Pla\u011f\u0131 Nedir?<\/strong><span class=\"ez-toc-section-end\"><\/span><\/h2>\n<p><strong>Eklem Pla\u011f\u0131 <\/strong>, \u00e7ene ekleminde meydana gelen rahats\u0131zl\u0131klar\u0131 tedavi etmek amac\u0131yla uygulanan tedavi bi\u00e7imidir. \u00c7ene eklemleri en hassas olan ve yeme, yutma, \u00e7i\u011fneme gibi hayati eylemleri ger\u00e7ekle\u015ftirmeye yarayan bir b\u00f6l\u00fcmd\u00fcr.<\/p>\n<p>Kulaklar\u0131n tam \u00f6n k\u0131sm\u0131nda yer alan, \u00e7i\u011fneme, konu\u015fma ve yutma i\u015flemlerini yapmaya yarayan eklemler, \u00e7enenin en \u00f6nemli k\u0131s\u0131mlar\u0131d\u0131r. Bu k\u0131s\u0131mlar ki\u015fi hi\u00e7 hareket etmezken dahi ileri, geri, ve sa\u011fa sola do\u011fru hareket etme \u00f6zelli\u011fine sahiptir.<\/p>\n<p>Bu nedenle \u00f6nemli bir i\u015flem yaparken de \u00e7\u0131kma olas\u0131l\u0131\u011f\u0131, a\u011fr\u0131 girme olas\u0131l\u0131\u011f\u0131, k\u0131t k\u0131t ses gelme olas\u0131l\u0131\u011f\u0131 gibi ihtimalleri bar\u0131nd\u0131r\u0131r. Temporomandibular olarak adland\u0131r\u0131lan bu b\u00f6lgede \u00e7ok \u00f6nemli fonksiyonlar bar\u0131n\u0131yor.<\/p>\n<p>\u00c7eneye ait kaslar, kemik dokular\u0131 ve yumu\u015fak dokular da bu b\u00f6lgede yerini al\u0131yor. Kulaktan \u00e7eneye do\u011fru ak\u0131\u015fkan ve dolgun bir a\u011fr\u0131 hissedildi\u011finde, ya da bu b\u00f6lgede da\u011f\u0131n\u0131k bir a\u011fr\u0131 hissedildi\u011finde <span style=\"color: #ff0000;\"><strong><a style=\"color: #ff0000;\" href=\"https:\/\/www.retouchbody.com\/tr\/eklem-plagi\/\"><span style=\"text-decoration: underline;\">eklem pla\u011f\u0131<\/span><\/a><\/strong><\/span> sinyalleri veriliyor olabilir. Bu b\u00f6lgede olu\u015fan hassasiyeti gidermek, a\u011fr\u0131n\u0131n sebebini bulmak ve hastay\u0131 bir an \u00f6nce rahatlatmak i\u00e7in plak tedavisine ba\u015flan\u0131r.<\/p>\n<p>Tedavide kullan\u0131lan plak tamamen ki\u015fiye \u00f6zeldir. Fonksiyonlar\u0131n daha rahat bir \u015fekilde hayata ge\u00e7irilmesinde yard\u0131mc\u0131 olur. Bu hastal\u0131k asl\u0131nda eklemlerde plak meydana geldi\u011fini anlat\u0131r.<\/p>\n<p>Eklemler art\u0131k fonksiyonlar\u0131n\u0131 yerine getiremez hale gelir ve a\u00e7ma kapamada dahi zorluk ya\u015fanmaya ba\u015flar. Bu zorluklardan kurtulmak i\u00e7in etkili bir tedavi y\u00f6ntemi gereklidir ve burada devreye plak kullan\u0131m\u0131 giri\u015f yapar. Bu plaklar hem \u00e7eneyi, hem eklemleri hem de y\u00fcz kaslar\u0131n\u0131 etkileyecek derecede ileri seviyeye ge\u00e7ebilir. Kulaklarda enfeksiyon olu\u015fmas\u0131na ve \u015fiddetli a\u011fr\u0131 semptomlar\u0131na da neden olabilir.<\/p>\n<h2><span class=\"ez-toc-section\" id=\"Eklem_Plagi_Neden_Kullanilir\"><\/span>Eklem Pla\u011f\u0131 Neden Kullan\u0131l\u0131r?<span class=\"ez-toc-section-end\"><\/span><\/h2>\n<p>\u00c7ene eklemi rahats\u0131zl\u0131klar\u0131n\u0131n tedavisinde s\u0131kl\u0131kla eklem pla\u011f\u0131 kullan\u0131l\u0131r. Bu, di\u015f s\u0131kma veya g\u0131c\u0131rdatma gibi sorunlar\u0131n neden oldu\u011fu a\u011fr\u0131lar\u0131 hafifletmek i\u00e7in idealdir, \u00f6zellikle \u00e7ene eklemi fonksiyonu bozuk olan ki\u015filer i\u00e7in.<\/p>\n<p>\u00c7ene eklemi, g\u00fcnl\u00fck hareketler s\u0131ras\u0131nda \u00e7eneyi ve di\u015fleri desteklemek zorunda oldu\u011fundan, a\u015f\u0131r\u0131 bask\u0131 a\u011fr\u0131 veya zarar verebilir. Eklem pla\u011f\u0131, bu bask\u0131y\u0131 azaltarak \u00e7ene kaslar\u0131n\u0131 rahatlat\u0131r. Ek olarak, eklem pla\u011f\u0131 uzun vadede di\u015flerin zarar g\u00f6rmesini \u00f6nler.<\/p>\n<p>Pla\u011f\u0131n kullan\u0131m\u0131 genellikle gece yap\u0131l\u0131r ve ki\u015fiye \u00f6zeldir. D\u00fczenli olarak di\u015f hekimi taraf\u0131ndan kontrol edilmesi gereken bu plaklar, kulak \u00e7\u0131nlamas\u0131, \u00e7ene kilitlenmesi ve ba\u015f a\u011fr\u0131s\u0131 gibi di\u011fer semptomlar\u0131 hafifletmeye yard\u0131mc\u0131 olabilir. Sonu\u00e7 olarak, eklem pla\u011f\u0131 hem koruyucu hem de tedavi edicidir.<\/p>\n<h2><span class=\"ez-toc-section\" id=\"Eklem_Plagi_Avantajlari\"><\/span>Eklem Pla\u011f\u0131 Avantajlar\u0131<span class=\"ez-toc-section-end\"><\/span><\/h2>\n<p>\u00c7ene eklemi bozukluklar\u0131 ve di\u015f s\u0131kma gibi sorunlar\u0131n tedavisinde eklem pla\u011f\u0131 \u00e7ok faydal\u0131d\u0131r. \u00d6ncelikle, \u00e7ene kaslar\u0131n\u0131 rahatlat\u0131r ve a\u015f\u0131r\u0131 bask\u0131y\u0131 azalt\u0131r. \u00c7ene ekleminin a\u011fr\u0131 ve sertli\u011fini azaltt\u0131\u011f\u0131 i\u00e7in g\u00fcnl\u00fck ya\u015fam kalitesini iyile\u015ftirir.<\/p>\n<p>Di\u015flerin s\u0131kma ve g\u0131c\u0131rdatma gibi durumlarda zarar g\u00f6rmesini \u00f6nler. Bu, di\u015flerin a\u015f\u0131nmas\u0131n\u0131 ve k\u0131r\u0131lmas\u0131n\u0131 \u00f6nler. Ayn\u0131 zamanda kulak \u00e7\u0131nlamas\u0131, \u00e7ene kilitlenmesi ve ba\u015f a\u011fr\u0131s\u0131 gibi yan etkilerini hafifletebilir.<\/p>\n<p>Eklem pla\u011f\u0131, geceleri kullan\u0131ld\u0131\u011f\u0131 i\u00e7in g\u00fcnd\u00fcz aktivitelerini etkilemez ve olduk\u00e7a rahat bir tedavi y\u00f6ntemidir. Ki\u015fiye \u00f6zel olarak tasarlanm\u0131\u015ft\u0131r, bu y\u00fczden kullan\u0131m s\u0131ras\u0131nda rahats\u0131z etmez.<\/p>\n<p>Bir\u00e7ok hasta i\u00e7in de cerrahi m\u00fcdahaleye gerek kalmadan uygulanabilen bir tedavi se\u00e7ene\u011fi olmas\u0131 \u00e7ekici bir se\u00e7enektir. D\u00fczenli kullan\u0131m\u0131, uzun vadede \u00e7ene ekleminin sa\u011fl\u0131\u011f\u0131n\u0131 korur ve ileride geli\u015febilecek daha ciddi sorunlar\u0131 \u00f6nler.<\/p>\n<h2><span class=\"ez-toc-section\" id=\"Eklem_Plagi_Kimlerde_Gorulur\"><\/span>Eklem Pla\u011f\u0131 Kimlerde G\u00f6r\u00fcl\u00fcr?<span class=\"ez-toc-section-end\"><\/span><\/h2>\n<p>Her ya\u015f grubunda meydana gelme olas\u0131l\u0131\u011f\u0131 olan eklem pla\u011f\u0131 daha \u00e7ok yeti\u015fkin ya\u015f gruplar\u0131nda ve ileri ya\u015f gruplar\u0131nda meydana gelir. Buna dair geli\u015ftirilen eklem pla\u011f\u0131 tedavisi sayesinde sorunun a\u015fama kaydetmesinin \u00f6n\u00fcne ge\u00e7ilmi\u015f olur. Eklem pla\u011f\u0131 tedavisi, \u00e7ene eklemlerinde olu\u015fan pla\u011f\u0131n giderilmesi amac\u0131yla uygulan\u0131yor.<\/p>\n<p>A\u011f\u0131z ve di\u015f konusunda her a\u00e7\u0131dan sa\u011fl\u0131kl\u0131 bir a\u011f\u0131z yap\u0131s\u0131na sahip olmak i\u00e7in mutlaka s\u0131k s\u0131k rutin kontrollere gidilmesi gerekiyor. \u00c7enede a\u011fr\u0131 meydana gelen, di\u015flerinde g\u0131c\u0131rdatma sorunu ba\u015flayan, di\u015flerini istemsiz bir \u015fekilde s\u0131kan ve \u00e7enesini oynat\u0131rken, yemek yerken ve konu\u015furken ses gelen ki\u015filer bu tedaviyi olmas\u0131 gereken ki\u015filerdir.<\/p>\n<p>S\u00fcrekli ayn\u0131 tarafla yemek yiyen ki\u015filerde bu plak hastal\u0131\u011f\u0131 daha s\u0131k meydana gelir. Ayn\u0131 zamanda genetik ve anatomik fakt\u00f6rler de son derece etkili olabiliyor. \u00c7ene ekleminde meydana gelen sorunlar\u0131n nedenleri ki\u015fiden ki\u015fiye g\u00f6re de\u011fi\u015febilir.<\/p>\n<p>\u00c7ene eklemi rahats\u0131zl\u0131klar\u0131 farkl\u0131 hastal\u0131klara da neden olabilir. K\u00f6t\u00fc sonu\u00e7lara yol a\u00e7madan k\u0131sa s\u00fcrede uzman bir \u00e7ene ve di\u015f eklemi doktoruyla g\u00f6r\u00fc\u015fmek gerekir.<\/p>\n<h2><span class=\"ez-toc-section\" id=\"Cene_Eklem_Plagi\"><\/span>\u00c7ene Eklem Pla\u011f\u0131<span class=\"ez-toc-section-end\"><\/span><\/h2>\n<p>\u00c7ene kendi kendine gev\u015feyebilen ve s\u0131k\u0131labilen bir b\u00f6lgedir. \u00c7enede \u00e7\u0131k\u0131kl\u0131k ya da k\u0131r\u0131kl\u0131k meydana geldi\u011finde olduk\u00e7a ac\u0131l\u0131 bir s\u00fcre\u00e7 hastay\u0131 bekler. Bu t\u00fcr vakalarla kar\u015f\u0131la\u015fan di\u015f hekimleri de olduk\u00e7a zorlu ge\u00e7en dakikalar ya\u015farlar.<\/p>\n<p>Ancak bu t\u00fcr sorunlar tam olarak ba\u015fa gelmeden en ba\u015f\u0131nda eklem pla\u011f\u0131 tedavisi olmak gerekir. \u00c7enede bazen meydana gelen problemler kendini belli etmez. Bu nedenle de hastal\u0131klar zaman i\u00e7erisinde kendili\u011finden iyile\u015fme g\u00f6sterebilir. Ancak \u00e7ok ileri seviyeye ge\u00e7en hastal\u0131klar i\u00e7in eklem pla\u011f\u0131 tedavisi g\u00f6rmek ya da operasyon \u015fart olur.<\/p>\n<p>Olduk\u00e7a teferruat kullan\u0131larak muayene yap\u0131l\u0131r. \u00c7enede, kemiksi dokuda, eklemlerde ve yumu\u015fak dokuda herhangi bir sorun olup olmad\u0131\u011f\u0131 kontrol edilir. Kas a\u011fr\u0131lar\u0131, eklem a\u015f\u0131nmalar\u0131, eklemlerde s\u0131v\u0131 birikimi ve a\u011f\u0131r enfeksiyonlar g\u00f6r\u00fclebilir.<\/p>\n<p>T\u00fcm bu semptomlar pe\u015finden farkl\u0131 a\u011f\u0131z ve di\u015f hastal\u0131klar\u0131 getirebilir. Bu nedenle hi\u00e7 vakit kaybetmeden bir \u00e7ene uzman\u0131na g\u00f6r\u00fcnmek, gev\u015feme tekniklerinden faydalanmak ve k\u0131sa s\u00fcrede tedaviye ba\u015flamak gerekiyor. Plak kullan\u0131m\u0131 uzun s\u00fcreli bir s\u00fcre\u00e7tir. Tedavinin tam anlam\u0131yla oturmas\u0131 ve ba\u015far\u0131l\u0131 sonu\u00e7lar elde edilebilmesi i\u00e7in mutlaka d\u00fczenli olarak kullan\u0131m\u0131na devam edilmesi gerekiyor.<\/p>\n<p>Ayn\u0131 zamanda d\u00fczenli olarak \u00e7ene egzersizleri yap\u0131lmas\u0131 da gerekir. Gece ve g\u00fcnd\u00fcz kullan\u0131lmas\u0131 gereken plaklar farkl\u0131 olabilir. Gece plaklar\u0131n\u0131n kullan\u0131m\u0131 maksimum 12 saatle s\u0131n\u0131rl\u0131d\u0131r. 12 saatten fazla kullanmamaya dikkat edilmelidir. G\u00fcnd\u00fcz plaklar\u0131n\u0131n kullan\u0131m\u0131 ise 4 saatle s\u0131n\u0131rl\u0131d\u0131r. 4 saatten fazla kullanmamaya dikkat edilmelidir.<\/p>\n<p>\u00c7enede olu\u015fan hastal\u0131klar\u0131n plakla tedavisinde \u00e7ok ba\u015far\u0131l\u0131 sonu\u00e7lar elde edilemedi\u011fi takdirde, bir fizyoterapist devreye girer. Profesyonel \u00e7ene eklem egzersizleri yap\u0131l\u0131r. Belirli bir plan ve program dahilinde yap\u0131lan bu egzersizlerin yan\u0131 s\u0131ra plak kullan\u0131m\u0131na da ara verilmez.<\/p>\n<p>\u0130ki y\u00f6ntem e\u015f zamanl\u0131 olarak kullan\u0131lmaya devam eder. B\u00f6ylece eklemlere daha fazla zarar gelmeden profesyonel bir \u015fekilde tedavi tamamlanm\u0131\u015f olur. Bu y\u00f6ntemlere ek olarak elbette ila\u00e7 kullan\u0131m\u0131 da \u00f6nemlidir. Di\u015f hekimi taraf\u0131ndan verilen ila\u00e7lar aksat\u0131lmadan ve d\u00fczeni bozmadan kullanmaya devam edilmelidir.<\/p>\n<h2><span class=\"ez-toc-section\" id=\"Splint_Nedir\"><\/span>Splint Nedir?<span class=\"ez-toc-section-end\"><\/span><\/h2>\n<p>Gece pla\u011f\u0131 olarak adland\u0131r\u0131lan aparat\u0131n bir di\u011fer ismi de splint olarak bilinir. Yaln\u0131zca gece kullan\u0131m\u0131 i\u00e7in tasarlanan splint eklem pla\u011f\u0131 tedavisi kapsam\u0131nda \u00f6nemli bir yere sahiptir.<\/p>\n<p>\u00c7ene a\u011fr\u0131s\u0131 ba\u015flayan ve \u00e7enesini kullanmakta zorluk \u00e7ekenler i\u00e7in splint kullan\u0131m\u0131 devreye giriyor. \u00d6zellikle de gece boyunca di\u015f g\u0131c\u0131rdatanlar, di\u015flerini istem d\u0131\u015f\u0131 s\u0131kanlar, horlayanlar ve daha bir\u00e7ok uyku problemi ya\u015fayanlar i\u00e7in splint, kullan\u0131lmas\u0131 gereken bir aparatt\u0131r.<\/p>\n<p>Eklem pla\u011f\u0131 tedavisi kapsam\u0131nda yer al\u0131r. \u00c7enede a\u011fr\u0131 ba\u015flad\u0131\u011f\u0131nda ve uyku apnesi gibi de\u011fi\u015fik semptomlar g\u00f6r\u00fclmeye ba\u015flad\u0131\u011f\u0131nda derhal uzman di\u015f hekimi ile g\u00f6r\u00fc\u015fmek ve gece pla\u011f\u0131 kullan\u0131m\u0131na ge\u00e7mek gerekir.<\/p>\n<p>Tedavi ertelendik\u00e7e daha ciddi sorunlar meydana gelebilir ve hastada farkl\u0131 a\u011f\u0131z ve di\u015f hastal\u0131klar\u0131 olu\u015fabilir. \u00c7ene eklemlerinde enfeksiyonlar, bakteri plaklar\u0131, yaralanmalar, aftlar ve iltihapl\u0131 pek \u00e7ok sorun meydana gelebilir.<\/p>\n<p>Bu sorunlar beraberinde \u015fiddetli a\u011fr\u0131lar\u0131, uykusuz geceleri getirir. Tedavi edilmedi\u011finde ise bakterilerin yerle\u015fmesi ve \u00e7o\u011falmas\u0131 daha h\u0131zl\u0131 ger\u00e7ekle\u015fir. Yemek yemek, konu\u015fmak e hafif derece g\u00fclmek dahi \u00e7ok zor bir h\u00e2l al\u0131r.<\/p>\n<p>Dolay\u0131s\u0131yla da stresli ve estetik kayg\u0131 ta\u015f\u0131nan d\u00f6nemlere girilebilir. Bu nedenle splinte ihtiya\u00e7 duyulur. Hi\u00e7bir \u015fekilde aksatmadan ve ertelemeden, d\u00fczenli olarak gece pla\u011f\u0131 kullan\u0131lmaya devam edilmelidir.<\/p>\n<h2><span class=\"ez-toc-section\" id=\"Splint_Hangi_Durumlarda_Kullanilir\"><\/span>Splint Hangi Durumlarda Kullan\u0131l\u0131r?<span class=\"ez-toc-section-end\"><\/span><\/h2>\n<p>Gece pla\u011f\u0131 olarak ya da splint olarak bilinen aparat\u0131n kullan\u0131m\u0131 ki\u015fiye \u00f6zeldir. \u00c7ene eklemlerinde meydana gelen sorunlar sonucunda a\u011f\u0131z fonksiyonlar\u0131nda yava\u015flama ve kay\u0131plar meydana geldi\u011finde kullan\u0131l\u0131r.<\/p>\n<p>Eklem pla\u011f\u0131 tedavisi i\u00e7erisinde en \u00e7ok yer verilen y\u00f6ntemlerden birisidir. D\u0131\u015f s\u0131kma durumlar\u0131nda, di\u015f g\u0131c\u0131rdatma durumlar\u0131na, horlama durumlar\u0131nda, \u00e7enede a\u011fr\u0131 oldu\u011funda, \u00e7eneyi rahat hareket ettirememe sorunu ya\u015fand\u0131\u011f\u0131nda splint kullan\u0131m\u0131na ihtiya\u00e7 duyulur.<\/p>\n<p>D\u00fczenli kullan\u0131m sonucunda hem \u00e7ene eklemlerinde gev\u015feme ve rahat kullan\u0131m devam eden hem de a\u011f\u0131z fonksiyonlar\u0131n\u0131 tam olarak yerine getirmeye ba\u015flar. Tedaviden ve splint kullan\u0131m\u0131ndan \u00f6nce hastalar \u015fiddetli a\u011fr\u0131lar ve zor anlar ya\u015farlar. \u00c7ene \u00e7\u0131kmas\u0131 ve \u00e7eneden k\u0131t k\u0131t ses gelmesi olay\u0131na varana kadar artan sorunlar ya\u015fanabilir. Bu sorunlar\u0131 t\u00fcm\u00fcyle ortadan kald\u0131rmaya y\u00f6nelik olarak splint kullan\u0131l\u0131r.<\/p>\n<h2><span class=\"ez-toc-section\" id=\"Eklem_Plagi_Fiyatlari_2026\"><\/span>Eklem Pla\u011f\u0131 Fiyatlar\u0131 2026<span class=\"ez-toc-section-end\"><\/span><\/h2>\n<p>Haz\u0131rlanan plaklar tamamen ki\u015finin a\u011f\u0131z ve di\u015f \u00f6l\u00e7\u00fcs\u00fcne g\u00f6re haz\u0131rland\u0131\u011f\u0131 i\u00e7in net bir fiyat bilgisi vermek do\u011fru de\u011fildir.<\/p>\n<p>Ancak eklem pla\u011f\u0131 tedavisi kapsam\u0131nda kullan\u0131lacak olan plak malzemesi, plak say\u0131s\u0131 ve \u00f6l\u00e7\u00fclerine ba\u011fl\u0131 olarak fiyatlarda de\u011fi\u015fme olabilir. <span style=\"text-decoration: underline;\"><strong>Eklem pla\u011f\u0131 fiyatlar\u0131 2026<\/strong><\/span>\u00a0hakk\u0131nda daha detayl\u0131 bilgi almak i\u00e7in bize hemen ula\u015f\u0131n.<\/p>\n<p>\u0130nstagram&#8217;da bizi takip etmeyi unutmay\u0131n, <a href=\"https:\/\/www.instagram.com\/retouchbody\/\" target=\"_blank\" rel=\"noopener\"><span style=\"color: #ff0000;\"><strong>Retouchbody<\/strong><\/span><\/a><\/p>\n","protected":false},"excerpt":{"rendered":"<p>Eklem Pla\u011f\u0131 Nedir? Eklem Pla\u011f\u0131 , \u00e7ene ekleminde meydana gelen rahats\u0131zl\u0131klar\u0131 tedavi etmek amac\u0131yla uygulanan tedavi bi\u00e7imidir. \u00c7ene eklemleri en hassas olan ve yeme, yutma, \u00e7i\u011fneme gibi hayati eylemleri ger\u00e7ekle\u015ftirmeye yarayan bir b\u00f6l\u00fcmd\u00fcr. Kulaklar\u0131n tam \u00f6n k\u0131sm\u0131nda yer alan, \u00e7i\u011fneme, konu\u015fma ve yutma i\u015flemlerini yapmaya yarayan eklemler, \u00e7enenin en \u00f6nemli k\u0131s\u0131mlar\u0131d\u0131r. Bu k\u0131s\u0131mlar ki\u015fi hi\u00e7 [&hellip;]<\/p>\n","protected":false},"author":1,"featured_media":3644,"parent":0,"menu_order":0,"comment_status":"closed","ping_status":"closed","template":"","meta":{"footnotes":""},"class_list":["post-3642","page","type-page","status-publish","has-post-thumbnail","hentry"],"_links":{"self":[{"href":"https:\/\/www.retouchbody.com\/tr\/wp-json\/wp\/v2\/pages\/3642","targetHints":{"allow":["GET"]}}],"collection":[{"href":"https:\/\/www.retouchbody.com\/tr\/wp-json\/wp\/v2\/pages"}],"about":[{"href":"https:\/\/www.retouchbody.com\/tr\/wp-json\/wp\/v2\/types\/page"}],"author":[{"embeddable":true,"href":"https:\/\/www.retouchbody.com\/tr\/wp-json\/wp\/v2\/users\/1"}],"replies":[{"embeddable":true,"href":"https:\/\/www.retouchbody.com\/tr\/wp-json\/wp\/v2\/comments?post=3642"}],"version-history":[{"count":6,"href":"https:\/\/www.retouchbody.com\/tr\/wp-json\/wp\/v2\/pages\/3642\/revisions"}],"predecessor-version":[{"id":4666,"href":"https:\/\/www.retouchbody.com\/tr\/wp-json\/wp\/v2\/pages\/3642\/revisions\/4666"}],"wp:featuredmedia":[{"embeddable":true,"href":"https:\/\/www.retouchbody.com\/tr\/wp-json\/wp\/v2\/media\/3644"}],"wp:attachment":[{"href":"https:\/\/www.retouchbody.com\/tr\/wp-json\/wp\/v2\/media?parent=3642"}],"curies":[{"name":"wp","href":"https:\/\/api.w.org\/{rel}","templated":true}]}}