{"id":3614,"date":"2025-05-31T10:05:28","date_gmt":"2025-05-31T07:05:28","guid":{"rendered":"https:\/\/www.retouchbody.com\/tr\/?page_id=3614"},"modified":"2026-02-03T11:26:31","modified_gmt":"2026-02-03T08:26:31","slug":"siddetli-bulanti-refleksi","status":"publish","type":"page","link":"https:\/\/www.retouchbody.com\/tr\/siddetli-bulanti-refleksi\/","title":{"rendered":"\u015eiddetli Bulant\u0131 Refleksi"},"content":{"rendered":"<div id=\"ez-toc-container\" class=\"ez-toc-v2_0_80 counter-hierarchy ez-toc-counter ez-toc-grey ez-toc-container-direction\">\n<div class=\"ez-toc-title-container\">\n<p class=\"ez-toc-title\" style=\"cursor:inherit\">\u0130\u00e7indekiler Tablosu<\/p>\n<span class=\"ez-toc-title-toggle\"><a href=\"#\" class=\"ez-toc-pull-right ez-toc-btn ez-toc-btn-xs ez-toc-btn-default ez-toc-toggle\" aria-label=\"\u0130\u00e7indekiler Tablosunu A\u00e7\/Kapat\"><span class=\"ez-toc-js-icon-con\"><span class=\"\"><span class=\"eztoc-hide\" style=\"display:none;\">Toggle<\/span><span class=\"ez-toc-icon-toggle-span\"><svg style=\"fill: #999;color:#999\" xmlns=\"http:\/\/www.w3.org\/2000\/svg\" class=\"list-377408\" width=\"20px\" height=\"20px\" viewBox=\"0 0 24 24\" fill=\"none\"><path d=\"M6 6H4v2h2V6zm14 0H8v2h12V6zM4 11h2v2H4v-2zm16 0H8v2h12v-2zM4 16h2v2H4v-2zm16 0H8v2h12v-2z\" fill=\"currentColor\"><\/path><\/svg><svg style=\"fill: #999;color:#999\" class=\"arrow-unsorted-368013\" xmlns=\"http:\/\/www.w3.org\/2000\/svg\" width=\"10px\" height=\"10px\" viewBox=\"0 0 24 24\" version=\"1.2\" baseProfile=\"tiny\"><path d=\"M18.2 9.3l-6.2-6.3-6.2 6.3c-.2.2-.3.4-.3.7s.1.5.3.7c.2.2.4.3.7.3h11c.3 0 .5-.1.7-.3.2-.2.3-.5.3-.7s-.1-.5-.3-.7zM5.8 14.7l6.2 6.3 6.2-6.3c.2-.2.3-.5.3-.7s-.1-.5-.3-.7c-.2-.2-.4-.3-.7-.3h-11c-.3 0-.5.1-.7.3-.2.2-.3.5-.3.7s.1.5.3.7z\"\/><\/svg><\/span><\/span><\/span><\/a><\/span><\/div>\n<nav><ul class='ez-toc-list ez-toc-list-level-1 eztoc-toggle-hide-by-default' ><li class='ez-toc-page-1 ez-toc-heading-level-2'><a class=\"ez-toc-link ez-toc-heading-1\" href=\"#\" data-href=\"https:\/\/www.retouchbody.com\/tr\/siddetli-bulanti-refleksi\/#Siddetli_Bulanti_Refleksi_Nedir\" >\u015eiddetli Bulant\u0131 Refleksi Nedir?<\/a><\/li><li class='ez-toc-page-1 ez-toc-heading-level-2'><a class=\"ez-toc-link ez-toc-heading-2\" href=\"#\" data-href=\"https:\/\/www.retouchbody.com\/tr\/siddetli-bulanti-refleksi\/#Siddetli_Bulanti_Refleksini_Ne_Tetikler\" >\u015eiddetli Bulant\u0131 Refleksini Ne Tetikler?<\/a><\/li><li class='ez-toc-page-1 ez-toc-heading-level-2'><a class=\"ez-toc-link ez-toc-heading-3\" href=\"#\" data-href=\"https:\/\/www.retouchbody.com\/tr\/siddetli-bulanti-refleksi\/#Siddetli_Bulanti_Refleksini_Azaltmak_Icin_Ne_Yapabilirsiniz\" >\u015eiddetli Bulant\u0131 Refleksini Azaltmak \u0130\u00e7in Ne Yapabilirsiniz?<\/a><\/li><li class='ez-toc-page-1 ez-toc-heading-level-2'><a class=\"ez-toc-link ez-toc-heading-4\" href=\"#\" data-href=\"https:\/\/www.retouchbody.com\/tr\/siddetli-bulanti-refleksi\/#Siddetli_Bulanti_Refleksi_Tedavisi_Fiyatlari_2026\" >\u015eiddetli Bulant\u0131 Refleksi Tedavisi Fiyatlar\u0131 2026<\/a><\/li><\/ul><\/nav><\/div>\n<h2><span class=\"ez-toc-section\" id=\"Siddetli_Bulanti_Refleksi_Nedir\"><\/span><strong>\u015eiddetli Bulant\u0131 Refleksi Nedir?<\/strong><span class=\"ez-toc-section-end\"><\/span><\/h2>\n<p><strong>\u015eiddetli Bulant\u0131 Refleksi<\/strong>, ad\u0131ndan dolay\u0131 di\u015f sa\u011fl\u0131\u011f\u0131yla alakal\u0131 bir sorun gibi g\u00f6r\u00fclmese de, tamamen di\u015f hastal\u0131klar\u0131yla alakal\u0131 bir sorundur. Hem enteresan hem de en s\u0131k kar\u015f\u0131la\u015f\u0131lan sorunlardan biri olan \u015fiddetli bulant\u0131 refleksi asl\u0131nda di\u015f\u00e7iye gitmekten korkanlar i\u00e7in ortaya \u00e7\u0131km\u0131\u015f olan rekleksif bir rahats\u0131zl\u0131kt\u0131r.<\/p>\n<p>Di\u015f ve a\u011f\u0131z bak\u0131m\u0131 her zaman son derece \u00f6nemli olan bir s\u00fcre\u00e7tir. \u00c7ocukluktan itibaren kazan\u0131lmas\u0131 gereken di\u015f f\u0131r\u00e7alama al\u0131\u015fkanl\u0131\u011f\u0131 \u00f6m\u00fcr boyu s\u00fcrd\u00fcr\u00fclmelidir.<\/p>\n<p>Bu al\u0131\u015fkanl\u0131k k\u0131sa s\u00fcreli\u011fine dahi b\u0131rak\u0131l\u0131rsa, di\u015flerde sararmalar, lekelenmeler, bakteri pla\u011f\u0131, tartar ve di\u015f ta\u015f\u0131 olu\u015fumu ba\u015flar. Daha da ileri seviyeye ta\u015f\u0131nan bu durum ne yaz\u0131k ki di\u015f \u00e7\u00fcr\u00fckleri ve di\u015f kay\u0131plar\u0131n\u0131 da beraberinde getirir.<\/p>\n<p>Elbette bu gibi di\u015f hastal\u0131klar\u0131 ve di\u015f eti sorunlar\u0131yla kar\u015f\u0131la\u015fmamak ad\u0131na di\u015f bak\u0131m\u0131na son derece \u00f6zenle devam edilmesi gerekiyor. Di\u015fler g\u00fcnde en az iki kez f\u0131r\u00e7alanmal\u0131, di\u015f aralar\u0131 di\u015f ipi ile temizlenmelidir. K\u00fcrdan ve benzeri malzemeler di\u015flere temas ettirilmemeli ve tercih edilen t\u00fcm di\u015f bak\u0131m \u00fcr\u00fcnlerinin kaliteli olmas\u0131na da dikkat edilmelidir.<\/p>\n<p>Ancak baz\u0131 ki\u015filerde do\u011fu\u015ftan gelen ya da ya\u015fan\u0131lan baz\u0131 di\u015f\u00e7i problemlerinden \u00f6t\u00fcr\u00fc olu\u015fan <span style=\"color: #ff0000;\"><strong><a style=\"color: #ff0000;\" href=\"https:\/\/www.retouchbody.com\/tr\/siddetli-bulanti-refleksi\/\"><span style=\"text-decoration: underline;\">\u015fiddetli bulant\u0131 refleksi<\/span><\/a><\/strong><\/span> sonucunda a\u011f\u0131z ve di\u015f bak\u0131m\u0131 yapmak son derece zorlu bir s\u00fcre\u00e7 haline gelir. Bu reflekse sahip olan ki\u015filer i\u00e7in ko\u015fullanmak \u00e7ok \u00fcst d\u00fczeye \u00e7\u0131kmaya devam eder ve ne yaz\u0131k ki di\u015f\u00e7i korkusuna da zemin haz\u0131rlanm\u0131\u015f olur.<\/p>\n<p>\u015eiddetli bulant\u0131 refleksi sahibi olan ki\u015filer i\u00e7in bu durumu tetikleyen bir\u00e7ok fakt\u00f6r olabilir. Ancak en temel fakt\u00f6r di\u015f\u00e7iye gitmekten korkmak ve di\u015f\u00e7inin kullanaca\u011f\u0131 malzemelerden korkmakt\u0131r. Di\u015f\u00e7i koltu\u011fu ile ac\u0131 hastan\u0131n zihninde \u00e7ok ciddi bir korku olu\u015fturur.<\/p>\n<p>Bu korku da beraberinde refleksi getirir. Bu refleksten kurtulman\u0131n en etkili yolu ise kesinlikle di\u015f\u00e7iye gitmek, tedavi olmak ve bu korkuyu bizzat yerinde yenmektir. Di\u015f bak\u0131m\u0131 yaparken, a\u011f\u0131z bak\u0131m\u0131 yaparken ve di\u015f kontrol\u00fcne giderken meydana gelen bulant\u0131 refleksi, ki\u015fide kusma meydana getirmez.<\/p>\n<p>Ancak di\u015flerle alakal\u0131 bir \u015feyden s\u00f6z edildi\u011finde dahi ki\u015fide mide bulant\u0131s\u0131 ba\u015flar ancak kusma olu\u015fmaz. Mide s\u00fcrekli bir d\u00f6ng\u00fc haline girer ve hasta kusacakm\u0131\u015f gibi bir pozisyon al\u0131r.<\/p>\n<p>Bu durum hastay\u0131 ger\u00e7ek anlamda zorlar ve s\u00fcrekli korku i\u00e7inde ya\u015famaya devam eder. bu refleksin \u00fczerine gidilmedi\u011finde ve a\u015f\u0131lmad\u0131\u011f\u0131nda ise a\u011f\u0131z bak\u0131m\u0131 da di\u015f bak\u0131m\u0131 da yeterli ve gerekti\u011fi kadar yap\u0131lamaz. Bunun sonucunda da hastada ne yaz\u0131k ki \u00e7ok ciddi di\u015f hastal\u0131klar\u0131 olu\u015fur.<\/p>\n<p>Di\u015f \u00e7\u00fcr\u00fcmeleri \u00e7ok daha h\u0131zl\u0131 \u015fekilde ger\u00e7ekle\u015fir. Di\u015f etlerinde kanamalar ba\u015flar be en k\u00f6t\u00fcs\u00fc de di\u015f kay\u0131plar\u0131 ya\u015fanmaya ba\u015flar. Sonras\u0131nda ise implant gibi, damak gibi \u00e7ok daha farkl\u0131 di\u015f yap\u0131mlar\u0131na girilmek zorunda kal\u0131nabilir. T\u00fcm bu sorunlar\u0131n temelinde ise di\u015f\u00e7iden korkma ile ba\u015flayan mide bulant\u0131s\u0131 refleksi yatar.<\/p>\n<h2><span class=\"ez-toc-section\" id=\"Siddetli_Bulanti_Refleksini_Ne_Tetikler\"><\/span><strong>\u015eiddetli Bulant\u0131 Refleksini Ne Tetikler?<\/strong><span class=\"ez-toc-section-end\"><\/span><\/h2>\n<p>Di\u015f ve a\u011f\u0131z sorunlar\u0131yla alakal\u0131 olan \u015fiddetli bulant\u0131 refleksi fiziksel ve psikolojik fakt\u00f6rler taraf\u0131ndan tetiklenir. \u00d6ncelikle bu tetikleyici fakt\u00f6rleri bulmak ve bulant\u0131 refleksini azaltmaya y\u00f6nelik davranmak olduk\u00e7a \u00f6nemli bir s\u00fcre\u00e7tir. \u015eiddetli bulant\u0131 refleksi, do\u011fu\u015ftan olu\u015fabilen bir durumdur.<\/p>\n<p>Ancak daha \u00e7ok bir di\u015f problemi sonucunda di\u015f\u00e7iye gitmek ve orada ya\u015fanan bir deneyim sonucunda olu\u015ftu\u011fu da bilinir. Di\u015f\u00e7iye giden ve di\u015f\u00e7ide \u00e7ok ac\u0131 \u00e7eken, di\u015f\u00e7inin kulland\u0131\u011f\u0131 malzemelerin kokusundan etkilenen ve sonras\u0131nda di\u015f k\u00f6klerinde \u015fiddetli a\u011fr\u0131 meydana gelen ki\u015filerde bu durum daha fazla meydana geliyor.<\/p>\n<p>Yeniden bir a\u011f\u0131z ya da di\u015f problemi ya\u015fad\u0131klar\u0131 zaman di\u015f hekimine gittikleri takdirde ayn\u0131 sorunlar\u0131n tekrarlayaca\u011f\u0131n\u0131 d\u00fc\u015f\u00fcnerek gitmek istemezler. Zihinlerinde direkt o an ya\u015fad\u0131klar\u0131 his ve k\u00f6t\u00fc kokular belirir ve midede bir kas\u0131lma meydana gelir.<\/p>\n<p>\u015eiddetli bulant\u0131 refleksi sadece psikolojik ya da sadece fiziksel olarak ya\u015fanmaz. Her iki durumun da kombinasyonu sonucunda meydana gelir. Bu nedenle iki mekanizma ayn\u0131 anda devreye girdi\u011finde mide bulant\u0131s\u0131 ba\u015flar.<\/p>\n<p>Bir yerden ge\u00e7erken g\u00f6r\u00fclen bir di\u015f klini\u011fi dahi ki\u015fide bu refleksin ortaya \u00e7\u0131kmas\u0131na sebep olur. Bu refleks ayn\u0131 zamanda faringeal refleks olarak da adland\u0131r\u0131l\u0131r. Bir di\u015f tedavisi s\u0131ras\u0131nda bo\u011faz\u0131na bir maddenin de\u011fmesi sonucunda \u00f6\u011f\u00fcrme refleksi olu\u015fan ki\u015fide art\u0131k bu durum kal\u0131c\u0131 hale gelir.<\/p>\n<p>Akl\u0131na o an geldi\u011fi her dakika mide bulant\u0131s\u0131 ba\u015flar ve bo\u011faza bir di\u015f tedavi malzemesi bat\u0131yormu\u015f hissi kazan\u0131l\u0131r. Di\u015f hekimi koltu\u011funda di\u015f tedavisi g\u00f6r\u00fcrken anestezi olmas\u0131na ra\u011fmen ac\u0131 hisseden, solunum yoluna di\u015f \u00fcr\u00fcnlerinin kokusu ka\u00e7an ki\u015filerde de ister istemez bir \u00f6\u011f\u00fcrme durumu meydana gelir.<\/p>\n<p>\u00f6zellikle de di\u015f hekimi bunu fark etmezse ve o an m\u00fcdahalede bulunmazsa, bulant\u0131 refleksi ne yaz\u0131k ki kal\u0131c\u0131 hale gelir. Sonras\u0131nda ise ki\u015fi sadece di\u015f hekimine gitmemekle kalmaz ayn\u0131 zamanda di\u015flerini f\u0131r\u00e7alarken de s\u00fcrekli bu durum meydana gelmeye ba\u015flar.<\/p>\n<p>\u00d6nemli olan k\u0131s\u0131mlardan biri de \u015fudur. Bulant\u0131 refleksi di\u015f ve a\u011f\u0131z bak\u0131m\u0131yla alakal\u0131 olsa da, asl\u0131nda do\u011fu\u015ftan gelebilen ve farkl\u0131 \u015feylere kar\u015f\u0131 da olu\u015fabilen bir durumdur.<\/p>\n<p>Ancak bu durum daha \u00e7ok a\u011f\u0131z ve di\u015f bak\u0131m\u0131 alan\u0131nda ki\u015fiyi zorlar. \u00c7\u00fcnk\u00fc di\u015f tedavileri \u00e7ok k\u0131sa s\u00fcren tedaviler de\u011fildir ve hasta 2 dakikal\u0131k bir di\u015f f\u0131r\u00e7alama s\u00fcresini 20 dakika gibi alg\u0131layabilir. Bu k\u00fc\u00e7\u00fcc\u00fck bir dakika oynamas\u0131 dahi hastay\u0131 tetikler ve midede bulant\u0131 ba\u015flar.<\/p>\n<h2><span class=\"ez-toc-section\" id=\"Siddetli_Bulanti_Refleksini_Azaltmak_Icin_Ne_Yapabilirsiniz\"><\/span><strong>\u015eiddetli Bulant\u0131 Refleksini Azaltmak \u0130\u00e7in Ne Yapabilirsiniz?<\/strong><span class=\"ez-toc-section-end\"><\/span><\/h2>\n<p>\u015eiddetli bulant\u0131 refleksi g\u00fcn\u00fcn her saati ve her ya\u015f grubunda meydana gelebilen bir durumdur. Ancak bu durum daha \u00e7ok di\u015f tedavi anlar\u0131nda ve a\u011f\u0131z bak\u0131m anlar\u0131nda meydana gelir. Hatta ileri seviyeye ge\u00e7en refleksler, zamanla en ufak \u015feylerden dahi etkilenerek ki\u015fide bulant\u0131 hissi uyand\u0131rabilir.<\/p>\n<p>\u015eiddetli bulant\u0131 refleksi, asl\u0131nda azalt\u0131labilen ve hatta kal\u0131c\u0131 olarak ortadan kald\u0131r\u0131labilen bir durumdur. Bu durum tamamen ki\u015finin kendisiyle alakal\u0131 bir durumdur. Ancak s\u00fcreci h\u0131zland\u0131rmak ve \u00e7ok daha etkili bir \u015fekilde kurtulmak i\u00e7in psikolojik ve fiziksel destek de al\u0131nabilir.<\/p>\n<p>Bu refleksi azaltmak i\u00e7in, akl\u0131n\u0131za gelen ve tetikleyici olan durumlarda burundan derin derin nefes al\u0131p a\u011f\u0131zdan vermelisiniz. Tamamen sakin olmaya odaklanmal\u0131 ve bulant\u0131 k\u0131sm\u0131n\u0131 asla d\u00fc\u015f\u00fcnmemelisiniz.<\/p>\n<p>Bulant\u0131n\u0131n k\u0131sa bir s\u00fcre i\u00e7erisinde ge\u00e7ece\u011fine ve \u00f6nemli olan\u0131n di\u015f ve a\u011f\u0131z sa\u011fl\u0131\u011f\u0131 oldu\u011funa kendinizi inand\u0131rmal\u0131s\u0131n\u0131z. O an kesinlikle mide ve bulant\u0131 gibi kavramlara odaklanmamal\u0131 ve dikkatinizi tamamen ba\u015fka yere vermelisiniz.<\/p>\n<p>Sizi o an tetikleyen durumlar\u0131 g\u00f6zden ge\u00e7irmeli ve bu durumlar\u0131 ortamdan olabildi\u011fince uzakla\u015ft\u0131rmaya \u00e7al\u0131\u015fmal\u0131s\u0131n\u0131z. Odak noktan\u0131z\u0131 her seferinde de\u011fi\u015ftirmeli ve g\u00f6zlerinizi ba\u015fka yere \u00e7evirmelisiniz. Korkunuzu yenmek i\u00e7in \u00e7aba g\u00f6stermeli ve kesinlikle ba\u015fka konulardan bahsetmelisiniz.<\/p>\n<p>Derin nefes almaya odakland\u0131\u011f\u0131n\u0131z zaman bulant\u0131n\u0131n da kesilmeye ba\u015flad\u0131\u011f\u0131n\u0131 ve \u00e7ok daha iyi hissetti\u011finizi g\u00f6receksiniz. Daha da etkili olmas\u0131 ad\u0131na burnunuzdan nefes al\u0131p a\u011fz\u0131n\u0131zdan verirken i\u00e7inizden kendi duyaca\u011f\u0131n\u0131z sesle rakamlar\u0131 saymaya da ba\u015flayabilirsiniz.<\/p>\n<p>Elinizde bir stres topu ya da stres \u00e7ark\u0131 bulundurabilirsiniz. Kulakl\u0131k takarak sakin ya da \u00e7ok hareketli bir m\u00fczik dinlemeye kendinizi verebilirsiniz. Bu t\u00fcr odak noktalar\u0131n\u0131 hayat\u0131n\u0131za alarak \u015fiddetli bulant\u0131 refleksi etkilerini de en aza indirebilir ve di\u015f bak\u0131m\u0131n\u0131z\u0131 da tedavinizi de yapt\u0131rabilirsiniz.<\/p>\n<h2><span class=\"ez-toc-section\" id=\"Siddetli_Bulanti_Refleksi_Tedavisi_Fiyatlari_2026\"><\/span>\u015eiddetli Bulant\u0131 Refleksi Tedavisi Fiyatlar\u0131 2026<span class=\"ez-toc-section-end\"><\/span><\/h2>\n<p><span style=\"text-decoration: underline;\"><strong>\u015eiddetli bulant\u0131 refleksi tedavisi fiyatlar\u0131 2026<\/strong><\/span> hakk\u0131nda bilgi almak i\u00e7in bizlere ula\u015fabilirsiniz.<\/p>\n<p>\u0130nstagram&#8217;da bizi takip etmeyi unutmay\u0131n, <span style=\"color: #ff0000;\"><strong><a style=\"color: #ff0000;\" href=\"https:\/\/www.instagram.com\/retouchbody\/\" target=\"_blank\" rel=\"noopener\">Retouchbody<\/a><\/strong><\/span><\/p>\n","protected":false},"excerpt":{"rendered":"<p>\u015eiddetli Bulant\u0131 Refleksi Nedir? \u015eiddetli Bulant\u0131 Refleksi, ad\u0131ndan dolay\u0131 di\u015f sa\u011fl\u0131\u011f\u0131yla alakal\u0131 bir sorun gibi g\u00f6r\u00fclmese de, tamamen di\u015f hastal\u0131klar\u0131yla alakal\u0131 bir sorundur. Hem enteresan hem de en s\u0131k kar\u015f\u0131la\u015f\u0131lan sorunlardan biri olan \u015fiddetli bulant\u0131 refleksi asl\u0131nda di\u015f\u00e7iye gitmekten korkanlar i\u00e7in ortaya \u00e7\u0131km\u0131\u015f olan rekleksif bir rahats\u0131zl\u0131kt\u0131r. Di\u015f ve a\u011f\u0131z bak\u0131m\u0131 her zaman son derece [&hellip;]<\/p>\n","protected":false},"author":1,"featured_media":4493,"parent":0,"menu_order":0,"comment_status":"closed","ping_status":"closed","template":"","meta":{"footnotes":""},"class_list":["post-3614","page","type-page","status-publish","has-post-thumbnail","hentry"],"_links":{"self":[{"href":"https:\/\/www.retouchbody.com\/tr\/wp-json\/wp\/v2\/pages\/3614","targetHints":{"allow":["GET"]}}],"collection":[{"href":"https:\/\/www.retouchbody.com\/tr\/wp-json\/wp\/v2\/pages"}],"about":[{"href":"https:\/\/www.retouchbody.com\/tr\/wp-json\/wp\/v2\/types\/page"}],"author":[{"embeddable":true,"href":"https:\/\/www.retouchbody.com\/tr\/wp-json\/wp\/v2\/users\/1"}],"replies":[{"embeddable":true,"href":"https:\/\/www.retouchbody.com\/tr\/wp-json\/wp\/v2\/comments?post=3614"}],"version-history":[{"count":3,"href":"https:\/\/www.retouchbody.com\/tr\/wp-json\/wp\/v2\/pages\/3614\/revisions"}],"predecessor-version":[{"id":4717,"href":"https:\/\/www.retouchbody.com\/tr\/wp-json\/wp\/v2\/pages\/3614\/revisions\/4717"}],"wp:featuredmedia":[{"embeddable":true,"href":"https:\/\/www.retouchbody.com\/tr\/wp-json\/wp\/v2\/media\/4493"}],"wp:attachment":[{"href":"https:\/\/www.retouchbody.com\/tr\/wp-json\/wp\/v2\/media?parent=3614"}],"curies":[{"name":"wp","href":"https:\/\/api.w.org\/{rel}","templated":true}]}}