{"id":3575,"date":"2025-05-30T16:24:38","date_gmt":"2025-05-30T13:24:38","guid":{"rendered":"https:\/\/www.retouchbody.com\/tr\/?page_id=3575"},"modified":"2026-02-03T10:47:51","modified_gmt":"2026-02-03T07:47:51","slug":"genclik-asisi","status":"publish","type":"page","link":"https:\/\/www.retouchbody.com\/tr\/genclik-asisi\/","title":{"rendered":"Gen\u00e7lik A\u015f\u0131s\u0131"},"content":{"rendered":"<div id=\"ez-toc-container\" class=\"ez-toc-v2_0_80 counter-hierarchy ez-toc-counter ez-toc-grey ez-toc-container-direction\">\n<div class=\"ez-toc-title-container\">\n<p class=\"ez-toc-title\" style=\"cursor:inherit\">\u0130\u00e7indekiler Tablosu<\/p>\n<span class=\"ez-toc-title-toggle\"><a href=\"#\" class=\"ez-toc-pull-right ez-toc-btn ez-toc-btn-xs ez-toc-btn-default ez-toc-toggle\" aria-label=\"\u0130\u00e7indekiler Tablosunu A\u00e7\/Kapat\"><span class=\"ez-toc-js-icon-con\"><span class=\"\"><span class=\"eztoc-hide\" style=\"display:none;\">Toggle<\/span><span class=\"ez-toc-icon-toggle-span\"><svg style=\"fill: #999;color:#999\" xmlns=\"http:\/\/www.w3.org\/2000\/svg\" class=\"list-377408\" width=\"20px\" height=\"20px\" viewBox=\"0 0 24 24\" fill=\"none\"><path d=\"M6 6H4v2h2V6zm14 0H8v2h12V6zM4 11h2v2H4v-2zm16 0H8v2h12v-2zM4 16h2v2H4v-2zm16 0H8v2h12v-2z\" fill=\"currentColor\"><\/path><\/svg><svg style=\"fill: #999;color:#999\" class=\"arrow-unsorted-368013\" xmlns=\"http:\/\/www.w3.org\/2000\/svg\" width=\"10px\" height=\"10px\" viewBox=\"0 0 24 24\" version=\"1.2\" baseProfile=\"tiny\"><path d=\"M18.2 9.3l-6.2-6.3-6.2 6.3c-.2.2-.3.4-.3.7s.1.5.3.7c.2.2.4.3.7.3h11c.3 0 .5-.1.7-.3.2-.2.3-.5.3-.7s-.1-.5-.3-.7zM5.8 14.7l6.2 6.3 6.2-6.3c.2-.2.3-.5.3-.7s-.1-.5-.3-.7c-.2-.2-.4-.3-.7-.3h-11c-.3 0-.5.1-.7.3-.2.2-.3.5-.3.7s.1.5.3.7z\"\/><\/svg><\/span><\/span><\/span><\/a><\/span><\/div>\n<nav><ul class='ez-toc-list ez-toc-list-level-1 eztoc-toggle-hide-by-default' ><li class='ez-toc-page-1 ez-toc-heading-level-2'><a class=\"ez-toc-link ez-toc-heading-1\" href=\"#\" data-href=\"https:\/\/www.retouchbody.com\/tr\/genclik-asisi\/#Genclik_Asisi_Nedir\" >Gen\u00e7lik A\u015f\u0131s\u0131 Nedir?<\/a><\/li><li class='ez-toc-page-1 ez-toc-heading-level-2'><a class=\"ez-toc-link ez-toc-heading-2\" href=\"#\" data-href=\"https:\/\/www.retouchbody.com\/tr\/genclik-asisi\/#Genclik_Asisi_Nasil_Yapilir\" >Gen\u00e7lik A\u015f\u0131s\u0131 Nas\u0131l Yap\u0131l\u0131r?<\/a><\/li><li class='ez-toc-page-1 ez-toc-heading-level-2'><a class=\"ez-toc-link ez-toc-heading-3\" href=\"#\" data-href=\"https:\/\/www.retouchbody.com\/tr\/genclik-asisi\/#Genclik_Asisinin_Faydalari\" >Gen\u00e7lik A\u015f\u0131s\u0131n\u0131n Faydalar\u0131<\/a><\/li><li class='ez-toc-page-1 ez-toc-heading-level-2'><a class=\"ez-toc-link ez-toc-heading-4\" href=\"#\" data-href=\"https:\/\/www.retouchbody.com\/tr\/genclik-asisi\/#Genclik_Asisi_Kimlere_Uygulanabilir\" >Gen\u00e7lik A\u015f\u0131s\u0131 Kimlere Uygulanabilir?<\/a><\/li><li class='ez-toc-page-1 ez-toc-heading-level-2'><a class=\"ez-toc-link ez-toc-heading-5\" href=\"#\" data-href=\"https:\/\/www.retouchbody.com\/tr\/genclik-asisi\/#Genclik_Asisi_Oncesi_Sonrasi\" >Gen\u00e7lik A\u015f\u0131s\u0131 \u00d6ncesi Sonras\u0131<\/a><\/li><li class='ez-toc-page-1 ez-toc-heading-level-2'><a class=\"ez-toc-link ez-toc-heading-6\" href=\"#\" data-href=\"https:\/\/www.retouchbody.com\/tr\/genclik-asisi\/#Asi_Etkisini_Ne_Zaman_Gosterir\" >A\u015f\u0131 Etkisini Ne Zaman G\u00f6sterir?<\/a><\/li><li class='ez-toc-page-1 ez-toc-heading-level-2'><a class=\"ez-toc-link ez-toc-heading-7\" href=\"#\" data-href=\"https:\/\/www.retouchbody.com\/tr\/genclik-asisi\/#Genclik_Asisi_Fiyatlari_2026\" >Gen\u00e7lik A\u015f\u0131s\u0131 Fiyatlar\u0131 2026<\/a><\/li><li class='ez-toc-page-1 ez-toc-heading-level-2'><a class=\"ez-toc-link ez-toc-heading-8\" href=\"#\" data-href=\"https:\/\/www.retouchbody.com\/tr\/genclik-asisi\/#Genclik_Asisi_ile_Ilgili_Sik_Sorulan_Sorular\" >Gen\u00e7lik A\u015f\u0131s\u0131 ile \u0130lgili S\u0131k Sorulan Sorular<\/a><ul class='ez-toc-list-level-3' ><li class='ez-toc-heading-level-3'><a class=\"ez-toc-link ez-toc-heading-9\" href=\"#\" data-href=\"https:\/\/www.retouchbody.com\/tr\/genclik-asisi\/#Genclik_Asisi_Cilde_Nasil_Etki_Etmektedir\" >Gen\u00e7lik A\u015f\u0131s\u0131 Cilde Nas\u0131l Etki Etmektedir?<\/a><\/li><li class='ez-toc-page-1 ez-toc-heading-level-3'><a class=\"ez-toc-link ez-toc-heading-10\" href=\"#\" data-href=\"https:\/\/www.retouchbody.com\/tr\/genclik-asisi\/#Genclik_Asisi_Hangi_Cilt_Problemlerinde_Tercih_Edilir\" >Gen\u00e7lik A\u015f\u0131s\u0131 Hangi Cilt Problemlerinde Tercih Edilir?<\/a><\/li><li class='ez-toc-page-1 ez-toc-heading-level-3'><a class=\"ez-toc-link ez-toc-heading-11\" href=\"#\" data-href=\"https:\/\/www.retouchbody.com\/tr\/genclik-asisi\/#Genclik_Asisinin_Dolgudan_Farki_Nedir\" >Gen\u00e7lik A\u015f\u0131s\u0131n\u0131n Dolgudan Fark\u0131 Nedir?<\/a><\/li><li class='ez-toc-page-1 ez-toc-heading-level-3'><a class=\"ez-toc-link ez-toc-heading-12\" href=\"#\" data-href=\"https:\/\/www.retouchbody.com\/tr\/genclik-asisi\/#Asinin_Yan_Etkileri_Var_Midir\" >A\u015f\u0131n\u0131n Yan Etkileri Var M\u0131d\u0131r?<\/a><\/li><\/ul><\/li><\/ul><\/nav><\/div>\n<h2><span class=\"ez-toc-section\" id=\"Genclik_Asisi_Nedir\"><\/span>Gen\u00e7lik A\u015f\u0131s\u0131 Nedir?<span class=\"ez-toc-section-end\"><\/span><\/h2>\n<p><strong>Gen\u00e7lik A\u015f\u0131s\u0131<\/strong>, 30\u2019lu ya\u015flardan sonra meydana gelen ya\u015flanma belirtilerinin \u00f6n\u00fcne ge\u00e7ebilmek i\u00e7in yap\u0131lan a\u015f\u0131lard\u0131r. Ya\u015flanma s\u00fcrecini geciktiren ve daha gen\u00e7 g\u00f6r\u00fcnmeyi sa\u011flayan etkili ve ba\u015far\u0131l\u0131 bir tedavi y\u00f6ntemidir.<\/p>\n<p>Geciken ya\u015flanma belirtilerinden sonra sizlerde aradaki fark\u0131 g\u00f6rebileceksiniz. Cerrahi m\u00fcdahaleye gerek kalmadan a\u015f\u0131 uygulamas\u0131 ile cilt yeniden onar\u0131l\u0131r ve sa\u011fl\u0131kl\u0131 hale gelir.<\/p>\n<p>Daha gen\u00e7 ve parlak g\u00f6r\u00fcnmesini sa\u011flayan a\u015f\u0131 i\u00e7erisinde hyal\u00fcronik asit yer al\u0131yor. Nem kayb\u0131 nedeni ile incelen cildin daha sa\u011fl\u0131kl\u0131 hale gelmesi i\u00e7in <span style=\"color: #ff0000;\"><strong><a style=\"color: #ff0000;\" href=\"https:\/\/www.retouchbody.com\/tr\/genclik-asisi\/\">gen\u00e7lik a\u015f\u0131s\u0131<\/a><\/strong><\/span> uygulanmas\u0131nda bir sorun yoktur.<\/p>\n<p>Normal \u015fartlar alt\u0131nda v\u00fccudun i\u00e7inde yer alan ve ya\u015f ilerledik\u00e7e azalmaya ba\u011fl\u0131 olan bu maddenin, v\u00fccuda hi\u00e7bir zarar\u0131 yoktur. Hyal\u00fcronik asit maddesi, \u00f6zellikle bebeklerde \u00e7ok fazla mevcuttur. \u0130lerlemi\u015f olan ya\u015f gere\u011fi ile asit maddesi azal\u0131r ve cilt incelir.<\/p>\n<h2><span class=\"ez-toc-section\" id=\"Genclik_Asisi_Nasil_Yapilir\"><\/span>Gen\u00e7lik A\u015f\u0131s\u0131 Nas\u0131l Yap\u0131l\u0131r?<span class=\"ez-toc-section-end\"><\/span><\/h2>\n<p>Ya\u015flanma sorunu kad\u0131nlar\u0131n ve erkeklerin korkulu r\u00fcyas\u0131 gibi bir durum haline geliyor. Ya\u015flanma, ki\u015finin elinde olmayan sebeplerden kaynakl\u0131 olarak g\u00f6r\u00fcl\u00fcr. Bunun \u00f6n\u00fcne ge\u00e7ebilmek i\u00e7in ameliyata gerek kalmadan, ya\u015flanma geciktirilmi\u015f olur.<\/p>\n<p>Bu y\u00fczden gen\u00e7lik a\u015f\u0131s\u0131 uygulamas\u0131 standart bir \u015fekilde ger\u00e7ekle\u015ftirilir. Uzman hekimlerimiz kontrol\u00fcnde ger\u00e7ekle\u015ftirilen uygulama ile hastalar\u0131m\u0131z\u0131n ihtiya\u00e7lar\u0131 en iyi \u015fekilde kar\u015f\u0131lan\u0131r. Uygulama 15 g\u00fcn aral\u0131klarla 2-3 seans \u015feklinde ger\u00e7ekle\u015ftirilir.<\/p>\n<p>\u0130\u015flemde ince i\u011fneler kullan\u0131l\u0131r ve hastan\u0131n a\u011fr\u0131 \u00e7ekmemesi i\u00e7in belirlenen b\u00f6lge uyu\u015fturulur. Sonras\u0131nda enjeksiyon yard\u0131m\u0131 ile i\u015flemin yap\u0131laca\u011f\u0131 b\u00f6lgeye enjekte edilir. \u0130\u015flem sonras\u0131nda g\u00f6r\u00fclebilen durumlar aras\u0131nda \u015fi\u015flik, morluk, k\u0131zar\u0131kl\u0131k yer al\u0131r.<\/p>\n<p>Ortaya \u00e7\u0131kan durumlar 2-3 g\u00fcn i\u00e7erisinde yok olacakt\u0131r. B\u00f6ylelikle gen\u00e7lik a\u015f\u0131s\u0131 ile daha parlak ve gen\u00e7 bir cilde sahip olmu\u015f olacaks\u0131n\u0131z. \u0130kinci g\u00fcnde hasta g\u00f6zle g\u00f6r\u00fclebilir de\u011fi\u015fikli\u011fi rahatl\u0131kla fark edecektir.<\/p>\n<h2><span class=\"ez-toc-section\" id=\"Genclik_Asisinin_Faydalari\"><\/span>Gen\u00e7lik A\u015f\u0131s\u0131n\u0131n Faydalar\u0131<span class=\"ez-toc-section-end\"><\/span><\/h2>\n<p>Normal \u015fartlar alt\u0131nda 30 ya\u015f sonras\u0131nda ciltte baz\u0131 sorunlar g\u00f6r\u00fcl\u00fcr. Burada ger\u00e7ekle\u015ftirilen gen\u00e7lik a\u015f\u0131s\u0131 ile b\u00fct\u00fcn cilt tiplerine ve ya\u015f grubuna uygulanabilen tedavi y\u00f6ntemi olmu\u015f oluyor. Enjeksiyona ba\u011fl\u0131 olan morluk, \u015fi\u015flik gibi reaksiyonlar \u00e7ok nadir g\u00f6r\u00fcl\u00fcr.<\/p>\n<p>Ciltte var olan hyal\u00fcronik asitte benzeyen molek\u00fcl yap\u0131s\u0131 vard\u0131r. Uygulama bu \u015fekilde g\u00fcvenlidir ve her b\u00f6lgeye yap\u0131labilir. Y\u00fcz, boyun, dekolte ve ellere \u00e7ok kolay bir \u015fekilde yap\u0131l\u0131r. V\u00fccutta g\u00f6r\u00fclen kuruluk giderilir ve \u00e7\u00f6z\u00fcme kavu\u015fturulur.<\/p>\n<h2><span class=\"ez-toc-section\" id=\"Genclik_Asisi_Kimlere_Uygulanabilir\"><\/span>Gen\u00e7lik A\u015f\u0131s\u0131 Kimlere Uygulanabilir?<span class=\"ez-toc-section-end\"><\/span><\/h2>\n<p>Ger\u00e7ekle\u015ftirmi\u015f oldu\u011fumuz gen\u00e7lik a\u015f\u0131s\u0131 hemen hemen b\u00fct\u00fcn hastalar\u0131m\u0131z i\u00e7in uygundur. Uygulaman\u0131n amac\u0131; v\u00fccutta meydana gelen k\u0131r\u0131\u015f\u0131kl\u0131\u011f\u0131 giderebilmek ve ya\u015flanmay\u0131 geciktirmektir. B\u00f6ylelikle ya\u015flanma gecikir ve daha gen\u00e7 g\u00f6r\u00fcnm\u00fc\u015f olursunuz.<\/p>\n<p>Y\u0131pranm\u0131\u015f ve hasarl\u0131 olan cilt onar\u0131larak daha canl\u0131 g\u00f6r\u00fcnmeyi sa\u011flar. 30 ya\u015f sonras\u0131nda dan\u0131\u015fanlar\u0131m\u0131z bu uygulamay\u0131 yapt\u0131rmak isterler. Seans say\u0131s\u0131 belirlenece\u011fi zaman hastan\u0131n durumu g\u00f6z \u00f6n\u00fcnde bulundurulur ve planlama yap\u0131l\u0131r. \u0130\u015flem sonras\u0131nda etkili sonu\u00e7lar alabilmek i\u00e7in bol bol su i\u00e7mek, sigara ve alkolden uzak durmak \u00f6nemlidir.<\/p>\n<h2><span class=\"ez-toc-section\" id=\"Genclik_Asisi_Oncesi_Sonrasi\"><\/span>Gen\u00e7lik A\u015f\u0131s\u0131 \u00d6ncesi Sonras\u0131<span class=\"ez-toc-section-end\"><\/span><\/h2>\n<p>\u0130\u015flem \u00f6ncesinde mutlaka hastalar\u0131m\u0131z, uzman hekimlerimizin kontrol\u00fcnden ge\u00e7mesi gerekir. Yap\u0131lan tahliller ve tetkikler sonras\u0131nda e\u011fer herhangi bir sorun ile kar\u015f\u0131 kar\u015f\u0131ya kal\u0131nmad\u0131ysa hastaya randevu verilir. Gen\u00e7lik a\u015f\u0131s\u0131 randevu genelde i\u015flemden \u00f6nceki 15 g\u00fcn i\u00e7in verilir. 15 g\u00fcn boyunca dikkat edilmesi gereken durumlar vard\u0131r.<\/p>\n<p>Mutlaka uzman hekimlerimizin vermi\u015f olduklar\u0131 talimatlara uyulmas\u0131 gerekir. Alkol, sigara, kan suland\u0131r\u0131c\u0131 ila\u00e7lar ve di\u011fer ila\u00e7lar\u0131n kullan\u0131m\u0131na ara verilir. E\u011fer d\u00fczenli olarak kullan\u0131lmas\u0131 gereken ila\u00e7lar var ise mutlaka uzman hekimlerimize bunu bildirmeniz gerekir.<\/p>\n<p>\u0130\u015flemin yap\u0131laca\u011f\u0131 b\u00f6lgenin temiz ve kuru olmas\u0131na dikkat edin. Uygulama s\u0131ras\u0131nda lokal anestezi uygulan\u0131r ve b\u00f6ylelikle daha az a\u011fr\u0131 hissedilmi\u015f olur.<\/p>\n<p>\u0130\u015flem yap\u0131ld\u0131ktan sonra uygulaman\u0131n yap\u0131ld\u0131\u011f\u0131 b\u00f6lge kuru tutulmas\u0131 gerekir. Bol bol istirahat ederek, dinlenin. A\u011f\u0131r spor ve egzersizlerden uzak durun. Cildinize kimyasal \u00fcr\u00fcnler s\u00fcrmemeye ve kullanmamaya dikkat edin.<\/p>\n<h2><span class=\"ez-toc-section\" id=\"Asi_Etkisini_Ne_Zaman_Gosterir\"><\/span>A\u015f\u0131 Etkisini Ne Zaman G\u00f6sterir?<span class=\"ez-toc-section-end\"><\/span><\/h2>\n<p>Yap\u0131lacak olan gen\u00e7lik a\u015f\u0131s\u0131 y\u0131lda bir kere yap\u0131lmas\u0131 yeterlidir. Seans say\u0131s\u0131na karar verdikten sonra uzman hekimlerimiz taraf\u0131ndan belirli aral\u0131klarda ger\u00e7ekle\u015ftirilmi\u015f olur. \u0130\u015flem ger\u00e7ekle\u015ftikten 3-5 g\u00fcn sonras\u0131nda etkileri g\u00f6r\u00fclmeye ba\u015flar. Bu etkisini y\u0131l boyunca devam ettirebilir.<\/p>\n<p>12 ayl\u0131k s\u00fcre sonunda yap\u0131lan i\u015flem, yava\u015f bir \u015fekilde etkisini kaybetmeye ba\u015flar. Fakat bu s\u00fcre\u00e7 i\u00e7inde cilt alt\u0131na yap\u0131lan hyal\u00fcronik asidin etkileri kal\u0131c\u0131d\u0131r. Hastalar\u0131m\u0131z\u0131n cilt tipi ve \u00e7evresel fakt\u00f6rler sayesinde cildin etkisini koruyup koruyamad\u0131\u011f\u0131yla alakal\u0131 de\u011fi\u015fkenlik g\u00f6r\u00fcl\u00fcr.<\/p>\n<h2><span class=\"ez-toc-section\" id=\"Genclik_Asisi_Fiyatlari_2026\"><\/span>Gen\u00e7lik A\u015f\u0131s\u0131 Fiyatlar\u0131 2026<span class=\"ez-toc-section-end\"><\/span><\/h2>\n<p>Estetik uygulamalar\u0131 ki\u015fiye \u00f6zel yap\u0131l\u0131r. Fakat burada yap\u0131lacak olan gen\u00e7lik a\u015f\u0131s\u0131 i\u00e7in bizimle ileti\u015fime ge\u00e7ebilirsiniz. Seans say\u0131s\u0131na g\u00f6re fiyat belirlenir. Seans ba\u015f\u0131 fiyatlar\u0131m\u0131z de\u011fi\u015fkenlik g\u00f6stermez. Fakat birden fazla seans ger\u00e7ekle\u015ftirilmesiyle birlikte fiyat art\u0131\u015f g\u00f6sterir.<\/p>\n<p>Bunun i\u00e7in mutlaka bizimle ileti\u015fime ge\u00e7erek, daha detayl\u0131 bilgi alabilirsiniz. <span style=\"text-decoration: underline;\"><strong>Gen\u00e7lik a\u015f\u0131s\u0131 fiyatlar\u0131 2026<\/strong><\/span> hakk\u0131nda bilgi almak i\u00e7in bizlere hemen ula\u015fabilirsiniz.<\/p>\n<h2><span class=\"ez-toc-section\" id=\"Genclik_Asisi_ile_Ilgili_Sik_Sorulan_Sorular\"><\/span>Gen\u00e7lik A\u015f\u0131s\u0131 ile \u0130lgili S\u0131k Sorulan Sorular<span class=\"ez-toc-section-end\"><\/span><\/h2>\n<h3><span class=\"ez-toc-section\" id=\"Genclik_Asisi_Cilde_Nasil_Etki_Etmektedir\"><\/span>Gen\u00e7lik A\u015f\u0131s\u0131 Cilde Nas\u0131l Etki Etmektedir?<span class=\"ez-toc-section-end\"><\/span><\/h3>\n<p>30 ya\u015f sonras\u0131nda cildin elastik yap\u0131s\u0131n\u0131 kaybetmesi sonucunda kuruluk, sark\u0131k ve ince yap\u0131ya sahip olur. Bu sebepten dolay\u0131 daha parlak ve gen\u00e7 g\u00f6r\u00fcnmeyi sa\u011flamak i\u00e7in de gen\u00e7lik a\u015f\u0131s\u0131 tedavisine ba\u015fvurulur.<\/p>\n<p>Daha sonras\u0131nda bebeksi bir cilde sahip olaca\u011f\u0131n\u0131z i\u00e7in ya\u015flanma s\u00fcreci de gecikmi\u015f olur. A\u015f\u0131y\u0131 yapt\u0131rd\u0131ktan sonra y\u00fcz yer \u00e7ekiminin aksine daha da yukarda olmu\u015f olacakt\u0131r. Sark\u0131klar yok olacakt\u0131r.<\/p>\n<h3><span class=\"ez-toc-section\" id=\"Genclik_Asisi_Hangi_Cilt_Problemlerinde_Tercih_Edilir\"><\/span>Gen\u00e7lik A\u015f\u0131s\u0131 Hangi Cilt Problemlerinde Tercih Edilir?<span class=\"ez-toc-section-end\"><\/span><\/h3>\n<p>Cilt problemlerinde kuruluk, sark\u0131k cilt, incelmi\u015f ve ya\u015flanm\u0131\u015f cilt olarak s\u0131ralan\u0131r. Bu sorunlar genelde ya\u015f\u0131n ilerlemesiyle birlikte ortak olarak g\u00f6r\u00fcn\u00fcr. Herkesin ortak nokta sorunu olan bu durumlar kar\u015f\u0131s\u0131nda a\u015f\u0131 tedavisine ba\u015fvurulur.<\/p>\n<p>A\u015f\u0131 b\u00fcy\u00fck \u00f6nem ta\u015f\u0131r ve etkisini g\u00f6stermeye ba\u015flar. Y\u00fcz b\u00f6lgesi, al\u0131n, ka\u015f, a\u011f\u0131z, boyun ve dekolte, eller gibi b\u00f6lgelere rahat bir \u015fekilde uygulanm\u0131\u015f olur.<\/p>\n<h3><span class=\"ez-toc-section\" id=\"Genclik_Asisinin_Dolgudan_Farki_Nedir\"><\/span>Gen\u00e7lik A\u015f\u0131s\u0131n\u0131n Dolgudan Fark\u0131 Nedir?<span class=\"ez-toc-section-end\"><\/span><\/h3>\n<p>Estetik uygulamalar\u0131nda hyal\u00fcronik asit kullan\u0131l\u0131r. \u00d6zellikle dolgu ama\u00e7l\u0131 olarak uygulanan estetik uygulamalar\u0131nda s\u0131kl\u0131kla kullan\u0131l\u0131r. Dolgularda kullan\u0131lan en g\u00fcvenli ve sa\u011fl\u0131kl\u0131 maddedir.<\/p>\n<p>Burada yap\u0131lan gen\u00e7lik a\u015f\u0131s\u0131 uygulamas\u0131n\u0131n dolgudan pek bir fark\u0131 yoktur. Dolgular saf halde oldu\u011fu i\u00e7in dermise yay\u0131l\u0131rlar. Kitle etkisi olu\u015fturmadan g\u00f6revini yerine getirir. En b\u00fcy\u00fck g\u00f6revlerinden bir tanesi ise su tutma \u00f6zelli\u011finin olmas\u0131d\u0131r.<\/p>\n<p>Cildin daha parlak g\u00f6r\u00fcnmesini sa\u011flar ve cildi canland\u0131r\u0131r. A\u015f\u0131 ile birlikte cildin ya\u015flanma s\u00fcrecini geciktirerek daha sa\u011fl\u0131kl\u0131 ve gen\u00e7 g\u00f6r\u00fcnmeyi sa\u011flar.<\/p>\n<h3><span class=\"ez-toc-section\" id=\"Asinin_Yan_Etkileri_Var_Midir\"><\/span>A\u015f\u0131n\u0131n Yan Etkileri Var M\u0131d\u0131r?<span class=\"ez-toc-section-end\"><\/span><\/h3>\n<p>Yap\u0131lacak olan i\u015flemin hastalar\u0131m\u0131za herhangi bir zarar\u0131 olmaz. \u00c7\u00fcnk\u00fc i\u015flem ince i\u011fneler yard\u0131m\u0131 ile ger\u00e7ekle\u015ftirilir. Bu sebepten dolay\u0131 i\u011fne nedeni ile hafif k\u0131zar\u0131kl\u0131k, \u015fi\u015flik g\u00f6r\u00fclebilir. Fakat bunlar ge\u00e7ici s\u0131k\u0131nt\u0131lar olarak bilinir. Sadece i\u011fneye kar\u015f\u0131 hassas olan hastalar\u0131m\u0131zda bu durum g\u00f6r\u00fcl\u00fcr.<\/p>\n<p>\u0130\u015flem sonras\u0131nda hastalar\u0131m\u0131z\u0131n uzman hekimlerimizin talimatlar\u0131na uymalar\u0131 \u00f6nemlidir. Bununla birlikte bol su t\u00fcketmek gerekir. E\u011fer alkol, sigara kullan\u0131yorsan\u0131z, bir s\u00fcreli\u011fine ara vermeniz daha sa\u011fl\u0131kl\u0131 olacakt\u0131r. B\u00f6ylelikle gen\u00e7lik a\u015f\u0131s\u0131 sonras\u0131nda daha h\u0131zl\u0131 iyile\u015fme sa\u011flanm\u0131\u015f olacakt\u0131r.<\/p>\n<p><strong>\u0130nstagram&#8217;da bizi takip etmeyi unutmay\u0131n, <\/strong><span style=\"color: #ff0000;\"><strong><a style=\"color: #ff0000;\" href=\"https:\/\/www.instagram.com\/retouchbody\/\" target=\"_blank\" rel=\"noopener\"><strong>Retouchbody<\/strong><\/a><\/strong><\/span><\/p>\n","protected":false},"excerpt":{"rendered":"<p>Gen\u00e7lik A\u015f\u0131s\u0131 Nedir? Gen\u00e7lik A\u015f\u0131s\u0131, 30\u2019lu ya\u015flardan sonra meydana gelen ya\u015flanma belirtilerinin \u00f6n\u00fcne ge\u00e7ebilmek i\u00e7in yap\u0131lan a\u015f\u0131lard\u0131r. Ya\u015flanma s\u00fcrecini geciktiren ve daha gen\u00e7 g\u00f6r\u00fcnmeyi sa\u011flayan etkili ve ba\u015far\u0131l\u0131 bir tedavi y\u00f6ntemidir. Geciken ya\u015flanma belirtilerinden sonra sizlerde aradaki fark\u0131 g\u00f6rebileceksiniz. Cerrahi m\u00fcdahaleye gerek kalmadan a\u015f\u0131 uygulamas\u0131 ile cilt yeniden onar\u0131l\u0131r ve sa\u011fl\u0131kl\u0131 hale gelir. Daha gen\u00e7 [&hellip;]<\/p>\n","protected":false},"author":1,"featured_media":3578,"parent":0,"menu_order":0,"comment_status":"closed","ping_status":"closed","template":"","meta":{"footnotes":""},"class_list":["post-3575","page","type-page","status-publish","has-post-thumbnail","hentry"],"_links":{"self":[{"href":"https:\/\/www.retouchbody.com\/tr\/wp-json\/wp\/v2\/pages\/3575","targetHints":{"allow":["GET"]}}],"collection":[{"href":"https:\/\/www.retouchbody.com\/tr\/wp-json\/wp\/v2\/pages"}],"about":[{"href":"https:\/\/www.retouchbody.com\/tr\/wp-json\/wp\/v2\/types\/page"}],"author":[{"embeddable":true,"href":"https:\/\/www.retouchbody.com\/tr\/wp-json\/wp\/v2\/users\/1"}],"replies":[{"embeddable":true,"href":"https:\/\/www.retouchbody.com\/tr\/wp-json\/wp\/v2\/comments?post=3575"}],"version-history":[{"count":7,"href":"https:\/\/www.retouchbody.com\/tr\/wp-json\/wp\/v2\/pages\/3575\/revisions"}],"predecessor-version":[{"id":4673,"href":"https:\/\/www.retouchbody.com\/tr\/wp-json\/wp\/v2\/pages\/3575\/revisions\/4673"}],"wp:featuredmedia":[{"embeddable":true,"href":"https:\/\/www.retouchbody.com\/tr\/wp-json\/wp\/v2\/media\/3578"}],"wp:attachment":[{"href":"https:\/\/www.retouchbody.com\/tr\/wp-json\/wp\/v2\/media?parent=3575"}],"curies":[{"name":"wp","href":"https:\/\/api.w.org\/{rel}","templated":true}]}}