{"id":3549,"date":"2025-05-30T14:27:54","date_gmt":"2025-05-30T11:27:54","guid":{"rendered":"https:\/\/www.retouchbody.com\/tr\/?page_id=3549"},"modified":"2026-02-03T10:44:11","modified_gmt":"2026-02-03T07:44:11","slug":"el-dolgusu","status":"publish","type":"page","link":"https:\/\/www.retouchbody.com\/tr\/el-dolgusu\/","title":{"rendered":"El Dolgusu"},"content":{"rendered":"<div id=\"ez-toc-container\" class=\"ez-toc-v2_0_80 counter-hierarchy ez-toc-counter ez-toc-grey ez-toc-container-direction\">\n<div class=\"ez-toc-title-container\">\n<p class=\"ez-toc-title\" style=\"cursor:inherit\">\u0130\u00e7indekiler Tablosu<\/p>\n<span class=\"ez-toc-title-toggle\"><a href=\"#\" class=\"ez-toc-pull-right ez-toc-btn ez-toc-btn-xs ez-toc-btn-default ez-toc-toggle\" aria-label=\"\u0130\u00e7indekiler Tablosunu A\u00e7\/Kapat\"><span class=\"ez-toc-js-icon-con\"><span class=\"\"><span class=\"eztoc-hide\" style=\"display:none;\">Toggle<\/span><span class=\"ez-toc-icon-toggle-span\"><svg style=\"fill: #999;color:#999\" xmlns=\"http:\/\/www.w3.org\/2000\/svg\" class=\"list-377408\" width=\"20px\" height=\"20px\" viewBox=\"0 0 24 24\" fill=\"none\"><path d=\"M6 6H4v2h2V6zm14 0H8v2h12V6zM4 11h2v2H4v-2zm16 0H8v2h12v-2zM4 16h2v2H4v-2zm16 0H8v2h12v-2z\" fill=\"currentColor\"><\/path><\/svg><svg style=\"fill: #999;color:#999\" class=\"arrow-unsorted-368013\" xmlns=\"http:\/\/www.w3.org\/2000\/svg\" width=\"10px\" height=\"10px\" viewBox=\"0 0 24 24\" version=\"1.2\" baseProfile=\"tiny\"><path d=\"M18.2 9.3l-6.2-6.3-6.2 6.3c-.2.2-.3.4-.3.7s.1.5.3.7c.2.2.4.3.7.3h11c.3 0 .5-.1.7-.3.2-.2.3-.5.3-.7s-.1-.5-.3-.7zM5.8 14.7l6.2 6.3 6.2-6.3c.2-.2.3-.5.3-.7s-.1-.5-.3-.7c-.2-.2-.4-.3-.7-.3h-11c-.3 0-.5.1-.7.3-.2.2-.3.5-.3.7s.1.5.3.7z\"\/><\/svg><\/span><\/span><\/span><\/a><\/span><\/div>\n<nav><ul class='ez-toc-list ez-toc-list-level-1 eztoc-toggle-hide-by-default' ><li class='ez-toc-page-1 ez-toc-heading-level-2'><a class=\"ez-toc-link ez-toc-heading-1\" href=\"#\" data-href=\"https:\/\/www.retouchbody.com\/tr\/el-dolgusu\/#El_Dolgusu_Nedir\" >El Dolgusu Nedir?<\/a><\/li><li class='ez-toc-page-1 ez-toc-heading-level-2'><a class=\"ez-toc-link ez-toc-heading-2\" href=\"#\" data-href=\"https:\/\/www.retouchbody.com\/tr\/el-dolgusu\/#El_Dolgusu_Islemleri_Kimlere_Yapilir\" >El Dolgusu \u0130\u015flemleri Kimlere Yap\u0131l\u0131r?<\/a><\/li><li class='ez-toc-page-1 ez-toc-heading-level-2'><a class=\"ez-toc-link ez-toc-heading-3\" href=\"#\" data-href=\"https:\/\/www.retouchbody.com\/tr\/el-dolgusu\/#El_Dolgusu_Oncesi\" >El Dolgusu \u00d6ncesi<\/a><\/li><li class='ez-toc-page-1 ez-toc-heading-level-2'><a class=\"ez-toc-link ez-toc-heading-4\" href=\"#\" data-href=\"https:\/\/www.retouchbody.com\/tr\/el-dolgusu\/#El_Dolgusu_Sonrasi\" >El Dolgusu Sonras\u0131<\/a><\/li><li class='ez-toc-page-1 ez-toc-heading-level-2'><a class=\"ez-toc-link ez-toc-heading-5\" href=\"#\" data-href=\"https:\/\/www.retouchbody.com\/tr\/el-dolgusu\/#El_Dolgusunun_Etkileri_Nelerdir\" >El Dolgusunun Etkileri Nelerdir?<\/a><\/li><li class='ez-toc-page-1 ez-toc-heading-level-2'><a class=\"ez-toc-link ez-toc-heading-6\" href=\"#\" data-href=\"https:\/\/www.retouchbody.com\/tr\/el-dolgusu\/#El_Dolgusu_Yaptiranlar\" >El Dolgusu Yapt\u0131ranlar<\/a><\/li><li class='ez-toc-page-1 ez-toc-heading-level-2'><a class=\"ez-toc-link ez-toc-heading-7\" href=\"#\" data-href=\"https:\/\/www.retouchbody.com\/tr\/el-dolgusu\/#El_Dolgusu_Fiyatlari_2026\" >El Dolgusu Fiyatlar\u0131 2026<\/a><\/li><li class='ez-toc-page-1 ez-toc-heading-level-2'><a class=\"ez-toc-link ez-toc-heading-8\" href=\"#\" data-href=\"https:\/\/www.retouchbody.com\/tr\/el-dolgusu\/#El_Dolgusu_ile_Ilgili_Sik_Sorulan_Sorular\" >El Dolgusu ile \u0130lgili S\u0131k Sorulan Sorular<\/a><ul class='ez-toc-list-level-3' ><li class='ez-toc-heading-level-3'><a class=\"ez-toc-link ez-toc-heading-9\" href=\"#\" data-href=\"https:\/\/www.retouchbody.com\/tr\/el-dolgusu\/#El_Genclestirme_Islemleri_Ne_Kadar_Surmektedir\" >El Gen\u00e7le\u015ftirme \u0130\u015flemleri Ne Kadar S\u00fcrmektedir?<\/a><\/li><li class='ez-toc-page-1 ez-toc-heading-level-3'><a class=\"ez-toc-link ez-toc-heading-10\" href=\"#\" data-href=\"https:\/\/www.retouchbody.com\/tr\/el-dolgusu\/#El_Genclestirme_Islemleri_Agrili_Midir\" >El Gen\u00e7le\u015ftirme \u0130\u015flemleri A\u011fr\u0131l\u0131 M\u0131d\u0131r?<\/a><\/li><li class='ez-toc-page-1 ez-toc-heading-level-3'><a class=\"ez-toc-link ez-toc-heading-11\" href=\"#\" data-href=\"https:\/\/www.retouchbody.com\/tr\/el-dolgusu\/#El_Genclestirme_Paketi_Nedir\" >El Gen\u00e7le\u015ftirme Paketi Nedir?<\/a><\/li><li class='ez-toc-page-1 ez-toc-heading-level-3'><a class=\"ez-toc-link ez-toc-heading-12\" href=\"#\" data-href=\"https:\/\/www.retouchbody.com\/tr\/el-dolgusu\/#El_Genclestirme_Islemlerinin_Sonucu_Kalici_Midir\" >El Gen\u00e7le\u015ftirme \u0130\u015flemlerinin Sonucu Kal\u0131c\u0131 M\u0131d\u0131r?<\/a><\/li><\/ul><\/li><\/ul><\/nav><\/div>\n<h2><span class=\"ez-toc-section\" id=\"El_Dolgusu_Nedir\"><\/span>El Dolgusu Nedir?<span class=\"ez-toc-section-end\"><\/span><\/h2>\n<p><strong>El Dolgusu<\/strong>, zaman i\u00e7erisinde ellerde meydana gelen k\u0131r\u0131\u015f\u0131kl\u0131k, cilt incelmesi, damarlar\u0131n belirginle\u015fmesiyle uygulanan tedavi y\u00f6ntemidir. Bu durum ya\u015flanman\u0131n belirtileri olarak da bilinir.<\/p>\n<p>\u00c7\u00fcnk\u00fc ya\u015f ilerledik\u00e7e cildin elastik yap\u0131s\u0131nda azalmalar olur. Azalan elastik nedeni ile nem kayb\u0131 olu\u015fur ve damarlar daha belirgin olmaya ba\u015flar. Bu durum kurulu\u011fa ve \u00e7atlaklara da neden olabiliyor. Bu durumun \u00f6n\u00fcne ge\u00e7ebilmek i\u00e7in gerekli olan tedavi uygulamas\u0131nda ellere yap\u0131lan dolgu yer al\u0131yor.<\/p>\n<p>Daha yeni bir cilde sahip olmak i\u00e7in sizlerde <span style=\"text-decoration: underline;\"><span style=\"color: #ff0000;\"><strong><a style=\"color: #ff0000; text-decoration: underline;\" href=\"https:\/\/www.retouchbody.com\/tr\/el-dolgusu\/\">el dolgusu<\/a><\/strong><\/span><\/span> yapt\u0131rabilirsiniz. Dolgunun i\u00e7erisinde yer alan hyal\u00fcronik asit sayesinde ellerin daha canl\u0131 ve gen\u00e7 g\u00f6r\u00fcnmesine yard\u0131mc\u0131 olur.<\/p>\n<p>Ellere enjekte edilmi\u015f olan hyal\u00fcronik asit, normal \u015fartlar alt\u0131nda v\u00fccudun ihtiya\u00e7 duydu\u011fu madde olmu\u015f oluyor. Hyal\u00fcronik asit ya\u015flanma nedeni ile zamanla azald\u0131\u011f\u0131 i\u00e7in d\u0131\u015fardan takviye edilmesi sonucunda normal de\u011fere ula\u015fm\u0131\u015f olur.<\/p>\n<h2><span class=\"ez-toc-section\" id=\"El_Dolgusu_Islemleri_Kimlere_Yapilir\"><\/span>El Dolgusu \u0130\u015flemleri Kimlere Yap\u0131l\u0131r?<span class=\"ez-toc-section-end\"><\/span><\/h2>\n<p>Cilt alt\u0131nda meydana gelen doku kayb\u0131 sonras\u0131nda k\u0131r\u0131\u015f\u0131kl\u0131k, kuruluk, cilt incelmesi g\u00f6r\u00fcl\u00fcr. Ya\u015flanma nedeni ile ya da \u00e7evresel fakt\u00f6rlerden kaynakl\u0131 olarak cilt nemini kaybeder. Nem kayb\u0131 ile ciltte incelme g\u00f6r\u00fcl\u00fcr.<\/p>\n<p>Durum sadece bundan ibaret de\u011fildir. \u0130ncelmi\u015f olan cilt sonucunda da ciltte lekelenmeler g\u00f6r\u00fcl\u00fcr. Yani daha parlak ve gen\u00e7 bir cilde sahip olabilmek i\u00e7in 30 ya\u015f sonras\u0131 olan ki\u015filerin el dolgusu yapt\u0131rmalar\u0131 uygundur. 30 ya\u015f alt\u0131ndaki bireylerin de ba\u015fvurabilece\u011fi tedavi y\u00f6ntemidir.<\/p>\n<h2><span class=\"ez-toc-section\" id=\"El_Dolgusu_Oncesi\"><\/span>El Dolgusu \u00d6ncesi<span class=\"ez-toc-section-end\"><\/span><\/h2>\n<p>Yap\u0131lacak olan el dolgusu tedavisinin etkili ve kal\u0131c\u0131 olabilmesi i\u00e7in mutlaka i\u015flem \u00f6ncesinde baz\u0131 durumlar dikkate al\u0131nmal\u0131d\u0131r. B\u00f6ylelikle bu s\u00fcre\u00e7 i\u00e7erisinde iyile\u015fme h\u0131zland\u0131r\u0131lm\u0131\u015f olur ve etkili sonu\u00e7lar al\u0131n\u0131r.<\/p>\n<p>Hastalar\u0131m\u0131z\u0131n i\u015flemi ger\u00e7ekle\u015ftirebilmesi i\u00e7in tahliller ve tetkikler ger\u00e7ekle\u015ftirilir. E\u011fer hastalar\u0131m\u0131z\u0131n i\u015flemi yapmas\u0131nda bir sorun yoksa gerekli olan \u00e7al\u0131\u015fmalar ba\u015flat\u0131lm\u0131\u015f olur.<\/p>\n<p>Randevu \u00f6ncesindeki 15 g\u00fcn i\u00e7erisinde kan suland\u0131r\u0131c\u0131 ila\u00e7lar, alkol, sigara, bitki \u00e7aylar\u0131n\u0131 kullanmaya ara vermek gerekir. Daha sonras\u0131nda uzman hekimlerimiz, randevu g\u00fcn\u00fc her iki elin foto\u011fraf\u0131n\u0131 \u00e7eker.<\/p>\n<p>\u00d6ncesi ve sonras\u0131 olacak \u015fekilde kar\u015f\u0131la\u015ft\u0131r\u0131lacakt\u0131r. \u0130\u015flem yap\u0131lmadan \u00f6ncede ince i\u011fneler yard\u0131m\u0131 ile lokal anestezi uygulan\u0131r. B\u00f6ylelikle a\u011fr\u0131 hissi olu\u015fmadan, sorunsuz ve k\u0131sa s\u00fcrede i\u015flem tamamlanm\u0131\u015f olur. \u0130nce kan\u00fcller ile giri\u015f yap\u0131larak el s\u0131rt\u0131ndaki hacim kayb\u0131 giderilmesi i\u00e7in el dolgusu yap\u0131l\u0131r.<\/p>\n<h2><span class=\"ez-toc-section\" id=\"El_Dolgusu_Sonrasi\"><\/span>El Dolgusu Sonras\u0131<span class=\"ez-toc-section-end\"><\/span><\/h2>\n<p>\u0130\u015flem \u00f6ncesinde dikkat edilmesi gereken durumlar\u0131n oldu\u011fu gibi sonras\u0131nda da dikkat edilmesi gereken durumlar vard\u0131r. Uzman hekimlerimizin vermi\u015f oldu\u011fu talimatlara dikkat edilmesi ve uyulmas\u0131 gerekir. Aksi durumlarda ger\u00e7ekle\u015ftirilmi\u015f olan i\u015flemin etkisini ve kal\u0131c\u0131l\u0131\u011f\u0131n\u0131 g\u00f6rme durumu aza iner.<\/p>\n<p>\u0130\u015flem yap\u0131ld\u0131ktan sonraki 24 saat i\u00e7erisinde kesinlikle ellerin suya de\u011fdirilmemesi gerekir. 24 saat sonras\u0131nda hastalar\u0131m\u0131z du\u015f alabilirler. Yap\u0131lm\u0131\u015f olan el dolgusu di\u011fer dolgular gibi baz\u0131 yan etkiler g\u00f6sterir. Bazen \u00f6dem ve hafif morluklar olu\u015fur.<\/p>\n<p>Fakat zaman i\u00e7erisinde bu durumlar azal\u0131r ve yok olurlar. Bu durum hastalar\u0131m\u0131z\u0131n g\u00fcnl\u00fck aktivitelerine engel olan \u015feyler de\u011fildir. Yap\u0131lm\u0131\u015f olan lazer ile peeling uygulama sonras\u0131nda k\u0131zar\u0131kl\u0131k ve kabuklanmada g\u00f6r\u00fclebilir.<\/p>\n<p>Bunun i\u00e7in i\u015flem sonras\u0131nda g\u00fcne\u015f koruyucu ve nemlendirici kullan\u0131lmas\u0131 faydal\u0131 olacakt\u0131r. G\u00fcn\u00fcm\u00fcz \u015fartlar\u0131nda uzman hekimlerimiz taraf\u0131ndan ger\u00e7ekle\u015ftirilmi\u015f dolgu uygulamalar\u0131, son teknolojik donan\u0131ma sahipler. Daha g\u00fcvenilir ve etkili sonu\u00e7lar alabilmek i\u00e7in uzman hekimlerimizin tecr\u00fcbelerinden faydalanabilirsiniz.<\/p>\n<h2><span class=\"ez-toc-section\" id=\"El_Dolgusunun_Etkileri_Nelerdir\"><\/span>El Dolgusunun Etkileri Nelerdir?<span class=\"ez-toc-section-end\"><\/span><\/h2>\n<p>El y\u00fczeylerinde meydana gelen lekelenme, \u015fekil bozuklu\u011fu, incelme gibi durumlar mevcuttur. Bu gibi durumlarda daha gen\u00e7 ve daha sa\u011fl\u0131kl\u0131 bir cilt g\u00f6r\u00fcn\u00fcm\u00fcne sahip olabilmek i\u00e7in el dolgusu en b\u00fcy\u00fck kurtar\u0131c\u0131 oluyor. G\u00fcnl\u00fck ya\u015fant\u0131m\u0131zda ellerimizi \u00e7ok s\u0131k kullan\u0131r\u0131z.<\/p>\n<p>Bu y\u00fczden elastik yap\u0131s\u0131nda meydana gelen kay\u0131plar\u0131 tahmin etmek m\u00fcmk\u00fcnd\u00fcr. Ger\u00e7ekle\u015ftirilmi\u015f olan bu dolgu ile birlikte el s\u0131rt\u0131 yeniden hacim kazan\u0131r ve yumu\u015fak doku onar\u0131lm\u0131\u015f olur.<\/p>\n<p>Hacim kazanan ellerde nem artar ve cilt renginde a\u00e7\u0131lma olu\u015fur. Belirginle\u015fen damarlar\u0131n g\u00f6r\u00fcn\u00fcm\u00fc azalt\u0131l\u0131r. B\u00f6ylelikle daha taze ve canl\u0131 ellere sahip olmu\u015f olursunuz.<\/p>\n<h2><span class=\"ez-toc-section\" id=\"El_Dolgusu_Yaptiranlar\"><\/span>El Dolgusu Yapt\u0131ranlar<span class=\"ez-toc-section-end\"><\/span><\/h2>\n<p>Yap\u0131lan el dolgusu uygulamas\u0131n\u0131n etkili ve ba\u015far\u0131l\u0131 olabilmesi i\u00e7in g\u00fcvenilir uzman hekimlerden yard\u0131m almak gerekir. Bizler yapm\u0131\u015f oldu\u011fumuz dolgular\u0131n ba\u015far\u0131l\u0131 sonu\u00e7lanmas\u0131 i\u00e7in dikkatli ve titizlikle \u00e7al\u0131\u015f\u0131yoruz.<\/p>\n<p>Uzman kadromuzun tecr\u00fcbeleri do\u011frultusunda ger\u00e7ekle\u015ftirilen dolgu i\u015flemlerinin etkisini 1-2 y\u0131l i\u00e7erinde g\u00f6rebilirsiniz. Uygulama \u00f6ncesinde mutlaka \u00f6n muayene ger\u00e7ekle\u015fmesi gerekir.<\/p>\n<p>B\u00f6ylelikle kullan\u0131lacak olan doz miktar\u0131 ve ellerin durumu hakk\u0131nda daha iyi planlama yap\u0131lmas\u0131 sa\u011flan\u0131r. \u0130\u015flemden 15 g\u00fcn \u00f6ncesinde olacak \u015fekilde randevu verilir ve bu s\u00fcre\u00e7te dikkat edilecek olan durumlar g\u00f6z \u00f6n\u00fcnde bulundurulur.<\/p>\n<h2><span class=\"ez-toc-section\" id=\"El_Dolgusu_Fiyatlari_2026\"><\/span>El Dolgusu Fiyatlar\u0131 2026<span class=\"ez-toc-section-end\"><\/span><\/h2>\n<p>Hastalar\u0131m\u0131z el dolgusu yapt\u0131rmaya karar verdikten sonra mutlaka uzman hekimlerimizin \u00f6n muayenesinden ge\u00e7mesi gerekir. B\u00f6ylelikle daha do\u011fru ve kesin bilgiler ile hastalar\u0131m\u0131z bilgilendirilmi\u015f olur. \u00d6n muayene sonras\u0131nda dolgu miktar\u0131 belirlenir ve uygulanacak olan i\u015flemin hakk\u0131nda detayl\u0131 bilgi verilir.<\/p>\n<p>Bu y\u00fczden kesin olarak fiyat bilgisi alabilmek i\u00e7in \u00f6n muayenenin \u015fart oldu\u011funu s\u00f6yleyelim. Fakat ortalama bir el dolgusu fiyat bilgisi almak i\u00e7in ileti\u015fim bilgilerinden bizlere ula\u015fabilirsiniz. <span style=\"text-decoration: underline;\"><strong>El dolgusu fiyatlar\u0131 2026<\/strong><\/span>\u00a0hakk\u0131nda bilgi almak i\u00e7in bizlere hemen ula\u015fabilirsiniz.<\/p>\n<h2><span class=\"ez-toc-section\" id=\"El_Dolgusu_ile_Ilgili_Sik_Sorulan_Sorular\"><\/span>El Dolgusu ile \u0130lgili S\u0131k Sorulan Sorular<span class=\"ez-toc-section-end\"><\/span><\/h2>\n<h3><span class=\"ez-toc-section\" id=\"El_Genclestirme_Islemleri_Ne_Kadar_Surmektedir\"><\/span>El Gen\u00e7le\u015ftirme \u0130\u015flemleri Ne Kadar S\u00fcrmektedir?<span class=\"ez-toc-section-end\"><\/span><\/h3>\n<p>Normal \u015fartlar alt\u0131nda uygulaman\u0131n s\u00fcresi hakk\u0131nda bilgi vermek do\u011fru de\u011fildir. \u00c7\u00fcnk\u00fc cilt durumu hastadan hastaya de\u011fi\u015fkenlik g\u00f6sterebilir ve kullan\u0131lan dolgu miktar\u0131 da farkl\u0131l\u0131k g\u00f6sterir. Bu gibi durumlarda kesin bilgi vermemekle beraber, i\u015flemin 5-10 dakika s\u00fcrd\u00fc\u011f\u00fcn\u00fc s\u00f6ylemek m\u00fcmk\u00fcnd\u00fcr.<\/p>\n<p>Uzman hekimlerimiz taraf\u0131ndan ger\u00e7ekle\u015ftirilen el dolgusu etkisini 1 y\u0131ldan fazla uzun bir s\u00fcrede g\u00f6rebilirsiniz. Kal\u0131c\u0131l\u0131k s\u00fcresinde de\u011fi\u015fkenlik g\u00f6steren bu uygulamay\u0131 ger\u00e7ekle\u015ftirmek i\u00e7in mutlaka uzman hekimlerden yard\u0131m almak gerekir.<\/p>\n<h3><span class=\"ez-toc-section\" id=\"El_Genclestirme_Islemleri_Agrili_Midir\"><\/span><span id=\"El_Genclestirme_Islemleri_Agrili_Midir\" class=\"ez-toc-section\"><\/span>El Gen\u00e7le\u015ftirme \u0130\u015flemleri A\u011fr\u0131l\u0131 M\u0131d\u0131r?<span class=\"ez-toc-section-end\"><\/span><\/h3>\n<p>Yapm\u0131\u015f oldu\u011fumuz estetik uygulamalarda uzman hekimlerimiz taraf\u0131ndan i\u015flem \u00f6ncesinde anestezi uygulan\u0131r. Bu durum genelde hastan\u0131n iste\u011fi \u00fczerine ger\u00e7ekle\u015ftirilir.<\/p>\n<p>Fakat a\u011fr\u0131, ac\u0131 hissinin a\u00e7\u0131\u011fa \u00e7\u0131kmamas\u0131 i\u00e7in uzman hekimlerimiz, i\u015flem \u00f6ncesinde lokal anestezi uygular. Bu sayede yap\u0131lacak olan el dolgusu uygulamas\u0131nda a\u011fr\u0131 olu\u015fmaz. \u00c7\u00fcnk\u00fc lokal anestezi ile birlikte i\u015flemin yap\u0131laca\u011f\u0131 b\u00f6lge uyu\u015fturulmu\u015f olur.<\/p>\n<h3><span class=\"ez-toc-section\" id=\"El_Genclestirme_Paketi_Nedir\"><\/span><span id=\"El_Genclestirme_Paketi_Nedir\" class=\"ez-toc-section\"><\/span>El Gen\u00e7le\u015ftirme Paketi Nedir?<span class=\"ez-toc-section-end\"><\/span><\/h3>\n<p>Ya\u015flanmaya ba\u011fl\u0131 olan cilt sorunlar\u0131 zaman i\u00e7erisinde farkl\u0131 g\u00f6r\u00fcn\u00fcmlere b\u00fcr\u00fcnm\u00fc\u015f olur. Bu durum hastalar\u0131m\u0131z\u0131n sorunlar\u0131n\u0131n ne derecede oldu\u011fuyla alakal\u0131d\u0131r.<\/p>\n<p>Hastan\u0131n durumu g\u00f6z \u00f6n\u00fcnde bulundurularak, uygun olan tedaviler uygulan\u0131r. Burada el dolgusu paketinde yer alan birka\u00e7 i\u015flem mevcuttur. Uzman hekimlerimiz taraf\u0131ndan ger\u00e7ekle\u015ftirilen tedavinin k\u0131sa s\u00fcrede yap\u0131lmas\u0131 ve etkisini y\u0131l boyunca g\u00f6rme durumu vard\u0131r.<\/p>\n<p>El gen\u00e7le\u015ftirme paketi, her iki el i\u00e7in ge\u00e7erlidir. Q switched lazeriyle beraber el s\u0131rt\u0131ndaki lekeler azalt\u0131l\u0131r. Ayda bir kere yap\u0131lmas\u0131 gereken PRP uygulamas\u0131 mevcuttur.<\/p>\n<p>Ayr\u0131ca iki haftada bir hyal\u00fcronik asit uygulamas\u0131 da mevcuttur. Uygulaman\u0131n bir y\u0131ldan fazla uzun bir s\u00fcrede etkisini g\u00f6rebilmek m\u00fcmk\u00fcnd\u00fcr. Bu y\u00fczden y\u0131lda bir ya da iki y\u0131lda bir yap\u0131lmas\u0131 \u00f6nerilir.<\/p>\n<h3><span class=\"ez-toc-section\" id=\"El_Genclestirme_Islemlerinin_Sonucu_Kalici_Midir\"><\/span><span id=\"El_Genclestirme_Islemlerinin_Sonucu_Kalici_Midir\" class=\"ez-toc-section\"><\/span>El Gen\u00e7le\u015ftirme \u0130\u015flemlerinin Sonucu Kal\u0131c\u0131 M\u0131d\u0131r?<span class=\"ez-toc-section-end\"><\/span><\/h3>\n<p>Elin deri alt\u0131nda meydana gelen hacim kayb\u0131n\u0131n yerini doldurabilmek ve takviye edici uygulamalar\u0131n ger\u00e7ekle\u015febilmesi i\u00e7in el dolgusu ger\u00e7ekle\u015ftirilir. Deride meydana gelen kurulu\u011fu, k\u0131r\u0131\u015f\u0131kl\u0131\u011f\u0131, lekelenmeleri giderebilmek i\u00e7in gerekli dolgular, mezoterapi, PRP ve peelingler yap\u0131lm\u0131\u015f olur.<\/p>\n<p>El \u00fczerindeki lekelenmeler i\u00e7in peeling ve lazer uygulamas\u0131 olduk\u00e7a yararl\u0131 ve etkili olacakt\u0131r. Ger\u00e7ekle\u015ftirilmi\u015f olan el gen\u00e7le\u015ftirmenin kal\u0131c\u0131l\u0131k s\u00fcresi 1-2 y\u0131l aras\u0131nda de\u011fi\u015fkenlik g\u00f6sterir. Bunun i\u00e7in 1-2 y\u0131lda bir tekrarlanmas\u0131nda fayda vard\u0131r.<\/p>\n<p><strong>\u0130nstagram&#8217;da bizi takip etmeyi unutmay\u0131n, <span style=\"color: #ff0000;\"><a style=\"color: #ff0000;\" href=\"https:\/\/www.instagram.com\/retouchbody\/\" target=\"_blank\" rel=\"noopener\">Retouchbody<\/a><\/span><\/strong><\/p>\n","protected":false},"excerpt":{"rendered":"<p>El Dolgusu Nedir? El Dolgusu, zaman i\u00e7erisinde ellerde meydana gelen k\u0131r\u0131\u015f\u0131kl\u0131k, cilt incelmesi, damarlar\u0131n belirginle\u015fmesiyle uygulanan tedavi y\u00f6ntemidir. Bu durum ya\u015flanman\u0131n belirtileri olarak da bilinir. \u00c7\u00fcnk\u00fc ya\u015f ilerledik\u00e7e cildin elastik yap\u0131s\u0131nda azalmalar olur. Azalan elastik nedeni ile nem kayb\u0131 olu\u015fur ve damarlar daha belirgin olmaya ba\u015flar. Bu durum kurulu\u011fa ve \u00e7atlaklara da neden olabiliyor. Bu [&hellip;]<\/p>\n","protected":false},"author":1,"featured_media":3550,"parent":0,"menu_order":0,"comment_status":"closed","ping_status":"closed","template":"","meta":{"footnotes":""},"class_list":["post-3549","page","type-page","status-publish","has-post-thumbnail","hentry"],"_links":{"self":[{"href":"https:\/\/www.retouchbody.com\/tr\/wp-json\/wp\/v2\/pages\/3549","targetHints":{"allow":["GET"]}}],"collection":[{"href":"https:\/\/www.retouchbody.com\/tr\/wp-json\/wp\/v2\/pages"}],"about":[{"href":"https:\/\/www.retouchbody.com\/tr\/wp-json\/wp\/v2\/types\/page"}],"author":[{"embeddable":true,"href":"https:\/\/www.retouchbody.com\/tr\/wp-json\/wp\/v2\/users\/1"}],"replies":[{"embeddable":true,"href":"https:\/\/www.retouchbody.com\/tr\/wp-json\/wp\/v2\/comments?post=3549"}],"version-history":[{"count":7,"href":"https:\/\/www.retouchbody.com\/tr\/wp-json\/wp\/v2\/pages\/3549\/revisions"}],"predecessor-version":[{"id":4668,"href":"https:\/\/www.retouchbody.com\/tr\/wp-json\/wp\/v2\/pages\/3549\/revisions\/4668"}],"wp:featuredmedia":[{"embeddable":true,"href":"https:\/\/www.retouchbody.com\/tr\/wp-json\/wp\/v2\/media\/3550"}],"wp:attachment":[{"href":"https:\/\/www.retouchbody.com\/tr\/wp-json\/wp\/v2\/media?parent=3549"}],"curies":[{"name":"wp","href":"https:\/\/api.w.org\/{rel}","templated":true}]}}