{"id":3528,"date":"2025-05-30T12:10:04","date_gmt":"2025-05-30T09:10:04","guid":{"rendered":"https:\/\/www.retouchbody.com\/tr\/?page_id=3528"},"modified":"2026-02-03T11:08:26","modified_gmt":"2026-02-03T08:08:26","slug":"lazer-epilasyon","status":"publish","type":"page","link":"https:\/\/www.retouchbody.com\/tr\/lazer-epilasyon\/","title":{"rendered":"Lazer Epilasyon"},"content":{"rendered":"<div id=\"ez-toc-container\" class=\"ez-toc-v2_0_80 counter-hierarchy ez-toc-counter ez-toc-grey ez-toc-container-direction\">\n<div class=\"ez-toc-title-container\">\n<p class=\"ez-toc-title\" style=\"cursor:inherit\">\u0130\u00e7indekiler Tablosu<\/p>\n<span class=\"ez-toc-title-toggle\"><a href=\"#\" class=\"ez-toc-pull-right ez-toc-btn ez-toc-btn-xs ez-toc-btn-default ez-toc-toggle\" aria-label=\"\u0130\u00e7indekiler Tablosunu A\u00e7\/Kapat\"><span class=\"ez-toc-js-icon-con\"><span class=\"\"><span class=\"eztoc-hide\" style=\"display:none;\">Toggle<\/span><span class=\"ez-toc-icon-toggle-span\"><svg style=\"fill: #999;color:#999\" xmlns=\"http:\/\/www.w3.org\/2000\/svg\" class=\"list-377408\" width=\"20px\" height=\"20px\" viewBox=\"0 0 24 24\" fill=\"none\"><path d=\"M6 6H4v2h2V6zm14 0H8v2h12V6zM4 11h2v2H4v-2zm16 0H8v2h12v-2zM4 16h2v2H4v-2zm16 0H8v2h12v-2z\" fill=\"currentColor\"><\/path><\/svg><svg style=\"fill: #999;color:#999\" class=\"arrow-unsorted-368013\" xmlns=\"http:\/\/www.w3.org\/2000\/svg\" width=\"10px\" height=\"10px\" viewBox=\"0 0 24 24\" version=\"1.2\" baseProfile=\"tiny\"><path d=\"M18.2 9.3l-6.2-6.3-6.2 6.3c-.2.2-.3.4-.3.7s.1.5.3.7c.2.2.4.3.7.3h11c.3 0 .5-.1.7-.3.2-.2.3-.5.3-.7s-.1-.5-.3-.7zM5.8 14.7l6.2 6.3 6.2-6.3c.2-.2.3-.5.3-.7s-.1-.5-.3-.7c-.2-.2-.4-.3-.7-.3h-11c-.3 0-.5.1-.7.3-.2.2-.3.5-.3.7s.1.5.3.7z\"\/><\/svg><\/span><\/span><\/span><\/a><\/span><\/div>\n<nav><ul class='ez-toc-list ez-toc-list-level-1 eztoc-toggle-hide-by-default' ><li class='ez-toc-page-1 ez-toc-heading-level-2'><a class=\"ez-toc-link ez-toc-heading-1\" href=\"#\" data-href=\"https:\/\/www.retouchbody.com\/tr\/lazer-epilasyon\/#Lazer_Epilasyon_Nedir\" >Lazer Epilasyon Nedir?<\/a><\/li><li class='ez-toc-page-1 ez-toc-heading-level-2'><a class=\"ez-toc-link ez-toc-heading-2\" href=\"#\" data-href=\"https:\/\/www.retouchbody.com\/tr\/lazer-epilasyon\/#Lazer_Epilasyon_Nasil_Yapilir\" >Lazer Epilasyon Nas\u0131l Yap\u0131l\u0131r?<\/a><\/li><li class='ez-toc-page-1 ez-toc-heading-level-2'><a class=\"ez-toc-link ez-toc-heading-3\" href=\"#\" data-href=\"https:\/\/www.retouchbody.com\/tr\/lazer-epilasyon\/#Lazer_Epilasyon_Yontemleri\" >Lazer Epilasyon Y\u00f6ntemleri<\/a><\/li><li class='ez-toc-page-1 ez-toc-heading-level-2'><a class=\"ez-toc-link ez-toc-heading-4\" href=\"#\" data-href=\"https:\/\/www.retouchbody.com\/tr\/lazer-epilasyon\/#Lazer_Epilasyon_Faydalari\" >Lazer Epilasyon Faydalar\u0131<\/a><\/li><li class='ez-toc-page-1 ez-toc-heading-level-2'><a class=\"ez-toc-link ez-toc-heading-5\" href=\"#\" data-href=\"https:\/\/www.retouchbody.com\/tr\/lazer-epilasyon\/#Lazer_Epilasyon_Kimler_Icin_Uygundur\" >Lazer Epilasyon Kimler \u0130\u00e7in Uygundur?<\/a><\/li><li class='ez-toc-page-1 ez-toc-heading-level-2'><a class=\"ez-toc-link ez-toc-heading-6\" href=\"#\" data-href=\"https:\/\/www.retouchbody.com\/tr\/lazer-epilasyon\/#Lazer_Epilasyon_Kullanim_Alanlari\" >Lazer Epilasyon Kullan\u0131m Alanlar\u0131<\/a><\/li><li class='ez-toc-page-1 ez-toc-heading-level-2'><a class=\"ez-toc-link ez-toc-heading-7\" href=\"#\" data-href=\"https:\/\/www.retouchbody.com\/tr\/lazer-epilasyon\/#Lazer_Epilasyon_Uygulamasi\" >Lazer Epilasyon Uygulamas\u0131<\/a><\/li><li class='ez-toc-page-1 ez-toc-heading-level-2'><a class=\"ez-toc-link ez-toc-heading-8\" href=\"#\" data-href=\"https:\/\/www.retouchbody.com\/tr\/lazer-epilasyon\/#Lazer_Epilasyon_Merkezleri\" >Lazer Epilasyon Merkezleri<\/a><\/li><li class='ez-toc-page-1 ez-toc-heading-level-2'><a class=\"ez-toc-link ez-toc-heading-9\" href=\"#\" data-href=\"https:\/\/www.retouchbody.com\/tr\/lazer-epilasyon\/#Lazer_Epilasyon_Erkek_Icin_Var_Mi\" >Lazer Epilasyon Erkek \u0130\u00e7in Var M\u0131?<\/a><\/li><li class='ez-toc-page-1 ez-toc-heading-level-2'><a class=\"ez-toc-link ez-toc-heading-10\" href=\"#\" data-href=\"https:\/\/www.retouchbody.com\/tr\/lazer-epilasyon\/#Lazer_Epilasyon_Cihazlari\" >Lazer Epilasyon Cihazlar\u0131<\/a><\/li><li class='ez-toc-page-1 ez-toc-heading-level-2'><a class=\"ez-toc-link ez-toc-heading-11\" href=\"#\" data-href=\"https:\/\/www.retouchbody.com\/tr\/lazer-epilasyon\/#Lazer_Epilasyon_Yorumlari\" >Lazer Epilasyon Yorumlar\u0131<\/a><\/li><li class='ez-toc-page-1 ez-toc-heading-level-2'><a class=\"ez-toc-link ez-toc-heading-12\" href=\"#\" data-href=\"https:\/\/www.retouchbody.com\/tr\/lazer-epilasyon\/#Lazer_Epilasyon_Fiyatlari_2026\" >Lazer Epilasyon Fiyatlar\u0131 2026<\/a><\/li><\/ul><\/nav><\/div>\n<h2><span class=\"ez-toc-section\" id=\"Lazer_Epilasyon_Nedir\"><\/span>Lazer Epilasyon Nedir?<span class=\"ez-toc-section-end\"><\/span><\/h2>\n<p><strong>Lazer Epilasyon<\/strong>, sa\u011fl\u0131kl\u0131 ve kal\u0131c\u0131 bir \u015fekilde t\u00fcylerden kurtulmak i\u00e7in yap\u0131lan uygulamalard\u0131r. Son zamanlarda olduk\u00e7a ra\u011fbet g\u00f6ren ve ba\u015far\u0131l\u0131 sonu\u00e7lar veren lazer uygulamas\u0131, herkesin be\u011fenisini toplamay\u0131 ba\u015fard\u0131.<\/p>\n<p>Lazer eksi zamanlarda kad\u0131nlar\u0131n ba\u015fvurdu\u011fu y\u00f6ntemdi. Fakat ilerleyen teknoloji sayesinde bu durum erkeklerinde dikkatini \u00e7ekmeye ba\u015flad\u0131. Kad\u0131nlar ve erkekler bu uygulama sayesinde istenmeyen t\u00fcylerden kurtulmu\u015f oluyor.<\/p>\n<p>Ki\u015fiye \u00f6zel olarak ger\u00e7ekle\u015ftirilir ve uygun seanslar belirlenerek, i\u015flem yap\u0131l\u0131r. Seans s\u00fcreleri boyunca uzman hekimlerin verdi\u011fi talimatlara uyulmas\u0131 \u00f6nemlidir. B\u00f6ylelikle yap\u0131lan i\u015flemin ba\u015far\u0131l\u0131 sonu\u00e7lanma durumu olmu\u015f olacakt\u0131r.<\/p>\n<p>Uzmanlar\u0131m\u0131z\u0131n yapm\u0131\u015f oldu\u011fu uygulamadan faydalanmak i\u00e7in bizimle ileti\u015fime ge\u00e7meniz yeterli olacakt\u0131r. V\u00fccudun b\u00fct\u00fcn b\u00f6lgelerine <span style=\"color: #ff0000;\"><strong><a style=\"color: #ff0000;\" href=\"https:\/\/www.retouchbody.com\/tr\/lazer-epilasyon\/\">lazer epilasyon<\/a><\/strong><\/span> uygulanabilir.<\/p>\n<h2><span class=\"ez-toc-section\" id=\"Lazer_Epilasyon_Nasil_Yapilir\"><\/span>Lazer Epilasyon Nas\u0131l Yap\u0131l\u0131r?<span class=\"ez-toc-section-end\"><\/span><\/h2>\n<p>Yap\u0131lan uygulama sayesinde t\u00fcyler inceltilir ve yok edilir. Bunun i\u00e7in lazer epilasyon cihaz ba\u015fl\u0131\u011f\u0131ndan yard\u0131m al\u0131n\u0131r. Ba\u015fl\u0131k ile cilde \u0131\u015f\u0131nlar at\u0131lm\u0131\u015f olur ve cilt y\u00fczeyleri bu \u015fekilde taranm\u0131\u015f olur. Uygulanan \u0131\u015f\u0131n ile birlikte melanin denen madde hedef al\u0131n\u0131r.<\/p>\n<p>Melanin; t\u00fcylere rengini ermi\u015f olan maddedir. Lazer taraf\u0131ndan cilt y\u00fczeyine iletilen enerji, t\u00fcylerin y\u00fczeyine \u0131s\u0131 enerjisinin olu\u015fmas\u0131n\u0131 sa\u011flar. \u00d6nce t\u00fcylerden sonra t\u00fcy k\u00f6klerine \u0131s\u0131 iletilir.<\/p>\n<p>Is\u0131 \u00e7ok k\u0131sa s\u00fcrede iletilir ve k\u0131l k\u00f6k\u00fcn\u00fc tahrip eder. K\u0131l k\u00f6klerinde bulunan k\u00f6k h\u00fccrenin deforme edilmesiyle birlikte burada yer alan k\u00f6klerin kal\u0131c\u0131 \u015fekilde ortadan kalkmas\u0131na yard\u0131mc\u0131 olur.<\/p>\n<h2><span class=\"ez-toc-section\" id=\"Lazer_Epilasyon_Yontemleri\"><\/span>Lazer Epilasyon Y\u00f6ntemleri<span class=\"ez-toc-section-end\"><\/span><\/h2>\n<p>Her ne kadar se\u00e7im konusunda zorluk \u00e7ekenler varsa da lazer uygulamas\u0131 kendi aras\u0131nda be\u015f farkl\u0131 y\u00f6ntemle mevcuttur. Y\u00f6ntemlerin, ki\u015fiye uygun olacak \u015fekilde se\u00e7ilmesi ve uygulanmas\u0131 gerekir. Buz lazer, Diode lazer, Alexandrite lazer, Yag lazer ve IPL lazer olacak \u015fekilde be\u015f farkl\u0131 y\u00f6ntem vard\u0131r.<\/p>\n<p>Her y\u00f6ntemin kendine g\u00f6re farkl\u0131 \u00f6zellikleri olmas\u0131ndan dolay\u0131 mutlaka \u00f6nceden detayl\u0131 bilgi sahibi olmak gerekir. Bizlere ba\u015fvuran dan\u0131\u015fanlar\u0131m\u0131z\u0131n yeterli \u015fekilde konuya vak\u0131f olmas\u0131 i\u00e7in y\u00f6ntemler hakk\u0131nda bilgi verilir. Daha sonra ki\u015fiye uygun olan lazer epilasyon y\u00f6ntemine karar verilir.<\/p>\n<h2><span class=\"ez-toc-section\" id=\"Lazer_Epilasyon_Faydalari\"><\/span>Lazer Epilasyon Faydalar\u0131<span class=\"ez-toc-section-end\"><\/span><\/h2>\n<p>G\u00fcnl\u00fck hayatta d\u00fczenli aral\u0131klarla t\u00fcyler al\u0131n\u0131r. Al\u0131nmakta olan t\u00fcylerin \u00e7ok fazla zaman kayb\u0131 olu\u015fturdu\u011funu ve al\u0131rken de zorlan\u0131lmas\u0131ndan dolay\u0131 lazer uygulamas\u0131na ba\u015fvurulur. \u0130stenmeyen t\u00fcylerden kal\u0131c\u0131 olarak kurtulmu\u015f olursunuz.<\/p>\n<p>Ekonomik y\u00f6nden tasarruf ederek, g\u00fcvenli bir \u015fekilde i\u015flemler ger\u00e7ekle\u015ftirilmi\u015f olur. Lazer epilasyon uygulamas\u0131n\u0131n birden fazla faydas\u0131 vard\u0131r. G\u00fcvenli, a\u011fr\u0131s\u0131z, h\u0131zl\u0131 uygulama, kal\u0131c\u0131 ve etkileyici \u00e7\u00f6z\u00fcmler sunmas\u0131na yard\u0131mc\u0131 olur.<\/p>\n<h2><span class=\"ez-toc-section\" id=\"Lazer_Epilasyon_Kimler_Icin_Uygundur\"><\/span>Lazer Epilasyon Kimler \u0130\u00e7in Uygundur?<span class=\"ez-toc-section-end\"><\/span><\/h2>\n<p>Lazer uygulamas\u0131 her ya\u015fta yap\u0131labilir. Fakat 18 ya\u015f\u0131na kadar v\u00fccudun geli\u015fim g\u00f6stermesinden kaynakl\u0131 olarak 18 ya\u015f\u0131ndan sonra i\u015flemin ger\u00e7ekle\u015ftirilmesinde fayda vard\u0131r. Kad\u0131nlardan ziyade erkeklerinde s\u0131kl\u0131kla tercih etti\u011fi uygulama t\u00fcr\u00fcd\u00fcr.<\/p>\n<p>Ki\u015fiye \u00f6zel ger\u00e7ekle\u015ftirilen lazer uygulamas\u0131 \u00f6ncesinde uzman hekimin talimatlar\u0131na uyulmas\u0131 gerekir. B\u00f6ylelikle daha ba\u015far\u0131l\u0131 ve do\u011fru sonu\u00e7lar al\u0131nm\u0131\u015f olacakt\u0131r. Yap\u0131lan lazer epilasyon uygulamas\u0131 ki\u015fiden ki\u015fiye farkl\u0131l\u0131k g\u00f6sterir.<\/p>\n<h2><span class=\"ez-toc-section\" id=\"Lazer_Epilasyon_Kullanim_Alanlari\"><\/span>Lazer Epilasyon Kullan\u0131m Alanlar\u0131<span class=\"ez-toc-section-end\"><\/span><\/h2>\n<p>A\u011fr\u0131s\u0131z ve ac\u0131s\u0131z bir \u015fekilde ger\u00e7ekle\u015ftirilen lazer uygulamas\u0131, istenmeyen t\u00fcylerden kurtulmak i\u00e7in yap\u0131l\u0131r. \u0130stenmeyen t\u00fcyler, v\u00fccudumuzun her yerinde g\u00f6r\u00fclebilir. Genital b\u00f6lge, bacaklar, g\u00f6\u011f\u00fcs, koltuk alt\u0131, kollar ve y\u00fcz b\u00f6lgesinde meydana gelir.<\/p>\n<p>T\u00fcylenme ki\u015fiyi rahats\u0131z etti\u011finden dolay\u0131 d\u00fczenli olarak al\u0131n\u0131r. Al\u0131nmakta olan t\u00fcylerin \u00e7ok fazla zaman ald\u0131\u011f\u0131 i\u00e7in bu durum lazer epilasyon ile ger\u00e7ekle\u015ftirilir. Lazer ile birlikte k\u0131sa s\u00fcrece t\u00fcyler al\u0131n\u0131r ve zamanla yok edilir.<\/p>\n<h2><span class=\"ez-toc-section\" id=\"Lazer_Epilasyon_Uygulamasi\"><\/span>Lazer Epilasyon Uygulamas\u0131<span class=\"ez-toc-section-end\"><\/span><\/h2>\n<p>Ultraviole ile birlikte \u0131\u015f\u0131k yayan cihaz yard\u0131m\u0131 ile t\u00fcyler harap edilir. \u0130stenmeyen t\u00fcylerden kal\u0131c\u0131 olarak kurtulmak i\u00e7in lazer epilasyon uygulamas\u0131 ger\u00e7ekle\u015ftirilmi\u015f olur.<\/p>\n<p>Yap\u0131lan uygulaman\u0131n ki\u015fiye \u00f6zel olarak ger\u00e7ekle\u015ftirilmesinden dolay\u0131 genelde fiyatta de\u011fi\u015fkenlik g\u00f6r\u00fcl\u00fcr. Burada seanslarda da de\u011fi\u015fkenlik g\u00f6r\u00fcl\u00fcr. \u00c7\u0131kmakta olan t\u00fcylerin kal\u0131c\u0131 olarak tahrip edilebilmesi i\u00e7in lazer ger\u00e7ekle\u015ftirilir.<\/p>\n<p>Kullan\u0131lmakta olan y\u00f6ntemler ki\u015fiden ki\u015fiye farkl\u0131l\u0131k g\u00f6sterir. Sonu\u00e7lar\u0131n kal\u0131c\u0131 ve ba\u015far\u0131l\u0131 bir \u015fekilde sonu\u00e7lanabilmesi i\u00e7in mutlaka uzman hekimlerin vermi\u015f oldu\u011fu talimatlara uyulmas\u0131 gerekir. Bizlere ba\u015fvuran dan\u0131\u015fanlar\u0131m\u0131z\u0131n alm\u0131\u015f olduklar\u0131 sonu\u00e7lar ba\u015far\u0131l\u0131 \u015fekilde sonu\u00e7lanm\u0131\u015ft\u0131r.<\/p>\n<p>G\u00fcn\u00fcm\u00fcz \u015fartlar\u0131nda pek \u00e7ok b\u00f6lge i\u00e7in lazer uygulamas\u0131 ger\u00e7ekle\u015ftirilir. T\u00fcylerde g\u00f6r\u00fclen azalmalarla birlikte daha fazla ki\u015finin dikkatini \u00e7eker ve daha \u00e7ok ra\u011fbet g\u00f6rm\u00fc\u015f olur.<\/p>\n<h2><span class=\"ez-toc-section\" id=\"Lazer_Epilasyon_Merkezleri\"><\/span>Lazer Epilasyon Merkezleri<span class=\"ez-toc-section-end\"><\/span><\/h2>\n<p>Pek \u00e7ok yerde lazer epilasyon merkezlerine rastlamak m\u00fcmk\u00fcnd\u00fcr. \u00c7\u00fcnk\u00fc g\u00fcn ge\u00e7tik\u00e7e hemen hemen her yerde merkezlerin oldu\u011funu g\u00f6rebilmek m\u00fcmk\u00fcnd\u00fcr.<\/p>\n<p>Bizler bu i\u015fi en g\u00fcvenli ve ba\u015far\u0131l\u0131 bir \u015fekilde ger\u00e7ekle\u015ftirmeye \u00f6zen g\u00f6steriyoruz. Dan\u0131\u015fanlar\u0131m\u0131z\u0131n, merkezimize u\u011framas\u0131yla birlikte kendilerine detayl\u0131 bilgi vermi\u015f oluyoruz.<\/p>\n<p>Bu esnada fiyat hakk\u0131nda da ortalama bir aral\u0131k verilebilir. Daha sonras\u0131nda ihtiya\u00e7 duyulursa seanslar tekrarlanabilir. Sizlerde bizimle ileti\u015fime ge\u00e7erek, merkezimizi ziyaret edebilir; konforlu ve g\u00fcvenli\u011finizden \u015f\u00fcphe etmemi\u015f olursunuz. Etkili ve g\u00fcvenli sonu\u00e7 alabilmek ad\u0131na mutlaka bilindik ve \u00e7ok fazla tercih edilen merkezlerden yararlanmaya \u00f6zen g\u00f6sterin.<\/p>\n<h2><span class=\"ez-toc-section\" id=\"Lazer_Epilasyon_Erkek_Icin_Var_Mi\"><\/span>Lazer Epilasyon Erkek \u0130\u00e7in Var M\u0131?<span class=\"ez-toc-section-end\"><\/span><\/h2>\n<p>Yayg\u0131n olarak kullan\u0131lmaya ba\u015flanan lazer epilasyon uygulamas\u0131 daha \u00e7ok kad\u0131nlar\u0131n tercihiydi. Fakat ilerleyen zaman dilimi i\u00e7erisinde ba\u015far\u0131l\u0131 sonu\u00e7lar\u0131n al\u0131nmas\u0131yla birlikte bu durum daha \u00e7ok ra\u011fbet g\u00f6rmeye ba\u015flad\u0131. Lazer uygulamas\u0131 sadece kad\u0131nlar i\u00e7in de\u011fil ayn\u0131 zamanda erkeklerinde ba\u015fvurdu\u011fu uygulama y\u00f6ntemidir.<\/p>\n<p>Erkekler i\u00e7in uygun olan bu y\u00f6ntem ile birlikte istenmeyen t\u00fcylerden kal\u0131c\u0131 bir \u015fekilde kurtulabilirsiniz. \u00dcstelik ac\u0131s\u0131z ve k\u0131sa s\u00fcre i\u00e7inde bu durum m\u00fcmk\u00fcnd\u00fcr. Uzman hekimlerimizin vermi\u015f oldu\u011fu talimatlara uyulmas\u0131yla birlikte ba\u015far\u0131l\u0131 sonu\u00e7lanacakt\u0131r.<\/p>\n<h2><span class=\"ez-toc-section\" id=\"Lazer_Epilasyon_Cihazlari\"><\/span>Lazer Epilasyon Cihazlar\u0131<span class=\"ez-toc-section-end\"><\/span><\/h2>\n<p>\u0130stenmeyen t\u00fcylerden kal\u0131c\u0131 olarak kurtulmak i\u00e7in lazer uygulamas\u0131na ba\u015fvurulur. Lazer uygulamas\u0131 k\u0131l k\u00f6klerini tahrip eder ve kal\u0131c\u0131 olarak ortadan kald\u0131r\u0131r.<\/p>\n<p>Yap\u0131lan \u00e7al\u0131\u015fmalar sonucunda lazer y\u00f6ntemi be\u015f farkl\u0131 \u015fekilde g\u00f6r\u00fcl\u00fcr. Kullan\u0131lan y\u00f6ntemlerle birlikte lazer epilasyon cihazlar\u0131 da de\u011fi\u015fkenlik g\u00f6sterir. Uygulama i\u00e7in kullan\u0131lan cihazlar, ki\u015fiye zarar vermez ve t\u00fcylerden sa\u011fl\u0131kl\u0131 bir \u015fekilde kurtulmaya yard\u0131mc\u0131 olur.<\/p>\n<p>Lazer uygulama aletleri ile uygulanan enerjinin \u0131\u015f\u0131ktan pek bir fark\u0131 yoktur. Burada tek fark tek dalga boyunca d\u00fcz bir \u015fekilde uygulanmas\u0131d\u0131r. K\u0131sa s\u00fcreli at\u0131\u015flarla cilde uygulan\u0131r ve melanin pigmentini emerek, k\u0131l k\u00f6klerini tahrip eder. Bu i\u015flemi yaparken \u00e7evre dokuya zarar vermeden ger\u00e7ekle\u015ftirilir. Tahribe u\u011frayan k\u0131l k\u00f6kleri azal\u0131r ve zamanla yok olmaya ba\u015flar.<\/p>\n<h2><span class=\"ez-toc-section\" id=\"Lazer_Epilasyon_Yorumlari\"><\/span>Lazer Epilasyon Yorumlar\u0131<span class=\"ez-toc-section-end\"><\/span><\/h2>\n<ul>\n<li>Hormonlarda g\u00f6r\u00fclen bozukluk nedeni ile t\u00fcylerim \u00e7ok h\u0131zl\u0131 uzamaya ba\u015fl\u0131yordu. Bende \u00e7\u00f6z\u00fcm olarak lazer uygulamas\u0131n\u0131n olabilece\u011fini d\u00fc\u015f\u00fcnd\u00fcm ve yapt\u0131rd\u0131m. Yapt\u0131\u011f\u0131ma pi\u015fman de\u011filim, \u00e7ok memnunun kald\u0131m.<\/li>\n<li>S\u0131cak aylarda \u00e7ok fazla terledi\u011fim i\u00e7in hemen kokuyordum. Bu da t\u00fcylerim uzun olmas\u0131ndan kaynakl\u0131 oluyordu. Lazer uygulamas\u0131 yapt\u0131rd\u0131m. Hem kokudan kurtuldum hem de t\u00fcylerden.<\/li>\n<li>Herkese tavsiye ediyorum. Gerekli olan bir tek \u015fey var. Oda g\u00fcvenli bir merkez bulup, d\u00fc\u015f\u00fcnmeden yapt\u0131rmakt\u0131r.<\/li>\n<li>Ben yapt\u0131m ve t\u00fcylerden sonsuza kadar kurtuldum. \u0130yi ki yapt\u0131rd\u0131m.<\/li>\n<li>\u015eu an da lazer seanslar\u0131m devam ediyor. Yeni yapt\u0131rmaya ba\u015flad\u0131m ama umudum var. Bir an \u00f6nce kurtulmak istiyorum.<\/li>\n<\/ul>\n<h2><span class=\"ez-toc-section\" id=\"Lazer_Epilasyon_Fiyatlari_2026\"><\/span>Lazer Epilasyon Fiyatlar\u0131 2026<span class=\"ez-toc-section-end\"><\/span><\/h2>\n<p>\u0130\u015flemler ki\u015fiye \u00f6zel olacak \u015fekilde yap\u0131l\u0131r. Yan, t\u00fcylenmenin \u00e7ok olmas\u0131 durumunda genelde seans say\u0131s\u0131nda art\u0131\u015f g\u00f6r\u00fcl\u00fcr. Yap\u0131lacak olan b\u00f6lge veya b\u00f6lgeler g\u00f6z \u00f6n\u00fcnde bulundurulur ve buna uygun olacak \u015fekilde seans say\u0131s\u0131 belirlenir. Seans say\u0131lar\u0131 genelde standartt\u0131r.<\/p>\n<p>Fakat gerekli durumlarda seanslar de\u011fi\u015fkenlik g\u00f6sterir. Seans say\u0131lar\u0131nda g\u00f6r\u00fclen de\u011fi\u015fkenlik, fiyata yans\u0131r. Bu y\u00fczden klini\u011fimize u\u011frayarak, lazer epilasyon ile fiyat hakk\u0131nda daha detayl\u0131 bilgiye sahip olabilirsiniz. <span style=\"text-decoration: underline;\"><strong>Lazer epilasyon fiyatlar\u0131 2026<\/strong><\/span> hakk\u0131nda bilgi almak i\u00e7in bizlere hemen ula\u015f\u0131n.<\/p>\n<p>\u0130nstagram&#8217;da bizi takip etmeyi unutmay\u0131n, <span style=\"color: #ff0000;\"><strong><a style=\"color: #ff0000;\" href=\"https:\/\/www.instagram.com\/retouchbody\/\" target=\"_blank\" rel=\"noopener\">Retouchbody<\/a><\/strong><\/span><\/p>\n","protected":false},"excerpt":{"rendered":"<p>Lazer Epilasyon Nedir? Lazer Epilasyon, sa\u011fl\u0131kl\u0131 ve kal\u0131c\u0131 bir \u015fekilde t\u00fcylerden kurtulmak i\u00e7in yap\u0131lan uygulamalard\u0131r. Son zamanlarda olduk\u00e7a ra\u011fbet g\u00f6ren ve ba\u015far\u0131l\u0131 sonu\u00e7lar veren lazer uygulamas\u0131, herkesin be\u011fenisini toplamay\u0131 ba\u015fard\u0131. Lazer eksi zamanlarda kad\u0131nlar\u0131n ba\u015fvurdu\u011fu y\u00f6ntemdi. Fakat ilerleyen teknoloji sayesinde bu durum erkeklerinde dikkatini \u00e7ekmeye ba\u015flad\u0131. Kad\u0131nlar ve erkekler bu uygulama sayesinde istenmeyen t\u00fcylerden kurtulmu\u015f [&hellip;]<\/p>\n","protected":false},"author":1,"featured_media":3530,"parent":0,"menu_order":0,"comment_status":"closed","ping_status":"closed","template":"","meta":{"footnotes":""},"class_list":["post-3528","page","type-page","status-publish","has-post-thumbnail","hentry"],"_links":{"self":[{"href":"https:\/\/www.retouchbody.com\/tr\/wp-json\/wp\/v2\/pages\/3528","targetHints":{"allow":["GET"]}}],"collection":[{"href":"https:\/\/www.retouchbody.com\/tr\/wp-json\/wp\/v2\/pages"}],"about":[{"href":"https:\/\/www.retouchbody.com\/tr\/wp-json\/wp\/v2\/types\/page"}],"author":[{"embeddable":true,"href":"https:\/\/www.retouchbody.com\/tr\/wp-json\/wp\/v2\/users\/1"}],"replies":[{"embeddable":true,"href":"https:\/\/www.retouchbody.com\/tr\/wp-json\/wp\/v2\/comments?post=3528"}],"version-history":[{"count":3,"href":"https:\/\/www.retouchbody.com\/tr\/wp-json\/wp\/v2\/pages\/3528\/revisions"}],"predecessor-version":[{"id":4697,"href":"https:\/\/www.retouchbody.com\/tr\/wp-json\/wp\/v2\/pages\/3528\/revisions\/4697"}],"wp:featuredmedia":[{"embeddable":true,"href":"https:\/\/www.retouchbody.com\/tr\/wp-json\/wp\/v2\/media\/3530"}],"wp:attachment":[{"href":"https:\/\/www.retouchbody.com\/tr\/wp-json\/wp\/v2\/media?parent=3528"}],"curies":[{"name":"wp","href":"https:\/\/api.w.org\/{rel}","templated":true}]}}