{"id":3504,"date":"2025-05-30T11:11:20","date_gmt":"2025-05-30T08:11:20","guid":{"rendered":"https:\/\/www.retouchbody.com\/tr\/?page_id=3504"},"modified":"2026-02-03T11:30:36","modified_gmt":"2026-02-03T08:30:36","slug":"terleme-tedavisi","status":"publish","type":"page","link":"https:\/\/www.retouchbody.com\/tr\/terleme-tedavisi\/","title":{"rendered":"Terleme Tedavisi"},"content":{"rendered":"<div id=\"ez-toc-container\" class=\"ez-toc-v2_0_80 counter-hierarchy ez-toc-counter ez-toc-grey ez-toc-container-direction\">\n<div class=\"ez-toc-title-container\">\n<p class=\"ez-toc-title\" style=\"cursor:inherit\">\u0130\u00e7indekiler Tablosu<\/p>\n<span class=\"ez-toc-title-toggle\"><a href=\"#\" class=\"ez-toc-pull-right ez-toc-btn ez-toc-btn-xs ez-toc-btn-default ez-toc-toggle\" aria-label=\"\u0130\u00e7indekiler Tablosunu A\u00e7\/Kapat\"><span class=\"ez-toc-js-icon-con\"><span class=\"\"><span class=\"eztoc-hide\" style=\"display:none;\">Toggle<\/span><span class=\"ez-toc-icon-toggle-span\"><svg style=\"fill: #999;color:#999\" xmlns=\"http:\/\/www.w3.org\/2000\/svg\" class=\"list-377408\" width=\"20px\" height=\"20px\" viewBox=\"0 0 24 24\" fill=\"none\"><path d=\"M6 6H4v2h2V6zm14 0H8v2h12V6zM4 11h2v2H4v-2zm16 0H8v2h12v-2zM4 16h2v2H4v-2zm16 0H8v2h12v-2z\" fill=\"currentColor\"><\/path><\/svg><svg style=\"fill: #999;color:#999\" class=\"arrow-unsorted-368013\" xmlns=\"http:\/\/www.w3.org\/2000\/svg\" width=\"10px\" height=\"10px\" viewBox=\"0 0 24 24\" version=\"1.2\" baseProfile=\"tiny\"><path d=\"M18.2 9.3l-6.2-6.3-6.2 6.3c-.2.2-.3.4-.3.7s.1.5.3.7c.2.2.4.3.7.3h11c.3 0 .5-.1.7-.3.2-.2.3-.5.3-.7s-.1-.5-.3-.7zM5.8 14.7l6.2 6.3 6.2-6.3c.2-.2.3-.5.3-.7s-.1-.5-.3-.7c-.2-.2-.4-.3-.7-.3h-11c-.3 0-.5.1-.7.3-.2.2-.3.5-.3.7s.1.5.3.7z\"\/><\/svg><\/span><\/span><\/span><\/a><\/span><\/div>\n<nav><ul class='ez-toc-list ez-toc-list-level-1 eztoc-toggle-hide-by-default' ><li class='ez-toc-page-1 ez-toc-heading-level-2'><a class=\"ez-toc-link ez-toc-heading-1\" href=\"#\" data-href=\"https:\/\/www.retouchbody.com\/tr\/terleme-tedavisi\/#Terleme_Tedavisi_Nedir\" >Terleme Tedavisi Nedir?<\/a><\/li><li class='ez-toc-page-1 ez-toc-heading-level-2'><a class=\"ez-toc-link ez-toc-heading-2\" href=\"#\" data-href=\"https:\/\/www.retouchbody.com\/tr\/terleme-tedavisi\/#Asiri_Terleme_Neden_Olur\" >A\u015f\u0131r\u0131 Terleme Neden Olur?<\/a><\/li><li class='ez-toc-page-1 ez-toc-heading-level-2'><a class=\"ez-toc-link ez-toc-heading-3\" href=\"#\" data-href=\"https:\/\/www.retouchbody.com\/tr\/terleme-tedavisi\/#Terleme_Tedavisi_Ne_Kadar_Kalicidir\" >Terleme Tedavisi Ne Kadar Kal\u0131c\u0131d\u0131r?<\/a><\/li><li class='ez-toc-page-1 ez-toc-heading-level-2'><a class=\"ez-toc-link ez-toc-heading-4\" href=\"#\" data-href=\"https:\/\/www.retouchbody.com\/tr\/terleme-tedavisi\/#Asiri_Terleme_Tedavisi_Yontemleri_Nelerdir\" >A\u015f\u0131r\u0131 Terleme Tedavisi Y\u00f6ntemleri Nelerdir?<\/a><\/li><li class='ez-toc-page-1 ez-toc-heading-level-2'><a class=\"ez-toc-link ez-toc-heading-5\" href=\"#\" data-href=\"https:\/\/www.retouchbody.com\/tr\/terleme-tedavisi\/#Terleme_Tedavisi_Hangi_Bolgelere_Uygulanir\" >Terleme Tedavisi Hangi B\u00f6lgelere Uygulan\u0131r?<\/a><\/li><li class='ez-toc-page-1 ez-toc-heading-level-2'><a class=\"ez-toc-link ez-toc-heading-6\" href=\"#\" data-href=\"https:\/\/www.retouchbody.com\/tr\/terleme-tedavisi\/#Terleme_Tedavisinde_Uygulama_Nasil_Yapilir\" >Terleme Tedavisinde Uygulama Nas\u0131l Yap\u0131l\u0131r?<\/a><\/li><li class='ez-toc-page-1 ez-toc-heading-level-2'><a class=\"ez-toc-link ez-toc-heading-7\" href=\"#\" data-href=\"https:\/\/www.retouchbody.com\/tr\/terleme-tedavisi\/#Terleme_Tedavisi_Sonrasi_Dikkat_Edilmesi_Gerekenler_Nelerdir\" >Terleme Tedavisi Sonras\u0131 Dikkat Edilmesi Gerekenler Nelerdir?<\/a><\/li><li class='ez-toc-page-1 ez-toc-heading-level-2'><a class=\"ez-toc-link ez-toc-heading-8\" href=\"#\" data-href=\"https:\/\/www.retouchbody.com\/tr\/terleme-tedavisi\/#Terleme_Sorunlari\" >Terleme Sorunlar\u0131<\/a><ul class='ez-toc-list-level-3' ><li class='ez-toc-heading-level-3'><a class=\"ez-toc-link ez-toc-heading-9\" href=\"#\" data-href=\"https:\/\/www.retouchbody.com\/tr\/terleme-tedavisi\/#El_ve_Avuclarda_Asiri_Terleme\" >El ve Avu\u00e7larda A\u015f\u0131r\u0131 Terleme<\/a><\/li><li class='ez-toc-page-1 ez-toc-heading-level-3'><a class=\"ez-toc-link ez-toc-heading-10\" href=\"#\" data-href=\"https:\/\/www.retouchbody.com\/tr\/terleme-tedavisi\/#Koltuk_Altinda_Asiri_Terleme\" >Koltuk Alt\u0131nda A\u015f\u0131r\u0131 Terleme<\/a><\/li><li class='ez-toc-page-1 ez-toc-heading-level-3'><a class=\"ez-toc-link ez-toc-heading-11\" href=\"#\" data-href=\"https:\/\/www.retouchbody.com\/tr\/terleme-tedavisi\/#Terleme_Tedavisinin_Yan_Etkileri_Var_Mi\" >Terleme Tedavisinin Yan Etkileri Var M\u0131?<\/a><\/li><li class='ez-toc-page-1 ez-toc-heading-level-3'><a class=\"ez-toc-link ez-toc-heading-12\" href=\"#\" data-href=\"https:\/\/www.retouchbody.com\/tr\/terleme-tedavisi\/#Terleme_Tedavisi_Uygulamasi_Ne_Zaman_Etki_Eder\" >Terleme Tedavisi Uygulamas\u0131 Ne Zaman Etki Eder?<\/a><\/li><\/ul><\/li><li class='ez-toc-page-1 ez-toc-heading-level-2'><a class=\"ez-toc-link ez-toc-heading-13\" href=\"#\" data-href=\"https:\/\/www.retouchbody.com\/tr\/terleme-tedavisi\/#Terleme_Tedavisi_Fiyatlari_2026\" >Terleme Tedavisi Fiyatlar\u0131 2026<\/a><\/li><\/ul><\/nav><\/div>\n<h2><span class=\"ez-toc-section\" id=\"Terleme_Tedavisi_Nedir\"><\/span>Terleme Tedavisi Nedir?<span class=\"ez-toc-section-end\"><\/span><\/h2>\n<p><strong>Terleme Tedavisi<\/strong>, v\u00fccudun \u0131s\u0131 kontrol\u00fcnden ba\u011f\u0131ms\u0131z olmas\u0131 ve \u00e7evresel fakt\u00f6rlerden kaynakl\u0131 olarak, \u00e7ok fazla terleme durumunun \u00f6n\u00fcne ge\u00e7ebilmek i\u00e7in uygulanan y\u00f6ntemlerdir.<\/p>\n<p>A\u015f\u0131r\u0131 terleme rahats\u0131zl\u0131\u011f\u0131 olan ki\u015filerin genelde hareket etmelerine gerek yoktur. \u00c7\u00fcnk\u00fc g\u00fcnl\u00fck ya\u015famda otururken bile kendili\u011finden terlemi\u015f olurlar. Rahats\u0131zl\u0131k t\u0131bbi durumlardan ya da ila\u00e7 kullan\u0131m\u0131ndan kaynakl\u0131 olarak geli\u015febilir.<\/p>\n<p>B\u00f6lgesel terlemenin a\u015f\u0131r\u0131 oldu\u011fu durumlarda en fazla koltuk alt\u0131, avu\u00e7 i\u00e7i, ayak taban\u0131 etkilenir. A\u015f\u0131r\u0131 terleme durumlar\u0131, \u00e7e\u015fitli hastal\u0131klar ve nedenlerden kaynakl\u0131d\u0131r.<\/p>\n<p>A\u015f\u0131r\u0131 terlemenin tam olarak nedeni bilinmiyor. Fakat sinir sistemindeki uygunsuz \u00e7al\u0131\u015fma nedeni ile terleme g\u00f6r\u00fcld\u00fc\u011f\u00fc saptanm\u0131\u015ft\u0131r. Bu gibi a\u015f\u0131r\u0131 terleme durumunun \u00f6n\u00fcne ge\u00e7mek i\u00e7in <span style=\"color: #ff0000;\"><strong><a style=\"color: #ff0000;\" href=\"https:\/\/www.retouchbody.com\/tr\/terleme-tedavisi\/\">terleme tedavisi<\/a><\/strong><\/span> uygulan\u0131r.<\/p>\n<h2><span class=\"ez-toc-section\" id=\"Asiri_Terleme_Neden_Olur\"><\/span>A\u015f\u0131r\u0131 Terleme Neden Olur?<span class=\"ez-toc-section-end\"><\/span><\/h2>\n<p>A\u015f\u0131r\u0131 terleme durumlar\u0131 belli bir nedene ba\u011fl\u0131 de\u011fildir. Bir nedene ba\u011fl\u0131 olmayan ki\u015filerin a\u015f\u0131r\u0131 terlemesi durumuna primer hiperhidroz denir. Bu rahats\u0131zl\u0131k erkeklerde ve kad\u0131nlarda ayn\u0131 ya\u015fta g\u00f6r\u00fcl\u00fcr.<\/p>\n<p>Hastal\u0131\u011f\u0131n ba\u015flang\u0131\u00e7 ya\u015f\u0131, ortalama olarak 25 civar\u0131d\u0131r. Fakat burada ayak veya el terlemeleri erken ya\u015flarda ba\u015flayabilir. Hastal\u0131\u011f\u0131n tan\u0131s\u0131n\u0131 koyabilmek i\u00e7in 6 ayl\u0131k s\u00fcre sonunda baz\u0131 belirtiler g\u00f6r\u00fcl\u00fcr. Bu belirtiler sonucunda uzman hekimden yard\u0131m almak gerekir.<\/p>\n<p>Belirtiler aras\u0131nda uykuda terleme, haftada bir g\u00f6r\u00fclen terleme ata\u011f\u0131, simetrik terleme, hayat kalitesinin bozulmas\u0131, 25 ya\u015f\u0131ndan \u00f6nce hastal\u0131\u011f\u0131n ortaya \u00e7\u0131kmas\u0131 gibi durumlar mevcuttur. Baz\u0131 durumlarda ki\u015filerde g\u00f6r\u00fclen a\u015f\u0131r\u0131 terleme, ki\u015fiyi rahats\u0131z etti\u011fi i\u00e7in psikososyal sebepler olabilir.<\/p>\n<p>Burada a\u015f\u0131r\u0131 terleme olu\u015fmas\u0131 durumunda b\u00f6lgesel mantar sorununu beraberinde getirir. Bu y\u00fczden sorunsuz bir ya\u015fam aktivitesi ya\u015famak ve az stresli bir hayat i\u00e7in uzman hekimlerimizden yard\u0131m alarak, terleme tedavisi uygulamas\u0131na ba\u015fvurabilirsiniz.<\/p>\n<h2><span class=\"ez-toc-section\" id=\"Terleme_Tedavisi_Ne_Kadar_Kalicidir\"><\/span>Terleme Tedavisi Ne Kadar Kal\u0131c\u0131d\u0131r?<span class=\"ez-toc-section-end\"><\/span><\/h2>\n<p>A\u015f\u0131r\u0131 terleme durumlar\u0131, \u00e7e\u015fitli hastal\u0131klara ba\u011fl\u0131 olarak g\u00f6r\u00fcl\u00fcr. Terleme sorunlar\u0131 g\u00fcnl\u00fck ya\u015fant\u0131m\u0131zda var olan bir durumdur. Bu durumun \u00f6n\u00fcne ge\u00e7ebilmek i\u00e7in baz\u0131 y\u00f6ntemler kullan\u0131l\u0131r. Fakat \u00e7ok ciddi terleme olmas\u0131 durumunda ne yaz\u0131k ki sorunlar\u0131n \u00f6n\u00fcne ge\u00e7mek m\u00fcmk\u00fcn olmuyor.<\/p>\n<p>Bunun i\u00e7in terleme tedavisi hakk\u0131nda detayl\u0131 bilgi alarak, uygulamadan faydalanmak m\u00fcmk\u00fcnd\u00fcr. Yap\u0131lan bu uygulama, y\u0131lda bir kere tek seans ile ger\u00e7ekle\u015fmesi yeterlidir. Etkisini 6-8 ay g\u00f6rebilirsiniz. Tek seans ile terlemenin \u00f6n\u00fcne ge\u00e7ersiniz.<\/p>\n<h2><span class=\"ez-toc-section\" id=\"Asiri_Terleme_Tedavisi_Yontemleri_Nelerdir\"><\/span>A\u015f\u0131r\u0131 Terleme Tedavisi Y\u00f6ntemleri Nelerdir?<span class=\"ez-toc-section-end\"><\/span><\/h2>\n<p>G\u00fcnl\u00fck ya\u015fant\u0131da, terlemenin \u00f6n\u00fcne ge\u00e7mek i\u00e7in genelde deodorant kullan\u0131l\u0131r. Fakat a\u015f\u0131r\u0131 terlemenin a\u00e7\u0131\u011fa \u00e7\u0131kmas\u0131yla birlikte deodorant yeterli olmayabilir. \u00c7\u00fcnk\u00fc deodorant\u0131n koltuk alt\u0131na s\u00fcr\u00fclmesiyle birlikte sadece koltuk alt\u0131 sorunu giderilir. A\u015f\u0131r\u0131 terleme durumlar\u0131nda, ayak, eller ve di\u011fer b\u00f6lgeler terler.<\/p>\n<p>Deodorant ile bunun \u00f6n\u00fcne ge\u00e7mek m\u00fcmk\u00fcn olmad\u0131\u011f\u0131 i\u00e7in uzman hekimler taraf\u0131ndan terleme tedavisi uygulanmas\u0131 gerekir. Birden fazla tedavi y\u00f6ntemi mevcuttur.<\/p>\n<p>Bu tedavi y\u00f6ntemleri aras\u0131nda krem, jel, spreyler, elektrik ak\u0131m\u0131, botoks enjeksiyonu ve bununla birlikte evde ger\u00e7ekle\u015ftirilmi\u015f olan do\u011fal y\u00f6ntemlerdir. Fakat daha kal\u0131c\u0131 ve etkili \u00e7\u00f6z\u00fcmler i\u00e7in uzman hekimlerimizin tecr\u00fcbelerinden yard\u0131m alarak, terlemenin tedavisini ger\u00e7ekle\u015ftirebilirsiniz.<\/p>\n<h2><span class=\"ez-toc-section\" id=\"Terleme_Tedavisi_Hangi_Bolgelere_Uygulanir\"><\/span>Terleme Tedavisi Hangi B\u00f6lgelere Uygulan\u0131r?<span class=\"ez-toc-section-end\"><\/span><\/h2>\n<p>Yap\u0131lacak olan terleme tedavisi i\u00e7in b\u00f6lge s\u0131n\u0131rlamas\u0131 yapmak do\u011fru olmaz. \u00c7\u00fcnk\u00fc v\u00fccudun \u00e7e\u015fitli yerlerinde terleme sorunu a\u00e7\u0131\u011fa \u00e7\u0131kabilir. Fakat daha \u00e7ok koltuk alt\u0131, el ve avu\u00e7 i\u00e7inde terleme g\u00f6r\u00fcld\u00fc\u011f\u00fc i\u00e7in hastalar\u0131m\u0131z\u0131n yapt\u0131rm\u0131\u015f oldu\u011fu tedavi bu b\u00f6lgelere uygulanm\u0131\u015f olur. Di\u011fer hastalarda g\u00f6r\u00fclen terleme sorunlar\u0131n\u0131n b\u00f6lgelere g\u00f6re de\u011fi\u015fkenlik g\u00f6stermesiyle birlikte her yere rahatl\u0131kla yap\u0131labilir.<\/p>\n<h2><span class=\"ez-toc-section\" id=\"Terleme_Tedavisinde_Uygulama_Nasil_Yapilir\"><\/span>Terleme Tedavisinde Uygulama Nas\u0131l Yap\u0131l\u0131r?<span class=\"ez-toc-section-end\"><\/span><\/h2>\n<p>Koltuk alt\u0131nda meydana gelen sorunun \u00e7\u00f6z\u00fclebilir olmas\u0131 i\u00e7in ameliyata gerek duymadan, uzun s\u00fcreli etkiye kavu\u015fabilirsiniz. Uzman hekimlerimizce ger\u00e7ekle\u015ftirilen terleme tedavisi ac\u0131s\u0131z ve pratik bir \u015fekilde yap\u0131lm\u0131\u015f olur. Uygulama \u00f6ncesinde hastan\u0131n a\u011fr\u0131, ac\u0131 hissetmemesi i\u00e7in i\u015flemin yap\u0131laca\u011f\u0131 b\u00f6lgeye anestezik krem s\u00fcr\u00fcl\u00fcr.<\/p>\n<p>Bu krem sayesinde ilgili b\u00f6lge uyu\u015fturulur ve a\u011fr\u0131 olu\u015fmaz. Koltuk alt\u0131 muayene edilir ve sonras\u0131nda i\u015flemin yap\u0131laca\u011f\u0131 b\u00f6lge i\u015faretlenir. Hastaya uygun doz ayar\u0131 yap\u0131ld\u0131ktan sonra 20 farkl\u0131 noktaya dolgu enjekte edilir. Sinirlenin etkilenmesine neden olan madde terlemeyi durdurmu\u015f olur. \u0130\u015flem s\u00fcresi hastadan hastaya de\u011fi\u015fkenlik g\u00f6sterebilir.<\/p>\n<h2><span class=\"ez-toc-section\" id=\"Terleme_Tedavisi_Sonrasi_Dikkat_Edilmesi_Gerekenler_Nelerdir\"><\/span>Terleme Tedavisi Sonras\u0131 Dikkat Edilmesi Gerekenler Nelerdir?<span class=\"ez-toc-section-end\"><\/span><\/h2>\n<p>Hastalar\u0131m\u0131za uygulam\u0131\u015f oldu\u011fumu terleme tedavisi sonras\u0131nda ki\u015finin sosyal ya\u015fam\u0131n\u0131 etkileyen bir durum s\u00f6z konusu de\u011fildir. Fakat burada daha sa\u011fl\u0131kl\u0131 ve ba\u015far\u0131l\u0131 sonu\u00e7lar alabilmek ad\u0131na uzman hekimlerimizin talimatlar\u0131na uyman\u0131z \u00f6nerilir. \u0130\u015flem sonras\u0131nda hastalar\u0131m\u0131z, g\u00fcnl\u00fck ya\u015fant\u0131s\u0131na d\u00f6nebilir.<\/p>\n<h2><span class=\"ez-toc-section\" id=\"Terleme_Sorunlari\"><\/span>Terleme Sorunlar\u0131<span class=\"ez-toc-section-end\"><\/span><\/h2>\n<p>Beklenmedik zamanlarda baz\u0131 ki\u015filerde a\u015f\u0131r\u0131 terleme sorunu a\u00e7\u0131\u011fa \u00e7\u0131kar. Bu terleme sorunu istenmeyen durumlar sonucunda a\u00e7\u0131\u011fa \u00e7\u0131kar. Fakat a\u015f\u0131r\u0131 terleme durumlar\u0131, ki\u015finin hormonal ya da stres rahats\u0131zl\u0131klar\u0131yla alakal\u0131 olabilir. Terleme sorunu baz\u0131 hastal\u0131klar nedeni ile de g\u00f6r\u00fclebilir.<\/p>\n<p>En ba\u015fta tiroid rahats\u0131zl\u0131\u011f\u0131 say\u0131labilir. Kanser \u00e7e\u015fitleri, ate\u015f, alkol ve uyu\u015fturucu kullanma, menopoz, obezite, ins\u00fclin ila\u00e7lar\u0131, akci\u011fer rahats\u0131zl\u0131klar\u0131, C ve D vitamin eksikli\u011fi gibi sorunlarla kar\u015f\u0131 kar\u015f\u0131ya kal\u0131nabilir. Bunun i\u00e7in mutlaka terleme tedavisi i\u00e7in uzman hekimden yard\u0131m alarak, terleme sorununun \u00e7\u00f6z\u00fclmesi gerekir.<\/p>\n<h3><span class=\"ez-toc-section\" id=\"El_ve_Avuclarda_Asiri_Terleme\"><\/span>El ve Avu\u00e7larda A\u015f\u0131r\u0131 Terleme<span class=\"ez-toc-section-end\"><\/span><\/h3>\n<p>\u00d6zellikle \u00e7ok stresli olmak veya psikolojik nesnelere ba\u011fl\u0131 olarak el ve avu\u00e7larda terleme g\u00f6r\u00fcl\u00fcr. Hasta g\u00fcnl\u00fck ya\u015fant\u0131s\u0131nda, insan ili\u015fkilerinde, ya\u015fam\u0131\u015f oldu\u011fu endi\u015feli durumlar nedeni ile \u00e7ekingenlik gibi durumlardan dolay\u0131 terleyebilir.<\/p>\n<p>Bu sebepten dolay\u0131 hastalar\u0131m\u0131z\u0131n \u00f6z g\u00fcven sorunu ya\u015famas\u0131 nedeni ile terleme tedavisi uygulamak isterler. Uygulama sayesinde el ve avu\u00e7lara uygulanan tedavi sayesinde terleme giderilmi\u015f olur.<\/p>\n<h3><span class=\"ez-toc-section\" id=\"Koltuk_Altinda_Asiri_Terleme\"><\/span>Koltuk Alt\u0131nda A\u015f\u0131r\u0131 Terleme<span class=\"ez-toc-section-end\"><\/span><\/h3>\n<p>Hepimizin ortak sorunu olan ve baz\u0131 durumlarda a\u015f\u0131r\u0131 terlemeye neden olan b\u00f6lgelerden bir tanesi koltuk alt\u0131d\u0131r. Psikolojik nedenlerden ve fiziksel rahats\u0131zl\u0131klar nedeni ile terlemeler koltuk alt\u0131nda \u00e7ok s\u0131k g\u00f6r\u00fcl\u00fcr. Bu y\u00fczden terleme tedavisi olduk\u00e7a \u00f6nemlidir. Bununla birlikte uygulanm\u0131\u015f olan tedavi sayesinde terleme problemi ortadan kald\u0131r\u0131l\u0131r ve k\u00f6t\u00fc koku sorunu \u00e7\u00f6z\u00fclm\u00fc\u015f olur.<\/p>\n<h3><span class=\"ez-toc-section\" id=\"Terleme_Tedavisinin_Yan_Etkileri_Var_Mi\"><\/span>Terleme Tedavisinin Yan Etkileri Var M\u0131?<span class=\"ez-toc-section-end\"><\/span><\/h3>\n<p>Her tedavide oldu\u011fu gibi terleme tedavisi uygulamas\u0131nda da baz\u0131 yan etkiler g\u00f6r\u00fclebilir. Fakat bunlar ciddi olmamakla birlikte, zaman i\u00e7erinde yok olurlar.<\/p>\n<p>Enjekte edilmi\u015f olan dolgu maddesi, ki\u015filerde alerjik durumlar yaratabilir. Fakat bunun ki\u015fiye herhangi bir zarar\u0131 yoktur. Bu yan etkiler hastalar\u0131m\u0131z\u0131n g\u00fcnl\u00fck ya\u015fam aktivitelerini engellemeden, uygulamalar\u0131n ger\u00e7ekle\u015fmesini sa\u011flar.<\/p>\n<h3><span class=\"ez-toc-section\" id=\"Terleme_Tedavisi_Uygulamasi_Ne_Zaman_Etki_Eder\"><\/span>Terleme Tedavisi Uygulamas\u0131 Ne Zaman Etki Eder?<span class=\"ez-toc-section-end\"><\/span><\/h3>\n<p>A\u015f\u0131r\u0131 terleme i\u00e7in ger\u00e7ekle\u015ftirilmi\u015f olan uygulaman\u0131n etkisini hemen g\u00f6rmek m\u00fcmk\u00fcn de\u011fildir. \u00c7\u00fcnk\u00fc uygulama bir anda etkisini g\u00f6stermedi\u011fi i\u00e7in biraz zamana ihtiya\u00e7 vard\u0131r.<\/p>\n<p>Ger\u00e7ekle\u015ftirilen terleme tedavisi sonras\u0131ndaki \u00fc\u00e7\u00fcnc\u00fc g\u00fcnde etkiler g\u00f6r\u00fcl\u00fcr. Fakat tam anlam\u0131yla uygulaman\u0131n etkisi g\u00f6r\u00fclmez. Beklenen sonucun al\u0131nabilmesi ve ba\u015far\u0131l\u0131 oldu\u011funu g\u00f6rebilmek i\u00e7in 2 haftal\u0131k s\u00fcreye ihtiya\u00e7 var.<\/p>\n<p>\u0130ki hafta sonunda tam anlam\u0131yla terleme sorunu \u00e7\u00f6z\u00fclm\u00fc\u015f olacakt\u0131r. E\u011fer 2 hafta sonras\u0131nda terleme sorunu devam ederse mutlaka uzman hekimlerimize dan\u0131\u015farak, bu sorunu bildirmeniz gerekir. Gerekli olan i\u015flemler yap\u0131l\u0131r ve terleme sorunu ortadan kald\u0131r\u0131l\u0131r.<\/p>\n<h2><span class=\"ez-toc-section\" id=\"Terleme_Tedavisi_Fiyatlari_2026\"><\/span>Terleme Tedavisi Fiyatlar\u0131 2026<span class=\"ez-toc-section-end\"><\/span><\/h2>\n<p>B\u00f6lgelere uygulanan doz miktar\u0131 farkl\u0131l\u0131k g\u00f6sterdi\u011fi i\u00e7in uygulama ki\u015fiye \u00f6zel olarak yap\u0131l\u0131r. Fiyat bilgisi hakk\u0131nda daha detayl\u0131 bilgi almak i\u00e7in ileti\u015fim bilgilerinden bizimle ileti\u015fime ge\u00e7ebilirsiniz.<\/p>\n<p>Daha kesin bir fiyat bilgisi almak i\u00e7in ise, uzman hekimlerimize dan\u0131\u015farak \u00f6n muayeneyi ger\u00e7ekle\u015ftirebilirsiniz. Terleme sorununun oldu\u011fu b\u00f6lgeler genelde ki\u015fiden ki\u015fiye g\u00f6re farkl\u0131l\u0131k g\u00f6sterir.<\/p>\n<p>Bu sebepten dolay\u0131 yap\u0131lacak olan terleme tedavisi b\u00f6lgelere g\u00f6re de\u011fi\u015fkenlik g\u00f6sterebilen bir durum oldu\u011fu i\u00e7in fiyat bilgisi verilemez. <strong><span style=\"text-decoration: underline;\">Terleme tedavisi fiyatlar\u0131 2026<\/span><\/strong>\u00a0hakk\u0131nda bilgi almak i\u00e7in bizlere hemen ula\u015fabilirsiniz.<\/p>\n<p>\u0130nstagram&#8217;da bizi takip etmeyi unutmay\u0131n, <span style=\"color: #ff0000;\"><strong><a style=\"color: #ff0000;\" href=\"https:\/\/www.instagram.com\/retouchbody\/\" target=\"_blank\" rel=\"noopener\">Retouchbody<\/a><\/strong><\/span><\/p>\n","protected":false},"excerpt":{"rendered":"<p>Terleme Tedavisi Nedir? Terleme Tedavisi, v\u00fccudun \u0131s\u0131 kontrol\u00fcnden ba\u011f\u0131ms\u0131z olmas\u0131 ve \u00e7evresel fakt\u00f6rlerden kaynakl\u0131 olarak, \u00e7ok fazla terleme durumunun \u00f6n\u00fcne ge\u00e7ebilmek i\u00e7in uygulanan y\u00f6ntemlerdir. A\u015f\u0131r\u0131 terleme rahats\u0131zl\u0131\u011f\u0131 olan ki\u015filerin genelde hareket etmelerine gerek yoktur. \u00c7\u00fcnk\u00fc g\u00fcnl\u00fck ya\u015famda otururken bile kendili\u011finden terlemi\u015f olurlar. Rahats\u0131zl\u0131k t\u0131bbi durumlardan ya da ila\u00e7 kullan\u0131m\u0131ndan kaynakl\u0131 olarak geli\u015febilir. B\u00f6lgesel terlemenin a\u015f\u0131r\u0131 [&hellip;]<\/p>\n","protected":false},"author":1,"featured_media":4499,"parent":0,"menu_order":0,"comment_status":"closed","ping_status":"closed","template":"","meta":{"footnotes":""},"class_list":["post-3504","page","type-page","status-publish","has-post-thumbnail","hentry"],"_links":{"self":[{"href":"https:\/\/www.retouchbody.com\/tr\/wp-json\/wp\/v2\/pages\/3504","targetHints":{"allow":["GET"]}}],"collection":[{"href":"https:\/\/www.retouchbody.com\/tr\/wp-json\/wp\/v2\/pages"}],"about":[{"href":"https:\/\/www.retouchbody.com\/tr\/wp-json\/wp\/v2\/types\/page"}],"author":[{"embeddable":true,"href":"https:\/\/www.retouchbody.com\/tr\/wp-json\/wp\/v2\/users\/1"}],"replies":[{"embeddable":true,"href":"https:\/\/www.retouchbody.com\/tr\/wp-json\/wp\/v2\/comments?post=3504"}],"version-history":[{"count":4,"href":"https:\/\/www.retouchbody.com\/tr\/wp-json\/wp\/v2\/pages\/3504\/revisions"}],"predecessor-version":[{"id":4722,"href":"https:\/\/www.retouchbody.com\/tr\/wp-json\/wp\/v2\/pages\/3504\/revisions\/4722"}],"wp:featuredmedia":[{"embeddable":true,"href":"https:\/\/www.retouchbody.com\/tr\/wp-json\/wp\/v2\/media\/4499"}],"wp:attachment":[{"href":"https:\/\/www.retouchbody.com\/tr\/wp-json\/wp\/v2\/media?parent=3504"}],"curies":[{"name":"wp","href":"https:\/\/api.w.org\/{rel}","templated":true}]}}