{"id":3494,"date":"2025-05-30T10:12:06","date_gmt":"2025-05-30T07:12:06","guid":{"rendered":"https:\/\/www.retouchbody.com\/tr\/?page_id=3494"},"modified":"2026-02-03T11:31:07","modified_gmt":"2026-02-03T08:31:07","slug":"ulthera","status":"publish","type":"page","link":"https:\/\/www.retouchbody.com\/tr\/ulthera\/","title":{"rendered":"Ulthera"},"content":{"rendered":"<div id=\"ez-toc-container\" class=\"ez-toc-v2_0_80 counter-hierarchy ez-toc-counter ez-toc-grey ez-toc-container-direction\">\n<div class=\"ez-toc-title-container\">\n<p class=\"ez-toc-title\" style=\"cursor:inherit\">\u0130\u00e7indekiler Tablosu<\/p>\n<span class=\"ez-toc-title-toggle\"><a href=\"#\" class=\"ez-toc-pull-right ez-toc-btn ez-toc-btn-xs ez-toc-btn-default ez-toc-toggle\" aria-label=\"\u0130\u00e7indekiler Tablosunu A\u00e7\/Kapat\"><span class=\"ez-toc-js-icon-con\"><span class=\"\"><span class=\"eztoc-hide\" style=\"display:none;\">Toggle<\/span><span class=\"ez-toc-icon-toggle-span\"><svg style=\"fill: #999;color:#999\" xmlns=\"http:\/\/www.w3.org\/2000\/svg\" class=\"list-377408\" width=\"20px\" height=\"20px\" viewBox=\"0 0 24 24\" fill=\"none\"><path d=\"M6 6H4v2h2V6zm14 0H8v2h12V6zM4 11h2v2H4v-2zm16 0H8v2h12v-2zM4 16h2v2H4v-2zm16 0H8v2h12v-2z\" fill=\"currentColor\"><\/path><\/svg><svg style=\"fill: #999;color:#999\" class=\"arrow-unsorted-368013\" xmlns=\"http:\/\/www.w3.org\/2000\/svg\" width=\"10px\" height=\"10px\" viewBox=\"0 0 24 24\" version=\"1.2\" baseProfile=\"tiny\"><path d=\"M18.2 9.3l-6.2-6.3-6.2 6.3c-.2.2-.3.4-.3.7s.1.5.3.7c.2.2.4.3.7.3h11c.3 0 .5-.1.7-.3.2-.2.3-.5.3-.7s-.1-.5-.3-.7zM5.8 14.7l6.2 6.3 6.2-6.3c.2-.2.3-.5.3-.7s-.1-.5-.3-.7c-.2-.2-.4-.3-.7-.3h-11c-.3 0-.5.1-.7.3-.2.2-.3.5-.3.7s.1.5.3.7z\"\/><\/svg><\/span><\/span><\/span><\/a><\/span><\/div>\n<nav><ul class='ez-toc-list ez-toc-list-level-1 eztoc-toggle-hide-by-default' ><li class='ez-toc-page-1 ez-toc-heading-level-2'><a class=\"ez-toc-link ez-toc-heading-1\" href=\"#\" data-href=\"https:\/\/www.retouchbody.com\/tr\/ulthera\/#Ulthera_Nedir\" >Ulthera Nedir?<\/a><\/li><li class='ez-toc-page-1 ez-toc-heading-level-2'><a class=\"ez-toc-link ez-toc-heading-2\" href=\"#\" data-href=\"https:\/\/www.retouchbody.com\/tr\/ulthera\/#Ulthera_Nasil_Uygulanir\" >Ulthera Nas\u0131l Uygulan\u0131r?<\/a><\/li><li class='ez-toc-page-1 ez-toc-heading-level-2'><a class=\"ez-toc-link ez-toc-heading-3\" href=\"#\" data-href=\"https:\/\/www.retouchbody.com\/tr\/ulthera\/#Ulthera_Kimlere_Uygundur\" >Ulthera Kimlere Uygundur?<\/a><\/li><li class='ez-toc-page-1 ez-toc-heading-level-2'><a class=\"ez-toc-link ez-toc-heading-4\" href=\"#\" data-href=\"https:\/\/www.retouchbody.com\/tr\/ulthera\/#Ulthera_Ameliyatsiz_Yuz_Germe_Kac_Seanstir\" >Ulthera Ameliyats\u0131z Y\u00fcz Germe Ka\u00e7 Seanst\u0131r?<\/a><\/li><li class='ez-toc-page-1 ez-toc-heading-level-2'><a class=\"ez-toc-link ez-toc-heading-5\" href=\"#\" data-href=\"https:\/\/www.retouchbody.com\/tr\/ulthera\/#Hifu_Hangi_Bolgelere_Uygulanmaktadir\" >Hifu Hangi B\u00f6lgelere Uygulanmaktad\u0131r?<\/a><\/li><li class='ez-toc-page-1 ez-toc-heading-level-2'><a class=\"ez-toc-link ez-toc-heading-6\" href=\"#\" data-href=\"https:\/\/www.retouchbody.com\/tr\/ulthera\/#Hifu_Uygulamasi_Ne_Kadar_Surmektedir\" >Hifu Uygulamas\u0131 Ne Kadar S\u00fcrmektedir?<\/a><\/li><li class='ez-toc-page-1 ez-toc-heading-level-2'><a class=\"ez-toc-link ez-toc-heading-7\" href=\"#\" data-href=\"https:\/\/www.retouchbody.com\/tr\/ulthera\/#Ulthera_Seans_Fiyatlari_2026\" >Ulthera Seans Fiyatlar\u0131 2026<\/a><\/li><li class='ez-toc-page-1 ez-toc-heading-level-2'><a class=\"ez-toc-link ez-toc-heading-8\" href=\"#\" data-href=\"https:\/\/www.retouchbody.com\/tr\/ulthera\/#Ulthera_ile_Ilgili_Sik_Sorulan_Sorular\" >Ulthera ile \u0130lgili S\u0131k Sorulan Sorular<\/a><ul class='ez-toc-list-level-3' ><li class='ez-toc-heading-level-3'><a class=\"ez-toc-link ez-toc-heading-9\" href=\"#\" data-href=\"https:\/\/www.retouchbody.com\/tr\/ulthera\/#Uygulama_Sirasinda_Neler_Hissedilir\" >Uygulama S\u0131ras\u0131nda Neler Hissedilir?<\/a><\/li><li class='ez-toc-page-1 ez-toc-heading-level-3'><a class=\"ez-toc-link ez-toc-heading-10\" href=\"#\" data-href=\"https:\/\/www.retouchbody.com\/tr\/ulthera\/#Hifu_Uygulamasinda_Anestezi_Gerekir_Mi\" >Hifu Uygulamas\u0131nda Anestezi Gerekir Mi?<\/a><\/li><li class='ez-toc-page-1 ez-toc-heading-level-3'><a class=\"ez-toc-link ez-toc-heading-11\" href=\"#\" data-href=\"https:\/\/www.retouchbody.com\/tr\/ulthera\/#Hifu_ile_Ameliyatsiz_Genclesin\" >Hifu ile Ameliyats\u0131z Gen\u00e7le\u015fin!<\/a><\/li><li class='ez-toc-page-1 ez-toc-heading-level-3'><a class=\"ez-toc-link ez-toc-heading-12\" href=\"#\" data-href=\"https:\/\/www.retouchbody.com\/tr\/ulthera\/#Ulthera_ile_Hangi_Bolgeler_Tedavi_Edilebilir\" >Ulthera ile Hangi B\u00f6lgeler Tedavi Edilebilir?<\/a><\/li><li class='ez-toc-page-1 ez-toc-heading-level-3'><a class=\"ez-toc-link ez-toc-heading-13\" href=\"#\" data-href=\"https:\/\/www.retouchbody.com\/tr\/ulthera\/#Ultherapy_ile_Cildim_Nasil_Sikilasir\" >Ultherapy ile Cildim Nas\u0131l S\u0131k\u0131la\u015f\u0131r?<\/a><\/li><li class='ez-toc-page-1 ez-toc-heading-level-3'><a class=\"ez-toc-link ez-toc-heading-14\" href=\"#\" data-href=\"https:\/\/www.retouchbody.com\/tr\/ulthera\/#Ultheranin_Diger_Ameliyatsiz_Yuz_Germe_Islemlerinden_Farki_Nedir\" >Ultheran\u0131n Di\u011fer Ameliyats\u0131z Y\u00fcz Germe \u0130\u015flemlerinden Fark\u0131 Nedir?<\/a><\/li><li class='ez-toc-page-1 ez-toc-heading-level-3'><a class=\"ez-toc-link ez-toc-heading-15\" href=\"#\" data-href=\"https:\/\/www.retouchbody.com\/tr\/ulthera\/#Ulthera_Guvenli_Bir_Yontem_Midir\" >Ulthera G\u00fcvenli Bir Y\u00f6ntem Midir?<\/a><\/li><li class='ez-toc-page-1 ez-toc-heading-level-3'><a class=\"ez-toc-link ez-toc-heading-16\" href=\"#\" data-href=\"https:\/\/www.retouchbody.com\/tr\/ulthera\/#Ulthera_Uygulamasi_Sonrasinda_Sonuclar_Ne_Zaman_Ortaya_Cikar\" >Ulthera Uygulamas\u0131 Sonras\u0131nda Sonu\u00e7lar Ne Zaman Ortaya \u00c7\u0131kar?<\/a><\/li><li class='ez-toc-page-1 ez-toc-heading-level-3'><a class=\"ez-toc-link ez-toc-heading-17\" href=\"#\" data-href=\"https:\/\/www.retouchbody.com\/tr\/ulthera\/#Ulthera_Uygulamasinin_Omru_Ne_Kadardir_Ne_Kadar_Kalicidir\" >Ulthera Uygulamas\u0131n\u0131n \u00d6mr\u00fc Ne Kadard\u0131r? Ne Kadar Kal\u0131c\u0131d\u0131r?<\/a><\/li><\/ul><\/li><\/ul><\/nav><\/div>\n<h2><span class=\"ez-toc-section\" id=\"Ulthera_Nedir\"><\/span>Ulthera Nedir?<span class=\"ez-toc-section-end\"><\/span><\/h2>\n<p><strong>Ulthera<\/strong>, daha gen\u00e7 ve daha s\u0131k\u0131 bir cilde sahip olmak i\u00e7in tercih edilen uygulamalard\u0131r. Sarkm\u0131\u015f cilt, k\u0131r\u0131\u015fm\u0131\u015f cilt ve elastik \u00f6zelli\u011fini kaybetmi\u015f olan ciltler sonucunda k\u00f6t\u00fc bir g\u00f6r\u00fcn\u00fcm ortaya \u00e7\u0131kar.<\/p>\n<p>\u00d6zellikle burada d\u00fc\u015f\u00fck ka\u015flar ve gergin cilt ile kar\u015f\u0131 kar\u015f\u0131ya kal\u0131r\u0131z. Elimizde olmayan bir\u00e7ok nedenden dolay\u0131 cilt zarar g\u00f6r\u00fcr. Art\u0131k lazer teknoloji sayesinde b\u00fct\u00fcn bu sorunlar\u0131n risksiz \u015fekilde \u00e7\u00f6z\u00fcme kavu\u015fmas\u0131 m\u00fcmk\u00fcnd\u00fcr. \u0130\u015flem s\u00fcresi k\u0131sa ve olduk\u00e7a g\u00fcvenlidir.<\/p>\n<p>Bu y\u00fczden g\u00fcnl\u00fck hayatta herhangi bir zaman dilimi i\u00e7erisinde ger\u00e7ekle\u015ftirilebilir ve hasta hayat\u0131na kald\u0131\u011f\u0131 yerden devam edebilir. Ciltte meydana gelen hasar ve sarkmalar\u0131n giderilebilmesi i\u00e7in <span style=\"color: #ff0000;\"><strong><a style=\"color: #ff0000;\" href=\"https:\/\/www.retouchbody.com\/tr\/ulthera\/\">ulthera<\/a><\/strong><\/span> uygulamas\u0131na ba\u015fvurulmas\u0131 gerekir.<\/p>\n<h2><span class=\"ez-toc-section\" id=\"Ulthera_Nasil_Uygulanir\"><\/span>Ulthera Nas\u0131l Uygulan\u0131r?<span class=\"ez-toc-section-end\"><\/span><\/h2>\n<p>Cilt alt\u0131nda yer alan dokular \u00fczerine, monit\u00f6r yard\u0131m\u0131 ile y\u00fcz germe i\u015flemi ger\u00e7ekle\u015ftirilir. Cerrahi operasyon gerektirmeden, ulthera y\u00fcz germe i\u015flemi transducer ba\u015fl\u0131k yard\u0131m\u0131 ile yap\u0131l\u0131r.<\/p>\n<p>Uygulama yap\u0131lacak b\u00f6lgede bu ba\u015fl\u0131k gezdirilir. Cilt alt\u0131 dokular\u0131n\u0131 g\u00f6r\u00fcnt\u00fclemek i\u00e7in monit\u00f6rden yard\u0131m al\u0131nm\u0131\u015f olur. Cilt alt\u0131ndaki dokulara termal \u0131s\u0131 g\u00f6nderilmi\u015f olur.<\/p>\n<p>Daha donras\u0131nda kalojenlerin tetiklenmesi sa\u011flanarak cilt yenileme i\u015flemi ger\u00e7ekle\u015ftirilir. Deri y\u00fczeyine uygulanm\u0131\u015f oldu\u011fu i\u00e7in ki\u015fiye zarar vermez ve cildi korur. Cilde uygulanm\u0131\u015f olan enerji ile birlikte etkile\u015fim artar. \u0130\u015flem s\u00fcresi yakla\u015f\u0131k olarak 40-60 dakika aras\u0131nda s\u00fcrer. Uygulama s\u0131ras\u0131nda a\u011fr\u0131, s\u0131z\u0131 olu\u015fmadan, kolay bir \u015fekilde tamamlanm\u0131\u015f olur.<\/p>\n<h2><span class=\"ez-toc-section\" id=\"Ulthera_Kimlere_Uygundur\"><\/span>Ulthera Kimlere Uygundur?<span class=\"ez-toc-section-end\"><\/span><\/h2>\n<p>\u00c7e\u015fitli nedenlerden kaynakl\u0131 olarak ciltte baz\u0131 sorunlar meydana gelir. K\u0131r\u0131\u015f\u0131kl\u0131k, sarkmalar, gev\u015feklik gibi durumlar\u0131n olu\u015fumunu engelleyebilmek i\u00e7in ulthera uygulamas\u0131 ger\u00e7ekle\u015ftirilir.<\/p>\n<p>Uygulaman\u0131n herkes taraf\u0131ndan tercih ediliyor olmas\u0131, \u00e7ok fazla ra\u011fbet g\u00f6rmesini sa\u011flar. Bu durum genelde ya\u015fa ba\u011fl\u0131 olan cilt sarkmalar\u0131ndan dolay\u0131 ortaya \u00e7\u0131kar. 40 ya\u015f sonras\u0131nda g\u00f6r\u00fclen cilt sorunlar\u0131n\u0131 tedavi edebilmek i\u00e7in erkeklere ve kad\u0131nlara do\u011fru \u015fekilde uygulan\u0131r.<\/p>\n<h2><span class=\"ez-toc-section\" id=\"Ulthera_Ameliyatsiz_Yuz_Germe_Kac_Seanstir\"><\/span>Ulthera Ameliyats\u0131z Y\u00fcz Germe Ka\u00e7 Seanst\u0131r?<span class=\"ez-toc-section-end\"><\/span><\/h2>\n<p>Normal \u015fartlar alt\u0131nda ulthera uygulamas\u0131 tek seansta ger\u00e7ekle\u015ftirilmi\u015f olur. Uygulama yap\u0131ld\u0131ktan sonra ciltteki etkili ve ba\u015far\u0131l\u0131 sonuca ula\u015fabilmek i\u00e7in 3 ay beklemek gerekir. Y\u00fcz\u00fcn tamam\u0131na uygulanan bu i\u015flemin yakla\u015f\u0131k olarak 30-60 dakika aras\u0131nda ger\u00e7ekle\u015ftirilmi\u015f olur.<\/p>\n<p>Daha sonras\u0131nda cildin yenilenmesi ve toparlanabilmesi i\u00e7in gerekli olan i\u015flemler yap\u0131l\u0131r. 3 ay sonucunda etkili sonu\u00e7lar elde etmi\u015f oluruz. Tek bir seans ile bir y\u0131l boyunca etkisini g\u00f6rebilirsiniz. Uzman hekimlerimizin ger\u00e7ekle\u015ftirmi\u015f oldu\u011fu ameliyats\u0131z y\u00fcz germe i\u015fleminin y\u0131lda bir kere yap\u0131lmas\u0131 uygundur.<\/p>\n<h2><span class=\"ez-toc-section\" id=\"Hifu_Hangi_Bolgelere_Uygulanmaktadir\"><\/span>Hifu Hangi B\u00f6lgelere Uygulanmaktad\u0131r?<span class=\"ez-toc-section-end\"><\/span><\/h2>\n<p>Ameliyats\u0131z y\u00fcz germe i\u015fleminde sadece y\u00fcz b\u00f6lgesi baz al\u0131n\u0131r. Burada yap\u0131lacak olan ulthera uygulamas\u0131 ile cildin s\u0131k\u0131la\u015fmas\u0131n\u0131 ve kan ak\u0131\u015f\u0131n\u0131 h\u0131zland\u0131rmak i\u00e7in ger\u00e7ekle\u015ftirilir.<\/p>\n<p>Bu tedavi y\u00f6ntemini uygularken, son teknolojiden yard\u0131m al\u0131n\u0131r. Uygulama yap\u0131lacak olan b\u00f6lgede a\u011f\u0131z kenar\u0131, g\u0131d\u0131 b\u00f6lgesi, \u00e7ene hatt\u0131, yanak, dekolte b\u00f6lgesi, y\u00fcz konturu, al\u0131n, ka\u015f ve k\u0131r\u0131\u015fm\u0131\u015f olan g\u00f6z \u00e7evresine uygulanmas\u0131nda bir sorun yoktur.<\/p>\n<h2><span class=\"ez-toc-section\" id=\"Hifu_Uygulamasi_Ne_Kadar_Surmektedir\"><\/span>Hifu Uygulamas\u0131 Ne Kadar S\u00fcrmektedir?<span class=\"ez-toc-section-end\"><\/span><\/h2>\n<p>Y\u00fcz b\u00f6lgesine uygulanan i\u015flemin s\u00fcresi de\u011fi\u015fkenlik g\u00f6sterir. Belirlenen b\u00f6lge ve dan\u0131\u015fanlar\u0131m\u0131z\u0131n sorunlar\u0131 ne derece oldu\u011fu tespit edilir. Ortaya \u00e7\u0131kan bu durumlar zaman i\u00e7erisinde de\u011fi\u015fkenlik g\u00f6sterebilir.<\/p>\n<p>Fakat y\u00fcz b\u00f6lgesine uygulanan ulthera ile yakla\u015f\u0131k olarak 30-60 dakika aras\u0131nda s\u00fcrmektedir. G\u00f6z \u00e7evresine uygulanan i\u015flemin ise 15-20 dakikal\u0131k s\u00fcrede ger\u00e7ekle\u015ftirilir. Tek seans ile cilt s\u0131k\u0131la\u015f\u0131r ve bir y\u0131l boyunca etkisini ba\u015far\u0131l\u0131 bir \u015fekilde g\u00f6sterir.<\/p>\n<h2><span class=\"ez-toc-section\" id=\"Ulthera_Seans_Fiyatlari_2026\"><\/span>Ulthera Seans Fiyatlar\u0131 2026<span class=\"ez-toc-section-end\"><\/span><\/h2>\n<p>Ameliyats\u0131z y\u00fcz germe ameliyat\u0131n\u0131 ger\u00e7ekle\u015ftirirken ba\u015far\u0131l\u0131 ve etkili sonu\u00e7 alman\u0131z m\u00fcmk\u00fcnd\u00fcr. Bizler genelde dan\u0131\u015fanlar\u0131m\u0131z\u0131n tek seans ile i\u015flemlerini tamamlamalar\u0131ndan yanay\u0131z. Yani tek seans ile yap\u0131lan hifu uygulaman\u0131n etkisini bir y\u0131l boyunca g\u00f6rmek m\u00fcmk\u00fcnd\u00fcr.<\/p>\n<p>Fakat dan\u0131\u015fanlar\u0131m\u0131z\u0131n iste\u011fi \u00fczerine bu durum daha sonras\u0131nda tekrarlanabilir. Bu y\u00fczden fiyatta de\u011fi\u015fkenlik g\u00f6r\u00fcl\u00fcr. Her sene fiyatta g\u00f6r\u00fclen de\u011fi\u015fkenlik nedeni ile kesin olarak fiyat bilgisi verilemez.<\/p>\n<p>Ulthera ile ilgili daha kesin ve do\u011fru kararlar verebilmek i\u00e7in bizimle ileti\u015fime ge\u00e7erek, fiyat bilgisi alabilirsiniz. <span style=\"text-decoration: underline;\"><strong>Ulthera seans fiyatlar\u0131 2026<\/strong><\/span>\u00a0hakk\u0131nda bilgi almak i\u00e7in bizlere hemen ula\u015f\u0131n.<\/p>\n<h2><span class=\"ez-toc-section\" id=\"Ulthera_ile_Ilgili_Sik_Sorulan_Sorular\"><\/span>Ulthera ile \u0130lgili S\u0131k Sorulan Sorular<span class=\"ez-toc-section-end\"><\/span><\/h2>\n<h3><span class=\"ez-toc-section\" id=\"Uygulama_Sirasinda_Neler_Hissedilir\"><\/span>Uygulama S\u0131ras\u0131nda Neler Hissedilir?<span class=\"ez-toc-section-end\"><\/span><\/h3>\n<p>Asl\u0131nda burada ki\u015fiden ki\u015fiye duygu de\u011fi\u015fimleri g\u00f6r\u00fclebilir. Baz\u0131lar\u0131nda i\u011fne batmas\u0131 hissi olu\u015furken baz\u0131lar\u0131nda elektriklenme durumu olur. Hastan\u0131n a\u011fr\u0131, s\u0131z\u0131 ve bu gibi durumlar\u0131 hissetmek istememesi durumunda b\u00f6lgesel anestezi uygulanm\u0131\u015f olur.<\/p>\n<h3><span class=\"ez-toc-section\" id=\"Hifu_Uygulamasinda_Anestezi_Gerekir_Mi\"><\/span>Hifu Uygulamas\u0131nda Anestezi Gerekir Mi?<span class=\"ez-toc-section-end\"><\/span><\/h3>\n<p>\u0130\u015flem s\u0131ras\u0131n \u00e7ok ciddi a\u011fr\u0131lar a\u00e7\u0131\u011fa \u00e7\u0131kmaz. Dan\u0131\u015fanlar\u0131m\u0131z\u0131n iste\u011fi \u00fczerine b\u00f6lgesel anestezi uygulanabilir. Bunun i\u00e7in a\u011fr\u0131 hissi tamamen ortadan kald\u0131r\u0131larak, daha k\u0131sa s\u00fcrede i\u015flem ger\u00e7ekle\u015ftirilmi\u015f olur.<\/p>\n<h3><span class=\"ez-toc-section\" id=\"Hifu_ile_Ameliyatsiz_Genclesin\"><\/span>Hifu ile Ameliyats\u0131z Gen\u00e7le\u015fin!<span class=\"ez-toc-section-end\"><\/span><\/h3>\n<p>Uygulanan ulthera ile daha fazla kalojen \u00fcretimi sa\u011flan\u0131r. G\u00fc\u00e7lenen ba\u011f dokular\u0131 ile birlikte cilt s\u0131k\u0131la\u015f\u0131r. Ortaya \u00e7\u0131kan k\u0131r\u0131\u015f\u0131kl\u0131klar zamanla azal\u0131r ve g\u00f6zle g\u00f6r\u00fclebilir durumlar\u0131nda azalma olur. Yap\u0131lan uygulama ile ya\u015flanman\u0131n \u00f6n\u00fcne ge\u00e7erek, daha gen\u00e7 bir cilde sahip olun. Bunun i\u00e7in uzman hekimlerimizden yard\u0131m alabilirsiniz.<\/p>\n<h3><span class=\"ez-toc-section\" id=\"Ulthera_ile_Hangi_Bolgeler_Tedavi_Edilebilir\"><\/span>Ulthera ile Hangi B\u00f6lgeler Tedavi Edilebilir?<span class=\"ez-toc-section-end\"><\/span><\/h3>\n<p>Ad\u0131ndan da anla\u015f\u0131laca\u011f\u0131 gibi ameliyats\u0131z y\u00fcz germe i\u015flemi olarak bilinir. Bu i\u015flem sadece y\u00fcz b\u00f6lgesine ve bununla birlikte dekolte b\u00f6lgesine kadar uygulanabilir. S\u0131k\u0131la\u015fma etkisini sa\u011flamak i\u00e7in ulthera pek \u00e7ok alanlarda uygulanan y\u00f6ntem haline gelmi\u015ftir. Y\u00fcz, g\u00f6z \u00e7evresi, boyun veya dekolte b\u00f6lgesine g\u00fcvenle uygulanabilir.<\/p>\n<h3><span class=\"ez-toc-section\" id=\"Ultherapy_ile_Cildim_Nasil_Sikilasir\"><\/span>Ultherapy ile Cildim Nas\u0131l S\u0131k\u0131la\u015f\u0131r?<span class=\"ez-toc-section-end\"><\/span><\/h3>\n<p>Yap\u0131lacak olan hifu mikro odakl\u0131 ultrason yard\u0131m\u0131 ile cildin alt\u0131na gerekli olan \u0131s\u0131tma i\u015flemini yapar. Cilt alt\u0131na g\u00f6nderilmi\u015f olan \u0131s\u0131lar sayesinde cilt yenilenir. Bu i\u015flemi yaparken a\u011fr\u0131 olu\u015fmaz ve cilt dokusu zarar g\u00f6rmez. Uygulama yap\u0131ld\u0131\u011f\u0131nda lokalize \u0131s\u0131tma ile i\u015flem ger\u00e7ekle\u015ftirilir.<\/p>\n<p>Uzmanlar\u0131m\u0131z gerekli ve yeterli derinli\u011fe ula\u015fabilmek i\u00e7in hassas ve dikkatli \u00e7al\u0131\u015f\u0131rlar. Cildin alt katmanlar\u0131na g\u00f6nderilen \u0131s\u0131 ile birlikte cilt yenilenerek, onar\u0131lm\u0131\u015f olur. B\u00f6ylelikle kalojen \u00fcretimi ba\u015flayarak, cilt s\u0131k\u0131la\u015fmaya ba\u015flar.<\/p>\n<h3><span class=\"ez-toc-section\" id=\"Ultheranin_Diger_Ameliyatsiz_Yuz_Germe_Islemlerinden_Farki_Nedir\"><\/span>Ultheran\u0131n Di\u011fer Ameliyats\u0131z Y\u00fcz Germe \u0130\u015flemlerinden Fark\u0131 Nedir?<span class=\"ez-toc-section-end\"><\/span><\/h3>\n<p>Ameliyats\u0131z i\u015flem ger\u00e7ekle\u015ftirildi\u011fi i\u00e7in burada kesi uygulamas\u0131 yap\u0131lmaz. Yap\u0131lacak olan hifu uygulamas\u0131 ile son teknoloji kullan\u0131l\u0131r.<\/p>\n<p>Ameliyats\u0131z olarak ger\u00e7ekle\u015fti\u011fi i\u00e7in kanama, kesi gibi durumlar yoktur. Tek seans ile birlikte y\u0131l boyunca kullan\u0131labilir. Odaklanm\u0131\u015f ultrason teknolojinin kullan\u0131lmas\u0131yla birlikte cilt alt\u0131na \u0131s\u0131 g\u00f6nderilerek, cilt yenilenerek onar\u0131lm\u0131\u015f olur.<\/p>\n<h3><span class=\"ez-toc-section\" id=\"Ulthera_Guvenli_Bir_Yontem_Midir\"><\/span>Ulthera G\u00fcvenli Bir Y\u00f6ntem Midir?<span class=\"ez-toc-section-end\"><\/span><\/h3>\n<p>Ameliyat olmak istemeyen veya ameliyat gerektirmeyen bir durum ile kar\u015f\u0131 kar\u015f\u0131ya kal\u0131nmas\u0131yla birlikte \u00e7ok rahat bir \u015fekilde hifu uygulamas\u0131 ger\u00e7ekle\u015ftirilebilir.<\/p>\n<p>Uygulaman\u0131n etkili ve ameliyats\u0131z bir \u015fekilde ger\u00e7ekle\u015ftirilmesiyle birlikte \u00e7ok s\u0131k tercih edilir. V\u00fccuda ve ki\u015fiye herhangi bir zarar\u0131 yoktur. G\u00fcvenle ve a\u011fr\u0131s\u0131z bir \u015fekilde 50 y\u0131ld\u0131r tercih edilmekte olan tedavi y\u00f6ntemidir.<\/p>\n<h3><span class=\"ez-toc-section\" id=\"Ulthera_Uygulamasi_Sonrasinda_Sonuclar_Ne_Zaman_Ortaya_Cikar\"><\/span>Ulthera Uygulamas\u0131 Sonras\u0131nda Sonu\u00e7lar Ne Zaman Ortaya \u00c7\u0131kar?<span class=\"ez-toc-section-end\"><\/span><\/h3>\n<p>Etkili sonu\u00e7lar\u0131n ald\u0131\u011f\u0131n\u0131 g\u00f6rebilmek biraz zaman alacakt\u0131r. Yani burada yap\u0131lan uygulama sonras\u0131nda hemen sonu\u00e7lar\u0131 g\u00f6rmek m\u00fcmk\u00fcn de\u011fildir. Di\u011fer uygulamalardan fark\u0131 etkisini yava\u015f ve zaman i\u00e7erisinde g\u00f6stermesidir.<\/p>\n<p>1 ayl\u0131k s\u00fcre sonunda ulthera etkisini g\u00f6stermeye ba\u015flar. Tam anlam\u0131yla sonu\u00e7lar\u0131 g\u00f6rebilmek i\u00e7in ise 3 ay beklemek gerekir. Bu s\u00fcre\u00e7 i\u00e7erisinde uzman hekimlerimizin talimatlar\u0131na uyman\u0131z \u00f6nerilir.<\/p>\n<h3><span class=\"ez-toc-section\" id=\"Ulthera_Uygulamasinin_Omru_Ne_Kadardir_Ne_Kadar_Kalicidir\"><\/span>Ulthera Uygulamas\u0131n\u0131n \u00d6mr\u00fc Ne Kadard\u0131r? Ne Kadar Kal\u0131c\u0131d\u0131r?<span class=\"ez-toc-section-end\"><\/span><\/h3>\n<p>Uygulama ger\u00e7ekle\u015ftirildikten sonra genelde sonu\u00e7lar\u0131 g\u00f6rmek m\u00fcmk\u00fcn de\u011fildir. Daha etkili ve farkl\u0131 sonu\u00e7lar\u0131n al\u0131nabilmesi i\u00e7in bir ayl\u0131k s\u00fcrecin ge\u00e7mi\u015f olmas\u0131 gerekiyor. Daha sonras\u0131nda zamanla kendini g\u00f6stermeye ba\u015flayan ulthera uygulaman\u0131n tam olarak etkilerini g\u00f6rmek i\u00e7in ise 3 ayl\u0131k s\u00fcrecin ge\u00e7mesi gerekir.<\/p>\n<p>3 ayl\u0131k s\u00fcre\u00e7 sonras\u0131nda tam anlam\u0131yla etkili ve ba\u015far\u0131l\u0131 sonu\u00e7lar g\u00f6rm\u00fc\u015f olacaks\u0131n\u0131z. Uzmanlar\u0131m\u0131z taraf\u0131ndan ger\u00e7ekle\u015ftirilmi\u015f olan uygulaman\u0131n etkisini tek seans ile 1 y\u0131l boyunca g\u00f6rebilirsiniz. Y\u0131lda bir kere uygulaman\u0131n ger\u00e7ekle\u015fmesi \u00f6nerilir.<\/p>\n<p>\u0130nstagram&#8217;da bizi takip etmeyi unutmay\u0131n, <span style=\"color: #ff0000;\"><strong><a style=\"color: #ff0000;\" href=\"https:\/\/www.instagram.com\/retouchbody\/\" target=\"_blank\" rel=\"noopener\">Retouchbody<\/a><\/strong><\/span><\/p>\n","protected":false},"excerpt":{"rendered":"<p>Ulthera Nedir? Ulthera, daha gen\u00e7 ve daha s\u0131k\u0131 bir cilde sahip olmak i\u00e7in tercih edilen uygulamalard\u0131r. Sarkm\u0131\u015f cilt, k\u0131r\u0131\u015fm\u0131\u015f cilt ve elastik \u00f6zelli\u011fini kaybetmi\u015f olan ciltler sonucunda k\u00f6t\u00fc bir g\u00f6r\u00fcn\u00fcm ortaya \u00e7\u0131kar. \u00d6zellikle burada d\u00fc\u015f\u00fck ka\u015flar ve gergin cilt ile kar\u015f\u0131 kar\u015f\u0131ya kal\u0131r\u0131z. Elimizde olmayan bir\u00e7ok nedenden dolay\u0131 cilt zarar g\u00f6r\u00fcr. Art\u0131k lazer teknoloji sayesinde [&hellip;]<\/p>\n","protected":false},"author":1,"featured_media":4501,"parent":0,"menu_order":0,"comment_status":"closed","ping_status":"closed","template":"","meta":{"footnotes":""},"class_list":["post-3494","page","type-page","status-publish","has-post-thumbnail","hentry"],"_links":{"self":[{"href":"https:\/\/www.retouchbody.com\/tr\/wp-json\/wp\/v2\/pages\/3494","targetHints":{"allow":["GET"]}}],"collection":[{"href":"https:\/\/www.retouchbody.com\/tr\/wp-json\/wp\/v2\/pages"}],"about":[{"href":"https:\/\/www.retouchbody.com\/tr\/wp-json\/wp\/v2\/types\/page"}],"author":[{"embeddable":true,"href":"https:\/\/www.retouchbody.com\/tr\/wp-json\/wp\/v2\/users\/1"}],"replies":[{"embeddable":true,"href":"https:\/\/www.retouchbody.com\/tr\/wp-json\/wp\/v2\/comments?post=3494"}],"version-history":[{"count":6,"href":"https:\/\/www.retouchbody.com\/tr\/wp-json\/wp\/v2\/pages\/3494\/revisions"}],"predecessor-version":[{"id":4723,"href":"https:\/\/www.retouchbody.com\/tr\/wp-json\/wp\/v2\/pages\/3494\/revisions\/4723"}],"wp:featuredmedia":[{"embeddable":true,"href":"https:\/\/www.retouchbody.com\/tr\/wp-json\/wp\/v2\/media\/4501"}],"wp:attachment":[{"href":"https:\/\/www.retouchbody.com\/tr\/wp-json\/wp\/v2\/media?parent=3494"}],"curies":[{"name":"wp","href":"https:\/\/api.w.org\/{rel}","templated":true}]}}