{"id":3475,"date":"2025-05-27T17:43:46","date_gmt":"2025-05-27T14:43:46","guid":{"rendered":"https:\/\/crabsmedia.com.tr\/mc_retouch\/tr\/?page_id=3475"},"modified":"2026-02-03T11:06:43","modified_gmt":"2026-02-03T08:06:43","slug":"kleopatra-asisi","status":"publish","type":"page","link":"https:\/\/www.retouchbody.com\/tr\/kleopatra-asisi\/","title":{"rendered":"Kleopatra A\u015f\u0131s\u0131"},"content":{"rendered":"<div id=\"ez-toc-container\" class=\"ez-toc-v2_0_80 counter-hierarchy ez-toc-counter ez-toc-grey ez-toc-container-direction\">\n<div class=\"ez-toc-title-container\">\n<p class=\"ez-toc-title\" style=\"cursor:inherit\">\u0130\u00e7indekiler Tablosu<\/p>\n<span class=\"ez-toc-title-toggle\"><a href=\"#\" class=\"ez-toc-pull-right ez-toc-btn ez-toc-btn-xs ez-toc-btn-default ez-toc-toggle\" aria-label=\"\u0130\u00e7indekiler Tablosunu A\u00e7\/Kapat\"><span class=\"ez-toc-js-icon-con\"><span class=\"\"><span class=\"eztoc-hide\" style=\"display:none;\">Toggle<\/span><span class=\"ez-toc-icon-toggle-span\"><svg style=\"fill: #999;color:#999\" xmlns=\"http:\/\/www.w3.org\/2000\/svg\" class=\"list-377408\" width=\"20px\" height=\"20px\" viewBox=\"0 0 24 24\" fill=\"none\"><path d=\"M6 6H4v2h2V6zm14 0H8v2h12V6zM4 11h2v2H4v-2zm16 0H8v2h12v-2zM4 16h2v2H4v-2zm16 0H8v2h12v-2z\" fill=\"currentColor\"><\/path><\/svg><svg style=\"fill: #999;color:#999\" class=\"arrow-unsorted-368013\" xmlns=\"http:\/\/www.w3.org\/2000\/svg\" width=\"10px\" height=\"10px\" viewBox=\"0 0 24 24\" version=\"1.2\" baseProfile=\"tiny\"><path d=\"M18.2 9.3l-6.2-6.3-6.2 6.3c-.2.2-.3.4-.3.7s.1.5.3.7c.2.2.4.3.7.3h11c.3 0 .5-.1.7-.3.2-.2.3-.5.3-.7s-.1-.5-.3-.7zM5.8 14.7l6.2 6.3 6.2-6.3c.2-.2.3-.5.3-.7s-.1-.5-.3-.7c-.2-.2-.4-.3-.7-.3h-11c-.3 0-.5.1-.7.3-.2.2-.3.5-.3.7s.1.5.3.7z\"\/><\/svg><\/span><\/span><\/span><\/a><\/span><\/div>\n<nav><ul class='ez-toc-list ez-toc-list-level-1 eztoc-toggle-hide-by-default' ><li class='ez-toc-page-1 ez-toc-heading-level-2'><a class=\"ez-toc-link ez-toc-heading-1\" href=\"#\" data-href=\"https:\/\/www.retouchbody.com\/tr\/kleopatra-asisi\/#Kleopatra_Asisi_Nedir\" >Kleopatra A\u015f\u0131s\u0131 Nedir?<\/a><\/li><li class='ez-toc-page-1 ez-toc-heading-level-2'><a class=\"ez-toc-link ez-toc-heading-2\" href=\"#\" data-href=\"https:\/\/www.retouchbody.com\/tr\/kleopatra-asisi\/#Kleopatra_Asisi_Etkileri_Nelerdir\" >Kleopatra A\u015f\u0131s\u0131 Etkileri Nelerdir?<\/a><\/li><li class='ez-toc-page-1 ez-toc-heading-level-2'><a class=\"ez-toc-link ez-toc-heading-3\" href=\"#\" data-href=\"https:\/\/www.retouchbody.com\/tr\/kleopatra-asisi\/#Kleopatra_Asisinin_Kullanim_Amaclari_Nelerdir\" >Kleopatra A\u015f\u0131s\u0131n\u0131n Kullan\u0131m Ama\u00e7lar\u0131 Nelerdir?<\/a><\/li><li class='ez-toc-page-1 ez-toc-heading-level-2'><a class=\"ez-toc-link ez-toc-heading-4\" href=\"#\" data-href=\"https:\/\/www.retouchbody.com\/tr\/kleopatra-asisi\/#Kleopatra_Asisi_Kimlere_Yapilir\" >Kleopatra A\u015f\u0131s\u0131 Kimlere Yap\u0131l\u0131r?<\/a><\/li><li class='ez-toc-page-1 ez-toc-heading-level-2'><a class=\"ez-toc-link ez-toc-heading-5\" href=\"#\" data-href=\"https:\/\/www.retouchbody.com\/tr\/kleopatra-asisi\/#Kleopatra_Genclik_Asisi_Faydalari\" >Kleopatra Gen\u00e7lik A\u015f\u0131s\u0131 Faydalar\u0131<\/a><\/li><li class='ez-toc-page-1 ez-toc-heading-level-2'><a class=\"ez-toc-link ez-toc-heading-6\" href=\"#\" data-href=\"https:\/\/www.retouchbody.com\/tr\/kleopatra-asisi\/#Kleopatra_Genclik_Iksiri_Icerigi_Nedir\" >Kleopatra Gen\u00e7lik \u0130ksiri \u0130\u00e7eri\u011fi Nedir?<\/a><\/li><li class='ez-toc-page-1 ez-toc-heading-level-2'><a class=\"ez-toc-link ez-toc-heading-7\" href=\"#\" data-href=\"https:\/\/www.retouchbody.com\/tr\/kleopatra-asisi\/#Kleopatra_Asisi_Oncesi_Sonrasi\" >Kleopatra A\u015f\u0131s\u0131 \u00d6ncesi Sonras\u0131<\/a><\/li><li class='ez-toc-page-1 ez-toc-heading-level-2'><a class=\"ez-toc-link ez-toc-heading-8\" href=\"#\" data-href=\"https:\/\/www.retouchbody.com\/tr\/kleopatra-asisi\/#Kleopatra_Asisi_Yorumlari\" >Kleopatra A\u015f\u0131s\u0131 Yorumlar\u0131<\/a><\/li><li class='ez-toc-page-1 ez-toc-heading-level-2'><a class=\"ez-toc-link ez-toc-heading-9\" href=\"#\" data-href=\"https:\/\/www.retouchbody.com\/tr\/kleopatra-asisi\/#Kleopatra_Asisi_Yaptiranlar\" >Kleopatra A\u015f\u0131s\u0131 Yapt\u0131ranlar<\/a><\/li><li class='ez-toc-page-1 ez-toc-heading-level-2'><a class=\"ez-toc-link ez-toc-heading-10\" href=\"#\" data-href=\"https:\/\/www.retouchbody.com\/tr\/kleopatra-asisi\/#Kleopatra_Asisi_Fiyatlari_2026\" >Kleopatra A\u015f\u0131s\u0131 Fiyatlar\u0131 2026<\/a><\/li><li class='ez-toc-page-1 ez-toc-heading-level-2'><a class=\"ez-toc-link ez-toc-heading-11\" href=\"#\" data-href=\"https:\/\/www.retouchbody.com\/tr\/kleopatra-asisi\/#Kleopatra_Asisi_ile_Ilgili_Sik_Sorulan_Sorular\" >Kleopatra A\u015f\u0131s\u0131 ile \u0130lgili S\u0131k Sorulan Sorular<\/a><ul class='ez-toc-list-level-3' ><li class='ez-toc-heading-level-3'><a class=\"ez-toc-link ez-toc-heading-12\" href=\"#\" data-href=\"https:\/\/www.retouchbody.com\/tr\/kleopatra-asisi\/#Kleopatra_Asisi_Kac_Seans_Uygulanir\" >Kleopatra A\u015f\u0131s\u0131 Ka\u00e7 Seans Uygulan\u0131r?<\/a><\/li><li class='ez-toc-page-1 ez-toc-heading-level-3'><a class=\"ez-toc-link ez-toc-heading-13\" href=\"#\" data-href=\"https:\/\/www.retouchbody.com\/tr\/kleopatra-asisi\/#Kleopatra_Asisi_Tum_Cilt_Tipleri_Icin_Uygun_Mudur\" >Kleopatra A\u015f\u0131s\u0131 T\u00fcm Cilt Tipleri \u0130\u00e7in Uygun Mudur?<\/a><\/li><li class='ez-toc-page-1 ez-toc-heading-level-3'><a class=\"ez-toc-link ez-toc-heading-14\" href=\"#\" data-href=\"https:\/\/www.retouchbody.com\/tr\/kleopatra-asisi\/#Kleopatra_Asisi_Iyilesme_Sureci_Uzun_Surer_Mi\" >Kleopatra A\u015f\u0131s\u0131 \u0130yile\u015fme S\u00fcreci Uzun S\u00fcrer Mi?<\/a><\/li><li class='ez-toc-page-1 ez-toc-heading-level-3'><a class=\"ez-toc-link ez-toc-heading-15\" href=\"#\" data-href=\"https:\/\/www.retouchbody.com\/tr\/kleopatra-asisi\/#Islemin_Yan_Etkisi_Var_Midir\" >\u0130\u015flemin Yan Etkisi Var M\u0131d\u0131r?<\/a><\/li><\/ul><\/li><\/ul><\/nav><\/div>\n<h2><span class=\"ez-toc-section\" id=\"Kleopatra_Asisi_Nedir\"><\/span>Kleopatra A\u015f\u0131s\u0131 Nedir?<span class=\"ez-toc-section-end\"><\/span><\/h2>\n<p><strong>Kleopatra A\u015f\u0131s\u0131<\/strong>, g\u00fczellik tedavisinde uygulanan bu a\u015f\u0131 sayesinde sizlerde dayan\u0131lmaz bir g\u00fczelli\u011fe sahip olmu\u015f olursunuz. G\u00fcn\u00fcm\u00fcz \u015fartlar\u0131nda her kad\u0131n g\u00fczel g\u00f6r\u00fcnmek ister.<\/p>\n<p>Bunun i\u00e7in evde yapm\u0131\u015f oldu\u011fu bak\u0131mlar, ger\u00e7ekle\u015ftirdi\u011fi ameliyatlar ve uygulam\u0131\u015f oldu\u011fu estetik operasyonlarla daha g\u00fczel g\u00f6r\u00fcn\u00fcme sahip olmu\u015f olur. Burada ad\u0131ndan da anla\u015f\u0131laca\u011f\u0131 gibi Kleopatra Antik M\u0131s\u0131r Krali\u00e7enin muhte\u015fem bir g\u00fczelli\u011fi vard\u0131r.<\/p>\n<p>Herkes bu g\u00fczelli\u011fe sahip olmak i\u00e7in \u00e7e\u015fitli yollara ba\u015fvurur. Fakat bunun sadece bir a\u015f\u0131ya ba\u011fl\u0131d\u0131r. Ciltteki hasarlar\u0131 girebilmek ve hacim kazand\u0131rmak i\u00e7in <span style=\"color: #ff0000;\"><strong><a style=\"color: #ff0000;\" href=\"https:\/\/www.retouchbody.com\/tr\/kleopatra-asisi\/\">kleopatra a\u015f\u0131s\u0131<\/a><\/strong><\/span> g\u00fcvenle tercih edilebilir.<\/p>\n<p>Her ne kadar M\u0131s\u0131r Krali\u00e7esinin do\u011fal form\u00fclleri oldu\u011fu ortaya \u00e7\u0131k\u0131yor. Bunlar\u0131n etkileri belki de a\u015f\u0131 kadar etkili olmayabilir. Ciltte meydana gelen hasarlar ve \u015fekil bozuklu\u011funu giderebilmek ad\u0131na bu a\u015f\u0131 uygulamas\u0131n\u0131 tercih edebilirsiniz.<\/p>\n<p>\u0130\u00e7eri\u011finde yer alan hyal\u00fcronik asit ile birlikte daha canl\u0131 g\u00f6r\u00fcnmesi ve nem kazanmas\u0131n\u0131 sa\u011flar. Cildin ihtiya\u00e7 duydu\u011fu nemi kazand\u0131rmak i\u00e7in mutlaka uzman hekimlerimizin \u00f6n muayenesinden ge\u00e7mi\u015f olman\u0131z gerekir.<\/p>\n<h2><span class=\"ez-toc-section\" id=\"Kleopatra_Asisi_Etkileri_Nelerdir\"><\/span>Kleopatra A\u015f\u0131s\u0131 Etkileri Nelerdir?<span class=\"ez-toc-section-end\"><\/span><\/h2>\n<p>Her uygulaman\u0131n kendine g\u00f6re farkl\u0131 etkileri vard\u0131r. Burada ger\u00e7ekle\u015ftirilmi\u015f olan g\u00fczellik uygulamas\u0131 sayesinde cilt yenilenmi\u015f olur. Kozmetik \u00fcr\u00fcnlerle yap\u0131lan uygulamadan \u00e7ok daha etkili ve kal\u0131c\u0131d\u0131r.<\/p>\n<p>Bu y\u00fczden b\u00fct\u00fcn hastalar\u0131m\u0131za rahatl\u0131kla uygulanabilen bir tedavi y\u00f6ntemidir. G\u00fczellik s\u0131rlar\u0131nda her \u015feyden \u00f6nce cilt parlak ve nemli olacak. Bunun yan\u0131 s\u0131ra deri sarkmalar\u0131 da g\u00f6r\u00fclebilen bir durum haline geldi\u011fi i\u00e7in pratik bir \u015fekilde onar\u0131l\u0131r ve sorun giderilmi\u015f olur.<\/p>\n<p>Ciltteki yaralanmalar\u0131n ve \u015fekil bozuklu\u011funun \u00f6n\u00fcne ge\u00e7en Kleopatra a\u015f\u0131s\u0131 cildin daha sa\u011fl\u0131kl\u0131 g\u00f6r\u00fcnmesine yard\u0131mc\u0131 olur. Hyal\u00fcronik asit sayesinde cilt en iyi durumu gelerek, gen\u00e7 g\u00f6r\u00fcn\u00fcm sa\u011flan\u0131r.<\/p>\n<h2><img loading=\"lazy\" decoding=\"async\" class=\"alignnone wp-image-4576 size-full\" src=\"https:\/\/www.retouchbody.com\/tr\/wp-content\/uploads\/2025\/11\/kleopatra-asisi-fiyatlari.webp\" alt=\"kleopatra a\u015f\u0131s\u0131 fiyatlar\u0131\" width=\"615\" height=\"410\" srcset=\"https:\/\/www.retouchbody.com\/tr\/wp-content\/uploads\/2025\/11\/kleopatra-asisi-fiyatlari.webp 615w, https:\/\/www.retouchbody.com\/tr\/wp-content\/uploads\/2025\/11\/kleopatra-asisi-fiyatlari-300x200.webp 300w\" sizes=\"auto, (max-width: 615px) 100vw, 615px\" \/><\/h2>\n<h2><span class=\"ez-toc-section\" id=\"Kleopatra_Asisinin_Kullanim_Amaclari_Nelerdir\"><\/span>Kleopatra A\u015f\u0131s\u0131n\u0131n Kullan\u0131m Ama\u00e7lar\u0131 Nelerdir?<span class=\"ez-toc-section-end\"><\/span><\/h2>\n<p>Ad\u0131ndan da anla\u015f\u0131laca\u011f\u0131 gibi burada yer alan gen\u00e7lik a\u015f\u0131s\u0131 g\u00fczellik ama\u00e7l\u0131 olarak ger\u00e7ekle\u015ftirilir. Hepimiz ad\u0131n\u0131 duydu\u011fumuz ve s\u0131rlarla dolu olan M\u0131s\u0131r Krali\u00e7esinin g\u00fczelli\u011fi dillere destan olmu\u015ftur. G\u00fcn\u00fcm\u00fcz \u015fartlar\u0131nda bir\u00e7ok kad\u0131n bu g\u00fczelli\u011fe eri\u015febilmek i\u00e7in Kleopatran\u0131n ad\u0131yla bilinen bu a\u015f\u0131y\u0131 ger\u00e7ekle\u015ftirmek ister.<\/p>\n<p>G\u00fczelli\u011fi ile dillere destan olan Kleopatra, herkesin g\u00f6zdesi olmu\u015ftur. Bu sebepten dolay\u0131 daha g\u00fczel bir g\u00f6r\u00fcn\u00fcm elde etmek i\u00e7in uygulama ger\u00e7ekle\u015ftirilir.<\/p>\n<p>Bunun yan\u0131 s\u0131ra ciltteki hasarlarda giderilebilir hale gelir. Ciltteki sorunlar; akne ve lekelenme, yaralanma, \u015fekil bozuklu\u011fu, kuru cilt gibi \u00e7e\u015fitli sorunlar mevcuttur. Bu y\u00fczden a\u015f\u0131 uygulamas\u0131 ile bu sorun ortadan kald\u0131r\u0131lm\u0131\u015f olur.<\/p>\n<h2><span class=\"ez-toc-section\" id=\"Kleopatra_Asisi_Kimlere_Yapilir\"><\/span>Kleopatra A\u015f\u0131s\u0131 Kimlere Yap\u0131l\u0131r?<span class=\"ez-toc-section-end\"><\/span><\/h2>\n<p>Normal \u015fartlar alt\u0131nda 18 ya\u015f\u0131n\u0131 tamamlam\u0131\u015f, hatta 20 ya\u015f sonras\u0131ndaki hastalar\u0131m\u0131z i\u00e7in uygundur. Uygulama herkese yap\u0131labilir fakat daha \u00e7ok hassas cilde veya ya\u011fl\u0131 cilde sahip olan hastalar\u0131m\u0131z i\u00e7in uygundur. Uzmanlar\u0131m\u0131z taraf\u0131ndan ger\u00e7ekle\u015ftirilen a\u015f\u0131 uygulamas\u0131 her ya\u015f aral\u0131\u011f\u0131na uygun oldu\u011fu i\u00e7in etkili sonu\u00e7lar al\u0131nm\u0131\u015f olur.<\/p>\n<p>Gen\u00e7lik A\u015f\u0131s\u0131, ciltte ya\u015flanma belirtileriyle m\u00fccadele eden, cilt tonu e\u015fitsizliklerinden \u015fikayet\u00e7i olan ve daha parlak ve sa\u011fl\u0131kl\u0131 bir g\u00f6r\u00fcn\u00fcm elde etmek isteyen ki\u015filer i\u00e7in uygundur. \u00d6zellikle cilt kurulu\u011fu, sarkma, ince k\u0131r\u0131\u015f\u0131kl\u0131klar ve elastikiyet kayb\u0131 gibi ya\u015flanma etkilerini gidermek i\u00e7in \u00e7al\u0131\u015f\u0131r.<\/p>\n<p>Bu tedavi ayn\u0131 zamanda akne izleri, lekeler veya g\u00f6zenek sorunlar\u0131 olan ki\u015filer i\u00e7in de faydal\u0131 olabilir. Bu tedavi, nem kayb\u0131 ya\u015fayan, mat g\u00f6r\u00fcnen ve p\u00fcr\u00fczl\u00fc bir cilde sahip ki\u015filer i\u00e7in idealdir. Cildi gen\u00e7 ve canl\u0131 g\u00f6r\u00fcnmesini destekler.<\/p>\n<p>Gen\u00e7lik A\u015f\u0131s\u0131, cilt dokusunun yenilenmesine ve nem dengesini geri kazanmas\u0131na yard\u0131mc\u0131 olur ve her ya\u015ftan yeti\u015fkin i\u00e7in uygundur. Bu a\u015f\u0131, \u00f6zellikle cilt sa\u011fl\u0131\u011f\u0131n\u0131 korumak ve do\u011fal iyile\u015fme s\u00fcrecini desteklemek isteyen ki\u015filer i\u00e7in faydal\u0131d\u0131r.<\/p>\n<h2><span class=\"ez-toc-section\" id=\"Kleopatra_Genclik_Asisi_Faydalari\"><\/span>Kleopatra Gen\u00e7lik A\u015f\u0131s\u0131 Faydalar\u0131<span class=\"ez-toc-section-end\"><\/span><\/h2>\n<p>Yapm\u0131\u015f ve uygulam\u0131\u015f oldu\u011fumuz tedavilerin insan v\u00fccuduna zarar vermedi\u011fi uygulamalard\u0131r. V\u00fccut i\u00e7in faydal\u0131 olan bu uygulama y\u00f6ntemleri genelde cildin yap\u0131s\u0131n\u0131 onarmaya ve korumaya yarar.<\/p>\n<p>Gen\u00e7lik a\u015f\u0131s\u0131 i\u00e7in kullan\u0131lan \u00fcr\u00fcnleri i\u00e7eri\u011findeki asit maddeleri, v\u00fccudun ihtiya\u00e7lar\u0131n\u0131 kar\u015f\u0131lar. \u00d6zellikle elastik yap\u0131s\u0131n\u0131 kaybeden ciltler i\u00e7in olduk\u00e7a yararl\u0131d\u0131r.<\/p>\n<p>Takviye sonucunda al\u0131nan destekler ile birlikte cilt parlak ve dolgun g\u00f6r\u00fcn\u00fcr. Kleopatra g\u00fczelli\u011fine sahip olabilmek i\u00e7in t\u00fcrl\u00fc t\u00fcrl\u00fc uygulamalar\u0131 yapmaya gerek yoktur.<\/p>\n<p>Birka\u00e7 seans ile birlikte istedi\u011finiz g\u00fczelli\u011fe sahip olacaks\u0131n\u0131z. Fakat g\u00fcvenli ve ba\u015far\u0131l\u0131 uzman hekimlerden yard\u0131m almaya \u00f6zen g\u00f6sterin. Bunun i\u00e7in uzman hekimlerimize dan\u0131\u015farak, uygulamadan faydalanmak ve bilgi almak m\u00fcmk\u00fcnd\u00fcr.<\/p>\n<h2><span class=\"ez-toc-section\" id=\"Kleopatra_Genclik_Iksiri_Icerigi_Nedir\"><\/span>Kleopatra Gen\u00e7lik \u0130ksiri \u0130\u00e7eri\u011fi Nedir?<span class=\"ez-toc-section-end\"><\/span><\/h2>\n<p>Hepimizin bildi\u011fi ve a\u015fina oldu\u011fu hyal\u00fcronik asidin var oldu\u011funu ve v\u00fccudun ihtiya\u00e7 duydu\u011fu bir madde oldu\u011funu s\u00f6ylemek m\u00fcmk\u00fcnd\u00fcr. Yap\u0131lan a\u015f\u0131n\u0131n i\u00e7eri\u011finin zengin olmas\u0131ndan dolay\u0131 ciltteki b\u00fct\u00fcn sorunlar\u0131 giderip, etkili sonu\u00e7lar verir.<\/p>\n<p>Bununla birlikte aminoasit, peptit ve zengin bitki \u00f6zleri ile vitaminler bulunuyor. Hepsi v\u00fccudun ihtiyac\u0131n\u0131 kar\u015f\u0131layan maddelerdir. E\u011fer sizler de <span style=\"color: #ff0000;\"><strong><a style=\"color: #ff0000;\" href=\"https:\/\/www.retouchbody.com\/tr\/genclik-asisi\/\">gen\u00e7lik a\u015f\u0131s\u0131<\/a><\/strong><\/span> hakk\u0131nda daha detayl\u0131 bilgi almak isterseniz hemen t\u0131klay\u0131n ve makalemizi g\u00f6r\u00fcnt\u00fcleyin.<\/p>\n<h2 class=\"keyword-text _ngcontent-bhw-107\"><span class=\"ez-toc-section\" id=\"Kleopatra_Asisi_Oncesi_Sonrasi\"><\/span><span class=\"keyword _ngcontent-bhw-107\" aria-hidden=\"false\">Kleopatra A\u015f\u0131s\u0131 \u00d6ncesi Sonras\u0131<\/span><span class=\"ez-toc-section-end\"><\/span><\/h2>\n<p><strong>Kleopatra a\u015f\u0131s\u0131 \u00f6ncesi<\/strong>, cilt temiz ve i\u015flem i\u00e7in haz\u0131r hale getirilir. Genellikle, doktor cilt analizi yaparak tedavi plan\u0131n\u0131 olu\u015fturur. Tedaviye uygun olmayan fakt\u00f6rler varsa, bunlar g\u00f6z \u00f6n\u00fcnde bulundurulur. Bu a\u015famada ciltteki aktif sorunlar veya kullan\u0131lan ila\u00e7lar tedaviyi etkileyebilece\u011fi i\u00e7in de\u011ferlendirilir.<\/p>\n<p><strong>Kleopatra a\u015f\u0131s\u0131 sonras\u0131<\/strong>, ciltte hafif k\u0131zar\u0131kl\u0131k ya da hassasiyet olabilir, ancak bu genellikle k\u0131sa s\u00fcrede ge\u00e7er. A\u015f\u0131n\u0131n etkisiyle cilt daha canl\u0131, parlak ve nemli g\u00f6r\u00fcnmeye ba\u015flar. Tam sonu\u00e7lar birka\u00e7 hafta i\u00e7inde belirginle\u015fir ve cilt elastikiyetini geri kazan\u0131r. G\u00fcne\u015ften korunmak ve cildin iyile\u015fme s\u00fcrecine destek olmak, tedavi sonras\u0131 dikkat edilmesi gereken \u00f6nemli noktalard\u0131r.<\/p>\n<h2 class=\"keyword-text _ngcontent-bhw-107\"><span class=\"ez-toc-section\" id=\"Kleopatra_Asisi_Yorumlari\"><\/span><span class=\"keyword _ngcontent-bhw-107\" aria-hidden=\"false\">Kleopatra A\u015f\u0131s\u0131 Yorumlar\u0131<\/span><span class=\"ez-toc-section-end\"><\/span><\/h2>\n<p><strong>A\u015f\u0131 yorumlar\u0131<\/strong>, a\u015f\u0131n\u0131n cilt gen\u00e7le\u015ftirme i\u00e7in \u00e7ok olumlu oldu\u011funu g\u00f6steriyor. Yorumlarda, uygulaman\u0131n cildi parlak ve nemli hale getirdi\u011fi, ince k\u0131r\u0131\u015f\u0131kl\u0131klar\u0131 azaltt\u0131\u011f\u0131 ve genel cilt yap\u0131s\u0131n\u0131 d\u00fczeltti\u011fi belirtiliyor.<\/p>\n<p>\u00c7ok say\u0131da insan, a\u015f\u0131n\u0131n ard\u0131ndan ciltlerinin daha canl\u0131 ve sa\u011fl\u0131kl\u0131 g\u00f6r\u00fcnd\u00fc\u011f\u00fcn\u00fc s\u00f6yl\u00fcyor. Ek olarak, akne izleri gibi sorunlar\u0131 olan ki\u015filer i\u00e7in bu tedavinin faydal\u0131 oldu\u011funu s\u00f6yl\u00fcyorlar. Gen\u00e7lik a\u015f\u0131s\u0131, \u00f6zellikle k\u0131r\u0131\u015f\u0131kl\u0131klar, cilt kurulu\u011fu ve cilt tonunun d\u00fczensizli\u011fi olan ki\u015filer i\u00e7in k\u0131sa s\u00fcrede etkili oldu\u011funu s\u00f6yl\u00fcyor.<\/p>\n<p>A\u015f\u0131n uygulanmas\u0131 s\u0131ras\u0131nda \u00e7ok az ac\u0131 hissedilir ve i\u015flemden hemen sonra sosyal ya\u015fama geri d\u00f6n\u00fcl\u00fcr. Bu nedenle, a\u015f\u0131 zaman k\u0131s\u0131tlamas\u0131 olan insanlar i\u00e7in idealdir.<\/p>\n<h2><span class=\"ez-toc-section\" id=\"Kleopatra_Asisi_Yaptiranlar\"><\/span>Kleopatra A\u015f\u0131s\u0131 Yapt\u0131ranlar<span class=\"ez-toc-section-end\"><\/span><\/h2>\n<p>Hi\u00e7bir estetik uygulamas\u0131 bo\u015funa yap\u0131lmaz ve k\u00f6t\u00fc sonu\u00e7 vermez. Bunun i\u00e7in mutlaka uzman ve g\u00fcvenilir hekimlerden yard\u0131m almak gerekir. Uzman hekimlerimiz bu konuda a\u015fama a\u015fama giderek, tedavi s\u00fcrecini ilerletmi\u015f olurlar.<\/p>\n<p>\u0130lk olarak g\u00f6r\u00fc\u015fme sa\u011flan\u0131r ve \u00f6n muayene ger\u00e7ekle\u015ftirilir. Daha sonras\u0131nda seans say\u0131s\u0131na ve randevu g\u00fcn\u00fcne karar verdikten sonra gerekli olan \u00e7al\u0131\u015fmalar ba\u015flat\u0131l\u0131r. \u0130\u015flem \u00f6ncesinde ve sonras\u0131nda dikkatli davranmak gerekir. Uzman hekimlerimiz bu s\u00fcre\u00e7 hakk\u0131nda detayl\u0131 bilgilendirmeyi yapacaklard\u0131r.<\/p>\n<p>Gen\u00e7lik a\u015f\u0131s\u0131 i\u00e7in verilen talimatlara uyulmas\u0131 durumunda ba\u015far\u0131l\u0131 ve etkili sonu\u00e7lar al\u0131nabilir. Yap\u0131lan uygulama \u015fimdiye kadar etkili sonu\u00e7lar vermi\u015ftir. Di\u011fer <span style=\"color: #ff0000;\"><a style=\"color: #ff0000;\" href=\"https:\/\/www.retouchbody.com\/tr\/category\/estetik-cerrahi\/\"><strong>estetik cerrahi<\/strong><\/a> <\/span>uygulamalar\u0131m\u0131z\u0131 g\u00f6r\u00fcnt\u00fclemek i\u00e7in t\u0131klay\u0131n ve hemen inceleyin!<\/p>\n<h2><span class=\"ez-toc-section\" id=\"Kleopatra_Asisi_Fiyatlari_2026\"><\/span>Kleopatra A\u015f\u0131s\u0131 Fiyatlar\u0131 2026<span class=\"ez-toc-section-end\"><\/span><\/h2>\n<p>Estetik uygulamalar\u0131 genelde ki\u015fiye \u00f6zel yap\u0131l\u0131r. Ki\u015fiye \u00f6zel yap\u0131lan uygulamalar\u0131n fiyat\u0131nda de\u011fi\u015fkenlik g\u00f6r\u00fcl\u00fcr. Bu y\u00fczden fiyat bilgisi vermek do\u011fru olmaz. Kullan\u0131lacak maddenin miktar\u0131 ve seans s\u00fcreleri hastadan hastaya farkl\u0131l\u0131k g\u00f6sterir.<\/p>\n<p>Yani burada da fiyat bilgisi vermek sadece hastalar\u0131m\u0131z\u0131 yan\u0131ltm\u0131\u015f olur. Fiyat ve uygulanacak olan i\u015flem hakk\u0131nda daha detayl\u0131 bilgiye sahip olmak i\u00e7in ileti\u015fim bilgilerinden bizlere ula\u015fabilirsiniz.<\/p>\n<p>Daha kesin ve do\u011fru bilgi alabilmek i\u00e7in uzman hekimlerimizin ger\u00e7ekle\u015ftirece\u011fi \u00f6n muayeneden ge\u00e7mi\u015f olman\u0131z gerekir. Gen\u00e7lik a\u015f\u0131s\u0131 i\u00e7in ortalama bir fiyat miktar\u0131 verilmi\u015f olur. <span style=\"text-decoration: underline;\"><strong>Kleopatra a\u015f\u0131s\u0131 fiyatlar\u0131 2026<\/strong><\/span> hakk\u0131nda bilgi almak i\u00e7in <span style=\"color: #ff0000;\"><strong><a style=\"color: #ff0000;\" href=\"https:\/\/www.retouchbody.com\/tr\/iletisim\/\">t\u0131klay\u0131n<\/a> <\/strong><\/span>ve hemen bize ula\u015f\u0131n.<\/p>\n<h2><span class=\"ez-toc-section\" id=\"Kleopatra_Asisi_ile_Ilgili_Sik_Sorulan_Sorular\"><\/span>Kleopatra A\u015f\u0131s\u0131 ile \u0130lgili S\u0131k Sorulan Sorular<span class=\"ez-toc-section-end\"><\/span><\/h2>\n<h3><span class=\"ez-toc-section\" id=\"Kleopatra_Asisi_Kac_Seans_Uygulanir\"><\/span>Kleopatra A\u015f\u0131s\u0131 Ka\u00e7 Seans Uygulan\u0131r?<span class=\"ez-toc-section-end\"><\/span><\/h3>\n<p>Uygulam\u0131\u015f oldu\u011fumuz Kleopatra a\u015f\u0131s\u0131 cilt yap\u0131s\u0131 g\u00f6z \u00f6n\u00fcnde bulundurulacak \u015fekilde planlan\u0131r. Uygulaman\u0131n seans say\u0131s\u0131 ki\u015fiden ki\u015fiye farkl\u0131l\u0131k g\u00f6sterir. Bu sebepten dolay\u0131 seans say\u0131s\u0131 hakk\u0131nda kesin bilgi vermek m\u00fcmk\u00fcn de\u011fildir.<\/p>\n<p>Fakat daha etkili ve ba\u015far\u0131l\u0131 sonu\u00e7lar alabilmek i\u00e7in uygulanacak olan seans say\u0131s\u0131 3-5 aras\u0131ndad\u0131r. Uygulama bir y\u0131l boyunca kal\u0131c\u0131 etkiler g\u00f6sterir. Bunun i\u00e7inde tamamlanan seans say\u0131lar\u0131ndan sonra yap\u0131lmas\u0131na gerek yoktur.<\/p>\n<h3><span class=\"ez-toc-section\" id=\"Kleopatra_Asisi_Tum_Cilt_Tipleri_Icin_Uygun_Mudur\"><\/span>Kleopatra A\u015f\u0131s\u0131 T\u00fcm Cilt Tipleri \u0130\u00e7in Uygun Mudur?<span class=\"ez-toc-section-end\"><\/span><\/h3>\n<p>Ger\u00e7ekle\u015ftirilmi\u015f olan a\u015f\u0131n\u0131n ve bir\u00e7ok estetik uygulamas\u0131n\u0131n i\u00e7eri\u011finde hyal\u00fcronik asit yer al\u0131r. Normal \u015fartlarda bu madde v\u00fccutta var olan ve zaman i\u00e7erisinde yok olmaya mahk\u00fbm olan bir asit t\u00fcr\u00fcd\u00fcr. Uygulamada kullan\u0131lan \u00fcr\u00fcnlerin i\u00e7erisinde yer alan di\u011fer maddelerin v\u00fccuda herhangi bir zarar\u0131 yoktur.<\/p>\n<p>V\u00fccudun eksiklerini gideren ve ihtiya\u00e7 halinde olan maddelerdir. Bu maddeler b\u00fct\u00fcn cilt tiplerine uygulanabilir. Zarar\u0131 veya yan etkisi olmad\u0131\u011f\u0131 i\u00e7in g\u00f6n\u00fcl rahatl\u0131\u011f\u0131yla tercih edilebilir. Fakat bizlere ba\u015fvuran hastalar\u0131m\u0131z\u0131n cilt tipleri genelde ya\u011fl\u0131 ya da hassas ciltlerdir.<\/p>\n<h3><span class=\"ez-toc-section\" id=\"Kleopatra_Asisi_Iyilesme_Sureci_Uzun_Surer_Mi\"><\/span>Kleopatra A\u015f\u0131s\u0131 \u0130yile\u015fme S\u00fcreci Uzun S\u00fcrer Mi?<span class=\"ez-toc-section-end\"><\/span><\/h3>\n<p>Etkili ve ba\u015far\u0131l\u0131 sonu\u00e7lar alabilmek ad\u0131na 3-5 seans aral\u0131\u011f\u0131nda i\u015flemin ger\u00e7ekle\u015ftirilmi\u015f olmas\u0131 gerekir. Aksi durumlarda sonu\u00e7lar istenildi\u011fi gibi al\u0131namayaca\u011f\u0131ndan dolay\u0131 gen\u00e7lik a\u015f\u0131s\u0131 bo\u015funa yap\u0131lm\u0131\u015f olur. Gen\u00e7 g\u00f6r\u00fcn\u00fcme sahip olmak ve cildin onar\u0131lmas\u0131n\u0131 sa\u011flamak i\u00e7in uygulaman\u0131n yap\u0131lmas\u0131 yeterlidir.<\/p>\n<p>Fakat burada iyile\u015fme s\u00fcrecinden bahsedecek olursak kesin olarak bilgi veremeyiz. \u00c7\u00fcnk\u00fc hastadan hastaya de\u011fi\u015fkenlik g\u00f6steren durumlarla kar\u015f\u0131 kar\u015f\u0131ya kalabiliriz.<\/p>\n<p>Bir y\u0131l boyunca etkisini g\u00f6stermekte olan uygulama \u00f6ncesinde ve sonras\u0131nda uzman hekimlerimizin verdi\u011fi talimatlara uyulmas\u0131yla birlikte iyile\u015fme s\u00fcrecini h\u0131zland\u0131rm\u0131\u015f olacakt\u0131r. Bu zaman diliminde sa\u011fl\u0131kl\u0131 ve d\u00fczenli beslenmeye dikkat ediniz.<\/p>\n<h3><span class=\"ez-toc-section\" id=\"Islemin_Yan_Etkisi_Var_Midir\"><\/span>\u0130\u015flemin Yan Etkisi Var M\u0131d\u0131r?<span class=\"ez-toc-section-end\"><\/span><\/h3>\n<p>Yap\u0131lacak olan gen\u00e7lik a\u015f\u0131s\u0131 i\u00e7in yan etkilerin oldu\u011funu s\u00f6ylemek m\u00fcmk\u00fcn de\u011fildir. Tabi ki de uygulama uzman hekimler kontrol\u00fcnde ger\u00e7ekle\u015fti\u011fi s\u00fcrece bunun herhangi bir yan etkisi bulunmaz.<\/p>\n<p>Sadece ince i\u011fnelerden yard\u0131m al\u0131narak i\u015flem ger\u00e7ekle\u015ftirildi\u011fi i\u00e7in bu s\u00fcre\u00e7te alerjik durumlar g\u00f6r\u00fclebilir. Bu da i\u011fneye olan hassasiyetle alakal\u0131 bir durumdur.<\/p>\n<p>\u0130nstagram&#8217;da bizi takip etmeyi unutmay\u0131n, <span style=\"color: #ff0000;\"><strong><a style=\"color: #ff0000;\" href=\"https:\/\/www.instagram.com\/retouchbody\/\" target=\"_blank\" rel=\"noopener\">Retouchbody<\/a><\/strong><\/span><\/p>\n","protected":false},"excerpt":{"rendered":"<p>Kleopatra A\u015f\u0131s\u0131 Nedir? Kleopatra A\u015f\u0131s\u0131, g\u00fczellik tedavisinde uygulanan bu a\u015f\u0131 sayesinde sizlerde dayan\u0131lmaz bir g\u00fczelli\u011fe sahip olmu\u015f olursunuz. G\u00fcn\u00fcm\u00fcz \u015fartlar\u0131nda her kad\u0131n g\u00fczel g\u00f6r\u00fcnmek ister. Bunun i\u00e7in evde yapm\u0131\u015f oldu\u011fu bak\u0131mlar, ger\u00e7ekle\u015ftirdi\u011fi ameliyatlar ve uygulam\u0131\u015f oldu\u011fu estetik operasyonlarla daha g\u00fczel g\u00f6r\u00fcn\u00fcme sahip olmu\u015f olur. Burada ad\u0131ndan da anla\u015f\u0131laca\u011f\u0131 gibi Kleopatra Antik M\u0131s\u0131r Krali\u00e7enin muhte\u015fem bir [&hellip;]<\/p>\n","protected":false},"author":1,"featured_media":4243,"parent":0,"menu_order":0,"comment_status":"closed","ping_status":"closed","template":"","meta":{"footnotes":""},"class_list":["post-3475","page","type-page","status-publish","has-post-thumbnail","hentry"],"_links":{"self":[{"href":"https:\/\/www.retouchbody.com\/tr\/wp-json\/wp\/v2\/pages\/3475","targetHints":{"allow":["GET"]}}],"collection":[{"href":"https:\/\/www.retouchbody.com\/tr\/wp-json\/wp\/v2\/pages"}],"about":[{"href":"https:\/\/www.retouchbody.com\/tr\/wp-json\/wp\/v2\/types\/page"}],"author":[{"embeddable":true,"href":"https:\/\/www.retouchbody.com\/tr\/wp-json\/wp\/v2\/users\/1"}],"replies":[{"embeddable":true,"href":"https:\/\/www.retouchbody.com\/tr\/wp-json\/wp\/v2\/comments?post=3475"}],"version-history":[{"count":11,"href":"https:\/\/www.retouchbody.com\/tr\/wp-json\/wp\/v2\/pages\/3475\/revisions"}],"predecessor-version":[{"id":4694,"href":"https:\/\/www.retouchbody.com\/tr\/wp-json\/wp\/v2\/pages\/3475\/revisions\/4694"}],"wp:featuredmedia":[{"embeddable":true,"href":"https:\/\/www.retouchbody.com\/tr\/wp-json\/wp\/v2\/media\/4243"}],"wp:attachment":[{"href":"https:\/\/www.retouchbody.com\/tr\/wp-json\/wp\/v2\/media?parent=3475"}],"curies":[{"name":"wp","href":"https:\/\/api.w.org\/{rel}","templated":true}]}}