{"id":37,"date":"2021-04-01T10:53:57","date_gmt":"2021-04-01T07:53:57","guid":{"rendered":"https:\/\/www.retouchbody.com\/fr\/?p=37"},"modified":"2026-02-03T14:41:08","modified_gmt":"2026-02-03T11:41:08","slug":"le-lifting-des-cuisses","status":"publish","type":"page","link":"https:\/\/www.retouchbody.com\/fr\/le-lifting-des-cuisses\/","title":{"rendered":"Le Lifting Des Cuisses"},"content":{"rendered":"<p><strong>Le lifting des cuisses<\/strong> peut \u00eatre effectu\u00e9 pour les personnes qui ont les jambes affaiss\u00e9es pour diverses raisons. Apr\u00e8s la grossesse, un affaissement peut survenir chez les personnes qui perdent du poids et chez celles qui sont plus \u00e2g\u00e9es.<\/p>\n<p>Cela peut amener le patient \u00e0 \u00e9prouver un manque de confiance en soi et des difficult\u00e9s \u00e0 marcher. Le confort du patient sera alt\u00e9r\u00e9 en raison de l&rsquo;affaissement. Gr\u00e2ce \u00e0 l&rsquo;op\u00e9ration de lifting des cuisses, il est possible de se d\u00e9barrasser de cet inconfort.<\/p>\n<p>L&rsquo;une des techniques utilis\u00e9es pour r\u00e9soudre ce probl\u00e8me est la m\u00e9thode de lipolyse au laser. Si cette m\u00e9thode seule ne suffit pas, elle devra peut-\u00eatre \u00eatre combin\u00e9e avec diff\u00e9rentes techniques. Pour d\u00e9terminer avec quelle technique le patient sera trait\u00e9, le m\u00e9decin doit subir un examen approfondi.<\/p>\n<h2>Quel est le processus apr\u00e8s la chirurgie de lifting des cuisses?<\/h2>\n<p>Le patient a besoin de se reposer apr\u00e8s <span style=\"color: #ff0000;\"><strong><a style=\"color: #ff0000;\" href=\"https:\/\/www.retouchbody.com\/fr\/le-lifting-des-cuisses\/\">le lifting des cuisses<\/a> <\/strong><\/span>. La personne doit se reposer pendant la p\u00e9riode d\u00e9termin\u00e9e par le m\u00e9decin. Le patient doit \u00e9viter de faire des exercices lourds. Vous devez \u00e9galement \u00e9viter les travaux lourds et les sports jusqu&rsquo;\u00e0 la fin de la r\u00e9cup\u00e9ration compl\u00e8te.<\/p>\n<p>Cependant, de cette mani\u00e8re, la r\u00e9cup\u00e9ration prendra beaucoup de temps. Suivez exactement les recommandations du m\u00e9decin. Pendant le s\u00e9jour \u00e0 l&rsquo;h\u00f4pital, le drain sera toujours sur vous. Il est recommand\u00e9 de se reposer \u00e0 l&rsquo;h\u00f4pital pendant 1 jour.<\/p>\n<p>Vous pouvez prendre la premi\u00e8re douche 2 jours plus tard. Pendant la premi\u00e8re semaine, il est recommand\u00e9 de garder les jambes au niveau du c\u0153ur en position couch\u00e9e. Une marche contr\u00f4l\u00e9e doit \u00eatre effectu\u00e9e fr\u00e9quemment pour \u00e9viter l&rsquo;\u0153d\u00e8me.<\/p>\n<p>Il ne devrait pas \u00eatre permis de fumer. L&rsquo;alcool ne doit pas \u00eatre consomm\u00e9. Apr\u00e8s la proc\u00e9dure, il y aura des marques de points, mais ces marques ne sont pas visibles car elles se trouvent \u00e0 l&rsquo;int\u00e9rieur de la jambe.<\/p>\n<h2>Quel est le processus avant la chirurgie du lifting des cuisses?<\/h2>\n<p>Avant la proc\u00e9dure de lifting des cuisses, la peau de la jambe est affaiss\u00e9e. Il peut \u00e9galement y avoir des fissures dans certaines parties de la jambe. Il y a des vergetures, en particulier chez les personnes qui prennent et perdent du poids.<\/p>\n<p>Avant de d\u00e9cider de l&rsquo;op\u00e9ration, une \u00e9valuation d\u00e9taill\u00e9e de la personne est fournie. Il faut \u00e9galement d\u00e9cider s&rsquo;il convient ou non \u00e0 la chirurgie. Si vous fumez, il est important d&rsquo;arr\u00eater de fumer avant la chirurgie. Lorsque vous fumez, vos veines se r\u00e9tr\u00e9cissent.<\/p>\n<p>Cette situation provoque une h\u00e9morragie du site op\u00e9ratoire et un retard du temps de gu\u00e9rison. Par cons\u00e9quent, il est n\u00e9cessaire d&rsquo;arr\u00eater de fumer comme dans toutes les chirurgies.<\/p>\n<p>De plus, les anticoagulants ne doivent pas \u00eatre pris. Si vous avez des m\u00e9dicaments que vous utilisez r\u00e9guli\u00e8rement, vous devez consulter votre sp\u00e9cialiste avant de les arr\u00eater.<\/p>\n<h2>La chirurgie de lifting des cuisses est-elle risqu\u00e9e?<\/h2>\n<p>La chirurgie de lifting des cuisses est r\u00e9alis\u00e9e sous anesth\u00e9sie g\u00e9n\u00e9rale. Il comporte les m\u00eames risques que les chirurgies r\u00e9alis\u00e9es sous anesth\u00e9sie g\u00e9n\u00e9rale. Avant la proc\u00e9dure, la personne doit \u00eatre \u00e9valu\u00e9e en d\u00e9tail et il convient de d\u00e9terminer si elle est pr\u00eate ou non pour la proc\u00e9dure.<\/p>\n<p>Les tests n\u00e9cessaires doivent \u00e9galement \u00eatre effectu\u00e9s. Si la personne qui effectuera la proc\u00e9dure est bien s\u00e9lectionn\u00e9e, la probabilit\u00e9 de risques possibles diminue.<\/p>\n<p>Il peut y avoir des situations telles qu&rsquo;une infection et rarement l&rsquo;ouverture de la plaie apr\u00e8s une chirurgie de lifting des cuisses.Vous pouvez minimiser ces risques en suivant strictement les conseils du m\u00e9decin apr\u00e8s la proc\u00e9dure.<\/p>\n<h2>\u00c0 quel \u00e2ge la proc\u00e9dure de lifting des cuisses peut-elle \u00eatre effectu\u00e9e?<\/h2>\n<p>Les adultes de tous \u00e2ges peuvent \u00eatre trait\u00e9s avec un lifting des cuisses. Bien que ce soit une m\u00e9thode g\u00e9n\u00e9ralement appliqu\u00e9e aux femmes, c&rsquo;est aussi une m\u00e9thode appliqu\u00e9e aux hommes. L&rsquo;\u00e9tat de sant\u00e9 g\u00e9n\u00e9ral doit \u00eatre adapt\u00e9 \u00e0 un lifting des cuisses.<\/p>\n<p>En outre, la personne doit avoir des attentes r\u00e9alistes. La perte de poids ne doit pas \u00eatre poursuivie apr\u00e8s le lifting des cuisses. Sinon, un affaissement peut continuer \u00e0 se former sur la peau et le r\u00e9sultat du processus sera endommag\u00e9.<\/p>\n<p>S&rsquo;il y a une possibilit\u00e9 de prendre du poids rapidement, la peau d\u00e9j\u00e0 mince est davantage \u00e9tir\u00e9e et dans ce cas, des fissures cutan\u00e9es non esth\u00e9tiques apparaissent sur la peau. En outre, de grandes cicatrices peuvent appara\u00eetre. Pour cette raison, il est important de maintenir le poids apr\u00e8s la proc\u00e9dure.<\/p>\n<p>En dehors de ces situations, les r\u00e9sultats \u00e0 atteindre par la personne seront garantis. Bien que la tension puisse \u00eatre atteinte jusqu&rsquo;\u00e0 un certain point avec le sport et certaines cr\u00e8mes sans lifting des cuisses, il est possible d&rsquo;obtenir une tension qui ne sera pas possible avec quoi que ce soit en tr\u00e8s peu de temps avec cette proc\u00e9dure. Un lifting des cuisses est donc pr\u00e9f\u00e9rable.<\/p>\n<h2>Quelle est la m\u00e9thode adopt\u00e9e dans la proc\u00e9dure de lifting des cuisses?<\/h2>\n<p>Pour le patient qui vient avec une demande de lifting des cuisses, un examen d\u00e9taill\u00e9 est d&rsquo;abord effectu\u00e9. Dans cet examen, il est n\u00e9cessaire de comprendre ce que le patient attend de la proc\u00e9dure de lifting des cuisses. La zone de la cuisse du patient est examin\u00e9e.<\/p>\n<p>La qualit\u00e9 de la peau, la quantit\u00e9 de rel\u00e2chement est importante. S&rsquo;il n&rsquo;y a que de la graisse dans la zone et qu&rsquo;il n&rsquo;y a pas d&rsquo;affaissement, il peut \u00eatre suffisant de ne faire qu&rsquo;une liposuccion.<\/p>\n<p>Gr\u00e2ce \u00e0 cette application, la jambe devient \u00e0 la fois plus fine et plus serr\u00e9e. M\u00eame si les jambes du patient s&rsquo;affaissent et se rel\u00e2chent en m\u00eame temps, l&rsquo;\u00e9limination de la graisse n&rsquo;est pas suffisante dans ce cas. Pour cela, il est avantageux d&rsquo;utiliser des m\u00e9thodes suppl\u00e9mentaires.<\/p>\n<p>Dans les cas o\u00f9 il y a un probl\u00e8me d&rsquo;affaissement important avec la graisse, une chirurgie de lifting de la cuisse sup\u00e9rieure est appropri\u00e9e. Ce processus peut \u00eatre soutenu par la liposuccion. Il n&rsquo;est possible de d\u00e9cider de la m\u00e9thode qu&rsquo;apr\u00e8s une \u00e9valuation saine.<\/p>\n<h2>Combien de temps faut-il pour une chirurgie de lifting des cuisses?<\/h2>\n<p>Le lifting des cuisses prend en moyenne 2 \u00e0 3 heures sous anesth\u00e9sie g\u00e9n\u00e9rale. Des incisions appropri\u00e9es sont faites \u00e0 partir des zones appropri\u00e9es et la peau affaiss\u00e9e et l&rsquo;exc\u00e8s de peau sont enlev\u00e9s.<\/p>\n<p>Les cicatrices de ces incisions se trouveront dans des endroits invisibles du corps. G\u00e9n\u00e9ralement, la zone de l&rsquo;aine, la zone du pli de la hanche est pr\u00e9f\u00e9r\u00e9e pour le lifting des cuisses.<\/p>\n<p>Des fissures et un affaissement peuvent survenir pour des raisons telles que l&rsquo;\u00e2ge avanc\u00e9, la prise ou la perte de poids ou des raisons purement g\u00e9n\u00e9tiques. Le levage fournit une solution dans des cas tels que le rel\u00e2chement du tissu de soutien sous-cutan\u00e9.<\/p>\n<h2>\u00c0 quoi devons-nous faire attention apr\u00e8s une proc\u00e9dure de lifting des cuisses?<\/h2>\n<p>Apr\u00e8s le lifting des cuisses, il est n\u00e9cessaire de s&rsquo;assurer que les points sont maintenus propres. Sinon, une infection peut survenir dans les zones de la plaie. Il faut se reposer pendant un certain temps et ne pas forcer les jambes.<\/p>\n<p>Pour cette raison, il est essentiel d&rsquo;\u00e9viter de faire des exercices lourds. Les gens peuvent reprendre leur vie normale dans les 10 jours, soit environ une semaine. Il est tout \u00e0 fait normal de ressentir de la douleur juste apr\u00e8s le lifting des cuisses.<\/p>\n<p>Cependant, cette douleur n&rsquo;est pas insupportable. Si n\u00e9cessaire, vous pouvez utiliser des analg\u00e9siques sous la recommandation du m\u00e9decin. Il faut \u00e9viter de fumer apr\u00e8s la chirurgie. Sinon, vous augmenterez le processus de gu\u00e9rison.<\/p>\n<h2>Quel est le taux de r\u00e9ussite d&rsquo;une chirurgie de lifting des cuisses?<\/h2>\n<p>Cent pour cent de bons r\u00e9sultats sont obtenus gr\u00e2ce \u00e0 la proc\u00e9dure de lifting des cuisses. L&rsquo;affaissement de la zone des jambes pour diverses raisons est efficacement \u00e9limin\u00e9. Un serrage qui n&rsquo;est pr\u00e9vu dans aucune autre m\u00e9thode peut \u00eatre obtenu par le proc\u00e9d\u00e9.<\/p>\n<p>Le patient doit d\u00e9terminer au pr\u00e9alable s&rsquo;il convient \u00e0 la proc\u00e9dure. Les personnes qui conviennent au lifting des jambes peuvent faire effectuer la proc\u00e9dure de levage sans se soucier du succ\u00e8s.<\/p>\n<h2>Une op\u00e9ration suppl\u00e9mentaire est-elle n\u00e9cessaire apr\u00e8s un lifting des cuisses?<\/h2>\n<p>En g\u00e9n\u00e9ral, aucune nouvelle proc\u00e9dure n&rsquo;est requise apr\u00e8s un lifting des cuisses. Apr\u00e8s la proc\u00e9dure, la peau de la personne devient tendue. Ils se d\u00e9barrassent de l&rsquo;exc\u00e8s de peau.<\/p>\n<p>Ils peuvent continuer leur nouvelle vie. Bien que rare, l&rsquo;affaissement peut \u00eatre un probl\u00e8me en raison d&rsquo;un gain et d&rsquo;une perte de poids excessifs. C&rsquo;est une situation que nous rencontrons tr\u00e8s rarement. Il est avantageux pour les gens de faire attention \u00e0 la prise et \u00e0 la perte de poids apr\u00e8s la chirurgie.<\/p>\n<h2>Y a-t-il des cicatrices apr\u00e8s le lifting des cuisses?<\/h2>\n<p>Le rel\u00e2chement cutan\u00e9 est \u00e9limin\u00e9 avec succ\u00e8s apr\u00e8s le lifting des cuisses. La trace restante est vague. Ce n&rsquo;est pas perceptible car il est situ\u00e9 \u00e0 l&rsquo;int\u00e9rieur de la jambe.<\/p>\n<p>Il n&rsquo;est pas possible de remarquer les cicatrices de la chirurgie de lifting des cuisses sans \u00eatre particuli\u00e8rement montr\u00e9. Apr\u00e8s une intervention chirurgicale r\u00e9ussie, si des situations extraordinaires ne sont pas v\u00e9cues, l&rsquo;affaissement ne se reproduira plus. La jambe sera bien retenue.<\/p>\n<p>Cliquez pour <span style=\"color: #ff0000;\"><a style=\"color: #ff0000;\" href=\"https:\/\/www.instagram.com\/retouchbody\/\" target=\"_blank\" rel=\"noopener\"><strong>instagram<\/strong><\/a><\/span><\/p>\n","protected":false},"excerpt":{"rendered":"<p>Le lifting des cuisses peut \u00eatre effectu\u00e9 pour les personnes qui ont les jambes affaiss\u00e9es pour diverses raisons. Apr\u00e8s la grossesse, un affaissement peut survenir chez les personnes qui perdent du poids et chez celles qui sont plus \u00e2g\u00e9es. Cela peut amener le patient \u00e0 \u00e9prouver un manque de confiance en soi et des difficult\u00e9s [&hellip;]<\/p>\n","protected":false},"author":1,"featured_media":3031,"parent":0,"menu_order":71,"comment_status":"open","ping_status":"open","template":"","meta":{"footnotes":""},"class_list":["post-37","page","type-page","status-publish","has-post-thumbnail","hentry"],"_links":{"self":[{"href":"https:\/\/www.retouchbody.com\/fr\/wp-json\/wp\/v2\/pages\/37","targetHints":{"allow":["GET"]}}],"collection":[{"href":"https:\/\/www.retouchbody.com\/fr\/wp-json\/wp\/v2\/pages"}],"about":[{"href":"https:\/\/www.retouchbody.com\/fr\/wp-json\/wp\/v2\/types\/page"}],"author":[{"embeddable":true,"href":"https:\/\/www.retouchbody.com\/fr\/wp-json\/wp\/v2\/users\/1"}],"replies":[{"embeddable":true,"href":"https:\/\/www.retouchbody.com\/fr\/wp-json\/wp\/v2\/comments?post=37"}],"version-history":[{"count":5,"href":"https:\/\/www.retouchbody.com\/fr\/wp-json\/wp\/v2\/pages\/37\/revisions"}],"predecessor-version":[{"id":3475,"href":"https:\/\/www.retouchbody.com\/fr\/wp-json\/wp\/v2\/pages\/37\/revisions\/3475"}],"wp:featuredmedia":[{"embeddable":true,"href":"https:\/\/www.retouchbody.com\/fr\/wp-json\/wp\/v2\/media\/3031"}],"wp:attachment":[{"href":"https:\/\/www.retouchbody.com\/fr\/wp-json\/wp\/v2\/media?parent=37"}],"curies":[{"name":"wp","href":"https:\/\/api.w.org\/{rel}","templated":true}]}}