{"id":3170,"date":"2021-04-01T14:18:22","date_gmt":"2021-04-01T11:18:22","guid":{"rendered":"https:\/\/www.retouchbody.com\/fr\/?p=116"},"modified":"2026-02-03T14:22:15","modified_gmt":"2026-02-03T11:22:15","slug":"chirurgie-de-lobesite","status":"publish","type":"page","link":"https:\/\/www.retouchbody.com\/fr\/chirurgie-de-lobesite\/","title":{"rendered":"Chirurgie de L&rsquo;ob\u00e9sit\u00e9"},"content":{"rendered":"<h2>Chirurgie de l&rsquo;ob\u00e9sit\u00e9<\/h2>\n<p>La chirurgie de l&rsquo;ob\u00e9sit\u00e9 est \u00e9galement connue sous le nom de chirurgie m\u00e9tabolique. De nombreuses maladies, en particulier la st\u00e9atose h\u00e9patique et le diab\u00e8te, peuvent se d\u00e9velopper chez les personnes ob\u00e8ses.<\/p>\n<p>Ces personnes pr\u00e9sentent un risque plus \u00e9lev\u00e9 que les personnes ayant un poids corporel id\u00e9al, c&rsquo;est ce qu&rsquo;on appelle le syndrome m\u00e9tabolique. La chirurgie m\u00e9tabolique n&rsquo;est pas bas\u00e9e sur la perte de poids, en plus de perdre du poids, elle vise \u00e9galement \u00e0 \u00e9liminer les maladies m\u00e9taboliques.<\/p>\n<p>De plus, la personne se d\u00e9barrasse de ces maladies sans pour autant perdre de poids. C&rsquo;est parce que les chirurgies provoquent divers changements hormonaux dans le corps. L&rsquo;estomac tubulaire et la d\u00e9rivation gastrique sont les principaux types de chirurgie de l&rsquo;ob\u00e9sit\u00e9, le patient est examin\u00e9 et la m\u00e9thode de traitement la plus appropri\u00e9e est s\u00e9lectionn\u00e9e pour le patient.<\/p>\n<h2>Quand faut-il pratiquer la chirurgie de l&rsquo;ob\u00e9sit\u00e9?<\/h2>\n<p>Contrairement \u00e0 ce que l&rsquo;on sait, la chirurgie de l&rsquo;ob\u00e9sit\u00e9 n&rsquo;est pas pratiqu\u00e9e pour donner une meilleure apparence au patient en termes d&rsquo;esth\u00e9tique. Il vise \u00e0 prot\u00e9ger la personne contre les maladies caus\u00e9es par un exc\u00e8s de poids.<\/p>\n<p>Pour qu&rsquo;une personne subisse une chirurgie de r\u00e9duction de l&rsquo;estomac, elle doit r\u00e9pondre \u00e0 la d\u00e9finition d&rsquo;ob\u00e9sit\u00e9 morbide. Le degr\u00e9 d&rsquo;ob\u00e9sit\u00e9 de la personne est d\u00e9termin\u00e9 en calculant l&rsquo;indice de masse corporelle. Cet indice a \u00e9t\u00e9 d\u00e9termin\u00e9 par l&rsquo;Organisation mondiale de la sant\u00e9.<\/p>\n<p>En d&rsquo;autres termes, pour la chirurgie de r\u00e9duction de l&rsquo;estomac, le calcul est fait en fonction de la taille et de la valeur en kg, plut\u00f4t qu&rsquo;en fonction du nombre de kg de la personne.<\/p>\n<h2>Qui sont les patients \u00e9ligibles \u00e0 la chirurgie de l&rsquo;ob\u00e9sit\u00e9?<\/h2>\n<p>Les personnes qui conviennent \u00e0 la chirurgie bariatrique peuvent \u00eatre r\u00e9pertori\u00e9es comme suit:<br \/>\n&#8211; Les personnes ayant un indice de masse corporelle entre 35 et 40 et ob\u00e8ses.<br \/>\n&#8211; Pour les personnes ayant un indice de masse corporelle sup\u00e9rieur \u00e0 40, c&rsquo;est-\u00e0-dire une ob\u00e9sit\u00e9 s\u00e9v\u00e8re, une r\u00e9duction de l&rsquo;estomac peut \u00eatre r\u00e9alis\u00e9e.<br \/>\n&#8211; Les nouveaux diab\u00e9tiques de type 2 en raison de l&rsquo;ob\u00e9sit\u00e9 et les personnes souffrant de troubles m\u00e9taboliques peuvent se faire op\u00e9rer.<br \/>\nPour que la personne soit candidate \u00e0 la chirurgie bariatrique, le patient doit \u00e9chouer au moins 2 fois avec une th\u00e9rapie di\u00e9t\u00e9tique. Il devrait \u00eatre essay\u00e9 et \u00e9chou\u00e9 pour perdre du poids pendant 6 mois.<\/p>\n<p>M\u00eame s&rsquo;il s&rsquo;agit de 2% des personnes dans la classe d&rsquo;ob\u00e9sit\u00e9 morbide, la possibilit\u00e9 d&rsquo;une perte de poids permanente augmente avec les m\u00e9thodes de r\u00e9gime et d&rsquo;exercice. S&rsquo;il y a des raisons psychologiques derri\u00e8re l&rsquo;exc\u00e8s de poids du patient, alors l&rsquo;exercice et le r\u00e9gime \u00e9choueront de 98 pour cent.<\/p>\n<h2>Y a-t-il une limite d&rsquo;\u00e2ge pour la chirurgie de l&rsquo;ob\u00e9sit\u00e9?<\/h2>\n<p>Les personnes qui souhaitent subir une chirurgie bariatrique doivent avoir termin\u00e9 leur adolescence. Les chirurgies de l&rsquo;ob\u00e9sit\u00e9 peuvent \u00eatre effectu\u00e9es en toute s\u00e9curit\u00e9 de 14 \u00e0 15 ans. Aujourd&rsquo;hui, la limite d&rsquo;\u00e2ge sup\u00e9rieure fix\u00e9e pour cette proc\u00e9dure est plus \u00e9lev\u00e9e que par le pass\u00e9.<\/p>\n<p>S&rsquo;il n&rsquo;y a pas d&rsquo;obstacle \u00e0 l&rsquo;\u00e9tat de sant\u00e9 g\u00e9n\u00e9ral du patient, il n&rsquo;y a pas de maladie pulmonaire et cardiaque, il n&rsquo;y a aucun probl\u00e8me \u00e0 effectuer ces interventions jusqu&rsquo;\u00e0 l&rsquo;\u00e2ge de 70 ans.<\/p>\n<h2>Comment le suivi est-il organis\u00e9 apr\u00e8s une chirurgie de l&rsquo;ob\u00e9sit\u00e9?<\/h2>\n<p>Les patients qui b\u00e9n\u00e9ficient de techniques de chirurgie bariatrique peuvent conna\u00eetre de 10 \u00e0 20 pour cent de reprendre du poids apr\u00e8s 2 ans. Cette situation, appel\u00e9e r\u00e9\u00e9ducation postop\u00e9ratoire, est due \u00e0 l&rsquo;incapacit\u00e9 de changer d&rsquo;environnement apr\u00e8s la chirurgie et \u00e0 l&rsquo;incapacit\u00e9 de la personne \u00e0 changer les habitudes qu&rsquo;elle avait auparavant.<\/p>\n<p>Lorsque la personne n&rsquo;apprend pas \u00e0 manger sainement, une prise de poids se produit. Il faut garder \u00e0 l&rsquo;esprit qu&rsquo;il est tr\u00e8s important de mener une vie active et un r\u00e9gime alimentaire pour les r\u00e9sultats de la chirurgie bariatrique.<\/p>\n<p>Tant que la personne est loin du sport et mange beaucoup, elle prendra du poids. Pour ces raisons, le patient est pris pour contr\u00f4le apr\u00e8s la chirurgie. Les gens pensent g\u00e9n\u00e9ralement qu&rsquo;ils contr\u00f4lent compl\u00e8tement leur corps avec la proc\u00e9dure qu&rsquo;ils ont effectu\u00e9e.<\/p>\n<p>Bien que cela soit partiellement vrai, ce n&rsquo;est pas tout \u00e0 fait vrai. Si une personne mange 5 \u00e0 6 boulettes de viande alors qu&rsquo;elle est pleine en mangeant 2 3 boulettes de viande, l&rsquo;estomac se dilate apr\u00e8s un certain temps car c&rsquo;est un organe flexible.<\/p>\n<p>Les patients doivent bien contr\u00f4ler leurs portions alimentaires. Gr\u00e2ce \u00e0 une approche multidisciplinaire, la prise de poids peut \u00eatre \u00e9vit\u00e9e par la personne.<\/p>\n<p>Si le psychologue, le di\u00e9t\u00e9ticien, le m\u00e9decin, l&rsquo;infirmi\u00e8re et le conseiller en vie active travaillent ensemble et que la personne coop\u00e8re, il n&rsquo;y aura pas de prise de poids. Avec la chirurgie bariatrique, vous pouvez am\u00e9liorer votre qualit\u00e9 de vie et vous d\u00e9barrasser de votre exc\u00e8s de poids et des maladies li\u00e9es au poids.<\/p>\n<h2>Quelles maladies peuvent \u00eatre rem\u00e9di\u00e9es avec la chirurgie de l&rsquo;ob\u00e9sit\u00e9?<\/h2>\n<p>Les comorbidit\u00e9s qui peuvent s&rsquo;am\u00e9liorer avec la chirurgie bariatrique peuvent \u00eatre \u00e9num\u00e9r\u00e9es comme suit:<br \/>\n&#8211; Les maladies cardiaques sont \u00e0 risque.<br \/>\n&#8211; Le probl\u00e8me d&rsquo;hypertension dispara\u00eet.<br \/>\n&#8211; Le cholest\u00e9rol sanguin s&rsquo;am\u00e9liore.<br \/>\n&#8211; Le reflux acide est \u00e9limin\u00e9.<br \/>\n&#8211; Le traitement du sommeil pour l&rsquo;apn\u00e9e du sommeil et l&rsquo;ob\u00e9sit\u00e9 similaire est \u00e9limin\u00e9.<br \/>\n&#8211; Les probl\u00e8mes respiratoires se r\u00e9solvent en un mois ou deux.<br \/>\n&#8211; Les anc\u00eatres de l&rsquo;asthme sont r\u00e9duits. L&rsquo;asthme de certains patients dispara\u00eet.<br \/>\n&#8211; Il tombe au niveau normal \u00e0 la fronti\u00e8re du diab\u00e8te.<\/p>\n<h2>Processus de perte de poids apr\u00e8s une chirurgie de l&rsquo;ob\u00e9sit\u00e9<\/h2>\n<p>Si la gastrectomie ou la m\u00e9thode de pontage gastrique est pr\u00e9f\u00e9r\u00e9e comme chirurgie de l&rsquo;ob\u00e9sit\u00e9, le patient ne doit pas se fier uniquement \u00e0 ces proc\u00e9dures et doit suivre le programme de r\u00e9gime et d&rsquo;exercice. Le succ\u00e8s de la chirurgie r\u00e9alis\u00e9e est en grande partie d\u00fb au respect de cette ordonnance par le patient.<\/p>\n<p>Cependant, il est possible pour les patients qui suivent leur r\u00e9gime et font du sport d&rsquo;obtenir des r\u00e9sultats permanents. Ce processus est pass\u00e9 sous la supervision d&rsquo;experts. Il est garanti que les patients atteignent leur poids id\u00e9al en 1,5 an en moyenne.<\/p>\n<h2>Quels sont les risques de la chirurgie de l&rsquo;ob\u00e9sit\u00e9?<\/h2>\n<p>Deux types de chirurgie diff\u00e9rents sont pratiqu\u00e9s pour la chirurgie de l&rsquo;ob\u00e9sit\u00e9, la chirurgie de contournement qui perturbe l&rsquo;absorption des aliments ou la chirurgie de l&rsquo;estomac qui restreint la prise alimentaire.<\/p>\n<p>Les risques qui peuvent survenir apr\u00e8s une chirurgie de pontage varient en fonction du type de chirurgie pr\u00e9f\u00e9r\u00e9. La diarrh\u00e9e chronique, les ulc\u00e8res et les probl\u00e8mes d&rsquo;engorgement intestinal ne sont observ\u00e9s que chez 5% des patients apr\u00e8s la proc\u00e9dure.<\/p>\n<p>Les chirurgies restrictives peuvent provoquer des naus\u00e9es et des vomissements caus\u00e9s par des st\u00e9noses. Tr\u00e8s rarement, il peut y avoir des fuites et des saignements au niveau des lignes de base qui permettent de s\u00e9parer l&rsquo;estomac. Tous ces \u00e9l\u00e9ments sont observ\u00e9s dans la premi\u00e8re semaine, si de tels probl\u00e8mes surviennent, une endoscopie peut \u00eatre n\u00e9cessaire.<\/p>\n<h2>Remplacement du genou en chirurgie de l&rsquo;ob\u00e9sit\u00e9<\/h2>\n<p>Une proth\u00e8se de genou peut \u00eatre appliqu\u00e9e aux patients pour une chirurgie bariatrique. C&rsquo;est une application importante dont les personnes souffrant de surpoids ont g\u00e9n\u00e9ralement besoin. La proc\u00e9dure doit \u00eatre effectu\u00e9e par un m\u00e9decin expert.<\/p>\n<p>Lorsqu&rsquo;il est effectu\u00e9 par des mains exp\u00e9riment\u00e9es, le risque de d\u00e9velopper des complications lors des chirurgies est beaucoup plus faible. Le lieu et le sp\u00e9cialiste doivent \u00eatre choisis tr\u00e8s soigneusement.<\/p>\n<p>La chirurgie de l&rsquo;ob\u00e9sit\u00e9 prolonge la dur\u00e9e de vie d&rsquo;au moins 10 ans et permet l&rsquo;\u00e9limination de nombreuses maladies comorbides. En raison de ces caract\u00e9ristiques, le processus est consid\u00e9r\u00e9 comme un sauveur.<\/p>\n<h2>La chirurgie de l&rsquo;ob\u00e9sit\u00e9 est-elle un danger?<\/h2>\n<p>Malheureusement, les gens ont des id\u00e9es fausses sur la chirurgie bariatrique. Les chirurgies de menottes, qui \u00e9taient utilis\u00e9es pour le traitement de l&rsquo;ob\u00e9sit\u00e9 dans le pass\u00e9, ont \u00e9t\u00e9 remplac\u00e9es par des techniques plus efficaces car elles ne montrent pas un succ\u00e8s suffisant aujourd&rsquo;hui.<\/p>\n<p>Chacune de ces chirurgies est appliqu\u00e9e en toute s\u00e9curit\u00e9, sans danger et avec des r\u00e9sultats positifs. Alors que 2 patients sur 100 meurent dans les 7 premiers jours suivant la chirurgie de pontage pour des raisons cardiaques et non pour une chirurgie bariatrique, ce taux n&rsquo;est que d&rsquo;un sur mille pour la chirurgie de pontage gastrique. Par cons\u00e9quent, ils ne sont pas consid\u00e9r\u00e9s comme des op\u00e9rations dangereuses.<\/p>\n<h2>La chirurgie de l&rsquo;ob\u00e9sit\u00e9 est-elle risqu\u00e9e?<\/h2>\n<p>Si la chirurgie bariatrique est pratiqu\u00e9e chez des personnes souffrant d&rsquo;ob\u00e9sit\u00e9 morbide, elles courent un plus grand risque que les patients extr\u00eamement ob\u00e8ses. Ces personnes doivent \u00eatre trait\u00e9es. Sinon, ils mourront 10 \u00e0 15 ans plus t\u00f4t. L&rsquo;ob\u00e9sit\u00e9 morbide elle-m\u00eame est une maladie mortelle.<\/p>\n<p>La chirurgie de l&rsquo;ob\u00e9sit\u00e9 donne la vie aux gens \u00e0 cause de cette situation, le risque de d\u00e9c\u00e8s dans ces proc\u00e9dures est m\u00eame inf\u00e9rieur \u00e0 un sur mille. Ce risque est m\u00e9dicalement acceptable, surtout si l&rsquo;on consid\u00e8re les risques encourus par les patients souffrant d&rsquo;ob\u00e9sit\u00e9 morbide.<\/p>\n<p>Cliquez pour <span style=\"color: #ff0000;\"><a style=\"color: #ff0000;\" href=\"https:\/\/www.instagram.com\/retouchbody\/\" target=\"_blank\" rel=\"noopener\"><strong>instagram<\/strong><\/a><\/span><\/p>\n","protected":false},"excerpt":{"rendered":"<p>Chirurgie de l&rsquo;ob\u00e9sit\u00e9 La chirurgie de l&rsquo;ob\u00e9sit\u00e9 est \u00e9galement connue sous le nom de chirurgie m\u00e9tabolique. De nombreuses maladies, en particulier la st\u00e9atose h\u00e9patique et le diab\u00e8te, peuvent se d\u00e9velopper chez les personnes ob\u00e8ses. Ces personnes pr\u00e9sentent un risque plus \u00e9lev\u00e9 que les personnes ayant un poids corporel id\u00e9al, c&rsquo;est ce qu&rsquo;on appelle le syndrome [&hellip;]<\/p>\n","protected":false},"author":1,"featured_media":3085,"parent":0,"menu_order":46,"comment_status":"open","ping_status":"open","template":"","meta":{"footnotes":""},"class_list":["post-3170","page","type-page","status-publish","has-post-thumbnail","hentry"],"_links":{"self":[{"href":"https:\/\/www.retouchbody.com\/fr\/wp-json\/wp\/v2\/pages\/3170","targetHints":{"allow":["GET"]}}],"collection":[{"href":"https:\/\/www.retouchbody.com\/fr\/wp-json\/wp\/v2\/pages"}],"about":[{"href":"https:\/\/www.retouchbody.com\/fr\/wp-json\/wp\/v2\/types\/page"}],"author":[{"embeddable":true,"href":"https:\/\/www.retouchbody.com\/fr\/wp-json\/wp\/v2\/users\/1"}],"replies":[{"embeddable":true,"href":"https:\/\/www.retouchbody.com\/fr\/wp-json\/wp\/v2\/comments?post=3170"}],"version-history":[{"count":5,"href":"https:\/\/www.retouchbody.com\/fr\/wp-json\/wp\/v2\/pages\/3170\/revisions"}],"predecessor-version":[{"id":3454,"href":"https:\/\/www.retouchbody.com\/fr\/wp-json\/wp\/v2\/pages\/3170\/revisions\/3454"}],"wp:featuredmedia":[{"embeddable":true,"href":"https:\/\/www.retouchbody.com\/fr\/wp-json\/wp\/v2\/media\/3085"}],"wp:attachment":[{"href":"https:\/\/www.retouchbody.com\/fr\/wp-json\/wp\/v2\/media?parent=3170"}],"curies":[{"name":"wp","href":"https:\/\/api.w.org\/{rel}","templated":true}]}}