{"id":3148,"date":"2021-04-01T10:35:10","date_gmt":"2021-04-01T07:35:10","guid":{"rendered":"https:\/\/www.retouchbody.com\/fr\/?p=29"},"modified":"2026-02-03T15:08:36","modified_gmt":"2026-02-03T12:08:36","slug":"remplissage-du-front","status":"publish","type":"page","link":"https:\/\/www.retouchbody.com\/fr\/remplissage-du-front\/","title":{"rendered":"Remplissage Du Front"},"content":{"rendered":"<p>Avec le <strong>remplissage du front<\/strong>, vous pouvez dire adieu aux rides de votre front. L&rsquo;acide hyaluronique est utilis\u00e9 comme mat\u00e9riau de remplissage pour la zone du front. Cette substance est d\u00e9j\u00e0 produite par le corps lui-m\u00eame. Avec l&rsquo;avancement de l&rsquo;\u00e2ge, la quantit\u00e9 d&rsquo;acide hyaluronique produite diminue. Cela provoque des rides sur la peau.<\/p>\n<p>Apr\u00e8s application, de l\u00e9g\u00e8res \u00e9ruptions cutan\u00e9es peuvent appara\u00eetre sur le visage. Cependant, ceux-ci passeront apr\u00e8s l&rsquo;application. Le <span style=\"color: #ff0000;\"><a style=\"color: #ff0000;\" href=\"https:\/\/www.retouchbody.com\/fr\/remplissage-du-front\/\"><strong>remplissage du front<\/strong><\/a><\/span> n&rsquo;est pas permanent, mais il a en moyenne 1 an et demi de permanence.<\/p>\n<p>Si n\u00e9cessaire, le processus peut \u00eatre renouvel\u00e9 une fois le temps requis \u00e9coul\u00e9. Si un traitement r\u00e9gulier est effectu\u00e9, la permanence du remplissage augmentera. C&rsquo;est une m\u00e9thode non chirurgicale, pratique, simple et s\u00fbre. Vous pouvez m\u00eame le r\u00e9server pendant la pause d\u00e9jeuner.<\/p>\n<p>Vous pouvez continuer votre travail imm\u00e9diatement apr\u00e8s. Personne ne peut le dire \u00e0 moins que vous ne le lui disiez. Outre l&rsquo;acide hyaluronique, la graisse de la personne peut \u00e9galement \u00eatre utilis\u00e9e pour le remplissage du front.<\/p>\n<p>Dans ce cas, le temps de traitement est prolong\u00e9. Le m\u00e9decin doit planifier en cons\u00e9quence \u00e0 l&rsquo;avance. En g\u00e9n\u00e9ral, les graisses proviennent de la hanche ou de l&rsquo;abdomen.<\/p>\n<h2>Est-ce que le filler du front est une application douloureuse?<\/h2>\n<p>Les patients ne ressentent pas de douleur lors de la proc\u00e9dure de remplissage du front. C&rsquo;est une application confortable. Si une injection de graisse doit \u00eatre effectu\u00e9e au cours de la proc\u00e9dure, une chirurgie de liposuccion doit d&rsquo;abord \u00eatre planifi\u00e9e pour le patient.<\/p>\n<p>Il vise \u00e0 pr\u00e9lever des quantit\u00e9s suffisantes de graisse en chirurgie. Si le patient est trait\u00e9 avec un support de cellules souches par injection, alors la prolif\u00e9ration des cellules souches est essentielle.<\/p>\n<p>Ce processus de reproduction est r\u00e9alis\u00e9 dans un laboratoire agr\u00e9\u00e9 par le minist\u00e8re de la Sant\u00e9. Une anesth\u00e9sie locale ou une s\u00e9dation est administr\u00e9e au patient pendant l&rsquo;injection. Le remplissage du front ayant lieu sous anesth\u00e9sie, la personne ne ressent rien.<\/p>\n<p>Des douleurs simples peuvent \u00eatre ressenties apr\u00e8s la proc\u00e9dure. Car avec le temps, l&rsquo;effet anesth\u00e9sique dispara\u00eetra. Ces douleurs peuvent \u00e9galement \u00eatre g\u00e9r\u00e9es avec de simples analg\u00e9siques.<\/p>\n<p>Si un remplissage d&rsquo;acide hyaluronique est pr\u00e9vu pour le patient, une cr\u00e8me anesth\u00e9sique est utilis\u00e9e avant l&rsquo;intervention. Le patient peut ressentir une douleur tr\u00e8s l\u00e9g\u00e8re, mais ce n&rsquo;est pas insupportable.<\/p>\n<h2>Pour qui le filler du front est-il une proc\u00e9dure appropri\u00e9e?<\/h2>\n<p>Le remplissage du front n&rsquo;est pas appliqu\u00e9 \u00e0 toutes les personnes ayant une ligne frontale. Chaque personne a une ligne frontale \u00e0 un niveau. Ce sont des gestes et sont naturels.<\/p>\n<p>M\u00eame si la personne n&rsquo;a pas de rides sur le visage, ces rides appara\u00eetront dans certaines situations. Vous pouvez voir ces lignes si vous soulevez vos sourcils. Ces imitations sont form\u00e9es en raison de la compression cutan\u00e9e et c&rsquo;est une condition tout \u00e0 fait naturelle.<\/p>\n<p>Si la personne a encore des rides lorsqu&rsquo;elle ne fait pas d&rsquo;expressions faciales, le remplissage du front est utile. Il convient d&rsquo;appliquer d&rsquo;abord le botox pour ouvrir les lignes du front. Le Botox peut ne pas \u00eatre suffisant pour les rides avanc\u00e9es. Dans ce cas, l&rsquo;application de remplissage est rapide.<\/p>\n<p>Surtout dans la zone situ\u00e9e entre les sourcils, des rides tr\u00e8s profondes apparaissent chez les patients \u00e2g\u00e9s. Cette zone a g\u00e9n\u00e9ralement besoin d&rsquo;\u00eatre remplie. La planification peut \u00eatre faite avec du remplissage, en particulier pour les personnes qui ne veulent pas que leurs gestes g\u00e8lent avec du botox.<\/p>\n<h2>Comment se d\u00e9roule l&rsquo;application des injections du front?<\/h2>\n<p>Avant le remplissage du front, les cr\u00e8mes anesth\u00e9siques et les injections anesth\u00e9siques locales sont g\u00e9n\u00e9ralement pr\u00e9f\u00e9r\u00e9es afin que le patient ne ressente pas de douleur. Il est n\u00e9cessaire d&rsquo;appliquer au moins 1 ml pour les femmes et au moins 2 ml pour les hommes.<\/p>\n<p>Dans certains cas, le patient peut avoir besoin d&rsquo;une quantit\u00e9 plus petite que cela. Vous pouvez d\u00e9cider avec votre m\u00e9decin de la quantit\u00e9 de remplissage n\u00e9cessaire. Vous pouvez \u00e9galement b\u00e9n\u00e9ficier d&rsquo;autres proc\u00e9dures esth\u00e9tiques tout en ayant un remplissage du front.<\/p>\n<p>La planification peut \u00eatre effectu\u00e9e ensemble pour des proc\u00e9dures telles que le remplissage de la lumi\u00e8re sous les yeux, le remplissage du menton et le remplissage des l\u00e8vres pour d&rsquo;autres parties du visage.<\/p>\n<p>Les prix du remplissage du front varieront en fonction de nombreux facteurs tels que les proc\u00e9dures pr\u00e9vues, la quantit\u00e9 de produit utilis\u00e9e, l&rsquo;exp\u00e9rience du m\u00e9decin, le lieu o\u00f9 se d\u00e9roule la proc\u00e9dure, la ville o\u00f9 se trouve la clinique. La marque de remplissage utilis\u00e9e d\u00e9termine \u00e9galement le prix. Vous pouvez obtenir les informations les plus saines sur les prix apr\u00e8s l&rsquo;examen m\u00e9dical.<\/p>\n<h2>Quand faut-il r\u00e9p\u00e9ter les injections du front?<\/h2>\n<p>La r\u00e9p\u00e9tition du remplissage du front peut \u00eatre r\u00e9p\u00e9t\u00e9e \u00e0 des moments diff\u00e9rents en fonction de l&rsquo;\u00e9tat de la personne. Comme il a une dur\u00e9e moyenne de 6 mois \u00e0 8 mois, une nouvelle demande peut \u00eatre faite \u00e0 l&rsquo;issue de cette p\u00e9riode.<\/p>\n<p>Le renouvellement du remplissage est tr\u00e8s b\u00e9n\u00e9fique en termes de permanence. Si le remplissage est r\u00e9p\u00e9t\u00e9 apr\u00e8s un temps suffisant, cette fois le remplissage sera plus long que la fois pr\u00e9c\u00e9dente. Vous pouvez augmenter la permanence du remplissage du front jusqu&rsquo;\u00e0 un an ou plus.<\/p>\n<p>Le remplissage du front peut \u00eatre pr\u00e9f\u00e9r\u00e9 en toute tranquillit\u00e9 d&rsquo;esprit car il s&rsquo;agit d&rsquo;une application merveilleuse qui offre des r\u00e9sultats totalement s\u00fbrs et satisfaisants, pr\u00e9f\u00e9r\u00e9e par les personnes qui souhaitent avoir une peau plus jeune et sans rides.<\/p>\n<h2>Quels sont les facteurs qui d\u00e9clenchent le succ\u00e8s du remplissage du front?<\/h2>\n<p>L&rsquo;application de Botox est recommand\u00e9e avant de faire le remplissage du front. Lorsque nous appliquons du botox sur les muscles du front, ils ne peuvent pas se contracter et se d\u00e9tendre. De cette mani\u00e8re, la permanence du remplissage est beaucoup plus \u00e9lev\u00e9e.<\/p>\n<p>Lorsqu&rsquo;il n&rsquo;y a pas de Botox dans le front, le mat\u00e9riau de remplissage dans la zone se d\u00e9place chaque fois que le muscle se contracte et bouge. Cela fait fondre le mat\u00e9riau de remplissage plus rapidement. Les charges sont permanentes pendant une dur\u00e9e moyenne de 6 \u00e0 8 mois.<\/p>\n<p>Le remplissage du front donne des r\u00e9sultats plus permanents dans le front de botox. Le mode de vie, la nutrition et les habitudes de sommeil de la personne affectent la permanence du remplissage.<\/p>\n<h2>Quelle est la proc\u00e9dure avant le filler du front?<\/h2>\n<p>N&rsquo;oubliez pas que vous devez faire appel \u00e0 un expert avant d&rsquo;avoir un remplissage frontal. Vous devez avoir un remplissage par un sp\u00e9cialiste. Le sp\u00e9cialiste verra la dynamique des muscles du visage et d\u00e9cidera comment les remplir.<\/p>\n<p>Dans le cas des rides profondes, diff\u00e9rentes solutions peuvent \u00eatre propos\u00e9es. La peau et les besoins de chaque patient sont diff\u00e9rents. La proc\u00e9dure de remplissage du front ne sera donc pas la m\u00eame pour tous les patients.<\/p>\n<p>La structure anatomique des hommes et la structure anatomique des femmes sont diff\u00e9rentes. Puisque les hommes ont des muscles forts, il faut leur appliquer plus de ml. Pour les femmes, une application de remplissage du front inf\u00e9rieur en ml est g\u00e9n\u00e9ralement suffisante.<\/p>\n<h2>Quand l\u2019effet des injections du front est termin\u00e9?<\/h2>\n<p>Le remplissage du front est une m\u00e9thode de traitement anti-rides qui cible les rides dynamiques. De nouvelles expressions sont form\u00e9es apr\u00e8s l&rsquo;application.<\/p>\n<p>Chaque fois qu&rsquo;une personne commence \u00e0 se sentir mal \u00e0 l&rsquo;aise avec ses rides, la proc\u00e9dure peut \u00eatre effectu\u00e9e sous la supervision et la recommandation d&rsquo;un expert.<\/p>\n<p>Si vous \u00eates le bon candidat pour un remplissage du front, alors ce sera bien de faire effectuer la proc\u00e9dure. Ceux qui veulent avoir une meilleure peau pr\u00e9f\u00e8rent souvent cette m\u00e9thode. Il permet de combler les lacunes dans les zones o\u00f9 il est inject\u00e9. C&rsquo;est une pratique saine.<\/p>\n<p>Les ingr\u00e9dients du mat\u00e9riau d&rsquo;injection aident \u00e0 absorber l&rsquo;eau de la peau, lui donnant un aspect plus plein et un aspect plus lisse, tandis que la production de collag\u00e8ne est \u00e9galement d\u00e9clench\u00e9e naturellement dans la peau. Le remplissage du front est pr\u00e9f\u00e9r\u00e9 par les personnes \u00e0 la peau saine et jeune, sans rides ni autres signes de vieillissement.<\/p>\n<h2>Y a-t-il des effets secondaires de l&rsquo;application du filler du front?<\/h2>\n<p>Les produits de comblement du front sont des proc\u00e9dures appliqu\u00e9es depuis longtemps, qui laissent les patients satisfaits et qui n&rsquo;ont aucun effet secondaire. Lorsque ces proc\u00e9dures sont effectu\u00e9es par un sp\u00e9cialiste professionnel dans un environnement st\u00e9rile, il n&rsquo;y a absolument aucun effet secondaire.<\/p>\n<p>Au contraire, cela rend la peau belle. Lorsqu&rsquo;elle est faite sans rides, elle emp\u00eache la peau de se froisser et de vieillir. Certains effets peuvent \u00eatre observ\u00e9s imm\u00e9diatement apr\u00e8s l&rsquo;application de remplissage du front.<\/p>\n<p>Une rougeur, un l\u00e9ger gonflement, des saignements mineurs et des d\u00e9mangeaisons sont consid\u00e9r\u00e9s comme tout \u00e0 fait normaux. Par cons\u00e9quent, la personne n&rsquo;a pas \u00e0 s&rsquo;inqui\u00e9ter. Ceux-ci disparaissent d&rsquo;eux-m\u00eames.<\/p>\n<p>Vous devez choisir l&rsquo;endroit o\u00f9 vous aurez le remplissage frontal. Obtenir ces proc\u00e9dures par des personnes qui ne sont pas des experts dans leur domaine peut entra\u00eener de graves effets secondaires. Ces effets secondaires peuvent \u00eatre \u00e9num\u00e9r\u00e9s comme suit:<\/p>\n<p>&#8211; Infection,<br \/>\n&#8211; Nodules durs,<br \/>\n&#8211; Dommage tissulaire<br \/>\n&#8211; Assurez-vous de bien choisir le site d&rsquo;application pour \u00e9viter les r\u00e9actions allergiques.<\/p>\n<p>Cliquez pour <span style=\"color: #ff0000;\"><a style=\"color: #ff0000;\" href=\"https:\/\/www.instagram.com\/retouchbody\/\" target=\"_blank\" rel=\"noopener\"><strong>instagram<\/strong><\/a><\/span><\/p>\n","protected":false},"excerpt":{"rendered":"<p>Avec le remplissage du front, vous pouvez dire adieu aux rides de votre front. L&rsquo;acide hyaluronique est utilis\u00e9 comme mat\u00e9riau de remplissage pour la zone du front. Cette substance est d\u00e9j\u00e0 produite par le corps lui-m\u00eame. Avec l&rsquo;avancement de l&rsquo;\u00e2ge, la quantit\u00e9 d&rsquo;acide hyaluronique produite diminue. Cela provoque des rides sur la peau. Apr\u00e8s application, [&hellip;]<\/p>\n","protected":false},"author":1,"featured_media":3135,"parent":0,"menu_order":75,"comment_status":"open","ping_status":"open","template":"","meta":{"footnotes":""},"class_list":["post-3148","page","type-page","status-publish","has-post-thumbnail","hentry"],"_links":{"self":[{"href":"https:\/\/www.retouchbody.com\/fr\/wp-json\/wp\/v2\/pages\/3148","targetHints":{"allow":["GET"]}}],"collection":[{"href":"https:\/\/www.retouchbody.com\/fr\/wp-json\/wp\/v2\/pages"}],"about":[{"href":"https:\/\/www.retouchbody.com\/fr\/wp-json\/wp\/v2\/types\/page"}],"author":[{"embeddable":true,"href":"https:\/\/www.retouchbody.com\/fr\/wp-json\/wp\/v2\/users\/1"}],"replies":[{"embeddable":true,"href":"https:\/\/www.retouchbody.com\/fr\/wp-json\/wp\/v2\/comments?post=3148"}],"version-history":[{"count":5,"href":"https:\/\/www.retouchbody.com\/fr\/wp-json\/wp\/v2\/pages\/3148\/revisions"}],"predecessor-version":[{"id":3479,"href":"https:\/\/www.retouchbody.com\/fr\/wp-json\/wp\/v2\/pages\/3148\/revisions\/3479"}],"wp:featuredmedia":[{"embeddable":true,"href":"https:\/\/www.retouchbody.com\/fr\/wp-json\/wp\/v2\/media\/3135"}],"wp:attachment":[{"href":"https:\/\/www.retouchbody.com\/fr\/wp-json\/wp\/v2\/media?parent=3148"}],"curies":[{"name":"wp","href":"https:\/\/api.w.org\/{rel}","templated":true}]}}