{"id":1585,"date":"2021-06-01T11:38:29","date_gmt":"2021-06-01T08:38:29","guid":{"rendered":"https:\/\/www.retouchbody.com\/fr\/?p=1585"},"modified":"2026-02-03T14:01:23","modified_gmt":"2026-02-03T11:01:23","slug":"la-chirurgie-dallongement","status":"publish","type":"page","link":"https:\/\/www.retouchbody.com\/fr\/la-chirurgie-dallongement\/","title":{"rendered":"La chirurgie d&rsquo;allongement"},"content":{"rendered":"<h2><strong>Qu&rsquo;est-ce qu&rsquo;une chirurgie d&rsquo;allongement?<\/strong><\/h2>\n<p>La chirurgie d&rsquo;allongement est une chirurgie r\u00e9alis\u00e9e pour \u00e9liminer le probl\u00e8me de petite taille chez l&rsquo;homme. Le probl\u00e8me de la croissance en hauteur peut souvent d\u00e9couler de l&rsquo;\u00e9tat de sant\u00e9, de la nutrition, de facteurs g\u00e9n\u00e9tiques et de probl\u00e8mes qui surviennent pendant l&rsquo;adolescence et la petite enfance.<\/p>\n<h2><strong>Comment se d\u00e9roule la chirurgie d&rsquo;allongement ?<\/strong><\/h2>\n<p>Pour que la proc\u00e9dure ait lieu, tout d&rsquo;abord, des sp\u00e9cialistes orthop\u00e9diques doivent \u00eatre pr\u00e9sents. L&rsquo;op\u00e9ration sera r\u00e9alis\u00e9e sous anesth\u00e9sie g\u00e9n\u00e9rale. Dans certains cas, la technique d&rsquo;anesth\u00e9sie p\u00e9ridurale peut \u00eatre utilis\u00e9e \u00e0 la demande du patient. <span style=\"color: #ff0000;\"><strong><a style=\"color: #ff0000;\" href=\"https:\/\/www.retouchbody.com\/fr\/la-chirurgie-dallongement\/\">La chirurgie d&rsquo;allongement<\/a><\/strong><\/span> pour atteindre l&rsquo;os qui a \u00e9t\u00e9 pr\u00e9vu pour la proc\u00e9dure et l&rsquo;os appel\u00e9 ost\u00e9otomie est coup\u00e9 en fonction de la largeur de l&rsquo;os.<\/p>\n<p>La jambe est fix\u00e9e, puis le dispositif sp\u00e9cial est plac\u00e9. Les deux extr\u00e9mit\u00e9s s&rsquo;\u00e9loignent lentement l&rsquo;une de l&rsquo;autre. De cette mani\u00e8re, la formation osseuse de la zone o\u00f9 l&rsquo;ost\u00e9otomie est r\u00e9alis\u00e9e est assur\u00e9e.<\/p>\n<p>Gr\u00e2ce \u00e0 la chirurgie r\u00e9alis\u00e9e, la taille cibl\u00e9e est atteinte. Il s&rsquo;agit de l&rsquo;intervention effectu\u00e9e pour \u00e9liminer les maladies caus\u00e9es par un trouble g\u00e9n\u00e9tique ou un trouble angulaire survenues chez la personne op\u00e9r\u00e9e.<\/p>\n<h2><strong>Pourquoi une chirurgie d&rsquo;allongement est-elle pratiqu\u00e9e?<\/strong><\/h2>\n<p>Une petite taille peut survenir chez la personne pour diverses raisons. Ces probl\u00e8mes sont caus\u00e9s par des facteurs hormonaux ou environnementaux. Dans la petite taille qui se produit pour cela, la chirurgie d&rsquo;allongement de la personne peut \u00eatre r\u00e9alis\u00e9e gr\u00e2ce \u00e0 une application chirurgicale orthop\u00e9dique.<\/p>\n<p>Parce que la petite taille peut provoquer un inconfort psychologique apr\u00e8s un certain temps. Pour cela, l&rsquo;allongement est r\u00e9alis\u00e9 par chirurgie. Avant l&rsquo;op\u00e9ration, le patient est diagnostiqu\u00e9 et l&rsquo;examen est effectu\u00e9 apr\u00e8s \u00e9valuation de son histoire de vie.<\/p>\n<h2><strong>Quelles sont les m\u00e9thodes de la chirurgie d&rsquo;allongement?<\/strong><\/h2>\n<p>L&rsquo;allongement effectu\u00e9 diff\u00e8re g\u00e9n\u00e9ralement d&rsquo;une personne \u00e0 l&rsquo;autre. Ici, les m\u00e9thodes chirurgicales sont d\u00e9cid\u00e9es en fonction de l&rsquo;\u00e9tat du patient. \u00c9tant donn\u00e9 que ces m\u00e9thodes varient en fonction d&rsquo;elles-m\u00eames, elles pr\u00e9sentent des avantages et des inconv\u00e9nients.<\/p>\n<p>Les facteurs qui causent la petite taille de la personne sont pris en consid\u00e9ration dans la chirurgie \u00e0 effectuer pour l&rsquo;extension en hauteur. Il est divis\u00e9 en cinq selon leurs m\u00e9thodes.<\/p>\n<p>Elle est connue sous le nom de Technique d&rsquo;allongement Holyfix, Technique d&rsquo;allongement Precice Stryde, Technique d&rsquo;allongement intram\u00e9dullaire Precice, Technique d&rsquo;allongement combin\u00e9 et Technique d&rsquo;allongement du fixateur circulaire Ilizarov.<\/p>\n<h2><strong>Combien de temps dure la chirurgie d&rsquo;allongement ?<\/strong><\/h2>\n<p>La croissance permanente en hauteur diff\u00e8re normalement d&rsquo;une personne \u00e0 l&rsquo;autre. Il n&rsquo;y a pas d&rsquo;informations pr\u00e9cises \u00e0 ce sujet. Pour cela, afin d&rsquo;obtenir des informations plus d\u00e9taill\u00e9es et pr\u00e9cises, vous devez nous contacter et effectuer votre examen pr\u00e9alable.<\/p>\n<p>\u00c0 la suite de l&rsquo;examen pr\u00e9liminaire, vous serez inform\u00e9 de l&rsquo;allongement. La dur\u00e9e de l&rsquo;op\u00e9ration varie d&rsquo;une personne \u00e0 l&rsquo;autre, mais pour donner une moyenne de temps ; elle peut varier entre 1,5 \u00e0 3 heures.<\/p>\n<h2><strong>Combien de temps dure le temps de r\u00e9cup\u00e9ration apr\u00e8s une chirurgie d&rsquo;allongement?<\/strong><\/h2>\n<p>L&rsquo;allongement est r\u00e9alis\u00e9 sous anesth\u00e9sie g\u00e9n\u00e9rale. L&rsquo;application est r\u00e9alis\u00e9e sous forme d&rsquo;anesth\u00e9sie p\u00e9ridurale chez l&rsquo;adulte. Selon les m\u00e9thodes techniques utilis\u00e9es, la dur\u00e9e de l&rsquo;op\u00e9ration peut varier.Cette p\u00e9riode varie entre 1,5 et 3 heures. Il y a un s\u00e9jour de 2 \u00e0 7 jours \u00e0 l&rsquo;h\u00f4pital apr\u00e8s la chirurgie.<\/p>\n<p>Le temps peut varier en fonction du d\u00e9roulement de la chirurgie effectu\u00e9e. Il n&rsquo;est pas possible de fournir des informations pr\u00e9cises \u00e0 ce sujet.Le temps pour la personne de reprendre sa vie normale apr\u00e8s l&rsquo;op\u00e9ration est de l&rsquo;ordre de 15 \u00e0 20 jours. Notez que le processus de gu\u00e9rison peut varier d&rsquo;un patient \u00e0 l&rsquo;autre. Nous sommes l\u00e0 pour prendre la meilleure d\u00e9cision pour votre sant\u00e9.<\/p>\n<h2><strong>Quels tests sont effectu\u00e9s avant la chirurgie d&rsquo;allongement?<\/strong><\/h2>\n<p>Comme pour toute intervention chirurgicale, certains tests et analyses sont effectu\u00e9s pour l&rsquo;allongement. S&rsquo;il n&rsquo;y a pas de probl\u00e8me avec le patient pour effectuer la chirurgie apr\u00e8s les tests et analyses effectu\u00e9s, les pr\u00e9parations appropri\u00e9es sont initi\u00e9es.<\/p>\n<p>Pour cela, analyse des maladies chroniques, hormones thyro\u00efdiennes, radiographie pulmonaire, examen des selles, pH dans le sang, vitesse de s\u00e9dimentation des globules rouges, ur\u00e9e, potassium, phosphore, calcium, sodium, albumine, analyses contre les anticorps, formule sanguine compl\u00e8te, analyse d&rsquo;urine sont effectu\u00e9.<\/p>\n<p>Sur la base des tests et analyses effectu\u00e9s, nous obtenons des informations sur l&rsquo;\u00e9tat de sant\u00e9 du patient. Si nous ne sommes pas confront\u00e9s \u00e0 des probl\u00e8mes, des proc\u00e9dures chirurgicales seront initi\u00e9es.<\/p>\n<h2><strong>Qui sont ceux qui subissent une chirurgie d&rsquo;allongement?<\/strong><\/h2>\n<p>De nos jours, l&rsquo;allongement est effectu\u00e9 en raison de la petite taille qui se produit pour diverses raisons. Gr\u00e2ce \u00e0 la chirurgie, la personne peut allonger sa taille et le processus est effectu\u00e9 dans la d\u00e9formation qui en r\u00e9sulte.Pendant 7 \u00e0 10 jours apr\u00e8s l&rsquo;op\u00e9ration, la personne commence \u00e0 prendre de la taille, un allongement de 1 mm est effectu\u00e9 quotidiennement sur les jambes.<\/p>\n<p>Autrement dit, au bout de deux mois, la taille de la personne devient 5 cm.\u00a0Selon la technique utilis\u00e9e, une variabilit\u00e9 d&rsquo;allongement peut \u00eatre observ\u00e9e. Une fois que la personne a atteint la taille souhait\u00e9e, le processus d&rsquo;allongement est arr\u00eat\u00e9 et une p\u00e9riode d&rsquo;attente de 45 \u00e0 90 jours est effectu\u00e9e pour renforcer les os.<\/p>\n<h2><strong>Y a-t-il une limite d&rsquo;\u00e2ge pour la chirurgie d&rsquo;allongement?<\/strong><\/h2>\n<p>L&rsquo;augmentation de la taille est une condition qui peut varier chez les filles et les gar\u00e7ons. Parce que les filles peuvent grandir jusqu&rsquo;au d\u00e9but de leurs r\u00e8gles et les gar\u00e7ons jusqu&rsquo;\u00e0 la fin de la pubert\u00e9. En d&rsquo;autres termes, en moyenne, ce processus est effectu\u00e9 jusqu&rsquo;\u00e0 l&rsquo;\u00e2ge de 18-20 ans.Jusqu&rsquo;\u00e0 18 ans, il faut attendre le d\u00e9veloppement et la fusion des os.<\/p>\n<p>Si la personne ne grandit pas apr\u00e8s cette tranche d&rsquo;\u00e2ge et que l&rsquo;allongement s&rsquo;est arr\u00eat\u00e9, une extension de la taille peut \u00eatre effectu\u00e9e. Les techniques utilis\u00e9es avec la chirurgie peuvent varier entre 5-7 cm.Une fois que la personne a atteint la hauteur d\u00e9sir\u00e9e, le processus d&rsquo;\u00e9longation est arr\u00eat\u00e9 et il est attendu pendant une p\u00e9riode de 90 jours.<\/p>\n<p>Ensuite, des analyses sont faites en fonction du parcours chirurgical du patient. En d&rsquo;autres termes, il est recommand\u00e9 de ne pas subir d&rsquo;intervention chirurgicale avant l&rsquo;\u00e2ge de 18 ans pour une extension en hauteur.<\/p>\n<p>Il nous est possible d&rsquo;atteindre la plage de hauteur souhait\u00e9e par nos patients en effectuant notre travail de la mani\u00e8re la plus pr\u00e9cise possible. Pour cela, il est fortement recommand\u00e9 de nous contacter pour des informations plus d\u00e9taill\u00e9es.<\/p>\n<h2><strong>Jusqu&rsquo;\u00e0 quel \u00e2ge la chirurgie d&rsquo;allongement est-elle pratiqu\u00e9e?<\/strong><\/h2>\n<p>Pour que l&rsquo;allongement se fasse, il faut attendre la fin de la pubert\u00e9 pour les gar\u00e7ons et le d\u00e9but des r\u00e8gles pour les filles. Parce que dans cette p\u00e9riode, la croissance en hauteur est possible.S&rsquo;il n&rsquo;y a pas d&rsquo;extension de longueur par la suite\u00a0; l&rsquo;allongement peut \u00eatre fait.<\/p>\n<p>Il est recommand\u00e9 d&rsquo;attendre l&rsquo;\u00e2ge de 18-20 ans pour le d\u00e9veloppement et le renforcement des os. Il est possible d&rsquo;effectuer la chirurgie pour augmenter la taille entre les \u00e2ges de 18-50.<\/p>\n<p>Il y a des r\u00e9sultats positifs dans cette tranche d&rsquo;\u00e2ge. Vous pouvez contacter notre h\u00f4pital apr\u00e8s avoir d\u00e9cid\u00e9 de subir une intervention chirurgicale pour augmenter votre taille.<\/p>\n<p>Ensuite, apr\u00e8s que les analyses et diagnostics n\u00e9cessaires soient effectu\u00e9s sous le corps de notre h\u00f4pital, le patient est inform\u00e9 des proc\u00e9dures \u00e0 effectuer. De cette fa\u00e7on, nous \u00e9liminons les craintes et les inqui\u00e9tudes de nos patients.<\/p>\n<h2><strong>Prix \u200b\u200b\u200b\u200bde chirurgie d&rsquo;extension de longueur 2026<\/strong><\/h2>\n<p>Il n&rsquo;est pas possible de trouver des informations d\u00e9finitives sur les prix des extensions de hauteur faites sp\u00e9cifiquement pour la personne. Parce que la chirurgie pratiqu\u00e9e peut diff\u00e9rer d&rsquo;une personne \u00e0 l&rsquo;autre.<\/p>\n<p>Par cons\u00e9quent, il n&rsquo;est pas possible de donner des informations sur les prix sans passer par le contr\u00f4le du m\u00e9decin sp\u00e9cialiste et sans informations d\u00e9taill\u00e9es.<\/p>\n<p>Pour des informations plus d\u00e9taill\u00e9es et pour obtenir des informations sur les prix, vous pouvez nous contacter \u00e0 partir des informations de contact. Vous pouvez nous contacter pour obtenir des informations sur les tarifs des chirurgies d&rsquo;allongement 2026.<\/p>\n<p>Cliquez pour <span style=\"color: #ff0000;\"><a style=\"color: #ff0000;\" href=\"https:\/\/www.instagram.com\/retouchbody\/\" target=\"_blank\" rel=\"noopener\"><strong>instagram<\/strong><\/a><\/span><\/p>\n","protected":false},"excerpt":{"rendered":"<p>Qu&rsquo;est-ce qu&rsquo;une chirurgie d&rsquo;allongement? La chirurgie d&rsquo;allongement est une chirurgie r\u00e9alis\u00e9e pour \u00e9liminer le probl\u00e8me de petite taille chez l&rsquo;homme. Le probl\u00e8me de la croissance en hauteur peut souvent d\u00e9couler de l&rsquo;\u00e9tat de sant\u00e9, de la nutrition, de facteurs g\u00e9n\u00e9tiques et de probl\u00e8mes qui surviennent pendant l&rsquo;adolescence et la petite enfance. Comment se d\u00e9roule la [&hellip;]<\/p>\n","protected":false},"author":1,"featured_media":1582,"parent":0,"menu_order":0,"comment_status":"open","ping_status":"open","template":"","meta":{"footnotes":""},"class_list":["post-1585","page","type-page","status-publish","has-post-thumbnail","hentry"],"_links":{"self":[{"href":"https:\/\/www.retouchbody.com\/fr\/wp-json\/wp\/v2\/pages\/1585","targetHints":{"allow":["GET"]}}],"collection":[{"href":"https:\/\/www.retouchbody.com\/fr\/wp-json\/wp\/v2\/pages"}],"about":[{"href":"https:\/\/www.retouchbody.com\/fr\/wp-json\/wp\/v2\/types\/page"}],"author":[{"embeddable":true,"href":"https:\/\/www.retouchbody.com\/fr\/wp-json\/wp\/v2\/users\/1"}],"replies":[{"embeddable":true,"href":"https:\/\/www.retouchbody.com\/fr\/wp-json\/wp\/v2\/comments?post=1585"}],"version-history":[{"count":4,"href":"https:\/\/www.retouchbody.com\/fr\/wp-json\/wp\/v2\/pages\/1585\/revisions"}],"predecessor-version":[{"id":3486,"href":"https:\/\/www.retouchbody.com\/fr\/wp-json\/wp\/v2\/pages\/1585\/revisions\/3486"}],"wp:featuredmedia":[{"embeddable":true,"href":"https:\/\/www.retouchbody.com\/fr\/wp-json\/wp\/v2\/media\/1582"}],"wp:attachment":[{"href":"https:\/\/www.retouchbody.com\/fr\/wp-json\/wp\/v2\/media?parent=1585"}],"curies":[{"name":"wp","href":"https:\/\/api.w.org\/{rel}","templated":true}]}}