{"id":44,"date":"2021-04-01T11:13:54","date_gmt":"2021-04-01T08:13:54","guid":{"rendered":"https:\/\/www.retouchbody.com\/es\/?p=44"},"modified":"2026-02-03T17:19:30","modified_gmt":"2026-02-03T14:19:30","slug":"relleno-de-la-nariz","status":"publish","type":"page","link":"https:\/\/www.retouchbody.com\/es\/relleno-de-la-nariz\/","title":{"rendered":"Relleno De La Nariz"},"content":{"rendered":"<h2><strong>\u00bfQu\u00e9 es el relleno de la nariz (Rinomodelaci\u00f3n)?<\/strong><\/h2>\n<p>Uno de los rasgos del rostro que m\u00e1s llama la atenci\u00f3n es la nariz, proporciona personalidad y aporta a la armon\u00eda facial al estar en el centro del rostro y ser la parte m\u00e1s prominente del mismo. \u00daltimamente, se habla mucho del Relleno de la Nariz o porque consigue corregir algunos defectos sin necesidad de una intervenci\u00f3n quir\u00fargica<strong>.<\/strong><\/p>\n<p>Este tratamiento est\u00e9tico consiste en retocar ciertas partes de la nariz gracias a la infiltraci\u00f3n de material de relleno como el \u00e1cido hialur\u00f3nico, es un procedimiento sencillo, r\u00e1pido y ambulatorio. Aunque a veces no se pueda conseguir un cambio tan importante como con cirug\u00eda, esta t\u00e9cnica es capaz de corregir imperfecciones evitando el bistur\u00ed.<\/p>\n<p>Este material de relleno se puede preferir no solo para la nariz, sino tambi\u00e9n para los labios, las mejillas y otras \u00e1reas. Los rellenos eliminan las deficiencias de contorno, los espacios, las muescas y las asimetr\u00edas.<\/p>\n<p>El proceso toma un promedio de 20 a 30 minutos. Se aplica crema anest\u00e9sica para prevenir el dolor de antemano. El cirujano proporciona una mejora est\u00e9tica al aplicar el relleno en las \u00e1reas antes determinadas. Es un procedimiento que debe realizarse en un entorno cl\u00ednico. El relleno de nariz incluye muchas ventajas en comparaci\u00f3n con la cirug\u00eda.<\/p>\n<p>Ser\u00e1 m\u00e1s f\u00e1cil para usted decidirse por la Rinomodelaci\u00f3n que por la cirug\u00eda. El relleno de nariz es un procedimiento mucho m\u00e1s f\u00e1cil en comparaci\u00f3n con la cirug\u00eda. Se obtienen buenos resultados gracias a un sencillo proceso de inyecci\u00f3n. Adem\u00e1s, en comparaci\u00f3n con la cirug\u00eda, el relleno es mucho m\u00e1s econ\u00f3mico.<\/p>\n<h2>\u00bfCu\u00e1nto dura el efecto de relleno de nariz?<\/h2>\n<p>El relleno nasal no proporciona una soluci\u00f3n permanente a causa de los materiales utilizados. El tiempo en que es efectivo este tratamiento var\u00eda de persona a persona, tiene una duraci\u00f3n de 6 a 12 meses y despu\u00e9s de este tiempo la nariz recupera su forma anterior.<\/p>\n<p>Los trastornos relacionados con la edad, la flacidez causada por la gravedad, la exposici\u00f3n al sol, la reducci\u00f3n de col\u00e1geno y las arrugas pueden causar la necesidad de un relleno nasal. Gracias al procedimiento a realizar en una sola sesi\u00f3n, se eliminan peque\u00f1as imperfecciones como la curvatura de la nariz, eliminando las molestias visuales que ocasiona y consiguiendo la armon\u00eda del rostro con una t\u00e9cnica muy simple.<\/p>\n<h2>\u00bfCu\u00e1l es el proceso de curaci\u00f3n despu\u00e9s del relleno de la nariz?<\/h2>\n<p>Despu\u00e9s de un relleno de nariz, el paciente no siente ning\u00fan dolor. La persona puede continuar con su vida normal inmediatamente despu\u00e9s de hacer el relleno. Puede haber una erupci\u00f3n en el \u00e1rea de la nariz durante uno o dos d\u00edas, y esto es completamente normal.<\/p>\n<p>Puede ver el efecto del relleno de la nariz despu\u00e9s de 2 a 3 d\u00edas. Durante el proceso de curaci\u00f3n, lo mejor es proteger la nariz de los golpes y no maquillarse. Se recomienda utilizar un sombrero para protegerse del sol.<\/p>\n<h2>\u00bfCu\u00e1les son las ventajas del relleno de la nariz?<\/h2>\n<p>El relleno en el \u00e1rea de la nariz tiene las siguientes\u00a0ventajas, es f\u00e1cil de aplicar porque se realiza con inyecci\u00f3n, para eliminar deformidades es un m\u00e9todo efectivo.\u00a0Las personas que tienen miedo a las operaciones lo prefieren, al igual que aquellos que no pueden recibir anestesias.\u00a0Se hace en corto tiempo, por lo que el paciente puede volver a su vida diaria inmediatamente. Pacientes que ya se han operado la nariz, pero no est\u00e1n satisfechas, tambi\u00e9n pueden optar por el relleno. Es muy econ\u00f3mico en comparaci\u00f3n con los m\u00e9todos quir\u00fargicos.<\/p>\n<h2>\u00bfCu\u00e1nto dura el proceso de relleno de la nariz?<\/h2>\n<p>El proceso de inyecci\u00f3n generalmente se hace dentro de 30-35 minutos y lo correcto es que se haga en una cl\u00ednica y por un m\u00e9dico especialista. Es un salvador para los pacientes que no tienen tiempo y quieren volver a su vida normal inmediatamente despu\u00e9s del procedimiento porque no se requiere tiempo de recuperaci\u00f3n.<\/p>\n<p>Aunque se pueden ver efectos m\u00ednimos en la nariz de las personas, los hematomas y situaciones indeseables similares no ocurrir\u00e1n si se hace el procedimiento correcto con un m\u00e9dico calificado. El especialista conoce bien la piel del paciente y toma las medidas oportunas. El tiempo de procesamiento var\u00eda seg\u00fan el material a inyectar. El m\u00e1s corto es el proceso de relleno con \u00e1cido hialur\u00f3nico.<\/p>\n<h2>\u00bfQu\u00e9 debemos saber antes de aplicar el relleno de nariz?<\/h2>\n<p>Los m\u00e9todos para considerar antes de los rellenos nasales se pueden enumerar de la siguiente manera:<\/p>\n<p>El lugar donde se debe realizar el relleno nasal es en una cl\u00ednica.<br \/>\nSe deben cumplir las condiciones higi\u00e9nicas.<br \/>\nEs necesario tener claro con el m\u00e9dico la permanencia y expectativa del procedimiento.<br \/>\nEs necesario saber qu\u00e9 tipos de imperfecciones encontrar\u00e1s soluci\u00f3n el relleno nasal. Se eliminar\u00e1n los espacios, hendiduras y des\u00f3rdenes asim\u00e9tricos de la nariz. Es posible beneficiarse del relleno en problemas como el trastorno en la forma de la nariz, el ancho de las fosas nasales, la punta nasal baja. Sin embargo, no tendr\u00e1 sentido que una persona con una nariz grande tenga un relleno.<br \/>\nNo se recomienda hacer este procedimiento durante el embarazo. Si se hace, no habr\u00e1 ning\u00fan problema, pero es \u00fatil evitarlo, ya que no est\u00e1 recomendado m\u00e9dicamente.<\/p>\n<h2>\u00bfPodemos levantar la nariz con el relleno?<\/h2>\n<p>El relleno de nariz ayuda a las personas con una punta nasal baja a obtener una imagen elevada de manera natural sin necesariamente de acudir a la cirug\u00eda. Es un procedimiento que se realiza de manera segura desde hace mucho tiempo y se obtienen resultados exitosos. Adem\u00e1s de la elevaci\u00f3n de la nariz, si hay arrugas en la nariz, tambi\u00e9n se pueden tratar. El relleno nasal se puede combinar con un tratamiento extra de B\u00f3tox.<\/p>\n<h2>\u00bfC\u00f3mo podemos aplicar el relleno de nariz?<\/h2>\n<p>Se aplica crema anest\u00e9sica antes de aplicar el relleno nasal para adormecer el \u00e1rea. Si el relleno se va a efectuar mediante inyecci\u00f3n de grasa, se hace la extracci\u00f3n de grasa por medio de una liposucci\u00f3n en una zona adecuada del paciente, luego se inyecta la grasa extra\u00edda donde se considere necesario.<\/p>\n<p>Tambi\u00e9n se puede efectuar un relleno nasal con c\u00e9lulas madre. En este caso, la grasa extra\u00edda por liposucci\u00f3n se env\u00eda al laboratorio cuando se obtengan la cantidad de c\u00e9lulas madre deseada, el m\u00e9dico las inyecta en las zonas adecuadas.<\/p>\n<p>Si se va a realizar un relleno nasal con \u00e1cido hialur\u00f3nico, el procedimiento debe ser realizado por el cirujano pl\u00e1stico. Tambi\u00e9n es posible aplicar el procedimiento por dermat\u00f3logos, expertos en medicina est\u00e9tica. Sin embargo, si se hace la inyecci\u00f3n de grasa, el procedimiento solo puede ser efectuado por el cirujano pl\u00e1stico.<\/p>\n<h2>\u00bfPara qu\u00e9 situaciones se puede preferir el relleno de la nariz?<\/h2>\n<p>Se puede preferir el relleno nasal para eliminar el arco sobre la nariz. Si la nariz del paciente tiene una curvatura evidente, y si la persona se siente inc\u00f3moda cuando se mira en el espejo y en sus fotograf\u00edas, ser\u00e1 \u00fatil camuflar esta curvatura. Gracias al relleno, la nariz puede verse m\u00e1s plana.<\/p>\n<p>La nariz, cuya curvatura se corrige con relleno, tambi\u00e9n hace que la persona sienta un alivio psicol\u00f3gico. Se recupera la confianza en s\u00ed mismo de la persona y tiene una vida social m\u00e1s sana. En otras palabras, el relleno nasal no se limita \u00fanicamente a aportar soluciones a problemas visuales.<\/p>\n<p>Es posible que la persona no haya logrado el resultado deseado a pesar de que tuvo una cirug\u00eda de nariz previa. Las personas que tienen problemas menores y no quieren volver a operarse pueden hacerse un relleno de nariz. Con la ayuda de peque\u00f1os retoques, el relleno nasal le permite lograr la forma deseada de la nariz de la manera m\u00e1s segura, r\u00e1pida y pr\u00e1ctica y brindando resultados satisfactorios.<\/p>\n<h2>Precios De Relleno De Nariz 2026<\/h2>\n<p>Puede contactarnos para obtener informaci\u00f3n detallada sobre los precios de los rellenos nasales 2026.<\/p>\n<p>Haz clic para <span style=\"color: #ff0000;\"><a style=\"color: #ff0000;\" href=\"https:\/\/www.instagram.com\/retouchbody\/\" target=\"_blank\" rel=\"noopener\"><strong>instagram<\/strong><\/a><\/span><\/p>\n","protected":false},"excerpt":{"rendered":"<p>\u00bfQu\u00e9 es el relleno de la nariz (Rinomodelaci\u00f3n)? Uno de los rasgos del rostro que m\u00e1s llama la atenci\u00f3n es la nariz, proporciona personalidad y aporta a la armon\u00eda facial al estar en el centro del rostro y ser la parte m\u00e1s prominente del mismo. \u00daltimamente, se habla mucho del Relleno de la Nariz o [&hellip;]<\/p>\n","protected":false},"author":1,"featured_media":3080,"parent":0,"menu_order":32,"comment_status":"open","ping_status":"open","template":"","meta":{"footnotes":""},"class_list":["post-44","page","type-page","status-publish","has-post-thumbnail","hentry"],"_links":{"self":[{"href":"https:\/\/www.retouchbody.com\/es\/wp-json\/wp\/v2\/pages\/44","targetHints":{"allow":["GET"]}}],"collection":[{"href":"https:\/\/www.retouchbody.com\/es\/wp-json\/wp\/v2\/pages"}],"about":[{"href":"https:\/\/www.retouchbody.com\/es\/wp-json\/wp\/v2\/types\/page"}],"author":[{"embeddable":true,"href":"https:\/\/www.retouchbody.com\/es\/wp-json\/wp\/v2\/users\/1"}],"replies":[{"embeddable":true,"href":"https:\/\/www.retouchbody.com\/es\/wp-json\/wp\/v2\/comments?post=44"}],"version-history":[{"count":5,"href":"https:\/\/www.retouchbody.com\/es\/wp-json\/wp\/v2\/pages\/44\/revisions"}],"predecessor-version":[{"id":3551,"href":"https:\/\/www.retouchbody.com\/es\/wp-json\/wp\/v2\/pages\/44\/revisions\/3551"}],"wp:featuredmedia":[{"embeddable":true,"href":"https:\/\/www.retouchbody.com\/es\/wp-json\/wp\/v2\/media\/3080"}],"wp:attachment":[{"href":"https:\/\/www.retouchbody.com\/es\/wp-json\/wp\/v2\/media?parent=44"}],"curies":[{"name":"wp","href":"https:\/\/api.w.org\/{rel}","templated":true}]}}